{"id":73,"date":"2017-07-03T15:52:08","date_gmt":"2017-07-03T13:52:08","guid":{"rendered":"https:\/\/www.hsu-hh.de\/vorlage\/?page_id=73"},"modified":"2025-10-22T14:02:54","modified_gmt":"2025-10-22T12:02:54","slug":"startseite","status":"publish","type":"page","link":"https:\/\/www.hsu-hh.de\/zw\/","title":{"rendered":"Zentrale Werkstatt (ZW)"},"content":{"rendered":"\n<figure class=\"wp-block-image size-full\"><img loading=\"lazy\" decoding=\"async\" width=\"2560\" height=\"555\" src=\"https:\/\/www.hsu-hh.de\/zw\/wp-content\/uploads\/sites\/681\/2025\/10\/Titel-scaled.png\" data-credit=\"\" alt=\"\" class=\"wp-image-1457\" srcset=\"https:\/\/www.hsu-hh.de\/zw\/wp-content\/uploads\/sites\/681\/2025\/10\/Titel-scaled.png 2560w, https:\/\/www.hsu-hh.de\/zw\/wp-content\/uploads\/sites\/681\/2025\/10\/Titel-300x65.png 300w, https:\/\/www.hsu-hh.de\/zw\/wp-content\/uploads\/sites\/681\/2025\/10\/Titel-1024x222.png 1024w, https:\/\/www.hsu-hh.de\/zw\/wp-content\/uploads\/sites\/681\/2025\/10\/Titel-768x166.png 768w, https:\/\/www.hsu-hh.de\/zw\/wp-content\/uploads\/sites\/681\/2025\/10\/Titel-1536x333.png 1536w, https:\/\/www.hsu-hh.de\/zw\/wp-content\/uploads\/sites\/681\/2025\/10\/Titel-2048x444.png 2048w, https:\/\/www.hsu-hh.de\/zw\/wp-content\/uploads\/sites\/681\/2025\/10\/Titel-1100x238.png 1100w\" sizes=\"auto, (max-width: 2560px) 100vw, 2560px\" \/><\/figure>\n\n\n\n<p>Die Zentrale Werkstatt unterst\u00fctzt die Fakult\u00e4ten der Helmut-Schmidt-Universit\u00e4t in Hamburg bei der Planung, Produktion und Dokumentation von Entwicklungen. Diesen Anforderungen entsprechend besteht die Zentrale Werkstatt aus drei Bereichen:<br><br><\/p>\n\n\n\n<ul class=\"wp-block-list\">\n<li><a href=\"https:\/\/www.hsu-hh.de\/zw\/zentrale-werkstatt-elektronik\">ZW-E (Elektronik)<\/a><\/li>\n\n\n\n<li><a href=\"https:\/\/www.hsu-hh.de\/zw\/zentrale-werkstatt-konstruktion\">ZW-K (Konstruktion)<\/a><\/li>\n\n\n\n<li><a href=\"https:\/\/www.hsu-hh.de\/zw\/zentrale-werkstatt-mechanik\">ZW-M (Mechanik)<\/a><br><br><\/li>\n<\/ul>\n\n\n\n<p>Weitere Informationen finden Sie zur Zentralen Werkstatt im <a href=\"https:\/\/intranet.hsu-hh.de\/ilias.php?baseClass=ilrepositorygui&amp;ref_id=9614\" rel='nofollow'>Intranet<\/a>.<\/p>\n\n\n\n<p><\/p>\n","protected":false},"excerpt":{"rendered":"<p>Die Zentrale Werkstatt unterst\u00fctzt die Fakult\u00e4ten der Helmut-Schmidt-Universit\u00e4t in Hamburg bei der Planung, Produktion und Dokumentation von Entwicklungen. Diesen Anforderungen entsprechend besteht die Zentrale Werkstatt aus drei Bereichen: Weitere Informationen [&hellip;]<\/p>\n","protected":false},"author":1,"featured_media":0,"parent":0,"menu_order":0,"comment_status":"closed","ping_status":"closed","template":"","meta":{"footnotes":""},"categories":[35],"tags":[],"class_list":["post-73","page","type-page","status-publish","hentry","category-startseite"],"_links":{"self":[{"href":"https:\/\/www.hsu-hh.de\/zw\/wp-json\/wp\/v2\/pages\/73","targetHints":{"allow":["GET"]}}],"collection":[{"href":"https:\/\/www.hsu-hh.de\/zw\/wp-json\/wp\/v2\/pages"}],"about":[{"href":"https:\/\/www.hsu-hh.de\/zw\/wp-json\/wp\/v2\/types\/page"}],"author":[{"embeddable":true,"href":"https:\/\/www.hsu-hh.de\/zw\/wp-json\/wp\/v2\/users\/1"}],"replies":[{"embeddable":true,"href":"https:\/\/www.hsu-hh.de\/zw\/wp-json\/wp\/v2\/comments?post=73"}],"version-history":[{"count":29,"href":"https:\/\/www.hsu-hh.de\/zw\/wp-json\/wp\/v2\/pages\/73\/revisions"}],"predecessor-version":[{"id":1459,"href":"https:\/\/www.hsu-hh.de\/zw\/wp-json\/wp\/v2\/pages\/73\/revisions\/1459"}],"wp:attachment":[{"href":"https:\/\/www.hsu-hh.de\/zw\/wp-json\/wp\/v2\/media?parent=73"}],"wp:term":[{"taxonomy":"category","embeddable":true,"href":"https:\/\/www.hsu-hh.de\/zw\/wp-json\/wp\/v2\/categories?post=73"},{"taxonomy":"post_tag","embeddable":true,"href":"https:\/\/www.hsu-hh.de\/zw\/wp-json\/wp\/v2\/tags?post=73"}],"curies":[{"name":"wp","href":"https:\/\/api.w.org\/{rel}","templated":true}]}}