{"id":137,"date":"2019-03-26T10:03:13","date_gmt":"2019-03-26T09:03:13","guid":{"rendered":"https:\/\/www.hsu-hh.de\/zw\/?page_id=137"},"modified":"2023-05-09T15:14:53","modified_gmt":"2023-05-09T13:14:53","slug":"zentrale-werkstatt-konstruktion","status":"publish","type":"page","link":"https:\/\/www.hsu-hh.de\/zw\/zentrale-werkstatt-konstruktion","title":{"rendered":"Zentrale Werkstatt Konstruktion (ZW-K)"},"content":{"rendered":"\n<p><br><br><\/p>\n\n\n\n<div class=\"wp-block-media-text alignwide is-stacked-on-mobile\" style=\"grid-template-columns:29% auto\"><figure class=\"wp-block-media-text__media\"><img loading=\"lazy\" decoding=\"async\" width=\"300\" height=\"187\" src=\"https:\/\/www.hsu-hh.de\/zw\/wp-content\/uploads\/sites\/681\/2019\/03\/Bild-ZW-K-300x187.jpg\" data-credit=\"ZW-K\" alt=\"Konstruktion\" class=\"wp-image-193 size-full\" \/><\/figure><div class=\"wp-block-media-text__content\">\n<p>Die<strong><em> Zentrale Werkstatt Konstruktion (ZW-K)<\/em><\/strong> entwickelt und konstruiert nach Ihren Vorgaben alle mechanischen Versuchsaufbauten und Laboreinrichtungen, die Sie f\u00fcr die Lehre und Forschung an der Helmut-Schmidt-Universit\u00e4t ben\u00f6tigen.<\/p>\n\n\n\n<p>F\u00fcr die Konstruktion und Detaillierung nutzt die ZW-K die <abbr title=\"Computer-aided design\">CAD<\/abbr>-Software SolidWorks. Nach der Bearbeitung ihres Auftrags erhalten Sie von uns alle erforderlichen Unterlagen um den Auftragsgegenstand in der Zentralen Werkstatt Mechanik oder auch bei einem externen Dienstleister fertigen lassen zu k\u00f6nnen. Diese Dokumentation umfasst Technische Zeichnungen, St\u00fccklisten und Berechnungen.<\/p>\n<\/div><\/div>\n\n\n\n<p><br><br><strong><em>Wir bieten Ihnen Konstruktionsl\u00f6sungen f\u00fcr die Bereiche:<\/em><\/strong><\/p>\n\n\n\n<ul class=\"wp-block-list\">\n<li>Maschinenbau<\/li>\n\n\n\n<li>Sondermaschinenbau<\/li>\n\n\n\n<li>F\u00f6rdertechnik<\/li>\n\n\n\n<li>Fahrzeugtechnik<\/li>\n\n\n\n<li>Anlagenbau<\/li>\n\n\n\n<li>Vorrichtungsbau<\/li>\n\n\n\n<li>Werkzeugkonstruktion<\/li>\n\n\n\n<li>Feinmechanik<\/li>\n\n\n\n<li><abbr title=\"et cetera\">etc.<\/abbr><\/li>\n<\/ul>\n\n\n\n<p><br><br><strong><em>Ferner k\u00f6nnen im ZW-K folgende Leistungen abgerufen werden:<\/em><\/strong><\/p>\n\n\n\n<ul class=\"wp-block-list\">\n<li>Bewegungssimulationen (Solid Works Motion),<\/li>\n\n\n\n<li>einfache FEM-Berechnungen (Solid Works Simulation),<\/li>\n\n\n\n<li>Unterst\u00fctzung bei Datenkonvertierungen (<abbr title=\"zum Beispiel\">z.B.<\/abbr> f\u00fcr den 3D-Druck).<\/li>\n<\/ul>\n\n\n\n<p><br><br><br><strong>Kontakt:<\/strong><br>Holger Beneke | Leitung ZW-K<br>Telefon: 040 \/ 6541 2452 | E-Mail:\u00a0<a href=\"mailto:holger.beneke@hsu-hh.de\" rel='nofollow'>holger.beneke@hsu-hh.de<\/a>\u00a0| Raum: H1 \/ R1511<\/p>\n\n\n\n<p><br><br><br>Weiter Informationen finden Sie im <a href=\"https:\/\/ilias.hsu-hh.de\/ilias.php?ref_id=411920&amp;cmd=render&amp;cmdClass=ilrepositorygui&amp;cmdNode=zl&amp;baseClass=ilRepositoryGUI\" data-type=\"URL\" data-id=\"https:\/\/ilias.hsu-hh.de\/ilias.php?ref_id=411920&amp;cmd=render&amp;cmdClass=ilrepositorygui&amp;cmdNode=zl&amp;baseClass=ilRepositoryGUI\" rel='nofollow'>ILIAS<\/a> der ZW-K.<br><br><\/p>\n","protected":false},"excerpt":{"rendered":"<p>Die Zentrale Werkstatt Konstruktion (ZW-K) entwickelt und konstruiert nach Ihren Vorgaben alle mechanischen Versuchsaufbauten und Laboreinrichtungen, die Sie f\u00fcr die Lehre und Forschung an der Helmut-Schmidt-Universit\u00e4t ben\u00f6tigen. F\u00fcr die Konstruktion [&hellip;]<\/p>\n","protected":false},"author":18,"featured_media":0,"parent":0,"menu_order":0,"comment_status":"closed","ping_status":"closed","template":"","meta":{"footnotes":""},"categories":[46],"tags":[],"class_list":["post-137","page","type-page","status-publish","hentry","category-zentrale-werkstatt"],"_links":{"self":[{"href":"https:\/\/www.hsu-hh.de\/zw\/wp-json\/wp\/v2\/pages\/137","targetHints":{"allow":["GET"]}}],"collection":[{"href":"https:\/\/www.hsu-hh.de\/zw\/wp-json\/wp\/v2\/pages"}],"about":[{"href":"https:\/\/www.hsu-hh.de\/zw\/wp-json\/wp\/v2\/types\/page"}],"author":[{"embeddable":true,"href":"https:\/\/www.hsu-hh.de\/zw\/wp-json\/wp\/v2\/users\/18"}],"replies":[{"embeddable":true,"href":"https:\/\/www.hsu-hh.de\/zw\/wp-json\/wp\/v2\/comments?post=137"}],"version-history":[{"count":28,"href":"https:\/\/www.hsu-hh.de\/zw\/wp-json\/wp\/v2\/pages\/137\/revisions"}],"predecessor-version":[{"id":1426,"href":"https:\/\/www.hsu-hh.de\/zw\/wp-json\/wp\/v2\/pages\/137\/revisions\/1426"}],"wp:attachment":[{"href":"https:\/\/www.hsu-hh.de\/zw\/wp-json\/wp\/v2\/media?parent=137"}],"wp:term":[{"taxonomy":"category","embeddable":true,"href":"https:\/\/www.hsu-hh.de\/zw\/wp-json\/wp\/v2\/categories?post=137"},{"taxonomy":"post_tag","embeddable":true,"href":"https:\/\/www.hsu-hh.de\/zw\/wp-json\/wp\/v2\/tags?post=137"}],"curies":[{"name":"wp","href":"https:\/\/api.w.org\/{rel}","templated":true}]}}