{"id":9603,"date":"2023-11-27T13:08:35","date_gmt":"2023-11-27T12:08:35","guid":{"rendered":"https:\/\/www.hsu-hh.de\/ztb\/?page_id=9603"},"modified":"2026-03-13T14:27:36","modified_gmt":"2026-03-13T13:27:36","slug":"ausbildungskongress","status":"publish","type":"page","link":"https:\/\/www.hsu-hh.de\/ztb\/ausbildungskongress","title":{"rendered":"(Aus)Bildungskongress der Bundeswehr"},"content":{"rendered":"\n<div class=\"wp-block-columns is-layout-flex wp-container-core-columns-is-layout-9d6595d7 wp-block-columns-is-layout-flex\">\n<div class=\"wp-block-column is-layout-flow wp-block-column-is-layout-flow\" style=\"flex-basis:15%\"><\/div>\n\n\n\n<div class=\"wp-block-column is-layout-flow wp-block-column-is-layout-flow\"><\/div>\n\n\n\n<div class=\"wp-block-column is-layout-flow wp-block-column-is-layout-flow\" style=\"flex-basis:15%\"><\/div>\n<\/div>\n\n\n\n<div style=\"height:55px\" aria-hidden=\"true\" class=\"wp-block-spacer\"><\/div>\n\n\n\n<div class=\"wp-block-columns is-layout-flex wp-container-core-columns-is-layout-9d6595d7 wp-block-columns-is-layout-flex\">\n<div class=\"wp-block-column is-layout-flow wp-block-column-is-layout-flow\">\n<figure class=\"wp-block-image size-large is-resized\"><img loading=\"lazy\" decoding=\"async\" width=\"1024\" height=\"512\" src=\"https:\/\/www.hsu-hh.de\/ztb\/wp-content\/uploads\/sites\/665\/2023\/12\/HSU-UniBw-H-neu-1024x512.jpeg\" data-credit=\"HSU \/ UniBw H\" alt=\"\" class=\"wp-image-9833\" style=\"width:448px;height:224px\" srcset=\"https:\/\/www.hsu-hh.de\/ztb\/wp-content\/uploads\/sites\/665\/2023\/12\/HSU-UniBw-H-neu-1024x512.jpeg 1024w, https:\/\/www.hsu-hh.de\/ztb\/wp-content\/uploads\/sites\/665\/2023\/12\/HSU-UniBw-H-neu-300x150.jpeg 300w, https:\/\/www.hsu-hh.de\/ztb\/wp-content\/uploads\/sites\/665\/2023\/12\/HSU-UniBw-H-neu-768x384.jpeg 768w, https:\/\/www.hsu-hh.de\/ztb\/wp-content\/uploads\/sites\/665\/2023\/12\/HSU-UniBw-H-neu-1536x768.jpeg 1536w, https:\/\/www.hsu-hh.de\/ztb\/wp-content\/uploads\/sites\/665\/2023\/12\/HSU-UniBw-H-neu-400x200.jpeg 400w, https:\/\/www.hsu-hh.de\/ztb\/wp-content\/uploads\/sites\/665\/2023\/12\/HSU-UniBw-H-neu-1100x550.jpeg 1100w, https:\/\/www.hsu-hh.de\/ztb\/wp-content\/uploads\/sites\/665\/2023\/12\/HSU-UniBw-H-neu.jpeg 1800w\" sizes=\"auto, (max-width: 1024px) 100vw, 1024px\" \/><\/figure>\n<\/div>\n\n\n\n<div class=\"wp-block-column is-layout-flow wp-block-column-is-layout-flow\">\n<p>Der <strong>(Aus)Bildungskongress der Bundeswehr<\/strong>, mittlerweile der gr\u00f6\u00dfte Fachkongress der Bundeswehr, ist eine Weiterentwicklung des erstmals 2004 an der Helmut-Schmidt-Universit\u00e4t \/ Universit\u00e4t der Bundeswehr Hamburg durchgef\u00fchrten Fernausbildungskongresses der Bundeswehr. Er wird seitdem j\u00e4hrlich ausgerichtet, unterbrochen lediglich durch eine pandemiebedingte Pause den Jahren 2020 und 2021. <\/p>\n\n\n\n<p class=\"has-text-align-center has-grey-background-color has-background\"><a href=\"https:\/\/www.hsu-hh.de\/ztb\/ausbildungskongress-der-bundeswehr-2026\" data-type=\"link\" data-id=\"https:\/\/www.hsu-hh.de\/ztb\/ausbildungskongress-der-bundeswehr-2026\">Hier<\/a> finden Sie den <strong>Call for Papers<\/strong> f\u00fcr den <strong>(Aus)Bildungskongress der Bundeswehr 2026<\/strong>.<\/p>\n\n\n\n<div style=\"height:25px\" aria-hidden=\"true\" class=\"wp-block-spacer\"><\/div>\n\n\n\n<p>Der 20. (Aus)Bildungskongress der Bundeswehr hat vom 2. bis 4. September 2025 an der Helmut-Schmidt-Universit\u00e4t\/Universit\u00e4t der Bundeswehr Hamburg stattgefunden.<\/p>\n\n\n\n<p class=\"has-text-align-center has-grey-background-color has-background\"><a href=\"https:\/\/www.hsu-hh.de\/ztb\/ausbildungskongress2025\">Hier finden Sie alle Informationen zum 20. (Aus)Bildungskongress der Bundeswehr.<\/a><\/p>\n<\/div>\n<\/div>\n\n\n\n<div style=\"height:33px\" aria-hidden=\"true\" class=\"wp-block-spacer\"><\/div>\n\n\n\n<div class=\"wp-block-columns is-layout-flex wp-container-core-columns-is-layout-9d6595d7 wp-block-columns-is-layout-flex\">\n<div class=\"wp-block-column is-layout-flow wp-block-column-is-layout-flow\">\n<p>Inhaltich vorbereitet und organisiert wird der Kongress in Kooperation mit der <strong>Abteilung Ausbildung Streitkr\u00e4fte des<\/strong> <a href=\"https:\/\/www.bundeswehr.de\/de\/organisation\/unterstuetzungsbereich\/streitkraeftegemeinsame-aufgaben\/streitkraefteamt-in-bonn\" target=\"_blank\" rel=\"noreferrer noopener\">Streitkr\u00e4fteamtes der Bundeswehr<\/a> und dem <a href=\"https:\/\/www.bundeswehr.de\/de\/organisation\/personal\/bildungszentrum-der-bundeswehr-\/bildungszentrum-der-bundeswehr\" target=\"_blank\" rel=\"noreferrer noopener\">Bildungszentrum der Bundeswehr<\/a>.<\/p>\n<\/div>\n<\/div>\n\n\n\n<div class=\"wp-block-columns is-layout-flex wp-container-core-columns-is-layout-9d6595d7 wp-block-columns-is-layout-flex\">\n<div class=\"wp-block-column is-layout-flow wp-block-column-is-layout-flow\">\n<figure class=\"wp-block-image size-large is-resized\"><img loading=\"lazy\" decoding=\"async\" width=\"1024\" height=\"576\" src=\"https:\/\/www.hsu-hh.de\/ztb\/wp-content\/uploads\/sites\/665\/2023\/12\/bild-bizbw-Gebaeude-1024x576.jpg\" data-credit=\"BiZBw\" alt=\"\" class=\"wp-image-9950\" style=\"object-fit:cover;width:349px;height:300px\" srcset=\"https:\/\/www.hsu-hh.de\/ztb\/wp-content\/uploads\/sites\/665\/2023\/12\/bild-bizbw-Gebaeude-1024x576.jpg 1024w, https:\/\/www.hsu-hh.de\/ztb\/wp-content\/uploads\/sites\/665\/2023\/12\/bild-bizbw-Gebaeude-300x169.jpg 300w, https:\/\/www.hsu-hh.de\/ztb\/wp-content\/uploads\/sites\/665\/2023\/12\/bild-bizbw-Gebaeude-768x432.jpg 768w, https:\/\/www.hsu-hh.de\/ztb\/wp-content\/uploads\/sites\/665\/2023\/12\/bild-bizbw-Gebaeude-1536x864.jpg 1536w, https:\/\/www.hsu-hh.de\/ztb\/wp-content\/uploads\/sites\/665\/2023\/12\/bild-bizbw-Gebaeude-2048x1152.jpg 2048w, https:\/\/www.hsu-hh.de\/ztb\/wp-content\/uploads\/sites\/665\/2023\/12\/bild-bizbw-Gebaeude-1100x619.jpg 1100w\" sizes=\"auto, (max-width: 1024px) 100vw, 1024px\" \/><figcaption class=\"wp-element-caption\"><a href=\"https:\/\/www.bundeswehr.de\/de\/organisation\/personal\/bildungszentrum-der-bundeswehr-\/bildungszentrum-der-bundeswehr\" target=\"_blank\" rel=\"noreferrer noopener\">Bildungszentrum der Bundeswehr<\/a><\/figcaption><\/figure>\n\n\n\n<p><\/p>\n<\/div>\n\n\n\n<div class=\"wp-block-column is-layout-flow wp-block-column-is-layout-flow\">\n<figure class=\"wp-block-image size-large is-resized\"><img loading=\"lazy\" decoding=\"async\" width=\"1024\" height=\"768\" src=\"https:\/\/www.hsu-hh.de\/ztb\/wp-content\/uploads\/sites\/665\/2023\/12\/SKA-Gebaeude-1024x768.jpg\" data-credit=\"Bundeswehr\/Thomas Str\u00f6ter\" alt=\"\" class=\"wp-image-9951\" style=\"width:389px;height:292px\" srcset=\"https:\/\/www.hsu-hh.de\/ztb\/wp-content\/uploads\/sites\/665\/2023\/12\/SKA-Gebaeude-1024x768.jpg 1024w, https:\/\/www.hsu-hh.de\/ztb\/wp-content\/uploads\/sites\/665\/2023\/12\/SKA-Gebaeude-300x225.jpg 300w, https:\/\/www.hsu-hh.de\/ztb\/wp-content\/uploads\/sites\/665\/2023\/12\/SKA-Gebaeude-768x576.jpg 768w, https:\/\/www.hsu-hh.de\/ztb\/wp-content\/uploads\/sites\/665\/2023\/12\/SKA-Gebaeude-1536x1152.jpg 1536w, https:\/\/www.hsu-hh.de\/ztb\/wp-content\/uploads\/sites\/665\/2023\/12\/SKA-Gebaeude-2048x1536.jpg 2048w, https:\/\/www.hsu-hh.de\/ztb\/wp-content\/uploads\/sites\/665\/2023\/12\/SKA-Gebaeude-1100x825.jpg 1100w\" sizes=\"auto, (max-width: 1024px) 100vw, 1024px\" \/><figcaption class=\"wp-element-caption\"><a href=\"https:\/\/www.bundeswehr.de\/de\/organisation\/unterstuetzungsbereich\/streitkraeftegemeinsame-aufgaben\/streitkraefteamt-in-bonn\" target=\"_blank\" rel=\"noreferrer noopener\">Streitkr\u00e4fteamt<\/a><\/figcaption><\/figure>\n\n\n\n<p><\/p>\n\n\n\n<p><\/p>\n<\/div>\n<\/div>\n\n\n\n<div style=\"height:64px\" aria-hidden=\"true\" class=\"wp-block-spacer\"><\/div>\n\n\n\n<hr class=\"wp-block-separator has-alpha-channel-opacity\" \/>\n\n\n\n<p class=\"has-large-font-size\"><strong>(Aus)Bildungskongress<\/strong><\/p>\n\n\n\n<div class=\"wp-block-columns is-layout-flex wp-container-core-columns-is-layout-9d6595d7 wp-block-columns-is-layout-flex\">\n<div class=\"wp-block-column is-layout-flow wp-block-column-is-layout-flow\">\n<p class=\"has-grey-background-color has-background has-medium-font-size\">Der <strong>(Aus)Bildungskongress der Bundeswehr<\/strong> ist die Innovations- und Informationsplattform f\u00fcr wissenschaftliche Diskussionen und den Informationsaustausch zwischen Expert:innen aus Wissenschaft, \u00d6ffentlichem Dienst, Wirtschaft und Bundeswehr.<\/p>\n<\/div>\n<\/div>\n\n\n\n<div class=\"wp-block-columns is-layout-flex wp-container-core-columns-is-layout-9d6595d7 wp-block-columns-is-layout-flex\">\n<div class=\"wp-block-column is-layout-flow wp-block-column-is-layout-flow\">\n<p class=\"has-large-font-size\"><strong>Wissenschaftliche Tagung<\/strong><\/p>\n<\/div>\n<\/div>\n\n\n\n<div class=\"wp-block-columns is-layout-flex wp-container-core-columns-is-layout-9d6595d7 wp-block-columns-is-layout-flex\">\n<div class=\"wp-block-column is-layout-flow wp-block-column-is-layout-flow\">\n<p class=\"has-grey-background-color has-background has-medium-font-size\">Die <strong>wissenschaftliche Tagung<\/strong> versteht sich als Diskussionsforum zu Theorien und Konzeptionen, auf der Expert:innen und Akteur:innen aus Wissenschaft, Bundeswehr, \u00f6ffentlichen Einrichtungen und Wirtschaft in einen offenen, interdisziplin\u00e4ren Dialog zu Themen der Aus-, Fort- und Weiterbildung von Einsatzkr\u00e4ften treten.<\/p>\n<\/div>\n<\/div>\n\n\n\n<div class=\"wp-block-columns is-layout-flex wp-container-core-columns-is-layout-9d6595d7 wp-block-columns-is-layout-flex\">\n<div class=\"wp-block-column is-layout-flow wp-block-column-is-layout-flow\">\n<p class=\"has-large-font-size\"><strong>Fachausstellung<\/strong><\/p>\n<\/div>\n<\/div>\n\n\n\n<div class=\"wp-block-columns is-layout-flex wp-container-core-columns-is-layout-9d6595d7 wp-block-columns-is-layout-flex\">\n<div class=\"wp-block-column has-grey-background-color has-background is-layout-flow wp-block-column-is-layout-flow\">\n<p class=\"has-grey-background-color has-background has-medium-font-size\">Die <strong>begleitende Fachausstellung <\/strong>bietet die M\u00f6glichkeit, das im wissenschaftlichen Tagungsprogramm theoretisch Diskutierte praktisch auszuprobieren. Hier schlagen die Bundeswehr sowie Verb\u00e4nde, Organisationen und Unternehmen aus dem In- und Ausland mit ihren Pr\u00e4sentationen die Br\u00fccke zur Praxis. Sie stellen praktische L\u00f6sungen rund um das Themenfeld des (Aus)Bildungskongresses vor.<\/p>\n<\/div>\n<\/div>\n\n\n\n<div style=\"height:57px\" aria-hidden=\"true\" class=\"wp-block-spacer\"><\/div>\n\n\n\n<hr class=\"wp-block-separator has-alpha-channel-opacity is-style-wide\" \/>\n\n\n\n<div class=\"wp-block-columns is-layout-flex wp-container-core-columns-is-layout-9d6595d7 wp-block-columns-is-layout-flex\">\n<div class=\"wp-block-column is-layout-flow wp-block-column-is-layout-flow\">\n<figure class=\"wp-block-image size-full\"><img loading=\"lazy\" decoding=\"async\" width=\"1000\" height=\"666\" src=\"https:\/\/www.hsu-hh.de\/ztb\/wp-content\/uploads\/sites\/665\/2023\/03\/Ball_0943-300dpi.jpg\" data-credit=\"HSU\/Uni Bw H - Schr\u00f6der\" alt=\"\" class=\"wp-image-7498\" srcset=\"https:\/\/www.hsu-hh.de\/ztb\/wp-content\/uploads\/sites\/665\/2023\/03\/Ball_0943-300dpi.jpg 1000w, https:\/\/www.hsu-hh.de\/ztb\/wp-content\/uploads\/sites\/665\/2023\/03\/Ball_0943-300dpi-300x200.jpg 300w, https:\/\/www.hsu-hh.de\/ztb\/wp-content\/uploads\/sites\/665\/2023\/03\/Ball_0943-300dpi-768x511.jpg 768w\" sizes=\"auto, (max-width: 1000px) 100vw, 1000px\" \/><figcaption class=\"wp-element-caption\">Link&amp;Learn auf der Fachaustellung<\/figcaption><\/figure>\n<\/div>\n\n\n\n<div class=\"wp-block-column is-layout-flow wp-block-column-is-layout-flow\">\n<figure class=\"wp-block-image size-large\"><img loading=\"lazy\" decoding=\"async\" width=\"1024\" height=\"683\" src=\"https:\/\/www.hsu-hh.de\/ztb\/wp-content\/uploads\/sites\/665\/2023\/11\/023_0914-Kopie-1024x683.jpg\" data-credit=\"ZtB\" alt=\"\" class=\"wp-image-9681\" srcset=\"https:\/\/www.hsu-hh.de\/ztb\/wp-content\/uploads\/sites\/665\/2023\/11\/023_0914-Kopie-1024x683.jpg 1024w, https:\/\/www.hsu-hh.de\/ztb\/wp-content\/uploads\/sites\/665\/2023\/11\/023_0914-Kopie-300x200.jpg 300w, https:\/\/www.hsu-hh.de\/ztb\/wp-content\/uploads\/sites\/665\/2023\/11\/023_0914-Kopie-768x512.jpg 768w, https:\/\/www.hsu-hh.de\/ztb\/wp-content\/uploads\/sites\/665\/2023\/11\/023_0914-Kopie-1536x1024.jpg 1536w, https:\/\/www.hsu-hh.de\/ztb\/wp-content\/uploads\/sites\/665\/2023\/11\/023_0914-Kopie-2048x1365.jpg 2048w, https:\/\/www.hsu-hh.de\/ztb\/wp-content\/uploads\/sites\/665\/2023\/11\/023_0914-Kopie-1100x733.jpg 1100w\" sizes=\"auto, (max-width: 1024px) 100vw, 1024px\" \/><figcaption class=\"wp-element-caption\">Liveberichterstattung<\/figcaption><\/figure>\n<\/div>\n\n\n\n<div class=\"wp-block-column is-layout-flow wp-block-column-is-layout-flow\">\n<figure class=\"wp-block-image size-large\"><img loading=\"lazy\" decoding=\"async\" width=\"1024\" height=\"683\" src=\"https:\/\/www.hsu-hh.de\/ztb\/wp-content\/uploads\/sites\/665\/2023\/03\/022_0431-1024x683.jpg\" data-credit=\"HSU\/Uni Bw H - Schr\u00f6der\" alt=\"\" class=\"wp-image-7499\" srcset=\"https:\/\/www.hsu-hh.de\/ztb\/wp-content\/uploads\/sites\/665\/2023\/03\/022_0431-1024x683.jpg 1024w, https:\/\/www.hsu-hh.de\/ztb\/wp-content\/uploads\/sites\/665\/2023\/03\/022_0431-300x200.jpg 300w, https:\/\/www.hsu-hh.de\/ztb\/wp-content\/uploads\/sites\/665\/2023\/03\/022_0431-768x512.jpg 768w, https:\/\/www.hsu-hh.de\/ztb\/wp-content\/uploads\/sites\/665\/2023\/03\/022_0431-1536x1024.jpg 1536w, https:\/\/www.hsu-hh.de\/ztb\/wp-content\/uploads\/sites\/665\/2023\/03\/022_0431-1100x733.jpg 1100w\" sizes=\"auto, (max-width: 1024px) 100vw, 1024px\" \/><figcaption class=\"wp-element-caption\">Pr\u00e4sentation neuer Technologien f\u00fcr die Ausbildung<\/figcaption><\/figure>\n<\/div>\n<\/div>\n\n\n\n<hr class=\"wp-block-separator has-alpha-channel-opacity is-style-wide\" \/>\n\n\n\n<div class=\"wp-block-columns is-layout-flex wp-container-core-columns-is-layout-9d6595d7 wp-block-columns-is-layout-flex\">\n<div class=\"wp-block-column is-layout-flow wp-block-column-is-layout-flow\">\n<figure class=\"wp-block-image size-full is-resized\"><a href=\"https:\/\/www.hsu-hh.de\/ztb\/\" target=\"_blank\" rel=\"noreferrer noopener\"><img loading=\"lazy\" decoding=\"async\" width=\"247\" height=\"125\" src=\"https:\/\/www.hsu-hh.de\/ztb\/wp-content\/uploads\/sites\/665\/2024\/01\/ZtB-Logo_rot_247x125.jpeg\" data-credit=\"ZtB\" alt=\"\" class=\"wp-image-10239\" style=\"object-fit:cover;width:243px;height:125px\" \/><\/a><figcaption class=\"wp-element-caption\">Zentrum f\u00fcr technologiegest\u00fctze Bildung<\/figcaption><\/figure>\n<\/div>\n\n\n\n<div class=\"wp-block-column is-layout-flow wp-block-column-is-layout-flow\">\n<figure class=\"wp-block-image size-full is-resized\"><a href=\"https:\/\/www.hsu-hh.de\/ztb\/team\" target=\"_blank\" rel=\"noreferrer noopener\"><img loading=\"lazy\" decoding=\"async\" width=\"230\" height=\"125\" src=\"https:\/\/www.hsu-hh.de\/ztb\/wp-content\/uploads\/sites\/665\/2024\/01\/hands-230x125-1.png\" data-credit=\"pixabay\" alt=\"\" class=\"wp-image-10238\" style=\"object-fit:cover;width:240px;height:125px\" \/><\/a><figcaption class=\"wp-element-caption\">Team<\/figcaption><\/figure>\n<\/div>\n<\/div>\n\n\n\n<div style=\"height:44px\" aria-hidden=\"true\" class=\"wp-block-spacer\"><\/div>\n\n\n\n<div class=\"wp-block-columns is-layout-flex wp-container-core-columns-is-layout-9d6595d7 wp-block-columns-is-layout-flex\">\n<div class=\"wp-block-column is-layout-flow wp-block-column-is-layout-flow\">\n<figure class=\"wp-block-image size-full is-resized\"><a href=\"https:\/\/www.hsu-hh.de\/ztb\/kompetenzen-fuer-die-digitale-arbeitswelt-kodia-ertuechtigung-zur-digitalisierung\" target=\"_blank\" rel=\"noreferrer noopener\"><img loading=\"lazy\" decoding=\"async\" width=\"1361\" height=\"551\" src=\"https:\/\/www.hsu-hh.de\/ztb\/wp-content\/uploads\/sites\/665\/2025\/06\/dtecbw_KoDiA.jpg\" data-credit=\"stock.adobe.com\/sdecoret\" alt=\"\" class=\"wp-image-12465\" style=\"object-fit:cover;width:240px;height:125px\" srcset=\"https:\/\/www.hsu-hh.de\/ztb\/wp-content\/uploads\/sites\/665\/2025\/06\/dtecbw_KoDiA.jpg 1361w, https:\/\/www.hsu-hh.de\/ztb\/wp-content\/uploads\/sites\/665\/2025\/06\/dtecbw_KoDiA-300x121.jpg 300w, https:\/\/www.hsu-hh.de\/ztb\/wp-content\/uploads\/sites\/665\/2025\/06\/dtecbw_KoDiA-1024x415.jpg 1024w, https:\/\/www.hsu-hh.de\/ztb\/wp-content\/uploads\/sites\/665\/2025\/06\/dtecbw_KoDiA-768x311.jpg 768w, https:\/\/www.hsu-hh.de\/ztb\/wp-content\/uploads\/sites\/665\/2025\/06\/dtecbw_KoDiA-1100x445.jpg 1100w\" sizes=\"auto, (max-width: 1361px) 100vw, 1361px\" \/><\/a><figcaption class=\"wp-element-caption\">Kompetenzen f\u00fcr die digitale Arbeitswelt (KoDiA)<br> \u2013 Ert\u00fcchtigung zur Digitalisierung<\/figcaption><\/figure>\n<\/div>\n\n\n\n<div class=\"wp-block-column is-layout-flow wp-block-column-is-layout-flow\">\n<figure class=\"wp-block-image size-full is-resized is-style-default\"><a href=\"https:\/\/www.hsu-hh.de\/ztb\/ausbildungskongress\"><img loading=\"lazy\" decoding=\"async\" width=\"239\" height=\"239\" src=\"https:\/\/www.hsu-hh.de\/ztb\/wp-content\/uploads\/sites\/665\/2023\/03\/grafik.png\" data-credit=\"HSU\/UniBw H\" alt=\"\" class=\"wp-image-7528\" style=\"object-fit:contain;width:240px;height:125px\" srcset=\"https:\/\/www.hsu-hh.de\/ztb\/wp-content\/uploads\/sites\/665\/2023\/03\/grafik.png 239w, https:\/\/www.hsu-hh.de\/ztb\/wp-content\/uploads\/sites\/665\/2023\/03\/grafik-150x150.png 150w, https:\/\/www.hsu-hh.de\/ztb\/wp-content\/uploads\/sites\/665\/2023\/03\/grafik-100x100.png 100w\" sizes=\"auto, (max-width: 239px) 100vw, 239px\" \/><\/a><figcaption class=\"wp-element-caption\">(Aus)Bildungskongress der Bundeswehr<\/figcaption><\/figure>\n<\/div>\n<\/div>\n\n\n\n<hr class=\"wp-block-separator has-alpha-channel-opacity\" \/>\n\n\n\n<div class=\"wp-block-columns is-layout-flex wp-container-core-columns-is-layout-9d6595d7 wp-block-columns-is-layout-flex\">\n<div class=\"wp-block-column is-layout-flow wp-block-column-is-layout-flow\">\n<figure class=\"wp-block-image size-large\"><img loading=\"lazy\" decoding=\"async\" width=\"1024\" height=\"241\" src=\"https:\/\/www.hsu-hh.de\/ztb\/wp-content\/uploads\/sites\/665\/2023\/03\/dtec.bw_EU-Foederhinweis_CMYK_vertikal-1-1024x241.jpg\" data-credit=\"dtec.bw\" alt=\"\" class=\"wp-image-8038\" srcset=\"https:\/\/www.hsu-hh.de\/ztb\/wp-content\/uploads\/sites\/665\/2023\/03\/dtec.bw_EU-Foederhinweis_CMYK_vertikal-1-1024x241.jpg 1024w, https:\/\/www.hsu-hh.de\/ztb\/wp-content\/uploads\/sites\/665\/2023\/03\/dtec.bw_EU-Foederhinweis_CMYK_vertikal-1-300x71.jpg 300w, https:\/\/www.hsu-hh.de\/ztb\/wp-content\/uploads\/sites\/665\/2023\/03\/dtec.bw_EU-Foederhinweis_CMYK_vertikal-1-768x181.jpg 768w, https:\/\/www.hsu-hh.de\/ztb\/wp-content\/uploads\/sites\/665\/2023\/03\/dtec.bw_EU-Foederhinweis_CMYK_vertikal-1-1100x259.jpg 1100w, https:\/\/www.hsu-hh.de\/ztb\/wp-content\/uploads\/sites\/665\/2023\/03\/dtec.bw_EU-Foederhinweis_CMYK_vertikal-1.jpg 1418w\" sizes=\"auto, (max-width: 1024px) 100vw, 1024px\" \/><\/figure>\n<\/div>\n\n\n\n<div class=\"wp-block-column is-layout-flow wp-block-column-is-layout-flow\"><\/div>\n<\/div>\n\n\n\n<div class=\"wp-block-columns is-layout-flex wp-container-core-columns-is-layout-9d6595d7 wp-block-columns-is-layout-flex\">\n<div class=\"wp-block-column is-layout-flow wp-block-column-is-layout-flow\">\n<p>Das <a rel=\"noreferrer noopener\" href=\"https:\/\/dtecbw.de\" target=\"_blank\">dtec.bw \u2013 Zentrum f\u00fcr Digitalisierungs- und Technologieforschung der Bundeswehr<\/a> \u2013 ist ein von den Universit\u00e4ten der Bundeswehr Hamburg und M\u00fcnchen gemeinsam getragenes wissenschaftliches Zentrum und Bestandteil des Konjunkturprogramms der Bundesregierung zur \u00dcberwindung der COVID-19-Krise. Es unterliegt der akademischen Selbstverwaltung. Die Mittel, mit denen das dtec.bw ausgestattet wurde, werden an beiden Universit\u00e4ten der Bundeswehr zur Finanzierung von Forschungsprojekten und Projekten zum Wissens- und Technologietransfer eingesetzt. dtec.bw wird von der Europ\u00e4ischen Union \u2013 NextGenerationEU finanziert.<\/p>\n<\/div>\n<\/div>\n","protected":false},"excerpt":{"rendered":"<p>Der (Aus)Bildungskongress der Bundeswehr, mittlerweile der gr\u00f6\u00dfte Fachkongress der Bundeswehr, ist eine Weiterentwicklung des erstmals 2004 an der Helmut-Schmidt-Universit\u00e4t \/ Universit\u00e4t der Bundeswehr Hamburg durchgef\u00fchrten Fernausbildungskongresses der Bundeswehr. Er wird [&hellip;]<\/p>\n","protected":false},"author":343,"featured_media":0,"parent":0,"menu_order":0,"comment_status":"closed","ping_status":"closed","template":"","meta":{"footnotes":""},"categories":[4],"tags":[],"class_list":["post-9603","page","type-page","status-publish","hentry","category-forschung"],"_links":{"self":[{"href":"https:\/\/www.hsu-hh.de\/ztb\/wp-json\/wp\/v2\/pages\/9603","targetHints":{"allow":["GET"]}}],"collection":[{"href":"https:\/\/www.hsu-hh.de\/ztb\/wp-json\/wp\/v2\/pages"}],"about":[{"href":"https:\/\/www.hsu-hh.de\/ztb\/wp-json\/wp\/v2\/types\/page"}],"author":[{"embeddable":true,"href":"https:\/\/www.hsu-hh.de\/ztb\/wp-json\/wp\/v2\/users\/343"}],"replies":[{"embeddable":true,"href":"https:\/\/www.hsu-hh.de\/ztb\/wp-json\/wp\/v2\/comments?post=9603"}],"version-history":[{"count":156,"href":"https:\/\/www.hsu-hh.de\/ztb\/wp-json\/wp\/v2\/pages\/9603\/revisions"}],"predecessor-version":[{"id":13003,"href":"https:\/\/www.hsu-hh.de\/ztb\/wp-json\/wp\/v2\/pages\/9603\/revisions\/13003"}],"wp:attachment":[{"href":"https:\/\/www.hsu-hh.de\/ztb\/wp-json\/wp\/v2\/media?parent=9603"}],"wp:term":[{"taxonomy":"category","embeddable":true,"href":"https:\/\/www.hsu-hh.de\/ztb\/wp-json\/wp\/v2\/categories?post=9603"},{"taxonomy":"post_tag","embeddable":true,"href":"https:\/\/www.hsu-hh.de\/ztb\/wp-json\/wp\/v2\/tags?post=9603"}],"curies":[{"name":"wp","href":"https:\/\/api.w.org\/{rel}","templated":true}]}}