{"id":9515,"date":"2024-08-19T12:10:10","date_gmt":"2024-08-19T10:10:10","guid":{"rendered":"https:\/\/www.hsu-hh.de\/ztb\/?page_id=9515"},"modified":"2024-09-05T16:22:44","modified_gmt":"2024-09-05T14:22:44","slug":"portal-2024","status":"publish","type":"page","link":"https:\/\/www.hsu-hh.de\/ztb\/tagungsprogramm-2024-entwurf\/portal-2024","title":{"rendered":"G\u00e4ste-Portal (Aus)Bildungskongress der Bundeswehr 2024"},"content":{"rendered":"\n<figure class=\"wp-block-image size-full is-resized\"><img loading=\"lazy\" decoding=\"async\" width=\"1140\" height=\"418\" src=\"https:\/\/www.hsu-hh.de\/ztb\/wp-content\/uploads\/sites\/665\/2024\/08\/Schach_cut.png\" data-credit=\"HSU \/ UniBw H\" alt=\"\" class=\"wp-image-11734\" style=\"width:1140px;height:336px\" srcset=\"https:\/\/www.hsu-hh.de\/ztb\/wp-content\/uploads\/sites\/665\/2024\/08\/Schach_cut.png 1140w, https:\/\/www.hsu-hh.de\/ztb\/wp-content\/uploads\/sites\/665\/2024\/08\/Schach_cut-300x110.png 300w, https:\/\/www.hsu-hh.de\/ztb\/wp-content\/uploads\/sites\/665\/2024\/08\/Schach_cut-1024x375.png 1024w, https:\/\/www.hsu-hh.de\/ztb\/wp-content\/uploads\/sites\/665\/2024\/08\/Schach_cut-768x282.png 768w, https:\/\/www.hsu-hh.de\/ztb\/wp-content\/uploads\/sites\/665\/2024\/08\/Schach_cut-1100x403.png 1100w\" sizes=\"auto, (max-width: 1140px) 100vw, 1140px\" \/><\/figure>\n\n\n<div class=\"wp-block-image\">\n<figure class=\"alignleft size-full is-resized\"><img loading=\"lazy\" decoding=\"async\" width=\"239\" height=\"239\" src=\"https:\/\/www.hsu-hh.de\/ztb\/wp-content\/uploads\/sites\/665\/2020\/08\/Nur_Logo.jpg\" data-credit=\"HSU\" alt=\"LoGo\" class=\"wp-image-3684\" style=\"width:120px;height:120px\" srcset=\"https:\/\/www.hsu-hh.de\/ztb\/wp-content\/uploads\/sites\/665\/2020\/08\/Nur_Logo.jpg 239w, https:\/\/www.hsu-hh.de\/ztb\/wp-content\/uploads\/sites\/665\/2020\/08\/Nur_Logo-150x150.jpg 150w, https:\/\/www.hsu-hh.de\/ztb\/wp-content\/uploads\/sites\/665\/2020\/08\/Nur_Logo-100x100.jpg 100w\" sizes=\"auto, (max-width: 239px) 100vw, 239px\" \/><\/figure>\n<\/div>\n\n\n<p class=\"has-medium-font-size\"><strong>Vielen Dank f\u00fcr Ihre Teilnahme am 19. (Aus)Bildungskongress der Bundeswehr!<\/strong><\/p>\n\n\n\n<p class=\"has-medium-font-size\">Wir freuen uns darauf Sie im n\u00e4chsten Jahr wiederzusehen!<\/p>\n\n\n\n<p class=\"has-medium-font-size\">Nutzen Sie gerne die M\u00f6glichkeit an unserer Evaluation teilzunehmen:<\/p>\n\n\n\n<p><\/p>\n\n\n\n<div class=\"wp-block-columns is-layout-flex wp-container-core-columns-is-layout-9d6595d7 wp-block-columns-is-layout-flex\">\n<div class=\"wp-block-column is-layout-flow wp-block-column-is-layout-flow\" style=\"flex-basis:100%\">\n<h3 class=\"wp-block-heading has-text-align-center\">(Aus)Bildungskongress-Evaluation<\/h3>\n\n\n<div class=\"wp-block-image\">\n<figure class=\"aligncenter size-full is-resized\"><img loading=\"lazy\" decoding=\"async\" width=\"495\" height=\"495\" src=\"https:\/\/www.hsu-hh.de\/ztb\/wp-content\/uploads\/sites\/665\/2024\/08\/QR-Code-Besucherbefragung-2024.png\" data-credit=\"HSU\/UniBw H\" alt=\"\" class=\"wp-image-11804\" style=\"object-fit:cover;width:228px;height:228px\" srcset=\"https:\/\/www.hsu-hh.de\/ztb\/wp-content\/uploads\/sites\/665\/2024\/08\/QR-Code-Besucherbefragung-2024.png 495w, https:\/\/www.hsu-hh.de\/ztb\/wp-content\/uploads\/sites\/665\/2024\/08\/QR-Code-Besucherbefragung-2024-300x300.png 300w, https:\/\/www.hsu-hh.de\/ztb\/wp-content\/uploads\/sites\/665\/2024\/08\/QR-Code-Besucherbefragung-2024-150x150.png 150w, https:\/\/www.hsu-hh.de\/ztb\/wp-content\/uploads\/sites\/665\/2024\/08\/QR-Code-Besucherbefragung-2024-100x100.png 100w\" sizes=\"auto, (max-width: 495px) 100vw, 495px\" \/><\/figure>\n<\/div>\n\n\n<p class=\"has-text-align-center\">Oder klicken Sie diesen Link: <a href=\"https:\/\/hsu-hh.evasys.de\/evasys\/online.php?p=ABK-B-2024\" target=\"_blank\" rel=\"noreferrer noopener\">Evaluation<\/a><\/p>\n<\/div>\n<\/div>\n\n\n\n<h2 class=\"wp-block-heading\"><\/h2>\n\n\n\n<hr class=\"wp-block-separator has-alpha-channel-opacity\" \/>\n\n\n\n<div style=\"height:100px\" aria-hidden=\"true\" class=\"wp-block-spacer\"><\/div>\n\n\n\n<div class=\"wp-block-columns is-layout-flex wp-container-core-columns-is-layout-9d6595d7 wp-block-columns-is-layout-flex\">\n<div class=\"wp-block-column is-layout-flow wp-block-column-is-layout-flow\">\n<figure class=\"wp-block-image\"><img loading=\"lazy\" decoding=\"async\" width=\"1024\" height=\"241\" src=\"https:\/\/www.hsu-hh.de\/ztb\/wp-content\/uploads\/sites\/665\/2023\/03\/dtec.bw_EU-Foederhinweis_CMYK_vertikal-1-1024x241.jpg\" data-credit=\"dtec.bw\" alt=\"\" class=\"wp-image-8038\" srcset=\"https:\/\/www.hsu-hh.de\/ztb\/wp-content\/uploads\/sites\/665\/2023\/03\/dtec.bw_EU-Foederhinweis_CMYK_vertikal-1-1024x241.jpg 1024w, https:\/\/www.hsu-hh.de\/ztb\/wp-content\/uploads\/sites\/665\/2023\/03\/dtec.bw_EU-Foederhinweis_CMYK_vertikal-1-300x71.jpg 300w, https:\/\/www.hsu-hh.de\/ztb\/wp-content\/uploads\/sites\/665\/2023\/03\/dtec.bw_EU-Foederhinweis_CMYK_vertikal-1-768x181.jpg 768w, https:\/\/www.hsu-hh.de\/ztb\/wp-content\/uploads\/sites\/665\/2023\/03\/dtec.bw_EU-Foederhinweis_CMYK_vertikal-1-1100x259.jpg 1100w, https:\/\/www.hsu-hh.de\/ztb\/wp-content\/uploads\/sites\/665\/2023\/03\/dtec.bw_EU-Foederhinweis_CMYK_vertikal-1.jpg 1418w\" sizes=\"auto, (max-width: 1024px) 100vw, 1024px\" \/><\/figure>\n<\/div>\n\n\n\n<div class=\"wp-block-column is-layout-flow wp-block-column-is-layout-flow\"><\/div>\n<\/div>\n\n\n\n<p>Das <a rel=\"noreferrer noopener\" href=\"https:\/\/dtecbw.de\" target=\"_blank\">dtec.bw \u2013 Zentrum f\u00fcr Digitalisierungs- und Technologieforschung der Bundeswehr<\/a> \u2013 ist ein von den Universit\u00e4ten der Bundeswehr Hamburg und M\u00fcnchen gemeinsam getragenes wissenschaftliches Zentrum und Bestandteil des Konjunkturprogramms der Bundesregierung zur \u00dcberwindung der COVID-19-Krise. Es unterliegt der akademischen Selbstverwaltung. Die Mittel, mit denen das dtec.bw ausgestattet wurde, werden an beiden Universit\u00e4ten der Bundeswehr zur Finanzierung von Forschungsprojekten und Projekten zum Wissens- und Technologietransfer eingesetzt. dtec.bw wird von der Europ\u00e4ischen Union \u2013 NextGenerationEU finanziert.<\/p>\n","protected":false},"excerpt":{"rendered":"<p>Vielen Dank f\u00fcr Ihre Teilnahme am 19. (Aus)Bildungskongress der Bundeswehr! Wir freuen uns darauf Sie im n\u00e4chsten Jahr wiederzusehen! Nutzen Sie gerne die M\u00f6glichkeit an unserer Evaluation teilzunehmen: (Aus)Bildungskongress-Evaluation Oder [&hellip;]<\/p>\n","protected":false},"author":3698,"featured_media":0,"parent":11397,"menu_order":0,"comment_status":"closed","ping_status":"closed","template":"","meta":{"footnotes":""},"categories":[4,47],"tags":[],"class_list":["post-9515","page","type-page","status-publish","hentry","category-forschung","category-kongress"],"_links":{"self":[{"href":"https:\/\/www.hsu-hh.de\/ztb\/wp-json\/wp\/v2\/pages\/9515","targetHints":{"allow":["GET"]}}],"collection":[{"href":"https:\/\/www.hsu-hh.de\/ztb\/wp-json\/wp\/v2\/pages"}],"about":[{"href":"https:\/\/www.hsu-hh.de\/ztb\/wp-json\/wp\/v2\/types\/page"}],"author":[{"embeddable":true,"href":"https:\/\/www.hsu-hh.de\/ztb\/wp-json\/wp\/v2\/users\/3698"}],"replies":[{"embeddable":true,"href":"https:\/\/www.hsu-hh.de\/ztb\/wp-json\/wp\/v2\/comments?post=9515"}],"version-history":[{"count":23,"href":"https:\/\/www.hsu-hh.de\/ztb\/wp-json\/wp\/v2\/pages\/9515\/revisions"}],"predecessor-version":[{"id":11874,"href":"https:\/\/www.hsu-hh.de\/ztb\/wp-json\/wp\/v2\/pages\/9515\/revisions\/11874"}],"up":[{"embeddable":true,"href":"https:\/\/www.hsu-hh.de\/ztb\/wp-json\/wp\/v2\/pages\/11397"}],"wp:attachment":[{"href":"https:\/\/www.hsu-hh.de\/ztb\/wp-json\/wp\/v2\/media?parent=9515"}],"wp:term":[{"taxonomy":"category","embeddable":true,"href":"https:\/\/www.hsu-hh.de\/ztb\/wp-json\/wp\/v2\/categories?post=9515"},{"taxonomy":"post_tag","embeddable":true,"href":"https:\/\/www.hsu-hh.de\/ztb\/wp-json\/wp\/v2\/tags?post=9515"}],"curies":[{"name":"wp","href":"https:\/\/api.w.org\/{rel}","templated":true}]}}