{"id":9147,"date":"2023-08-09T17:26:36","date_gmt":"2023-08-09T15:26:36","guid":{"rendered":"https:\/\/www.hsu-hh.de\/ztb\/?page_id=9147"},"modified":"2023-09-01T16:08:09","modified_gmt":"2023-09-01T14:08:09","slug":"ztb-ausbildungskongress23-kongresskatalog","status":"publish","type":"page","link":"https:\/\/www.hsu-hh.de\/ztb\/ztb-ausbildungskongress23-kongresskatalog","title":{"rendered":"Kongresskatalog"},"content":{"rendered":"\n<figure class=\"wp-block-image size-full is-resized\"><img loading=\"lazy\" decoding=\"async\" src=\"https:\/\/www.hsu-hh.de\/ztb\/wp-content\/uploads\/sites\/665\/2023\/03\/AdobeStock_140753077_C_Alexander_Limbach.jpg\" data-credit=\"Alexander Limbach\/stock.adobe.\" alt=\"\" class=\"wp-image-7745\" style=\"width:1142px;height:337px\" width=\"1142\" height=\"337\" srcset=\"https:\/\/www.hsu-hh.de\/ztb\/wp-content\/uploads\/sites\/665\/2023\/03\/AdobeStock_140753077_C_Alexander_Limbach.jpg 1000w, https:\/\/www.hsu-hh.de\/ztb\/wp-content\/uploads\/sites\/665\/2023\/03\/AdobeStock_140753077_C_Alexander_Limbach-300x89.jpg 300w, https:\/\/www.hsu-hh.de\/ztb\/wp-content\/uploads\/sites\/665\/2023\/03\/AdobeStock_140753077_C_Alexander_Limbach-768x227.jpg 768w\" sizes=\"auto, (max-width: 1142px) 100vw, 1142px\" \/><\/figure>\n\n\n\n<div class=\"wp-block-columns is-layout-flex wp-container-core-columns-is-layout-9d6595d7 wp-block-columns-is-layout-flex\">\n<div class=\"wp-block-column is-layout-flow wp-block-column-is-layout-flow\" style=\"flex-basis:33.33%\">\n<figure class=\"wp-block-image size-full is-resized\"><img loading=\"lazy\" decoding=\"async\" src=\"https:\/\/www.hsu-hh.de\/ztb\/wp-content\/uploads\/sites\/665\/2023\/03\/grafik.png\" data-credit=\"HSU\/UniBw H\" alt=\"\" class=\"wp-image-7528\" style=\"width:132px;height:132px\" width=\"132\" height=\"132\" srcset=\"https:\/\/www.hsu-hh.de\/ztb\/wp-content\/uploads\/sites\/665\/2023\/03\/grafik.png 239w, https:\/\/www.hsu-hh.de\/ztb\/wp-content\/uploads\/sites\/665\/2023\/03\/grafik-150x150.png 150w, https:\/\/www.hsu-hh.de\/ztb\/wp-content\/uploads\/sites\/665\/2023\/03\/grafik-100x100.png 100w\" sizes=\"auto, (max-width: 132px) 100vw, 132px\" \/><\/figure>\n<\/div>\n\n\n\n<div class=\"wp-block-column is-layout-flow wp-block-column-is-layout-flow\" style=\"flex-basis:66.66%\">\n<h2 class=\"wp-block-heading\"><strong>\u201eZeitenwende\u201c \u2013 Wie gelingt die Bew\u00e4ltigung der Herausforderungen<\/strong>?<\/h2>\n\n\n\n<p>Hier finden Sie den begleitenden Katalog zum (Aus)Bildungskongress der Bundeswehr 2023. Dieser dient den Teilnehmenden und Interessenten sich vorab ausf\u00fchrlich \u00fcber Formate und Inhalte informieren zu k\u00f6nnen. <\/p>\n<\/div>\n<\/div>\n\n\n\n<div class=\"wp-block-columns is-layout-flex wp-container-core-columns-is-layout-9d6595d7 wp-block-columns-is-layout-flex\">\n<div class=\"wp-block-column has-white-background-color has-background is-layout-flow wp-block-column-is-layout-flow\"><div class=\"wp-block-image\">\n<figure class=\"aligncenter size-large is-resized\"><a href=\"https:\/\/www.hsu-hh.de\/ztb\/wp-content\/uploads\/sites\/665\/2023\/09\/2023-08-30_2023_Kongresskatalog.pdf\"><img loading=\"lazy\" decoding=\"async\" src=\"https:\/\/www.hsu-hh.de\/ztb\/wp-content\/uploads\/sites\/665\/2023\/08\/23-723x1024.png\" data-credit=\"ZtB\" alt=\"\" class=\"wp-image-9118\" style=\"width:362px;height:512px\" width=\"362\" height=\"512\" srcset=\"https:\/\/www.hsu-hh.de\/ztb\/wp-content\/uploads\/sites\/665\/2023\/08\/23-723x1024.png 723w, https:\/\/www.hsu-hh.de\/ztb\/wp-content\/uploads\/sites\/665\/2023\/08\/23-212x300.png 212w, https:\/\/www.hsu-hh.de\/ztb\/wp-content\/uploads\/sites\/665\/2023\/08\/23-768x1087.png 768w, https:\/\/www.hsu-hh.de\/ztb\/wp-content\/uploads\/sites\/665\/2023\/08\/23.png 893w\" sizes=\"auto, (max-width: 362px) 100vw, 362px\" \/><\/a><figcaption class=\"wp-element-caption\">Cover des Kongresskataloges 2023<\/figcaption><\/figure>\n<\/div><\/div>\n\n\n\n<div class=\"wp-block-column is-layout-flow wp-block-column-is-layout-flow\">\n<p class=\"has-white-background-color has-background\"><strong><a href=\"https:\/\/www.hsu-hh.de\/ztb\/wp-content\/uploads\/sites\/665\/2023\/09\/2023-08-30_2023_Kongresskatalog.pdf\" data-type=\"link\" data-id=\"https:\/\/www.hsu-hh.de\/ztb\/wp-content\/uploads\/sites\/665\/2023\/09\/2023-08-30_2023_Kongresskatalog.pdf\">Hier<\/a><\/strong> finden Sie den aktuellen Kongresskatalog zum <strong>(Aus)Bildungskongress der Bundeswehr 2023<\/strong>.<\/p>\n\n\n\n<p>Darin finden Sie das detailierte Tagungsprogramm, sowie eine vielf\u00e4ltige Auswahl an Beitr\u00e4gen zum Thema des (Aus)Bildungskongresses der Bundeswehr 2023. Au\u00dferdem k\u00f6nnen Sie sich weiterhin \u00fcber die Beitragenden zum Tagungsprogramm, den Lageplan und \u00fcber die Ausstellenden informieren.<\/p>\n<\/div>\n<\/div>\n\n\n\n<hr class=\"wp-block-separator has-alpha-channel-opacity\" \/>\n\n\n\n<div class=\"wp-block-columns is-layout-flex wp-container-core-columns-is-layout-9d6595d7 wp-block-columns-is-layout-flex\">\n<div class=\"wp-block-column is-layout-flow wp-block-column-is-layout-flow\"><div class=\"wp-block-image\">\n<figure class=\"aligncenter size-large is-resized\"><a href=\"https:\/\/www.hsu-hh.de\/ztb\/ausbildungskongress2022\"><img loading=\"lazy\" decoding=\"async\" src=\"https:\/\/www.hsu-hh.de\/ztb\/wp-content\/uploads\/sites\/665\/2023\/03\/022_0134-1024x683.jpg\" data-credit=\"HSU\/UniBw H - Schr\u00f6der\" alt=\"\" class=\"wp-image-8043\" style=\"width:215px;height:135px\" width=\"215\" height=\"135\" \/><\/a><figcaption class=\"wp-element-caption\"><a href=\"https:\/\/www.hsu-hh.de\/ztb\/ausbildungskongress2022\" data-type=\"URL\" data-id=\"https:\/\/www.hsu-hh.de\/ztb\/ausbildungskongress2022\">(Aus)Bildungskongress der Bundeswehr 2022<\/a><\/figcaption><\/figure>\n<\/div><\/div>\n\n\n\n<div class=\"wp-block-column is-layout-flow wp-block-column-is-layout-flow\"><div class=\"wp-block-image\">\n<figure class=\"aligncenter size-large is-resized\"><a href=\"https:\/\/www.hsu-hh.de\/ztb\/ausbildungskongress-news\"><img loading=\"lazy\" decoding=\"async\" src=\"https:\/\/www.hsu-hh.de\/ztb\/wp-content\/uploads\/sites\/665\/2023\/03\/AdobeStock_289249892_C_daboost-1024x686.jpeg\" data-credit=\" daboost\/stock.adobe.com\" alt=\"\" class=\"wp-image-7955\" style=\"width:215px;height:135px\" width=\"215\" height=\"135\" \/><\/a><figcaption class=\"wp-element-caption\"><a href=\"https:\/\/www.hsu-hh.de\/ztb\/ausbildungskongress-news\" data-type=\"URL\" data-id=\"https:\/\/www.hsu-hh.de\/ztb\/ausbildungskongress-news\">News<\/a><\/figcaption><\/figure>\n<\/div><\/div>\n<\/div>\n\n\n\n<div class=\"wp-block-columns is-layout-flex wp-container-core-columns-is-layout-9d6595d7 wp-block-columns-is-layout-flex\">\n<div class=\"wp-block-column is-layout-flow wp-block-column-is-layout-flow\"><div class=\"wp-block-image\">\n<figure class=\"aligncenter size-large is-resized\"><a href=\"https:\/\/www.hsu-hh.de\/ztb\/ausbildungskongress-archiv\"><img loading=\"lazy\" decoding=\"async\" src=\"https:\/\/www.hsu-hh.de\/ztb\/wp-content\/uploads\/sites\/665\/2023\/03\/AdobeStock_197922276_C_Lichtfexx-edited-1024x576.jpeg\" data-credit=\" Lichtfexx\/stock.adobe.com\" alt=\"\" class=\"wp-image-7965\" style=\"width:215px;height:135px\" width=\"215\" height=\"135\" \/><\/a><figcaption class=\"wp-element-caption\"><a href=\"https:\/\/www.hsu-hh.de\/ztb\/ausbildungskongress-archiv\" data-type=\"URL\" data-id=\"https:\/\/www.hsu-hh.de\/ztb\/ausbildungskongress-archiv\">Archiv<\/a><\/figcaption><\/figure>\n<\/div><\/div>\n\n\n\n<div class=\"wp-block-column is-layout-flow wp-block-column-is-layout-flow\"><div class=\"wp-block-image\">\n<figure class=\"aligncenter size-large is-resized\"><a href=\"https:\/\/www.hsu-hh.de\/ztb\/ausbildungskongress-faq\"><img loading=\"lazy\" decoding=\"async\" src=\"https:\/\/www.hsu-hh.de\/ztb\/wp-content\/uploads\/sites\/665\/2023\/03\/AdobeStock_271727064_C_Mediaparts-edited-1024x576.jpeg\" data-credit=\" Mediaparts\/stock.adobe.com\" alt=\"\" class=\"wp-image-7959\" style=\"width:215px;height:135px\" width=\"215\" height=\"135\" \/><\/a><figcaption class=\"wp-element-caption\"><a href=\"https:\/\/www.hsu-hh.de\/ztb\/ausbildungskongress-faq\" data-type=\"URL\" data-id=\"https:\/\/www.hsu-hh.de\/ztb\/ausbildungskongress-faq\"><abbr title=\"Freqently Asked Questions\">FAQ<\/abbr><\/a><\/figcaption><\/figure>\n<\/div><\/div>\n<\/div>\n\n\n\n<hr class=\"wp-block-separator has-alpha-channel-opacity\" \/>\n\n\n\n<hr class=\"wp-block-separator has-alpha-channel-opacity\" \/>\n\n\n\n<div class=\"wp-block-columns is-layout-flex wp-container-core-columns-is-layout-9d6595d7 wp-block-columns-is-layout-flex\">\n<div class=\"wp-block-column is-layout-flow wp-block-column-is-layout-flow\">\n<figure class=\"wp-block-image size-large\"><img loading=\"lazy\" decoding=\"async\" width=\"1024\" height=\"241\" src=\"https:\/\/www.hsu-hh.de\/ztb\/wp-content\/uploads\/sites\/665\/2023\/03\/dtec.bw_EU-Foederhinweis_CMYK_vertikal-1-1024x241.jpg\" data-credit=\"dtec.bw\" alt=\"\" class=\"wp-image-8038\" srcset=\"https:\/\/www.hsu-hh.de\/ztb\/wp-content\/uploads\/sites\/665\/2023\/03\/dtec.bw_EU-Foederhinweis_CMYK_vertikal-1-1024x241.jpg 1024w, https:\/\/www.hsu-hh.de\/ztb\/wp-content\/uploads\/sites\/665\/2023\/03\/dtec.bw_EU-Foederhinweis_CMYK_vertikal-1-300x71.jpg 300w, https:\/\/www.hsu-hh.de\/ztb\/wp-content\/uploads\/sites\/665\/2023\/03\/dtec.bw_EU-Foederhinweis_CMYK_vertikal-1-768x181.jpg 768w, https:\/\/www.hsu-hh.de\/ztb\/wp-content\/uploads\/sites\/665\/2023\/03\/dtec.bw_EU-Foederhinweis_CMYK_vertikal-1-1100x259.jpg 1100w, https:\/\/www.hsu-hh.de\/ztb\/wp-content\/uploads\/sites\/665\/2023\/03\/dtec.bw_EU-Foederhinweis_CMYK_vertikal-1.jpg 1418w\" sizes=\"auto, (max-width: 1024px) 100vw, 1024px\" \/><\/figure>\n<\/div>\n\n\n\n<div class=\"wp-block-column is-layout-flow wp-block-column-is-layout-flow\"><\/div>\n<\/div>\n\n\n\n<div class=\"wp-block-columns is-layout-flex wp-container-core-columns-is-layout-9d6595d7 wp-block-columns-is-layout-flex\">\n<div class=\"wp-block-column is-layout-flow wp-block-column-is-layout-flow\">\n<p>Das <a rel=\"noreferrer noopener\" href=\"https:\/\/dtecbw.de\" target=\"_blank\">dtec.bw \u2013 Zentrum f\u00fcr Digitalisierungs- und Technologieforschung der Bundeswehr<\/a> \u2013 ist ein von den Universit\u00e4ten der Bundeswehr Hamburg und M\u00fcnchen gemeinsam getragenes wissenschaftliches Zentrum und Bestandteil des Konjunkturprogramms der Bundesregierung zur \u00dcberwindung der COVID-19-Krise. Es unterliegt der akademischen Selbstverwaltung. Die Mittel, mit denen das dtec.bw ausgestattet wurde, werden an beiden Universit\u00e4ten der Bundeswehr zur Finanzierung von Forschungsprojekten und Projekten zum Wissens- und Technologietransfer eingesetzt. dtec.bw wird von der Europ\u00e4ischen Union \u2013 NextGenerationEU finanziert.<\/p>\n<\/div>\n<\/div>\n","protected":false},"excerpt":{"rendered":"<p>\u201eZeitenwende\u201c \u2013 Wie gelingt die Bew\u00e4ltigung der Herausforderungen? Hier finden Sie den begleitenden Katalog zum (Aus)Bildungskongress der Bundeswehr 2023. Dieser dient den Teilnehmenden und Interessenten sich vorab ausf\u00fchrlich \u00fcber Formate [&hellip;]<\/p>\n","protected":false},"author":3514,"featured_media":0,"parent":0,"menu_order":0,"comment_status":"closed","ping_status":"closed","template":"","meta":{"footnotes":""},"categories":[4],"tags":[],"class_list":["post-9147","page","type-page","status-publish","hentry","category-forschung"],"_links":{"self":[{"href":"https:\/\/www.hsu-hh.de\/ztb\/wp-json\/wp\/v2\/pages\/9147","targetHints":{"allow":["GET"]}}],"collection":[{"href":"https:\/\/www.hsu-hh.de\/ztb\/wp-json\/wp\/v2\/pages"}],"about":[{"href":"https:\/\/www.hsu-hh.de\/ztb\/wp-json\/wp\/v2\/types\/page"}],"author":[{"embeddable":true,"href":"https:\/\/www.hsu-hh.de\/ztb\/wp-json\/wp\/v2\/users\/3514"}],"replies":[{"embeddable":true,"href":"https:\/\/www.hsu-hh.de\/ztb\/wp-json\/wp\/v2\/comments?post=9147"}],"version-history":[{"count":6,"href":"https:\/\/www.hsu-hh.de\/ztb\/wp-json\/wp\/v2\/pages\/9147\/revisions"}],"predecessor-version":[{"id":9341,"href":"https:\/\/www.hsu-hh.de\/ztb\/wp-json\/wp\/v2\/pages\/9147\/revisions\/9341"}],"wp:attachment":[{"href":"https:\/\/www.hsu-hh.de\/ztb\/wp-json\/wp\/v2\/media?parent=9147"}],"wp:term":[{"taxonomy":"category","embeddable":true,"href":"https:\/\/www.hsu-hh.de\/ztb\/wp-json\/wp\/v2\/categories?post=9147"},{"taxonomy":"post_tag","embeddable":true,"href":"https:\/\/www.hsu-hh.de\/ztb\/wp-json\/wp\/v2\/tags?post=9147"}],"curies":[{"name":"wp","href":"https:\/\/api.w.org\/{rel}","templated":true}]}}