{"id":9024,"date":"2023-07-28T11:42:23","date_gmt":"2023-07-28T09:42:23","guid":{"rendered":"https:\/\/www.hsu-hh.de\/ztb\/?page_id=9024"},"modified":"2023-09-14T09:48:38","modified_gmt":"2023-09-14T07:48:38","slug":"tagungsprogramm-donnerstag-14-september-2023","status":"publish","type":"page","link":"https:\/\/www.hsu-hh.de\/ztb\/tagungsprogramm-donnerstag-14-september-2023","title":{"rendered":"Tagungsprogramm  Donnerstag 14. September 2023"},"content":{"rendered":"\n<p>Stand: 02. September 2023, \u00c4nderungen vorbehalten<\/p>\n\n\n\n<h2 class=\"wp-block-heading\">&#8222;Praxistag Ausbildung&#8220;<\/h2>\n\n\n\n<p><strong>Gestaltet durch die Abteilung Ausbildung Streitkr\u00e4fte im Streitkr\u00e4fteamt der Bundeswehr<\/strong><\/p>\n\n\n\n<hr class=\"wp-block-separator has-alpha-channel-opacity\" \/>\n\n\n\n<h2 class=\"wp-block-heading\">Plenumsprogramm H\u00f6rsaal 5<\/h2>\n\n\n\n<div class=\"wp-block-columns is-layout-flex wp-container-core-columns-is-layout-9d6595d7 wp-block-columns-is-layout-flex\">\n<div class=\"wp-block-column is-layout-flow wp-block-column-is-layout-flow\" style=\"flex-basis:33.33%\">\n<p>10:00 \u2013 10:10 Uhr<\/p>\n<\/div>\n\n\n\n<div class=\"wp-block-column is-layout-flow wp-block-column-is-layout-flow\" style=\"flex-basis:66.66%\">\n<h3 class=\"wp-block-heading\">Begr\u00fc\u00dfung und Er\u00f6ffnung<\/h3>\n\n\n\n<p><strong>Oberst i.G. Carsten Jahnel<\/strong><br>Abteilungsleiter, Abteilung Ausbildung Streitkr\u00e4fte, Streitkr\u00e4fteamt der Bundeswehr<\/p>\n<\/div>\n<\/div>\n\n\n\n<div class=\"wp-block-columns is-layout-flex wp-container-core-columns-is-layout-9d6595d7 wp-block-columns-is-layout-flex\">\n<div class=\"wp-block-column is-layout-flow wp-block-column-is-layout-flow\" style=\"flex-basis:33.33%\">\n<p>10:10 \u2013 10:20 Uhr<\/p>\n<\/div>\n\n\n\n<div class=\"wp-block-column is-layout-flow wp-block-column-is-layout-flow\" style=\"flex-basis:66.66%\">\n<h3 class=\"wp-block-heading\">Keynote: <br>\u201eModerne Ausbildung f\u00fcr einsatzbereite Streitkr\u00e4fte\u201c<\/h3>\n\n\n\n<p><strong>Konteradmiral Jean Martens<\/strong><br>Stellvertreter Abteilungsleiter F\u00fchrung Streitkr\u00e4fte, Bundesministerium der Verteidigung<\/p>\n<\/div>\n<\/div>\n\n\n\n<h3 class=\"wp-block-heading\">Tagungsprogramm &#8222;Praxistag Ausbildung&#8220;<\/h3>\n\n\n\n<div class=\"wp-block-columns is-layout-flex wp-container-core-columns-is-layout-9d6595d7 wp-block-columns-is-layout-flex\">\n<div class=\"wp-block-column is-layout-flow wp-block-column-is-layout-flow\" style=\"flex-basis:33.33%\">\n<p>10:30 \u2013 12:30 Uhr<\/p>\n<\/div>\n\n\n\n<div class=\"wp-block-column is-layout-flow wp-block-column-is-layout-flow\" style=\"flex-basis:66.66%\">\n<p><strong>P15 <\/strong>(Workshop): <strong>\u201eLerninhalte effizient digital erstellen\u201c<\/strong><br>Hauptmann Benjamin Schuh, <br>Oberstabsfeldwebel Adrian Valette, <br>Oberfeldwebel Philippe Adrian, Streitkr\u00e4fteamt der Bundeswehr<br>Raum 203<\/p>\n<\/div>\n<\/div>\n\n\n\n<div class=\"wp-block-columns is-layout-flex wp-container-core-columns-is-layout-9d6595d7 wp-block-columns-is-layout-flex\">\n<div class=\"wp-block-column is-layout-flow wp-block-column-is-layout-flow\" style=\"flex-basis:33.33%\">\n<p>10:30 \u2013 10:45 Uhr<\/p>\n<\/div>\n\n\n\n<div class=\"wp-block-column is-layout-flow wp-block-column-is-layout-flow\" style=\"flex-basis:66.66%\">\n<p><strong>A6<\/strong>: <strong>\u201eM\u00f6glichkeiten zur Bereitstellung digitaler Inhalte im Intranet Bundeswehr (Bw) und Internet\u201c<\/strong><br>Oberstleutnant Dirk M\u00fclleneisen, Streitkr\u00e4fteamt der Bundeswehr<br>Arena<\/p>\n<\/div>\n<\/div>\n\n\n\n<div class=\"wp-block-columns is-layout-flex wp-container-core-columns-is-layout-9d6595d7 wp-block-columns-is-layout-flex\">\n<div class=\"wp-block-column is-layout-flow wp-block-column-is-layout-flow\" style=\"flex-basis:33.33%\">\n<p>10:45 \u2013 11:00 Uhr<\/p>\n<\/div>\n\n\n\n<div class=\"wp-block-column is-layout-flow wp-block-column-is-layout-flow\" style=\"flex-basis:66.66%\">\n<p><strong>A7<\/strong>: <strong>\u201ewissen. Schnell. finden. <\/strong><br><strong>\u201eDas Fachinformationszentrum der Bundeswehr (FIZBw) und die Fachinformationsunterst\u00fctzung der Bundeswehr\u201c<\/strong><br>Bibliotheksamtsfrau Brigitta Pirzer, Streitkr\u00e4fteamt der Bundeswehr<br>Arena<\/p>\n<\/div>\n<\/div>\n\n\n\n<div class=\"wp-block-columns is-layout-flex wp-container-core-columns-is-layout-9d6595d7 wp-block-columns-is-layout-flex\">\n<div class=\"wp-block-column is-layout-flow wp-block-column-is-layout-flow\" style=\"flex-basis:33.33%\">\n<p>11:00 \u2013 12:30 Uhr<\/p>\n<\/div>\n\n\n\n<div class=\"wp-block-column is-layout-flow wp-block-column-is-layout-flow\" style=\"flex-basis:66.66%\">\n<p><strong>PA1<\/strong> (Forum): <strong>\u201eAns\u00e4tze f\u00fcr eine resiliente Aus-, Fort- und Weiterbildung in allen Szenarien der LV\/BV \u2013 ein interaktiver Praxischeck\u201c<\/strong><br>Johannes Bader, <br>Leoni L\u00fcbbert,<br>Elisabeth Gniosdorsch<br>Franziska Spindler, BwConsulting<br>Raum 110<\/p>\n<\/div>\n<\/div>\n\n\n\n<div class=\"wp-block-columns is-layout-flex wp-container-core-columns-is-layout-9d6595d7 wp-block-columns-is-layout-flex\">\n<div class=\"wp-block-column is-layout-flow wp-block-column-is-layout-flow\" style=\"flex-basis:33.33%\">\n<p>11:15 \u2013 11:30 Uhr<\/p>\n<\/div>\n\n\n\n<div class=\"wp-block-column is-layout-flow wp-block-column-is-layout-flow\" style=\"flex-basis:66.66%\">\n<p><strong>A8<\/strong>: <strong>\u201eWarum noch ausbilden \u2013 und wenn ja, wie?\u201c<\/strong><br>Astrid Altendorf, BWI <abbr title=\"Gesellschaft mit beschr\u00e4nkter Haftung\">GmbH<\/abbr><br>Arena<\/p>\n<\/div>\n<\/div>\n\n\n\n<div class=\"wp-block-columns is-layout-flex wp-container-core-columns-is-layout-9d6595d7 wp-block-columns-is-layout-flex\">\n<div class=\"wp-block-column is-layout-flow wp-block-column-is-layout-flow\" style=\"flex-basis:33.33%\">\n<p>11:30 \u2013 11:45 Uhr<\/p>\n<\/div>\n\n\n\n<div class=\"wp-block-column is-layout-flow wp-block-column-is-layout-flow\" style=\"flex-basis:66.66%\">\n<p><strong>A9<\/strong>: <strong>\u201eDie Ausbildung zum Spezialisten <abbr title=\"beziehungsweise\">bzw.<\/abbr> zur Spezialistin in Cyber-Operationen (CO) in der Dimension Cyber- und Informationsraum (CIR)\u201c<\/strong><br>Zentrum Cyber-Operationen<br>Arena<\/p>\n<\/div>\n<\/div>\n\n\n\n<div class=\"wp-block-columns is-layout-flex wp-container-core-columns-is-layout-9d6595d7 wp-block-columns-is-layout-flex\">\n<div class=\"wp-block-column is-layout-flow wp-block-column-is-layout-flow\" style=\"flex-basis:33.33%\">\n<p>12:00 \u2013 12:30 Uhr<\/p>\n<\/div>\n\n\n\n<div class=\"wp-block-column is-layout-flow wp-block-column-is-layout-flow\" style=\"flex-basis:66.66%\">\n<p><strong>A10<\/strong>: <strong>\u201ePer Serious Gaming zum Marineflieger \u2013 neue Wege im Wettbewerb um notwendiges Personal\u201c<\/strong><br>Fregattenkapit\u00e4n J\u00f6rg Lehmann-G\u00f6tz, Marinefliegerkommando<br>Arena<\/p>\n<\/div>\n<\/div>\n\n\n\n<div class=\"wp-block-columns is-layout-flex wp-container-core-columns-is-layout-9d6595d7 wp-block-columns-is-layout-flex\">\n<div class=\"wp-block-column is-layout-flow wp-block-column-is-layout-flow\" style=\"flex-basis:33.33%\">\n<p>12:30 \u2013 13:55 Uhr<\/p>\n<\/div>\n\n\n\n<div class=\"wp-block-column is-layout-flow wp-block-column-is-layout-flow\" style=\"flex-basis:66.66%\">\n<h3 class=\"wp-block-heading\">Pause<\/h3>\n<\/div>\n<\/div>\n\n\n\n<div class=\"wp-block-columns is-layout-flex wp-container-core-columns-is-layout-9d6595d7 wp-block-columns-is-layout-flex\">\n<div class=\"wp-block-column is-layout-flow wp-block-column-is-layout-flow\" style=\"flex-basis:33.33%\">\n<p>14:00 \u2013 15:00 Uhr<\/p>\n<\/div>\n\n\n\n<div class=\"wp-block-column is-layout-flow wp-block-column-is-layout-flow\" style=\"flex-basis:66.66%\">\n<p><strong>PA5<\/strong> (Vortrag): <strong>\u201eVorstellung neues Werdegangsmodell und Werdegangsbezogene Personalprognose (WPP)\u201c<\/strong><br>Oberstleutnant i.G. Johann Schulz,&nbsp;<br>Oberstleutnant i.G. Rene Smolinsky, Streitkr\u00e4fteamt der Bundeswehr<br>Raum 401\/402<\/p>\n<\/div>\n<\/div>\n\n\n\n<div class=\"wp-block-columns is-layout-flex wp-container-core-columns-is-layout-9d6595d7 wp-block-columns-is-layout-flex\">\n<div class=\"wp-block-column is-layout-flow wp-block-column-is-layout-flow\" style=\"flex-basis:33.33%\">\n<p>14:00 \u2013 15:30 Uhr<\/p>\n<\/div>\n\n\n\n<div class=\"wp-block-column is-layout-flow wp-block-column-is-layout-flow\" style=\"flex-basis:66.66%\">\n<p><strong>PA4<\/strong> (Workshop): <strong>\u201eAgile Bundeswehrverwaltung &#8211; Widerspruch in sich oder Beitrag zur Zeitenwende?\u201c<\/strong><br><abbr title=\"Doktor\">Dr.<\/abbr> Falk Arians, Bildungszentrum der Bundeswehr<br>Raum 404<\/p>\n<\/div>\n<\/div>\n\n\n\n<div class=\"wp-block-columns is-layout-flex wp-container-core-columns-is-layout-9d6595d7 wp-block-columns-is-layout-flex\">\n<div class=\"wp-block-column is-layout-flow wp-block-column-is-layout-flow\" style=\"flex-basis:33.33%\">\n<p>14:30 \u2013 15:30 Uhr<\/p>\n<\/div>\n\n\n\n<div class=\"wp-block-column is-layout-flow wp-block-column-is-layout-flow\" style=\"flex-basis:66.66%\">\n<p><strong>A3<\/strong>: <strong>\u201eSondersendung KOA \u2013 Kaffeerunde\u201c<\/strong><br>Oberstleutnant Michael Bahr, <br>Stabsfeldwebel Mario Beuke, Streitkr\u00e4fteamt der Bundeswehr<br>Arena<\/p>\n<\/div>\n<\/div>\n\n\n\n<div class=\"wp-block-columns is-layout-flex wp-container-core-columns-is-layout-9d6595d7 wp-block-columns-is-layout-flex\">\n<div class=\"wp-block-column is-layout-flow wp-block-column-is-layout-flow\" style=\"flex-basis:33.33%\">\n<p>15:00 \u2013 15:30 Uhr<\/p>\n<\/div>\n\n\n\n<div class=\"wp-block-column is-layout-flow wp-block-column-is-layout-flow\" style=\"flex-basis:66.66%\">\n<p><strong>PA2 <\/strong>(Vortrag): <strong>\u201ePrognoseinstrument Ausbildungsbedarf (PIA)\u201c<\/strong><br>Oberstleutnant Marc Philipp,&nbsp; <br>Oberstleutnant i.G. <abbr title=\"Doktor\">Dr.<\/abbr> Christina Schiller, Streitkr\u00e4fteamt der Bundeswehr<br>Raum 401\/402<\/p>\n<\/div>\n<\/div>\n\n\n\n<div class=\"wp-block-columns is-layout-flex wp-container-core-columns-is-layout-9d6595d7 wp-block-columns-is-layout-flex\">\n<div class=\"wp-block-column is-layout-flow wp-block-column-is-layout-flow\" style=\"flex-basis:33.33%\">\n<p>15:45 \u2013 16:30 Uhr<\/p>\n<\/div>\n\n\n\n<div class=\"wp-block-column is-layout-flow wp-block-column-is-layout-flow\" style=\"flex-basis:66.66%\">\n<h3 class=\"wp-block-heading\">Podiumsdiskussion: <br>\u201eHands on Ausbildung<strong>\u201c<\/strong><\/h3>\n\n\n\n<p><strong>Raum: H\u00f6rsaal 5<\/strong><\/p>\n\n\n\n<p><strong>Abteilungsdirektor Ulf Bednarz<\/strong> (virtuell)<br>Abteilungsleiter, BiZBw IV Bildung\/Qualifizierung\/Zertifizierung, Bildungszentrum der Bundeswehr<\/p>\n\n\n\n<p><br><strong>Regierungsdirektor <abbr title=\"Doktor\">Dr.<\/abbr> Christoph Loreck<\/strong><br>Referent, Referat P I 6, Bundesministerium der Verteidigung<\/p>\n\n\n\n<p> <br><strong>Irmgard Frank<\/strong><br>ehem. Abteilungsleiterin 2 \u2013 Struktur und Ordnung der Berufsausbildung des Bundesinstitutes f\u00fcr Berufsbildung<\/p>\n\n\n\n<p> <br><strong>Oberst i.G. Carsten Jahnel<\/strong><br>Abteilungsleiter, Abteilung Ausbildung Streitkr\u00e4fte, Streitkr\u00e4fteamt der Bundeswehr<\/p>\n\n\n\n<p> <br><strong><abbr title=\"Doktor\">Dr.<\/abbr> Uwe Katzky<\/strong><br>Managing Director, Szenaris <abbr title=\"Gesellschaft mit beschr\u00e4nkter Haftung\">GmbH<\/abbr> <\/p>\n\n\n\n<p><br><strong>Oberfeldarzt <abbr title=\"Doktor\">Dr.<\/abbr> Lars Schneidereit<\/strong><br>Abteilungsleiter, Abteilung C Zentrales Ausbildungsmanagement, Technologiegest\u00fctzte Ausbildung Sanit\u00e4tsdienst, Sanit\u00e4tsakademie der Bundeswehr <\/p>\n\n\n\n<p><br>Moderation: <strong><abbr title=\"Professor\">Prof.<\/abbr> <abbr title=\"Doktor\">Dr.<\/abbr> Oberst i.G. Manuel Schulz<\/strong><br>Leiter Zentrum f\u00fcr technologiegest\u00fctzte Bildung, Helmut-Schmidt-Universit\u00e4t\/Universit\u00e4t der Bundeswehr Hamburg<\/p>\n<\/div>\n<\/div>\n\n\n\n<div style=\"height:100px\" aria-hidden=\"true\" class=\"wp-block-spacer\"><\/div>\n\n\n\n<div class=\"wp-block-columns is-layout-flex wp-container-core-columns-is-layout-9d6595d7 wp-block-columns-is-layout-flex\">\n<div class=\"wp-block-column is-layout-flow wp-block-column-is-layout-flow\">\n<p class=\"has-text-align-right has-grey-background-color has-background\"><strong><a href=\"https:\/\/www.hsu-hh.de\/ztb\/wp-content\/uploads\/sites\/665\/2023\/08\/2023-08-29_Programm_Do.pdf\" data-type=\"link\" data-id=\"https:\/\/www.hsu-hh.de\/ztb\/wp-content\/uploads\/sites\/665\/2023\/08\/2023-08-29_Programm_Do.pdf\">Hier k\u00f6nnen Sie das <br>Programm f\u00fcr Donnerstag<br>als pdf downloaden<\/a><\/strong><\/p>\n<\/div>\n\n\n\n<div class=\"wp-block-column is-layout-flow wp-block-column-is-layout-flow\">\n<div style=\"height:100px\" aria-hidden=\"true\" class=\"wp-block-spacer\"><\/div>\n<\/div>\n<\/div>\n\n\n\n<hr class=\"wp-block-separator has-alpha-channel-opacity\" \/>\n\n\n\n<p>Weitere Informationen k\u00f6nnen Sie dem diesj\u00e4hrigen Call for Papers entnehmen, welcher in einer <strong>Langfassung <\/strong>und einer <strong>Kurzfassung <\/strong><a rel=\"noreferrer noopener\" href=\"https:\/\/www.hsu-hh.de\/ztb\/call-for-papers2023\" target=\"_blank\">hier zum Download<\/a> f\u00fcr Sie verf\u00fcgbar ist. Au\u00dferdem werden im Laufe des Jahres im Bereich <strong><a href=\"https:\/\/www.hsu-hh.de\/ztb\/ausbildungskongress-news\">News<\/a><\/strong> diverse Neuigkeiten und Informationen ver\u00f6ffentlicht.<\/p>\n\n\n\n<p>Bei Fragen stehen wir Ihnen gern unter <a href=\"mailto:ausbidungskongress@hsu-hh.de\" target=\"_blank\" rel=\"noreferrer noopener\">ausbildungskongress@hsu-hh.de<\/a> zur Verf\u00fcgung.<\/p>\n\n\n\n<hr class=\"wp-block-separator has-alpha-channel-opacity\" \/>\n\n\n\n<div style=\"height:100px\" aria-hidden=\"true\" class=\"wp-block-spacer\"><\/div>\n\n\n\n<div class=\"wp-block-columns is-layout-flex wp-container-core-columns-is-layout-9d6595d7 wp-block-columns-is-layout-flex\">\n<div class=\"wp-block-column is-layout-flow wp-block-column-is-layout-flow\">\n<figure class=\"wp-block-image\"><img loading=\"lazy\" decoding=\"async\" width=\"1024\" height=\"683\" src=\"https:\/\/www.hsu-hh.de\/ztb\/wp-content\/uploads\/sites\/665\/2023\/03\/022_0420-Kopie-1024x683.jpg\" data-credit=\"HSU\/Uni Bw H - Schr\u00f6der\" alt=\"\" class=\"wp-image-7437\" srcset=\"https:\/\/www.hsu-hh.de\/ztb\/wp-content\/uploads\/sites\/665\/2023\/03\/022_0420-Kopie-1024x683.jpg 1024w, https:\/\/www.hsu-hh.de\/ztb\/wp-content\/uploads\/sites\/665\/2023\/03\/022_0420-Kopie-300x200.jpg 300w, https:\/\/www.hsu-hh.de\/ztb\/wp-content\/uploads\/sites\/665\/2023\/03\/022_0420-Kopie-768x512.jpg 768w, https:\/\/www.hsu-hh.de\/ztb\/wp-content\/uploads\/sites\/665\/2023\/03\/022_0420-Kopie-1536x1024.jpg 1536w, https:\/\/www.hsu-hh.de\/ztb\/wp-content\/uploads\/sites\/665\/2023\/03\/022_0420-Kopie-1100x733.jpg 1100w\" sizes=\"auto, (max-width: 1024px) 100vw, 1024px\" \/><figcaption class=\"wp-element-caption\">Diskussionsrunde \u201eDigitalit\u00e4t, Sicherheit &amp; Resilienz\u201c w\u00e4hrend des Kongresses 2022 mit (v.l.) R. Kiesewetter, MdB, <abbr title=\"Professor\">Prof.<\/abbr> <abbr title=\"Doktor\">Dr.<\/abbr> D. Schulz, <abbr title=\"Professor\">Prof.<\/abbr> <abbr title=\"Doktor\">Dr.<\/abbr> M. Schulz, M. \u00c7apar und Prof\u2019in <abbr title=\"Doktor\">Dr.<\/abbr> J. Schlicht<br>&nbsp;<\/figcaption><\/figure>\n<\/div>\n\n\n\n<div class=\"wp-block-column is-layout-flow wp-block-column-is-layout-flow\">\n<figure class=\"wp-block-image\"><img loading=\"lazy\" decoding=\"async\" width=\"1000\" height=\"666\" src=\"https:\/\/www.hsu-hh.de\/ztb\/wp-content\/uploads\/sites\/665\/2023\/03\/Ball_0943-300dpi.jpg\" data-credit=\"HSU\/Uni Bw H - Schr\u00f6der\" alt=\"\" class=\"wp-image-7498\" srcset=\"https:\/\/www.hsu-hh.de\/ztb\/wp-content\/uploads\/sites\/665\/2023\/03\/Ball_0943-300dpi.jpg 1000w, https:\/\/www.hsu-hh.de\/ztb\/wp-content\/uploads\/sites\/665\/2023\/03\/Ball_0943-300dpi-300x200.jpg 300w, https:\/\/www.hsu-hh.de\/ztb\/wp-content\/uploads\/sites\/665\/2023\/03\/Ball_0943-300dpi-768x511.jpg 768w\" sizes=\"auto, (max-width: 1000px) 100vw, 1000px\" \/><figcaption class=\"wp-element-caption\">Link&amp;Learn auf der Fachaustellung des (Aus)Bildungskongress der Bundeswehr 2022<\/figcaption><\/figure>\n<\/div>\n<\/div>\n\n\n\n<hr class=\"wp-block-separator has-alpha-channel-opacity\" \/>\n\n\n\n<div style=\"height:100px\" aria-hidden=\"true\" class=\"wp-block-spacer\"><\/div>\n\n\n\n<div class=\"wp-block-columns is-layout-flex wp-container-core-columns-is-layout-9d6595d7 wp-block-columns-is-layout-flex\">\n<div class=\"wp-block-column is-layout-flow wp-block-column-is-layout-flow\"><div class=\"wp-block-image\">\n<figure class=\"aligncenter is-resized\"><a href=\"https:\/\/www.hsu-hh.de\/ztb\/ausbildungskongress2022\"><img loading=\"lazy\" decoding=\"async\" src=\"https:\/\/www.hsu-hh.de\/ztb\/wp-content\/uploads\/sites\/665\/2023\/03\/022_0134-1024x683.jpg\" data-credit=\"HSU\/UniBw H - Schr\u00f6der\" alt=\"\" class=\"wp-image-8043\" style=\"width:215px;height:135px\" width=\"215\" height=\"135\" \/><\/a><figcaption class=\"wp-element-caption\"><a href=\"https:\/\/www.hsu-hh.de\/ztb\/ausbildungskongress2022\">(Aus)Bildungskongress der Bundeswehr 2022<\/a><\/figcaption><\/figure>\n<\/div><\/div>\n\n\n\n<div class=\"wp-block-column is-layout-flow wp-block-column-is-layout-flow\"><div class=\"wp-block-image\">\n<figure class=\"aligncenter is-resized\"><a href=\"https:\/\/www.hsu-hh.de\/ztb\/ausbildungskongress-news\"><img loading=\"lazy\" decoding=\"async\" src=\"https:\/\/www.hsu-hh.de\/ztb\/wp-content\/uploads\/sites\/665\/2023\/03\/AdobeStock_289249892_C_daboost-1024x686.jpeg\" data-credit=\" daboost\/stock.adobe.com\" alt=\"\" class=\"wp-image-7955\" style=\"width:215px;height:135px\" width=\"215\" height=\"135\" \/><\/a><figcaption class=\"wp-element-caption\"><a href=\"https:\/\/www.hsu-hh.de\/ztb\/ausbildungskongress-news\">News<\/a><\/figcaption><\/figure>\n<\/div><\/div>\n<\/div>\n\n\n\n<div class=\"wp-block-columns is-layout-flex wp-container-core-columns-is-layout-9d6595d7 wp-block-columns-is-layout-flex\">\n<div class=\"wp-block-column is-layout-flow wp-block-column-is-layout-flow\"><div class=\"wp-block-image\">\n<figure class=\"aligncenter is-resized\"><a href=\"https:\/\/www.hsu-hh.de\/ztb\/ausbildungskongress-archiv\"><img loading=\"lazy\" decoding=\"async\" src=\"https:\/\/www.hsu-hh.de\/ztb\/wp-content\/uploads\/sites\/665\/2023\/03\/AdobeStock_197922276_C_Lichtfexx-edited-1024x576.jpeg\" data-credit=\" Lichtfexx\/stock.adobe.com\" alt=\"\" class=\"wp-image-7965\" style=\"width:215px;height:135px\" width=\"215\" height=\"135\" \/><\/a><figcaption class=\"wp-element-caption\"><a href=\"https:\/\/www.hsu-hh.de\/ztb\/ausbildungskongress-archiv\">Archiv<\/a><\/figcaption><\/figure>\n<\/div><\/div>\n\n\n\n<div class=\"wp-block-column is-layout-flow wp-block-column-is-layout-flow\"><div class=\"wp-block-image\">\n<figure class=\"aligncenter is-resized\"><a href=\"https:\/\/www.hsu-hh.de\/ztb\/ausbildungskongress-faq\"><img loading=\"lazy\" decoding=\"async\" src=\"https:\/\/www.hsu-hh.de\/ztb\/wp-content\/uploads\/sites\/665\/2023\/03\/AdobeStock_271727064_C_Mediaparts-edited-1024x576.jpeg\" data-credit=\" Mediaparts\/stock.adobe.com\" alt=\"\" class=\"wp-image-7959\" style=\"width:215px;height:135px\" width=\"215\" height=\"135\" \/><\/a><figcaption class=\"wp-element-caption\"><a href=\"https:\/\/www.hsu-hh.de\/ztb\/ausbildungskongress-faq\"><abbr title=\"Freqently Asked Questions\">FAQ<\/abbr><\/a><\/figcaption><\/figure>\n<\/div><\/div>\n<\/div>\n\n\n\n<hr class=\"wp-block-separator has-alpha-channel-opacity\" \/>\n\n\n\n<div style=\"height:100px\" aria-hidden=\"true\" class=\"wp-block-spacer\"><\/div>\n\n\n\n<div class=\"wp-block-columns is-layout-flex wp-container-core-columns-is-layout-9d6595d7 wp-block-columns-is-layout-flex\">\n<div class=\"wp-block-column is-layout-flow wp-block-column-is-layout-flow\">\n<figure class=\"wp-block-image\"><img loading=\"lazy\" decoding=\"async\" width=\"1024\" height=\"241\" src=\"https:\/\/www.hsu-hh.de\/ztb\/wp-content\/uploads\/sites\/665\/2023\/03\/dtec.bw_EU-Foederhinweis_CMYK_vertikal-1-1024x241.jpg\" data-credit=\"dtec.bw\" alt=\"\" class=\"wp-image-8038\" srcset=\"https:\/\/www.hsu-hh.de\/ztb\/wp-content\/uploads\/sites\/665\/2023\/03\/dtec.bw_EU-Foederhinweis_CMYK_vertikal-1-1024x241.jpg 1024w, https:\/\/www.hsu-hh.de\/ztb\/wp-content\/uploads\/sites\/665\/2023\/03\/dtec.bw_EU-Foederhinweis_CMYK_vertikal-1-300x71.jpg 300w, https:\/\/www.hsu-hh.de\/ztb\/wp-content\/uploads\/sites\/665\/2023\/03\/dtec.bw_EU-Foederhinweis_CMYK_vertikal-1-768x181.jpg 768w, https:\/\/www.hsu-hh.de\/ztb\/wp-content\/uploads\/sites\/665\/2023\/03\/dtec.bw_EU-Foederhinweis_CMYK_vertikal-1-1100x259.jpg 1100w, https:\/\/www.hsu-hh.de\/ztb\/wp-content\/uploads\/sites\/665\/2023\/03\/dtec.bw_EU-Foederhinweis_CMYK_vertikal-1.jpg 1418w\" sizes=\"auto, (max-width: 1024px) 100vw, 1024px\" \/><\/figure>\n<\/div>\n\n\n\n<div class=\"wp-block-column is-layout-flow wp-block-column-is-layout-flow\"><\/div>\n<\/div>\n\n\n\n<p>Das <a rel=\"noreferrer noopener\" href=\"https:\/\/dtecbw.de\" target=\"_blank\">dtec.bw \u2013 Zentrum f\u00fcr Digitalisierungs- und Technologieforschung der Bundeswehr<\/a> \u2013 ist ein von den Universit\u00e4ten der Bundeswehr Hamburg und M\u00fcnchen gemeinsam getragenes wissenschaftliches Zentrum und Bestandteil des Konjunkturprogramms der Bundesregierung zur \u00dcberwindung der COVID-19-Krise. Es unterliegt der akademischen Selbstverwaltung. Die Mittel, mit denen das dtec.bw ausgestattet wurde, werden an beiden Universit\u00e4ten der Bundeswehr zur Finanzierung von Forschungsprojekten und Projekten zum Wissens- und Technologietransfer eingesetzt. dtec.bw wird von der Europ\u00e4ischen Union \u2013 NextGenerationEU finanziert.<\/p>\n","protected":false},"excerpt":{"rendered":"<p>Stand: 02. September 2023, \u00c4nderungen vorbehalten &#8222;Praxistag Ausbildung&#8220; Gestaltet durch die Abteilung Ausbildung Streitkr\u00e4fte im Streitkr\u00e4fteamt der Bundeswehr Plenumsprogramm H\u00f6rsaal 5 10:00 \u2013 10:10 Uhr Begr\u00fc\u00dfung und Er\u00f6ffnung Oberst i.G. [&hellip;]<\/p>\n","protected":false},"author":3514,"featured_media":0,"parent":0,"menu_order":0,"comment_status":"closed","ping_status":"closed","template":"","meta":{"footnotes":""},"categories":[4,47,53],"tags":[],"class_list":["post-9024","page","type-page","status-publish","hentry","category-forschung","category-kongress","category-tag-3"],"_links":{"self":[{"href":"https:\/\/www.hsu-hh.de\/ztb\/wp-json\/wp\/v2\/pages\/9024","targetHints":{"allow":["GET"]}}],"collection":[{"href":"https:\/\/www.hsu-hh.de\/ztb\/wp-json\/wp\/v2\/pages"}],"about":[{"href":"https:\/\/www.hsu-hh.de\/ztb\/wp-json\/wp\/v2\/types\/page"}],"author":[{"embeddable":true,"href":"https:\/\/www.hsu-hh.de\/ztb\/wp-json\/wp\/v2\/users\/3514"}],"replies":[{"embeddable":true,"href":"https:\/\/www.hsu-hh.de\/ztb\/wp-json\/wp\/v2\/comments?post=9024"}],"version-history":[{"count":29,"href":"https:\/\/www.hsu-hh.de\/ztb\/wp-json\/wp\/v2\/pages\/9024\/revisions"}],"predecessor-version":[{"id":9512,"href":"https:\/\/www.hsu-hh.de\/ztb\/wp-json\/wp\/v2\/pages\/9024\/revisions\/9512"}],"wp:attachment":[{"href":"https:\/\/www.hsu-hh.de\/ztb\/wp-json\/wp\/v2\/media?parent=9024"}],"wp:term":[{"taxonomy":"category","embeddable":true,"href":"https:\/\/www.hsu-hh.de\/ztb\/wp-json\/wp\/v2\/categories?post=9024"},{"taxonomy":"post_tag","embeddable":true,"href":"https:\/\/www.hsu-hh.de\/ztb\/wp-json\/wp\/v2\/tags?post=9024"}],"curies":[{"name":"wp","href":"https:\/\/api.w.org\/{rel}","templated":true}]}}