{"id":8478,"date":"2023-06-13T16:07:04","date_gmt":"2023-06-13T14:07:04","guid":{"rendered":"https:\/\/www.hsu-hh.de\/ztb\/?page_id=8478"},"modified":"2023-06-21T16:44:26","modified_gmt":"2023-06-21T14:44:26","slug":"panel-dtec-bw-dienstag-12-september-2023","status":"publish","type":"page","link":"https:\/\/www.hsu-hh.de\/ztb\/ausbildungskongress23\/tagungsprogramm-2023\/tagungsprogramm-dienstag-12-september-2023\/panel-dtec-bw-dienstag-12-september-2023","title":{"rendered":"Panel dtec-bw Dienstag 12. September 2023"},"content":{"rendered":"\n<div class=\"wp-block-columns is-layout-flex wp-container-core-columns-is-layout-9d6595d7 wp-block-columns-is-layout-flex\">\n<div class=\"wp-block-column is-layout-flow wp-block-column-is-layout-flow\" style=\"flex-basis:66.66%\"><div class=\"wp-block-image\">\n<figure class=\"alignleft size-full is-resized\"><img loading=\"lazy\" decoding=\"async\" src=\"https:\/\/www.hsu-hh.de\/ztb\/wp-content\/uploads\/sites\/665\/2020\/08\/Nur_Logo.jpg\" data-credit=\"HSU\" alt=\"LoGo\" class=\"wp-image-3684\" width=\"120\" height=\"120\" srcset=\"https:\/\/www.hsu-hh.de\/ztb\/wp-content\/uploads\/sites\/665\/2020\/08\/Nur_Logo.jpg 239w, https:\/\/www.hsu-hh.de\/ztb\/wp-content\/uploads\/sites\/665\/2020\/08\/Nur_Logo-150x150.jpg 150w, https:\/\/www.hsu-hh.de\/ztb\/wp-content\/uploads\/sites\/665\/2020\/08\/Nur_Logo-100x100.jpg 100w\" sizes=\"auto, (max-width: 120px) 100vw, 120px\" \/><\/figure>\n<\/div>\n\n\n<h2 class=\"has-grey-background-color has-background wp-block-heading\">(Aus)Bildungskongress der Bundeswehr 2023<\/h2>\n<\/div>\n<\/div>\n\n\n\n<div class=\"wp-block-columns is-layout-flex wp-container-core-columns-is-layout-9d6595d7 wp-block-columns-is-layout-flex\">\n<div class=\"wp-block-column is-layout-flow wp-block-column-is-layout-flow\">\n<figure class=\"wp-block-image\"><img loading=\"lazy\" decoding=\"async\" width=\"1024\" height=\"639\" src=\"https:\/\/www.hsu-hh.de\/ztb\/wp-content\/uploads\/sites\/665\/2023\/03\/AdobeStock_526623785_C_metamorworks-edited-3-1024x639.jpeg\" data-credit=\"metamorworks \/ stock.adobe.com\" alt=\"nachdenkende Frau\" class=\"wp-image-7721\" srcset=\"https:\/\/www.hsu-hh.de\/ztb\/wp-content\/uploads\/sites\/665\/2023\/03\/AdobeStock_526623785_C_metamorworks-edited-3-1024x639.jpeg 1024w, https:\/\/www.hsu-hh.de\/ztb\/wp-content\/uploads\/sites\/665\/2023\/03\/AdobeStock_526623785_C_metamorworks-edited-3-300x187.jpeg 300w, https:\/\/www.hsu-hh.de\/ztb\/wp-content\/uploads\/sites\/665\/2023\/03\/AdobeStock_526623785_C_metamorworks-edited-3-768x480.jpeg 768w, https:\/\/www.hsu-hh.de\/ztb\/wp-content\/uploads\/sites\/665\/2023\/03\/AdobeStock_526623785_C_metamorworks-edited-3-1536x959.jpeg 1536w, https:\/\/www.hsu-hh.de\/ztb\/wp-content\/uploads\/sites\/665\/2023\/03\/AdobeStock_526623785_C_metamorworks-edited-3-2048x1279.jpeg 2048w, https:\/\/www.hsu-hh.de\/ztb\/wp-content\/uploads\/sites\/665\/2023\/03\/AdobeStock_526623785_C_metamorworks-edited-3-1100x687.jpeg 1100w\" sizes=\"auto, (max-width: 1024px) 100vw, 1024px\" \/><figcaption class=\"wp-element-caption\">Ausbildungskongress 2023<\/figcaption><\/figure>\n<\/div>\n\n\n\n<div class=\"wp-block-column is-layout-flow wp-block-column-is-layout-flow\"><\/div>\n<\/div>\n\n\n\n<h1 class=\"wp-block-heading\">Panel dtec-bw Dienstag <br>12. September 2023<\/h1>\n\n\n\n<hr class=\"wp-block-separator has-alpha-channel-opacity\" \/>\n\n\n\n<div class=\"wp-block-columns is-layout-flex wp-container-core-columns-is-layout-9d6595d7 wp-block-columns-is-layout-flex\">\n<div class=\"wp-block-column is-layout-flow wp-block-column-is-layout-flow\" style=\"flex-basis:33.33%\">\n<p>14:50 \u2013 15:00<\/p>\n<\/div>\n\n\n\n<div class=\"wp-block-column is-layout-flow wp-block-column-is-layout-flow\" style=\"flex-basis:66.66%\">\n<h3 class=\"wp-block-heading\"><a href=\"https:\/\/www.hsu-hh.de\/ztb\/dtec-bw-01-digital-leadership-and-health\">dtec.bw-Forschungsprojekt: <br>Digital Leadership and Health<\/a><\/h3>\n\n\n\n<p><strong><abbr title=\"Professor\">Prof.<\/abbr> <abbr title=\"Doktor\">Dr.<\/abbr> J\u00f6rg Felfe,<\/strong> <br>Helmut-Schmidt-Universit\u00e4t\/ Universit\u00e4t der Bundeswehr Hamburg<\/p>\n\n\n\n<p><strong><abbr title=\"Doktor\">Dr.<\/abbr> Annika Krick,<\/strong> <br>Helmut-Schmidt-Universit\u00e4t\/ Universit\u00e4t der Bundeswehr Hamburg<\/p>\n\n\n\n<p><strong>Franziska M\u00fcnstermann <abbr title=\"Master of Science\">M.Sc.<\/abbr>,<\/strong> <br>Helmut-Schmidt-Universit\u00e4t\/ Universit\u00e4t der Bundeswehr Hamburg<\/p>\n\n\n\n<p><strong><abbr title=\"Diplom\">Dipl.<\/abbr>-Psych. Lene Fr\u00f6hlich,<\/strong> <br>Helmut-Schmidt-Universit\u00e4t\/ Universit\u00e4t der Bundeswehr Hamburg<\/p>\n\n\n\n<p>dtec.bw 01, Poster-Vortrag, Raum 403<\/p>\n<\/div>\n<\/div>\n\n\n\n<div class=\"wp-block-columns is-layout-flex wp-container-core-columns-is-layout-9d6595d7 wp-block-columns-is-layout-flex\">\n<div class=\"wp-block-column is-layout-flow wp-block-column-is-layout-flow\" style=\"flex-basis:33.33%\">\n<p>15:05\u2013 15:15<\/p>\n<\/div>\n\n\n\n<div class=\"wp-block-column is-layout-flow wp-block-column-is-layout-flow\" style=\"flex-basis:66.66%\">\n<h3 class=\"wp-block-heading\"><a href=\"https:\/\/www.hsu-hh.de\/ztb\/dtec-bw-02-digitales-lebenszyklus-monitoring-haertung-und-optimierung-der-resilienz-von-leistungselektronik-in-kritischer-infrastruktur-dimolek\">dtec.bw-Forschungsprojekt: <br>Digitales Lebenszyklus-Monitoring, H\u00e4rtung und Optimierung der Resilienz von Leistungselektronik in kritischer Infrastruktur (DiMoLEK)<\/a><\/h3>\n\n\n\n<p><strong><abbr title=\"Professor\">Prof.<\/abbr> <abbr title=\"Doktor\">Dr.<\/abbr> Klaus Hoffmann, <\/strong><br>Helmut-Schmidt-Universit\u00e4t\/ Universit\u00e4t der Bundeswehr Hamburg<\/p>\n\n\n\n<p><strong>S\u00f6nke Brandt <abbr title=\"Master of Science\">M.Sc.<\/abbr>, <\/strong><br>Helmut-Schmidt-Universit\u00e4t\/ Universit\u00e4t der Bundeswehr Hamburg<\/p>\n\n\n\n<p>dtec.bw 02, Poster-Vortrag, Raum 403<\/p>\n<\/div>\n<\/div>\n\n\n\n<div class=\"wp-block-columns is-layout-flex wp-container-core-columns-is-layout-9d6595d7 wp-block-columns-is-layout-flex\">\n<div class=\"wp-block-column is-layout-flow wp-block-column-is-layout-flow\" style=\"flex-basis:33.33%\">\n<p>15:20 \u2013 15:30<\/p>\n<\/div>\n\n\n\n<div class=\"wp-block-column is-layout-flow wp-block-column-is-layout-flow\" style=\"flex-basis:66.66%\">\n<h3 class=\"wp-block-heading\"><a href=\"https:\/\/www.hsu-hh.de\/ztb\/dtec-bw-03-kibidz-gefahrenanalyse-fuer-rettungskraefte-und-gebaeude-bei-braenden\">dtec.bw-Forschungsprojekt: <br>KIBIDZ &#8211; Gefahrenanalyse f\u00fcr Rettungskr\u00e4fte und Geb\u00e4ude bei Br\u00e4nden<\/a><\/h3>\n\n\n\n<p><strong><abbr title=\"Professor\">Prof.<\/abbr> <abbr title=\"Doktor\">Dr.<\/abbr> Michael Breuer, &#8218;<\/strong><br>Helmut-Schmidt-Universit\u00e4t \/ Universit\u00e4t der Bundeswehr Hamburg<\/p>\n\n\n\n<p><strong><abbr title=\"Professor\">Prof.<\/abbr> <abbr title=\"Doktor\">Dr.<\/abbr> Oliver Niggemann, <\/strong><br>Helmut-Schmidt-Universit\u00e4t \/ Universit\u00e4t der Bundeswehr Hamburg <\/p>\n\n\n\n<p><strong><abbr title=\"Professor\">Prof.<\/abbr> <abbr title=\"Doktor\">Dr.<\/abbr> Wolfgang Weber<\/strong><br>Helmut-Schmidt-Universit\u00e4t \/ Universit\u00e4t der Bundeswehr Hamburg <\/p>\n\n\n\n<p>dtec.bw 03, Poster-Vortrag, Raum 403<\/p>\n<\/div>\n<\/div>\n\n\n\n<div class=\"wp-block-columns is-layout-flex wp-container-core-columns-is-layout-9d6595d7 wp-block-columns-is-layout-flex\">\n<div class=\"wp-block-column is-layout-flow wp-block-column-is-layout-flow\" style=\"flex-basis:33.33%\">\n<p>15:45 \u2013 16:30 Uhr<\/p>\n<\/div>\n\n\n\n<div class=\"wp-block-column is-layout-flow wp-block-column-is-layout-flow\" style=\"flex-basis:66.66%\">\n<h3 class=\"wp-block-heading\"><a href=\"https:\/\/www.hsu-hh.de\/ztb\/dtec-bw-04-digipec-digital-performance-contracting-competence-center\">dtec.bw-Forschungsprojekt: <br>DigiPeC \u2013 Digital Performance Contracting Competence Center, softwaregest\u00fctztes Lernen aus komplexen Gro\u00dfprojekten f\u00fcr zuk\u00fcnftige Beschaffungsvorg\u00e4nge<\/a><a href=\"https:\/\/www.hsu-hh.de\/ztb\/wp-admin\/post.php?post=8733&amp;action=edit\">.<\/a><\/h3>\n\n\n\n<p><strong>K\u00fcbra Ates M.A., <\/strong><br>Universit\u00e4t der Bundeswehr M\u00fcnchen<\/p>\n\n\n\n<p><strong>Simon Christian Becker <abbr title=\"Master of Science\">M.Sc.<\/abbr>, <\/strong><br>Universit\u00e4t der Bundeswehr M\u00fcnchen<\/p>\n\n\n\n<p><strong><abbr title=\"Doktor\">Dr.<\/abbr> Andreas Glas, <\/strong><br>Universit\u00e4t der Bundeswehr M\u00fcnchen<\/p>\n\n\n\n<p>dtec.bw 04, Vortrag, Raum 403<\/p>\n<\/div>\n<\/div>\n\n\n\n<div class=\"wp-block-columns is-layout-flex wp-container-core-columns-is-layout-9d6595d7 wp-block-columns-is-layout-flex\">\n<div class=\"wp-block-column is-layout-flow wp-block-column-is-layout-flow\" style=\"flex-basis:33.33%\">\n<p>16:25 \u2013 17:55 Uhr<\/p>\n<\/div>\n\n\n\n<div class=\"wp-block-column is-layout-flow wp-block-column-is-layout-flow\" style=\"flex-basis:66.66%\">\n<h3 class=\"wp-block-heading\"><a href=\"https:\/\/www.hsu-hh.de\/ztb\/wp-admin\/post.php?post=8738&amp;action=edit\">d<\/a><a href=\"https:\/\/www.hsu-hh.de\/ztb\/dtec-bw-05-kompetenzen-fuer-die-digitale-arbeitswelt-kodia-ertuechtigung-zur-digitalisierung\">tec.bw-Forschungsprojekt: <br>Kompetenzen f\u00fcr die digitale Arbeitswelt (KoDiA) \u2013 Ert\u00fcchtigung zur Digitalisierung<\/a><\/h3>\n\n\n\n<p><strong><abbr title=\"Professor\">Prof.<\/abbr> <abbr title=\"Doktor\">Dr.<\/abbr> Manuel Schulz, <\/strong><br>Helmut-Schmidt-Universit\u00e4t\/ Universit\u00e4t der Bundeswehr Hamburg<\/p>\n\n\n\n<p><strong>Katharina Kreutzmann M.A., <\/strong><br>Helmut-Schmidt-Universit\u00e4t\/ Universit\u00e4t der Bundeswehr Hamburg<\/p>\n\n\n\n<p>dtec.bw 05, Workshop, Raum 401\/402<\/p>\n<\/div>\n<\/div>\n\n\n\n<div class=\"wp-block-columns is-layout-flex wp-container-core-columns-is-layout-9d6595d7 wp-block-columns-is-layout-flex\">\n<div class=\"wp-block-column is-layout-flow wp-block-column-is-layout-flow\" style=\"flex-basis:33.33%\">\n<p>16:25 \u2013 17:55 Uhr<\/p>\n<\/div>\n\n\n\n<div class=\"wp-block-column is-layout-flow wp-block-column-is-layout-flow\" style=\"flex-basis:66.66%\">\n<h3 class=\"wp-block-heading\"><a href=\"https:\/\/www.hsu-hh.de\/ztb\/dtec-bw-06-digitales-fuehren-erste-einblicke-in-die-fuehrungskraefte-onlineplattform-digilap\">dtec.bw-Forschungsprojekt: <br>Digitales F\u00fchren: Erste Einblicke in die F\u00fchrungskr\u00e4fte-Onlineplattform DigiLAP<\/a><\/h3>\n\n\n\n<p><strong><abbr title=\"Professor\">Prof.<\/abbr> <abbr title=\"Doktor\">Dr.<\/abbr> J\u00f6rg Felfe, <\/strong><br>Helmut-Schmidt-Universit\u00e4t\/ Universit\u00e4t der Bundeswehr Hamburg<\/p>\n\n\n\n<p><strong><abbr title=\"Doktor\">Dr.<\/abbr> Annika Krick, <\/strong><br>Helmut-Schmidt-Universit\u00e4t\/ Universit\u00e4t der Bundeswehr Hamburg<\/p>\n\n\n\n<p><strong>Franziska M\u00fcnstermann <abbr title=\"Master of Science\">M.Sc.<\/abbr>, <\/strong><br>Helmut-Schmidt-Universit\u00e4t\/ Universit\u00e4t der Bundeswehr Hamburg<\/p>\n\n\n\n<p><strong><abbr title=\"Diplom\">Dipl.<\/abbr>-Psych. Lene Fr\u00f6hlich, <\/strong><br>Helmut-Schmidt-Universit\u00e4t\/ Universit\u00e4t der Bundeswehr Hamburg<\/p>\n\n\n\n<p><strong>Hauptmann Ines Wunderlich,<\/strong><br>F\u00fchrungsakademie Bundeswehr<\/p>\n\n\n\n<p>dtec.bw 06, Vortrag, Raum 403<\/p>\n<\/div>\n<\/div>\n\n\n\n<div style=\"height:100px\" aria-hidden=\"true\" class=\"wp-block-spacer\"><\/div>\n\n\n\n<h2 class=\"has-text-align-center has-grey-background-color has-background wp-block-heading\"><a href=\"https:\/\/www.hsu-hh.de\/ztb\/ausbildungskongress23\/tagungsprogramm-2023\/tagungsprogramm-dienstag-12-september-2023\">Plenum<\/a><\/h2>\n\n\n\n<div style=\"height:100px\" aria-hidden=\"true\" class=\"wp-block-spacer\"><\/div>\n\n\n\n<h2 class=\"has-text-align-center has-grey-background-color has-background wp-block-heading\"><a href=\"https:\/\/www.hsu-hh.de\/ztb\/ausbildungskongress23\/tagungsprogramm-2023\/tagungsprogramm-dienstag-12-september-2023\/panel-wissenschaft-dienstag-12-september-2023\">Panel Wissenschaft<\/a><\/h2>\n\n\n\n<div style=\"height:100px\" aria-hidden=\"true\" class=\"wp-block-spacer\"><\/div>\n\n\n\n<h2 class=\"has-text-align-center has-grey-background-color has-background wp-block-heading\"><a href=\"https:\/\/www.hsu-hh.de\/ztb\/ausbildungskongress23\/tagungsprogramm-2023\/tagungsprogramm-dienstag-12-september-2023\/panel-praxis-dienstag-12-september-2023\">Panel Praxis<\/a><\/h2>\n\n\n\n<div style=\"height:100px\" aria-hidden=\"true\" class=\"wp-block-spacer\"><\/div>\n\n\n\n<h2 class=\"has-text-align-center has-grey-background-color has-background wp-block-heading\">Arena<\/h2>\n\n\n\n<div style=\"height:100px\" aria-hidden=\"true\" class=\"wp-block-spacer\"><\/div>\n\n\n\n<h2 class=\"has-text-align-center has-grey-background-color has-background wp-block-heading\">Speakers Corner<\/h2>\n\n\n\n<div style=\"height:100px\" aria-hidden=\"true\" class=\"wp-block-spacer\"><\/div>\n\n\n\n<hr class=\"wp-block-separator has-alpha-channel-opacity\" \/>\n\n\n\n<p>Weitere Informationen k\u00f6nnen Sie dem diesj\u00e4hrigen Call for Papers entnehmen, welcher in einer <strong>Langfassung <\/strong>und einer <strong>Kurzfassung <\/strong><a rel=\"noreferrer noopener\" href=\"https:\/\/www.hsu-hh.de\/ztb\/call-for-papers2023\" target=\"_blank\">hier zum Download<\/a> f\u00fcr Sie verf\u00fcgbar ist. Au\u00dferdem werden im Laufe des Jahres im Bereich <strong><a href=\"https:\/\/www.hsu-hh.de\/ztb\/ausbildungskongress-news\">News<\/a><\/strong> diverse Neuigkeiten und Informationen ver\u00f6ffentlicht.<\/p>\n\n\n\n<p>Bei Fragen stehen wir Ihnen gern unter <a href=\"mailto:ausbidungskongress@hsu-hh.de\" target=\"_blank\" rel=\"noreferrer noopener\">ausbildungskongress@hsu-hh.de<\/a> zur Verf\u00fcgung.<\/p>\n\n\n\n<div class=\"wp-block-columns is-layout-flex wp-container-core-columns-is-layout-9d6595d7 wp-block-columns-is-layout-flex\">\n<div class=\"wp-block-column is-layout-flow wp-block-column-is-layout-flow\">\n<figure class=\"wp-block-image\"><img loading=\"lazy\" decoding=\"async\" width=\"1024\" height=\"683\" src=\"https:\/\/www.hsu-hh.de\/ztb\/wp-content\/uploads\/sites\/665\/2023\/03\/022_0420-Kopie-1024x683.jpg\" data-credit=\"HSU\/Uni Bw H - Schr\u00f6der\" alt=\"\" class=\"wp-image-7437\" srcset=\"https:\/\/www.hsu-hh.de\/ztb\/wp-content\/uploads\/sites\/665\/2023\/03\/022_0420-Kopie-1024x683.jpg 1024w, https:\/\/www.hsu-hh.de\/ztb\/wp-content\/uploads\/sites\/665\/2023\/03\/022_0420-Kopie-300x200.jpg 300w, https:\/\/www.hsu-hh.de\/ztb\/wp-content\/uploads\/sites\/665\/2023\/03\/022_0420-Kopie-768x512.jpg 768w, https:\/\/www.hsu-hh.de\/ztb\/wp-content\/uploads\/sites\/665\/2023\/03\/022_0420-Kopie-1536x1024.jpg 1536w, https:\/\/www.hsu-hh.de\/ztb\/wp-content\/uploads\/sites\/665\/2023\/03\/022_0420-Kopie-1100x733.jpg 1100w\" sizes=\"auto, (max-width: 1024px) 100vw, 1024px\" \/><figcaption class=\"wp-element-caption\">Diskussionsrunde \u201eDigitalit\u00e4t, Sicherheit &amp; Resilienz\u201c w\u00e4hrend des Kongresses 2022 mit (v.l.) R. Kiesewetter, MdB, <abbr title=\"Professor\">Prof.<\/abbr> <abbr title=\"Doktor\">Dr.<\/abbr> D. Schulz, <abbr title=\"Professor\">Prof.<\/abbr> <abbr title=\"Doktor\">Dr.<\/abbr> M. Schulz, M. \u00c7apar und Prof\u2019in <abbr title=\"Doktor\">Dr.<\/abbr> J. Schlicht<br>&nbsp;<\/figcaption><\/figure>\n<\/div>\n\n\n\n<div class=\"wp-block-column is-layout-flow wp-block-column-is-layout-flow\">\n<figure class=\"wp-block-image\"><img loading=\"lazy\" decoding=\"async\" width=\"1000\" height=\"666\" src=\"https:\/\/www.hsu-hh.de\/ztb\/wp-content\/uploads\/sites\/665\/2023\/03\/Ball_0943-300dpi.jpg\" data-credit=\"HSU\/Uni Bw H - Schr\u00f6der\" alt=\"\" class=\"wp-image-7498\" srcset=\"https:\/\/www.hsu-hh.de\/ztb\/wp-content\/uploads\/sites\/665\/2023\/03\/Ball_0943-300dpi.jpg 1000w, https:\/\/www.hsu-hh.de\/ztb\/wp-content\/uploads\/sites\/665\/2023\/03\/Ball_0943-300dpi-300x200.jpg 300w, https:\/\/www.hsu-hh.de\/ztb\/wp-content\/uploads\/sites\/665\/2023\/03\/Ball_0943-300dpi-768x511.jpg 768w\" sizes=\"auto, (max-width: 1000px) 100vw, 1000px\" \/><figcaption class=\"wp-element-caption\">Link&amp;Learn auf der Fachaustellung des (Aus)Bildungskongress der Bundeswehr 2022<\/figcaption><\/figure>\n<\/div>\n<\/div>\n\n\n\n<hr class=\"wp-block-separator has-alpha-channel-opacity\" \/>\n\n\n\n<div style=\"height:100px\" aria-hidden=\"true\" class=\"wp-block-spacer\"><\/div>\n\n\n\n<div class=\"wp-block-columns is-layout-flex wp-container-core-columns-is-layout-9d6595d7 wp-block-columns-is-layout-flex\">\n<div class=\"wp-block-column is-layout-flow wp-block-column-is-layout-flow\"><div class=\"wp-block-image\">\n<figure class=\"aligncenter size-large is-resized\"><a href=\"https:\/\/www.hsu-hh.de\/ztb\/ausbildungskongress2022\"><img loading=\"lazy\" decoding=\"async\" src=\"https:\/\/www.hsu-hh.de\/ztb\/wp-content\/uploads\/sites\/665\/2023\/03\/022_0134-1024x683.jpg\" data-credit=\"HSU\/UniBw H - Schr\u00f6der\" alt=\"\" class=\"wp-image-8043\" width=\"215\" height=\"135\" \/><\/a><figcaption class=\"wp-element-caption\"><a href=\"https:\/\/www.hsu-hh.de\/ztb\/ausbildungskongress2022\" data-type=\"URL\" data-id=\"https:\/\/www.hsu-hh.de\/ztb\/ausbildungskongress2022\">(Aus)Bildungskongress der Bundeswehr 2022<\/a><\/figcaption><\/figure>\n<\/div><\/div>\n\n\n\n<div class=\"wp-block-column is-layout-flow wp-block-column-is-layout-flow\"><div class=\"wp-block-image\">\n<figure class=\"aligncenter size-large is-resized\"><a href=\"https:\/\/www.hsu-hh.de\/ztb\/ausbildungskongress-news\"><img loading=\"lazy\" decoding=\"async\" src=\"https:\/\/www.hsu-hh.de\/ztb\/wp-content\/uploads\/sites\/665\/2023\/03\/AdobeStock_289249892_C_daboost-1024x686.jpeg\" data-credit=\" daboost\/stock.adobe.com\" alt=\"\" class=\"wp-image-7955\" width=\"215\" height=\"135\" \/><\/a><figcaption class=\"wp-element-caption\"><a href=\"https:\/\/www.hsu-hh.de\/ztb\/ausbildungskongress-news\" data-type=\"URL\" data-id=\"https:\/\/www.hsu-hh.de\/ztb\/ausbildungskongress-news\">News<\/a><\/figcaption><\/figure>\n<\/div><\/div>\n<\/div>\n\n\n\n<div class=\"wp-block-columns is-layout-flex wp-container-core-columns-is-layout-9d6595d7 wp-block-columns-is-layout-flex\">\n<div class=\"wp-block-column is-layout-flow wp-block-column-is-layout-flow\"><div class=\"wp-block-image\">\n<figure class=\"aligncenter size-large is-resized\"><a href=\"https:\/\/www.hsu-hh.de\/ztb\/ausbildungskongress-archiv\"><img loading=\"lazy\" decoding=\"async\" src=\"https:\/\/www.hsu-hh.de\/ztb\/wp-content\/uploads\/sites\/665\/2023\/03\/AdobeStock_197922276_C_Lichtfexx-edited-1024x576.jpeg\" data-credit=\" Lichtfexx\/stock.adobe.com\" alt=\"\" class=\"wp-image-7965\" width=\"215\" height=\"135\" \/><\/a><figcaption class=\"wp-element-caption\"><a href=\"https:\/\/www.hsu-hh.de\/ztb\/ausbildungskongress-archiv\" data-type=\"URL\" data-id=\"https:\/\/www.hsu-hh.de\/ztb\/ausbildungskongress-archiv\">Archiv<\/a><\/figcaption><\/figure>\n<\/div><\/div>\n\n\n\n<div class=\"wp-block-column is-layout-flow wp-block-column-is-layout-flow\"><div class=\"wp-block-image\">\n<figure class=\"aligncenter size-large is-resized\"><a href=\"https:\/\/www.hsu-hh.de\/ztb\/ausbildungskongress-faq\"><img loading=\"lazy\" decoding=\"async\" src=\"https:\/\/www.hsu-hh.de\/ztb\/wp-content\/uploads\/sites\/665\/2023\/03\/AdobeStock_271727064_C_Mediaparts-edited-1024x576.jpeg\" data-credit=\" Mediaparts\/stock.adobe.com\" alt=\"\" class=\"wp-image-7959\" width=\"215\" height=\"135\" \/><\/a><figcaption class=\"wp-element-caption\"><a href=\"https:\/\/www.hsu-hh.de\/ztb\/ausbildungskongress-faq\" data-type=\"URL\" data-id=\"https:\/\/www.hsu-hh.de\/ztb\/ausbildungskongress-faq\"><abbr title=\"Freqently Asked Questions\">FAQ<\/abbr><\/a><\/figcaption><\/figure>\n<\/div><\/div>\n<\/div>\n\n\n\n<div style=\"height:100px\" aria-hidden=\"true\" class=\"wp-block-spacer\"><\/div>\n\n\n\n<hr class=\"wp-block-separator has-alpha-channel-opacity\" \/>\n\n\n\n<div class=\"wp-block-columns is-layout-flex wp-container-core-columns-is-layout-9d6595d7 wp-block-columns-is-layout-flex\">\n<div class=\"wp-block-column is-layout-flow wp-block-column-is-layout-flow\">\n<figure class=\"wp-block-image size-large\"><img loading=\"lazy\" decoding=\"async\" width=\"1024\" height=\"241\" src=\"https:\/\/www.hsu-hh.de\/ztb\/wp-content\/uploads\/sites\/665\/2023\/03\/dtec.bw_EU-Foederhinweis_CMYK_vertikal-1-1024x241.jpg\" data-credit=\"dtec.bw\" alt=\"\" class=\"wp-image-8038\" srcset=\"https:\/\/www.hsu-hh.de\/ztb\/wp-content\/uploads\/sites\/665\/2023\/03\/dtec.bw_EU-Foederhinweis_CMYK_vertikal-1-1024x241.jpg 1024w, https:\/\/www.hsu-hh.de\/ztb\/wp-content\/uploads\/sites\/665\/2023\/03\/dtec.bw_EU-Foederhinweis_CMYK_vertikal-1-300x71.jpg 300w, https:\/\/www.hsu-hh.de\/ztb\/wp-content\/uploads\/sites\/665\/2023\/03\/dtec.bw_EU-Foederhinweis_CMYK_vertikal-1-768x181.jpg 768w, https:\/\/www.hsu-hh.de\/ztb\/wp-content\/uploads\/sites\/665\/2023\/03\/dtec.bw_EU-Foederhinweis_CMYK_vertikal-1-1100x259.jpg 1100w, https:\/\/www.hsu-hh.de\/ztb\/wp-content\/uploads\/sites\/665\/2023\/03\/dtec.bw_EU-Foederhinweis_CMYK_vertikal-1.jpg 1418w\" sizes=\"auto, (max-width: 1024px) 100vw, 1024px\" \/><\/figure>\n<\/div>\n\n\n\n<div class=\"wp-block-column is-layout-flow wp-block-column-is-layout-flow\"><\/div>\n<\/div>\n\n\n\n<p>Das <a rel=\"noreferrer noopener\" href=\"https:\/\/dtecbw.de\" target=\"_blank\">dtec.bw \u2013 Zentrum f\u00fcr Digitalisierungs- und Technologieforschung der Bundeswehr<\/a> \u2013 ist ein von den Universit\u00e4ten der Bundeswehr Hamburg und M\u00fcnchen gemeinsam getragenes wissenschaftliches Zentrum und Bestandteil des Konjunkturprogramms der Bundesregierung zur \u00dcberwindung der COVID-19-Krise. Es unterliegt der akademischen Selbstverwaltung. Die Mittel, mit denen das dtec.bw ausgestattet wurde, werden an beiden Universit\u00e4ten der Bundeswehr zur Finanzierung von Forschungsprojekten und Projekten zum Wissens- und Technologietransfer eingesetzt. dtec.bw wird von der Europ\u00e4ischen Union \u2013 NextGenerationEU finanziert.<\/p>\n\n\n\n<hr class=\"wp-block-separator has-alpha-channel-opacity\" \/>\n","protected":false},"excerpt":{"rendered":"<p>(Aus)Bildungskongress der Bundeswehr 2023 Panel dtec-bw Dienstag 12. September 2023 14:50 \u2013 15:00 dtec.bw-Forschungsprojekt: Digital Leadership and Health Prof. Dr. J\u00f6rg Felfe, Helmut-Schmidt-Universit\u00e4t\/ Universit\u00e4t der Bundeswehr Hamburg Dr. Annika Krick, [&hellip;]<\/p>\n","protected":false},"author":3578,"featured_media":0,"parent":8397,"menu_order":0,"comment_status":"closed","ping_status":"closed","template":"","meta":{"footnotes":""},"categories":[4,47,49],"tags":[105,111,99,160],"class_list":["post-8478","page","type-page","status-publish","hentry","category-forschung","category-kongress","category-tag-1","tag-abk2023","tag-ausbildung","tag-ausbildungskongress23","tag-programm"],"_links":{"self":[{"href":"https:\/\/www.hsu-hh.de\/ztb\/wp-json\/wp\/v2\/pages\/8478","targetHints":{"allow":["GET"]}}],"collection":[{"href":"https:\/\/www.hsu-hh.de\/ztb\/wp-json\/wp\/v2\/pages"}],"about":[{"href":"https:\/\/www.hsu-hh.de\/ztb\/wp-json\/wp\/v2\/types\/page"}],"author":[{"embeddable":true,"href":"https:\/\/www.hsu-hh.de\/ztb\/wp-json\/wp\/v2\/users\/3578"}],"replies":[{"embeddable":true,"href":"https:\/\/www.hsu-hh.de\/ztb\/wp-json\/wp\/v2\/comments?post=8478"}],"version-history":[{"count":20,"href":"https:\/\/www.hsu-hh.de\/ztb\/wp-json\/wp\/v2\/pages\/8478\/revisions"}],"predecessor-version":[{"id":8865,"href":"https:\/\/www.hsu-hh.de\/ztb\/wp-json\/wp\/v2\/pages\/8478\/revisions\/8865"}],"up":[{"embeddable":true,"href":"https:\/\/www.hsu-hh.de\/ztb\/wp-json\/wp\/v2\/pages\/8397"}],"wp:attachment":[{"href":"https:\/\/www.hsu-hh.de\/ztb\/wp-json\/wp\/v2\/media?parent=8478"}],"wp:term":[{"taxonomy":"category","embeddable":true,"href":"https:\/\/www.hsu-hh.de\/ztb\/wp-json\/wp\/v2\/categories?post=8478"},{"taxonomy":"post_tag","embeddable":true,"href":"https:\/\/www.hsu-hh.de\/ztb\/wp-json\/wp\/v2\/tags?post=8478"}],"curies":[{"name":"wp","href":"https:\/\/api.w.org\/{rel}","templated":true}]}}