{"id":8395,"date":"2023-06-12T11:11:01","date_gmt":"2023-06-12T09:11:01","guid":{"rendered":"https:\/\/www.hsu-hh.de\/ztb\/?page_id=8395"},"modified":"2023-08-31T15:33:31","modified_gmt":"2023-08-31T13:33:31","slug":"tagungsprogramm-2023","status":"publish","type":"page","link":"https:\/\/www.hsu-hh.de\/ztb\/ausbildungskongress23\/tagungsprogramm-2023","title":{"rendered":"Tagungsprogramm 2023"},"content":{"rendered":"\n<div class=\"wp-block-columns is-layout-flex wp-container-core-columns-is-layout-9d6595d7 wp-block-columns-is-layout-flex\">\n<div class=\"wp-block-column has-grey-background-color has-background is-layout-flow wp-block-column-is-layout-flow\" style=\"flex-basis:66.66%\"><div class=\"wp-block-image\">\n<figure class=\"alignleft size-full is-resized\"><img loading=\"lazy\" decoding=\"async\" src=\"https:\/\/www.hsu-hh.de\/ztb\/wp-content\/uploads\/sites\/665\/2020\/08\/Nur_Logo.jpg\" data-credit=\"HSU\" alt=\"LoGo\" class=\"wp-image-3684\" style=\"width:120px;height:120px\" width=\"120\" height=\"120\" srcset=\"https:\/\/www.hsu-hh.de\/ztb\/wp-content\/uploads\/sites\/665\/2020\/08\/Nur_Logo.jpg 239w, https:\/\/www.hsu-hh.de\/ztb\/wp-content\/uploads\/sites\/665\/2020\/08\/Nur_Logo-150x150.jpg 150w, https:\/\/www.hsu-hh.de\/ztb\/wp-content\/uploads\/sites\/665\/2020\/08\/Nur_Logo-100x100.jpg 100w\" sizes=\"auto, (max-width: 120px) 100vw, 120px\" \/><\/figure>\n<\/div>\n\n\n<h2 class=\"wp-block-heading\">(Aus)Bildungskongress der Bundeswehr 2023<\/h2>\n<\/div>\n<\/div>\n\n\n\n<div class=\"wp-block-columns is-layout-flex wp-container-core-columns-is-layout-9d6595d7 wp-block-columns-is-layout-flex\">\n<div class=\"wp-block-column is-layout-flow wp-block-column-is-layout-flow\">\n<div class=\"wp-block-columns is-layout-flex wp-container-core-columns-is-layout-9d6595d7 wp-block-columns-is-layout-flex\">\n<div class=\"wp-block-column is-layout-flow wp-block-column-is-layout-flow\">\n<figure class=\"wp-block-image size-large\"><img loading=\"lazy\" decoding=\"async\" width=\"1024\" height=\"639\" src=\"https:\/\/www.hsu-hh.de\/ztb\/wp-content\/uploads\/sites\/665\/2023\/03\/AdobeStock_526623785_C_metamorworks-edited-3-1024x639.jpeg\" data-credit=\"metamorworks \/ stock.adobe.com\" alt=\"nachdenkende Frau\" class=\"wp-image-7721\" srcset=\"https:\/\/www.hsu-hh.de\/ztb\/wp-content\/uploads\/sites\/665\/2023\/03\/AdobeStock_526623785_C_metamorworks-edited-3-1024x639.jpeg 1024w, https:\/\/www.hsu-hh.de\/ztb\/wp-content\/uploads\/sites\/665\/2023\/03\/AdobeStock_526623785_C_metamorworks-edited-3-300x187.jpeg 300w, https:\/\/www.hsu-hh.de\/ztb\/wp-content\/uploads\/sites\/665\/2023\/03\/AdobeStock_526623785_C_metamorworks-edited-3-768x480.jpeg 768w, https:\/\/www.hsu-hh.de\/ztb\/wp-content\/uploads\/sites\/665\/2023\/03\/AdobeStock_526623785_C_metamorworks-edited-3-1536x959.jpeg 1536w, https:\/\/www.hsu-hh.de\/ztb\/wp-content\/uploads\/sites\/665\/2023\/03\/AdobeStock_526623785_C_metamorworks-edited-3-2048x1279.jpeg 2048w, https:\/\/www.hsu-hh.de\/ztb\/wp-content\/uploads\/sites\/665\/2023\/03\/AdobeStock_526623785_C_metamorworks-edited-3-1100x687.jpeg 1100w\" sizes=\"auto, (max-width: 1024px) 100vw, 1024px\" \/><figcaption class=\"wp-element-caption\">Ausbildungskongress 2023<\/figcaption><\/figure>\n<\/div>\n\n\n\n<div class=\"wp-block-column is-layout-flow wp-block-column-is-layout-flow\">\n<h2 class=\"wp-block-heading\">Kongressthema 2023:<\/h2>\n\n\n\n<h3 class=\"wp-block-heading has-text-align-left\">\u201eZeitenwende\u201c \u2013 <br>Wie gelingt die Bew\u00e4ltigung der Herausforderungen?<\/h3>\n\n\n\n<blockquote class=\"wp-block-quote is-layout-flow wp-block-quote-is-layout-flow\">\n<p><em>\u201eWir erleben eine Zeitenwende.<br>Das bedeutet: Die Welt danach ist nicht mehr <\/em><br><em>dieselbe wie die Welt davor.\u201c<\/em> <\/p>\n<cite>Bundeskanzler Olaf Scholz am 27. Februar 2022<\/cite><\/blockquote>\n<\/div>\n<\/div>\n\n\n\n<div style=\"height:44px\" aria-hidden=\"true\" class=\"wp-block-spacer\"><\/div>\n\n\n\n<h1 class=\"wp-block-heading has-text-align-center\">Tagungsprogramm 2023<\/h1>\n\n\n\n<p>Der <strong>(Aus)Bildungskongress der Bundeswehr 2023 <\/strong>findet vom <strong>12.September bis zum 14. September<\/strong> statt. Er verbindet  Wissenschaft und Praxis mit einer integrierten Fachausstellung. Der Kongress findet hybrid statt, das hei\u00dft, er ist sowohl in Pr\u00e4senz als auch digital zug\u00e4nglich. <strong>Das Tagungsprogramm finden Sie hier unter den jeweiligen Kongresstagen verlinkt.<\/strong><\/p>\n\n\n\n<hr class=\"wp-block-separator has-alpha-channel-opacity\" \/>\n\n\n\n<div style=\"height:88px\" aria-hidden=\"true\" class=\"wp-block-spacer\"><\/div>\n\n\n\n<h2 class=\"wp-block-heading has-text-align-center has-grey-background-color has-background\"><a href=\"https:\/\/www.hsu-hh.de\/ztb\/ausbildungskongress23\/tagungsprogramm-2023\/tagungsprogramm-dienstag-12-september-2023\" data-type=\"URL\" data-id=\"https:\/\/www.hsu-hh.de\/ztb\/ausbildungskongress23\/tagungsprogramm-2023\/tagungsprogramm-dienstag-12-september-2023\">Dienstag <br>12. September 2023*<\/a> <\/h2>\n\n\n\n<div style=\"height:100px\" aria-hidden=\"true\" class=\"wp-block-spacer\"><\/div>\n\n\n\n<h2 class=\"wp-block-heading has-text-align-center has-grey-background-color has-background\"><a href=\"https:\/\/www.hsu-hh.de\/ztb\/ausbildungskongress23\/tagungsprogramm-2023\/tagungsprogramm-mittwoch-13-september-2023\" data-type=\"URL\" data-id=\"https:\/\/www.hsu-hh.de\/ztb\/ausbildungskongress23\/tagungsprogramm-2023\/tagungsprogramm-mittwoch-13-september-2023\">Mittwoch <br>13. September 2023*<\/a><\/h2>\n\n\n\n<div style=\"height:100px\" aria-hidden=\"true\" class=\"wp-block-spacer\"><\/div>\n\n\n\n<h2 class=\"wp-block-heading has-text-align-center has-grey-background-color has-background\"><a href=\"https:\/\/www.hsu-hh.de\/ztb\/tagungsprogramm-donnerstag-14-september-2023\" data-type=\"URL\" data-id=\"https:\/\/www.hsu-hh.de\/ztb\/tagungsprogramm-donnerstag-14-september-2023\">Donnerstag <br>14. September 2023*<\/a><\/h2>\n\n\n\n<hr class=\"wp-block-separator has-alpha-channel-opacity\" \/>\n\n\n\n<p class=\"has-text-align-center\">*\u00c4nderungen vorbehalten<\/p>\n\n\n\n<div style=\"height:100px\" aria-hidden=\"true\" class=\"wp-block-spacer\"><\/div>\n\n\n\n<hr class=\"wp-block-separator has-alpha-channel-opacity\" \/>\n\n\n\n<div class=\"wp-block-columns is-layout-flex wp-container-core-columns-is-layout-9d6595d7 wp-block-columns-is-layout-flex\">\n<div class=\"wp-block-column is-layout-flow wp-block-column-is-layout-flow\">\n<div class=\"wp-block-columns is-layout-flex wp-container-core-columns-is-layout-9d6595d7 wp-block-columns-is-layout-flex\">\n<div class=\"wp-block-column is-layout-flow wp-block-column-is-layout-flow\">\n<p class=\"has-text-align-right has-grey-background-color has-background\"><a href=\"https:\/\/www.hsu-hh.de\/ztb\/wp-content\/uploads\/sites\/665\/2023\/08\/20230829_BW23_Beihefter.pdf\" data-type=\"link\" data-id=\"https:\/\/www.hsu-hh.de\/ztb\/wp-content\/uploads\/sites\/665\/2023\/08\/20230829_BW23_Beihefter.pdf\"><strong>Hier k\u00f6nnen Sie das komplette <\/strong><br><strong>Programm <\/strong><br><strong>als pdf downloaden<\/strong><\/a><\/p>\n<\/div>\n\n\n\n<div class=\"wp-block-column is-layout-flow wp-block-column-is-layout-flow\"><\/div>\n<\/div>\n<\/div>\n<\/div>\n\n\n\n<p class=\"has-grey-background-color has-background\">Weitere Informationen k\u00f6nnen Sie dem diesj\u00e4hrigen Call for Papers entnehmen, welcher in einer <strong>Langfassung <\/strong>und einer <strong>Kurzfassung <\/strong><a rel=\"noreferrer noopener\" href=\"https:\/\/www.hsu-hh.de\/ztb\/call-for-papers2023\" target=\"_blank\">hier zum Download<\/a> f\u00fcr Sie verf\u00fcgbar ist. Au\u00dferdem werden im Laufe des Jahres im Bereich <strong><a href=\"https:\/\/www.hsu-hh.de\/ztb\/ausbildungskongress-news\" data-type=\"URL\" data-id=\"https:\/\/www.hsu-hh.de\/ztb\/ausbildungskongress-news\">News<\/a><\/strong> diverse Neuigkeiten und Informationen ver\u00f6ffentlicht.<\/p>\n\n\n\n<p class=\"has-grey-background-color has-background\">Bei Fragen stehen wir Ihnen gern unter <a href=\"mailto:ausbidungskongress@hsu-hh.de\" target=\"_blank\" rel=\"noreferrer noopener\">ausbildungskongress@hsu-hh.de<\/a> zur Verf\u00fcgung.<\/p>\n<\/div>\n<\/div>\n\n\n\n<hr class=\"wp-block-separator has-alpha-channel-opacity\" \/>\n\n\n\n<div class=\"wp-block-columns is-layout-flex wp-container-core-columns-is-layout-9d6595d7 wp-block-columns-is-layout-flex\">\n<div class=\"wp-block-column is-layout-flow wp-block-column-is-layout-flow\"><div class=\"wp-block-image\">\n<figure class=\"aligncenter size-large\"><img loading=\"lazy\" decoding=\"async\" width=\"1024\" height=\"683\" src=\"https:\/\/www.hsu-hh.de\/ztb\/wp-content\/uploads\/sites\/665\/2023\/03\/022_0420-Kopie-1024x683.jpg\" data-credit=\"HSU\/Uni Bw H - Schr\u00f6der\" alt=\"\" class=\"wp-image-7437\" srcset=\"https:\/\/www.hsu-hh.de\/ztb\/wp-content\/uploads\/sites\/665\/2023\/03\/022_0420-Kopie-1024x683.jpg 1024w, https:\/\/www.hsu-hh.de\/ztb\/wp-content\/uploads\/sites\/665\/2023\/03\/022_0420-Kopie-300x200.jpg 300w, https:\/\/www.hsu-hh.de\/ztb\/wp-content\/uploads\/sites\/665\/2023\/03\/022_0420-Kopie-768x512.jpg 768w, https:\/\/www.hsu-hh.de\/ztb\/wp-content\/uploads\/sites\/665\/2023\/03\/022_0420-Kopie-1536x1024.jpg 1536w, https:\/\/www.hsu-hh.de\/ztb\/wp-content\/uploads\/sites\/665\/2023\/03\/022_0420-Kopie-1100x733.jpg 1100w\" sizes=\"auto, (max-width: 1024px) 100vw, 1024px\" \/><figcaption class=\"wp-element-caption\">Diskussionsrunde &#8222;Digitalit\u00e4t, Sicherheit &amp; Resilienz&#8220; w\u00e4hrend des Kongresses 2022 mit (v.l.) R. Kiesewetter, MdB, <abbr title=\"Professor\">Prof.<\/abbr> <abbr title=\"Doktor\">Dr.<\/abbr> D. Schulz,  <abbr title=\"Professor\">Prof.<\/abbr> <abbr title=\"Doktor\">Dr.<\/abbr> M. Schulz, M. \u00c7apar und Prof\u2019in <abbr title=\"Doktor\">Dr.<\/abbr> J. Schlicht <br> &nbsp;<\/figcaption><\/figure>\n<\/div><\/div>\n\n\n\n<div class=\"wp-block-column is-layout-flow wp-block-column-is-layout-flow\"><div class=\"wp-block-image\">\n<figure class=\"aligncenter size-full\"><img loading=\"lazy\" decoding=\"async\" width=\"1000\" height=\"666\" src=\"https:\/\/www.hsu-hh.de\/ztb\/wp-content\/uploads\/sites\/665\/2023\/03\/Ball_0943-300dpi.jpg\" data-credit=\"HSU\/Uni Bw H - Schr\u00f6der\" alt=\"\" class=\"wp-image-7498\" srcset=\"https:\/\/www.hsu-hh.de\/ztb\/wp-content\/uploads\/sites\/665\/2023\/03\/Ball_0943-300dpi.jpg 1000w, https:\/\/www.hsu-hh.de\/ztb\/wp-content\/uploads\/sites\/665\/2023\/03\/Ball_0943-300dpi-300x200.jpg 300w, https:\/\/www.hsu-hh.de\/ztb\/wp-content\/uploads\/sites\/665\/2023\/03\/Ball_0943-300dpi-768x511.jpg 768w\" sizes=\"auto, (max-width: 1000px) 100vw, 1000px\" \/><figcaption class=\"wp-element-caption\">Link&amp;Learn auf der Fachaustellung des (Aus)Bildungskongress der Bundeswehr 2022<\/figcaption><\/figure>\n<\/div><\/div>\n<\/div>\n\n\n\n<hr class=\"wp-block-separator has-alpha-channel-opacity\" \/>\n\n\n\n<div class=\"wp-block-columns is-layout-flex wp-container-core-columns-is-layout-9d6595d7 wp-block-columns-is-layout-flex\">\n<div class=\"wp-block-column is-layout-flow wp-block-column-is-layout-flow\"><div class=\"wp-block-image\">\n<figure class=\"aligncenter size-large is-resized\"><a href=\"https:\/\/www.hsu-hh.de\/ztb\/ausbildungskongress2022\"><img loading=\"lazy\" decoding=\"async\" src=\"https:\/\/www.hsu-hh.de\/ztb\/wp-content\/uploads\/sites\/665\/2023\/03\/022_0134-1024x683.jpg\" data-credit=\"HSU\/UniBw H - Schr\u00f6der\" alt=\"\" class=\"wp-image-8043\" style=\"width:215px;height:135px\" width=\"215\" height=\"135\" \/><\/a><figcaption class=\"wp-element-caption\"><a href=\"https:\/\/www.hsu-hh.de\/ztb\/ausbildungskongress2022\" data-type=\"URL\" data-id=\"https:\/\/www.hsu-hh.de\/ztb\/ausbildungskongress2022\">(Aus)Bildungskongress der Bundeswehr 2022<\/a><\/figcaption><\/figure>\n<\/div><\/div>\n\n\n\n<div class=\"wp-block-column is-layout-flow wp-block-column-is-layout-flow\"><div class=\"wp-block-image\">\n<figure class=\"aligncenter size-large is-resized\"><a href=\"https:\/\/www.hsu-hh.de\/ztb\/ausbildungskongress-news\"><img loading=\"lazy\" decoding=\"async\" src=\"https:\/\/www.hsu-hh.de\/ztb\/wp-content\/uploads\/sites\/665\/2023\/03\/AdobeStock_289249892_C_daboost-1024x686.jpeg\" data-credit=\" daboost\/stock.adobe.com\" alt=\"\" class=\"wp-image-7955\" style=\"width:215px;height:135px\" width=\"215\" height=\"135\" \/><\/a><figcaption class=\"wp-element-caption\"><a href=\"https:\/\/www.hsu-hh.de\/ztb\/ausbildungskongress-news\" data-type=\"URL\" data-id=\"https:\/\/www.hsu-hh.de\/ztb\/ausbildungskongress-news\">News<\/a><\/figcaption><\/figure>\n<\/div><\/div>\n<\/div>\n\n\n\n<div class=\"wp-block-columns is-layout-flex wp-container-core-columns-is-layout-9d6595d7 wp-block-columns-is-layout-flex\">\n<div class=\"wp-block-column is-layout-flow wp-block-column-is-layout-flow\"><div class=\"wp-block-image\">\n<figure class=\"aligncenter size-large is-resized\"><a href=\"https:\/\/www.hsu-hh.de\/ztb\/ausbildungskongress-archiv\"><img loading=\"lazy\" decoding=\"async\" src=\"https:\/\/www.hsu-hh.de\/ztb\/wp-content\/uploads\/sites\/665\/2023\/03\/AdobeStock_197922276_C_Lichtfexx-edited-1024x576.jpeg\" data-credit=\" Lichtfexx\/stock.adobe.com\" alt=\"\" class=\"wp-image-7965\" style=\"width:215px;height:135px\" width=\"215\" height=\"135\" \/><\/a><figcaption class=\"wp-element-caption\"><a href=\"https:\/\/www.hsu-hh.de\/ztb\/ausbildungskongress-archiv\" data-type=\"URL\" data-id=\"https:\/\/www.hsu-hh.de\/ztb\/ausbildungskongress-archiv\">Archiv<\/a><\/figcaption><\/figure>\n<\/div><\/div>\n\n\n\n<div class=\"wp-block-column is-layout-flow wp-block-column-is-layout-flow\"><div class=\"wp-block-image\">\n<figure class=\"aligncenter size-large is-resized\"><a href=\"https:\/\/www.hsu-hh.de\/ztb\/ausbildungskongress-faq\"><img loading=\"lazy\" decoding=\"async\" src=\"https:\/\/www.hsu-hh.de\/ztb\/wp-content\/uploads\/sites\/665\/2023\/03\/AdobeStock_271727064_C_Mediaparts-edited-1024x576.jpeg\" data-credit=\" Mediaparts\/stock.adobe.com\" alt=\"\" class=\"wp-image-7959\" style=\"width:215px;height:135px\" width=\"215\" height=\"135\" \/><\/a><figcaption class=\"wp-element-caption\"><a href=\"https:\/\/www.hsu-hh.de\/ztb\/ausbildungskongress-faq\" data-type=\"URL\" data-id=\"https:\/\/www.hsu-hh.de\/ztb\/ausbildungskongress-faq\"><abbr title=\"Freqently Asked Questions\">FAQ<\/abbr><\/a><\/figcaption><\/figure>\n<\/div><\/div>\n<\/div>\n\n\n\n<hr class=\"wp-block-separator has-alpha-channel-opacity\" \/>\n\n\n\n<hr class=\"wp-block-separator has-alpha-channel-opacity\" \/>\n\n\n\n<div class=\"wp-block-columns is-layout-flex wp-container-core-columns-is-layout-9d6595d7 wp-block-columns-is-layout-flex\">\n<div class=\"wp-block-column is-layout-flow wp-block-column-is-layout-flow\">\n<figure class=\"wp-block-image size-large\"><img loading=\"lazy\" decoding=\"async\" width=\"1024\" height=\"241\" src=\"https:\/\/www.hsu-hh.de\/ztb\/wp-content\/uploads\/sites\/665\/2023\/03\/dtec.bw_EU-Foederhinweis_CMYK_vertikal-1-1024x241.jpg\" data-credit=\"dtec.bw\" alt=\"\" class=\"wp-image-8038\" srcset=\"https:\/\/www.hsu-hh.de\/ztb\/wp-content\/uploads\/sites\/665\/2023\/03\/dtec.bw_EU-Foederhinweis_CMYK_vertikal-1-1024x241.jpg 1024w, https:\/\/www.hsu-hh.de\/ztb\/wp-content\/uploads\/sites\/665\/2023\/03\/dtec.bw_EU-Foederhinweis_CMYK_vertikal-1-300x71.jpg 300w, https:\/\/www.hsu-hh.de\/ztb\/wp-content\/uploads\/sites\/665\/2023\/03\/dtec.bw_EU-Foederhinweis_CMYK_vertikal-1-768x181.jpg 768w, https:\/\/www.hsu-hh.de\/ztb\/wp-content\/uploads\/sites\/665\/2023\/03\/dtec.bw_EU-Foederhinweis_CMYK_vertikal-1-1100x259.jpg 1100w, https:\/\/www.hsu-hh.de\/ztb\/wp-content\/uploads\/sites\/665\/2023\/03\/dtec.bw_EU-Foederhinweis_CMYK_vertikal-1.jpg 1418w\" sizes=\"auto, (max-width: 1024px) 100vw, 1024px\" \/><\/figure>\n<\/div>\n\n\n\n<div class=\"wp-block-column is-layout-flow wp-block-column-is-layout-flow\"><\/div>\n<\/div>\n\n\n\n<div class=\"wp-block-columns is-layout-flex wp-container-core-columns-is-layout-9d6595d7 wp-block-columns-is-layout-flex\">\n<div class=\"wp-block-column is-layout-flow wp-block-column-is-layout-flow\">\n<p>Das <a rel=\"noreferrer noopener\" href=\"https:\/\/dtecbw.de\" target=\"_blank\">dtec.bw \u2013 Zentrum f\u00fcr Digitalisierungs- und Technologieforschung der Bundeswehr<\/a> \u2013 ist ein von den Universit\u00e4ten der Bundeswehr Hamburg und M\u00fcnchen gemeinsam getragenes wissenschaftliches Zentrum und Bestandteil des Konjunkturprogramms der Bundesregierung zur \u00dcberwindung der COVID-19-Krise. Es unterliegt der akademischen Selbstverwaltung. Die Mittel, mit denen das dtec.bw ausgestattet wurde, werden an beiden Universit\u00e4ten der Bundeswehr zur Finanzierung von Forschungsprojekten und Projekten zum Wissens- und Technologietransfer eingesetzt. dtec.bw wird von der Europ\u00e4ischen Union \u2013 NextGenerationEU finanziert.<\/p>\n<\/div>\n<\/div>\n","protected":false},"excerpt":{"rendered":"<p>(Aus)Bildungskongress der Bundeswehr 2023 Kongressthema 2023: \u201eZeitenwende\u201c \u2013 Wie gelingt die Bew\u00e4ltigung der Herausforderungen? \u201eWir erleben eine Zeitenwende.Das bedeutet: Die Welt danach ist nicht mehr dieselbe wie die Welt davor.\u201c [&hellip;]<\/p>\n","protected":false},"author":3578,"featured_media":0,"parent":7436,"menu_order":0,"comment_status":"closed","ping_status":"closed","template":"","meta":{"footnotes":""},"categories":[47],"tags":[105,111,99,160],"class_list":["post-8395","page","type-page","status-publish","hentry","category-kongress","tag-abk2023","tag-ausbildung","tag-ausbildungskongress23","tag-programm"],"_links":{"self":[{"href":"https:\/\/www.hsu-hh.de\/ztb\/wp-json\/wp\/v2\/pages\/8395","targetHints":{"allow":["GET"]}}],"collection":[{"href":"https:\/\/www.hsu-hh.de\/ztb\/wp-json\/wp\/v2\/pages"}],"about":[{"href":"https:\/\/www.hsu-hh.de\/ztb\/wp-json\/wp\/v2\/types\/page"}],"author":[{"embeddable":true,"href":"https:\/\/www.hsu-hh.de\/ztb\/wp-json\/wp\/v2\/users\/3578"}],"replies":[{"embeddable":true,"href":"https:\/\/www.hsu-hh.de\/ztb\/wp-json\/wp\/v2\/comments?post=8395"}],"version-history":[{"count":21,"href":"https:\/\/www.hsu-hh.de\/ztb\/wp-json\/wp\/v2\/pages\/8395\/revisions"}],"predecessor-version":[{"id":9244,"href":"https:\/\/www.hsu-hh.de\/ztb\/wp-json\/wp\/v2\/pages\/8395\/revisions\/9244"}],"up":[{"embeddable":true,"href":"https:\/\/www.hsu-hh.de\/ztb\/wp-json\/wp\/v2\/pages\/7436"}],"wp:attachment":[{"href":"https:\/\/www.hsu-hh.de\/ztb\/wp-json\/wp\/v2\/media?parent=8395"}],"wp:term":[{"taxonomy":"category","embeddable":true,"href":"https:\/\/www.hsu-hh.de\/ztb\/wp-json\/wp\/v2\/categories?post=8395"},{"taxonomy":"post_tag","embeddable":true,"href":"https:\/\/www.hsu-hh.de\/ztb\/wp-json\/wp\/v2\/tags?post=8395"}],"curies":[{"name":"wp","href":"https:\/\/api.w.org\/{rel}","templated":true}]}}