{"id":7436,"date":"2023-03-09T12:03:37","date_gmt":"2023-03-09T11:03:37","guid":{"rendered":"https:\/\/www.hsu-hh.de\/ztb\/?page_id=7436"},"modified":"2024-09-17T11:25:14","modified_gmt":"2024-09-17T09:25:14","slug":"ausbildungskongress23","status":"publish","type":"page","link":"https:\/\/www.hsu-hh.de\/ztb\/ausbildungskongress23","title":{"rendered":"(Aus)Bildungskongress der Bundeswehr 2023"},"content":{"rendered":"\n<figure class=\"wp-block-image size-full is-resized\"><img loading=\"lazy\" decoding=\"async\" width=\"1000\" height=\"295\" src=\"https:\/\/www.hsu-hh.de\/ztb\/wp-content\/uploads\/sites\/665\/2023\/03\/AdobeStock_140753077_C_Alexander_Limbach.jpg\" data-credit=\"Alexander Limbach\/stock.adobe.\" alt=\"\" class=\"wp-image-7745\" style=\"width:1140px;height:336px\" srcset=\"https:\/\/www.hsu-hh.de\/ztb\/wp-content\/uploads\/sites\/665\/2023\/03\/AdobeStock_140753077_C_Alexander_Limbach.jpg 1000w, https:\/\/www.hsu-hh.de\/ztb\/wp-content\/uploads\/sites\/665\/2023\/03\/AdobeStock_140753077_C_Alexander_Limbach-300x89.jpg 300w, https:\/\/www.hsu-hh.de\/ztb\/wp-content\/uploads\/sites\/665\/2023\/03\/AdobeStock_140753077_C_Alexander_Limbach-768x227.jpg 768w\" sizes=\"auto, (max-width: 1000px) 100vw, 1000px\" \/><\/figure>\n\n\n\n<div class=\"wp-block-columns is-layout-flex wp-container-core-columns-is-layout-9d6595d7 wp-block-columns-is-layout-flex\">\n<div class=\"wp-block-column is-layout-flow wp-block-column-is-layout-flow\" style=\"flex-basis:66.66%\"><div class=\"wp-block-image\">\n<figure class=\"alignleft size-full is-resized\"><img loading=\"lazy\" decoding=\"async\" width=\"239\" height=\"239\" src=\"https:\/\/www.hsu-hh.de\/ztb\/wp-content\/uploads\/sites\/665\/2020\/08\/Nur_Logo.jpg\" data-credit=\"HSU\" alt=\"LoGo\" class=\"wp-image-3684\" style=\"width:120px;height:120px\" srcset=\"https:\/\/www.hsu-hh.de\/ztb\/wp-content\/uploads\/sites\/665\/2020\/08\/Nur_Logo.jpg 239w, https:\/\/www.hsu-hh.de\/ztb\/wp-content\/uploads\/sites\/665\/2020\/08\/Nur_Logo-150x150.jpg 150w, https:\/\/www.hsu-hh.de\/ztb\/wp-content\/uploads\/sites\/665\/2020\/08\/Nur_Logo-100x100.jpg 100w\" sizes=\"auto, (max-width: 239px) 100vw, 239px\" \/><\/figure>\n<\/div>\n\n\n<h2 class=\"wp-block-heading\">(Aus)Bildungskongress der Bundeswehr 2023<\/h2>\n<\/div>\n<\/div>\n\n\n\n<h1 class=\"wp-block-heading\">Der gr\u00f6\u00dfte Fachkongress der Bundeswehr fand vom 12.-14. September 2023 bereits zum 18. Mal statt<\/h1>\n\n\n\n<div class=\"wp-block-columns is-layout-flex wp-container-core-columns-is-layout-9d6595d7 wp-block-columns-is-layout-flex\">\n<div class=\"wp-block-column is-layout-flow wp-block-column-is-layout-flow\">\n<p><strong>(Aus)Bildungskongress der Bundeswehr 2023 <\/strong>verbindet Wissenschaft und Praxis mit einer integrierten Fachausstellung. Der Kongress fand hybrid statt, das hei\u00dft, er war sowohl in Pr\u00e4senz als auch digital zug\u00e4nglich.<\/p>\n\n\n\n<p class=\"has-grey-background-color has-background\">Wo: Helmut-Schmidt-Universit\u00e4t\/Universit\u00e4t der Bundeswehr Hamburg<br>Wann: <strong>12.-14. September 2023<\/strong><\/p>\n\n\n\n<p><br>Das archivierte <strong>Tagungsprogramm <\/strong>finden sie <strong><a href=\"https:\/\/www.hsu-hh.de\/ztb\/ausbildungskongress23\/tagungsprogramm-2023\" data-type=\"URL\" data-id=\"https:\/\/www.hsu-hh.de\/ztb\/ausbildungskongress23\/tagungsprogramm-2023\" target=\"_blank\" rel=\"noreferrer noopener\">hier<\/a><\/strong>.<br>Das <strong>Liveprogramm<\/strong> finden Sie <strong><a href=\"https:\/\/www.hsu-hh.de\/ztb\/ausbildungskongress23\/portal-ausbildungskongress-2023\/programm-fachausstellung-12-14-september-2023\" target=\"_blank\" rel=\"noreferrer noopener\">hier<\/a><\/strong><br>Eine \u00dcbersicht zur <strong>Fachausstellung<\/strong> finden Sie <strong><a href=\"https:\/\/www.hsu-hh.de\/ztb\/wp-content\/uploads\/sites\/665\/2023\/08\/20230829_Aussteller.pdf\" target=\"_blank\" rel=\"noreferrer noopener\">hier<\/a><\/strong>.<br><\/p>\n\n\n\n<p>Das Thema des <strong>(Aus)Bildungskongress der Bundeswehr 2023 <\/strong>lautet:<\/p>\n\n\n\n<h2 class=\"wp-block-heading has-text-align-center\"><strong>\u201eZeitenwende\u201c \u2013 Wie gelingt die Bew\u00e4ltigung der Herausforderungen<\/strong>?<\/h2>\n\n\n\n<p>Vier Leitfragen gliedern den Kongress inhaltlich:<\/p>\n\n\n\n<ul class=\"wp-block-list\">\n<li>\u201eAb jetzt resilient!&#8220; &#8211; Welchen Beitrag kann Bildung in einer digitalisierten Lebens- und Arbeitswelt leisten?<\/li>\n\n\n\n<li>\u201eWas lernen wir daraus?\u201c &#8211; Folgerungen f\u00fcr die k\u00fcnftige Aus-, Fort- und Weiterbildung nicht nur von Einsatzkr\u00e4ften<\/li>\n\n\n\n<li>\u201eGeht das (so) noch?&#8220; \u2013 Ver\u00e4nderungen von Bildungsinstitutionen und -organisationen<\/li>\n\n\n\n<li>Best Practice: Beispiele aus der Bildungspraxis zur Bew\u00e4ltigung und Mitgestaltung der Digitalisierung<\/li>\n<\/ul>\n\n\n\n<div style=\"height:100px\" aria-hidden=\"true\" class=\"wp-block-spacer\"><\/div>\n\n\n\n<div class=\"wp-block-columns is-layout-flex wp-container-core-columns-is-layout-9d6595d7 wp-block-columns-is-layout-flex\">\n<div class=\"wp-block-column has-white-background-color has-background is-layout-flow wp-block-column-is-layout-flow\"><div class=\"wp-block-image\">\n<figure class=\"aligncenter size-large is-resized\"><a href=\"https:\/\/www.hsu-hh.de\/ztb\/wp-content\/uploads\/sites\/665\/2023\/09\/2023-08-30_2023_Kongresskatalog.pdf\"><img loading=\"lazy\" decoding=\"async\" width=\"723\" height=\"1024\" src=\"https:\/\/www.hsu-hh.de\/ztb\/wp-content\/uploads\/sites\/665\/2023\/08\/23-723x1024.png\" data-credit=\"ZtB\" alt=\"\" class=\"wp-image-9118\" style=\"width:362px;height:512px\" srcset=\"https:\/\/www.hsu-hh.de\/ztb\/wp-content\/uploads\/sites\/665\/2023\/08\/23-723x1024.png 723w, https:\/\/www.hsu-hh.de\/ztb\/wp-content\/uploads\/sites\/665\/2023\/08\/23-212x300.png 212w, https:\/\/www.hsu-hh.de\/ztb\/wp-content\/uploads\/sites\/665\/2023\/08\/23-768x1087.png 768w, https:\/\/www.hsu-hh.de\/ztb\/wp-content\/uploads\/sites\/665\/2023\/08\/23.png 893w\" sizes=\"auto, (max-width: 723px) 100vw, 723px\" \/><\/a><figcaption class=\"wp-element-caption\">Cover des Kongresskataloges 2023<\/figcaption><\/figure>\n<\/div><\/div>\n\n\n\n<div class=\"wp-block-column is-layout-flow wp-block-column-is-layout-flow\">\n<p class=\"has-white-background-color has-background\"><strong><a href=\"https:\/\/www.hsu-hh.de\/ztb\/wp-content\/uploads\/sites\/665\/2023\/09\/2023-08-30_2023_Kongresskatalog.pdf\" data-type=\"link\" data-id=\"https:\/\/www.hsu-hh.de\/ztb\/wp-content\/uploads\/sites\/665\/2023\/09\/2023-08-30_2023_Kongresskatalog.pdf\" target=\"_blank\" rel=\"noreferrer noopener\">Hier<\/a><\/strong> finden Sie den aktuellen Kongresskatalog zum <strong>(Aus)Bildungskongress der Bundeswehr 2023<\/strong>.<\/p>\n\n\n\n<p>Darin finden Sie das detailierte Tagungsprogramm, sowie eine vielf\u00e4ltige Auswahl an Beitr\u00e4gen zum Thema des (Aus)Bildungskongresses der Bundeswehr 2023. Au\u00dferdem k\u00f6nnen Sie sich weiterhin \u00fcber die Beitragenden zum <a href=\"https:\/\/www.hsu-hh.de\/ztb\/ausbildungskongress23\/tagungsprogramm-2023\" data-type=\"link\" data-id=\"https:\/\/www.hsu-hh.de\/ztb\/ausbildungskongress23\/tagungsprogramm-2023\">Tagungsprogramm<\/a>, den Lageplan und \u00fcber die Ausstellenden informieren.<\/p>\n<\/div>\n<\/div>\n\n\n\n<p class=\"has-grey-background-color has-background\">Weitere Informationen k\u00f6nnen Sie dem Call for Papers 2023 entnehmen, welcher in einer <strong>Langfassung <\/strong>und einer <strong>Kurzfassung <\/strong><a href=\"https:\/\/www.hsu-hh.de\/ztb\/call-for-papers2023\" target=\"_blank\" rel=\"noreferrer noopener\">hier zum Download<\/a> f\u00fcr Sie verf\u00fcgbar ist. Au\u00dferdem werden im Laufe des Jahres im Bereich <strong><a href=\"https:\/\/www.hsu-hh.de\/ztb\/ausbildungskongress-news\" data-type=\"URL\" data-id=\"https:\/\/www.hsu-hh.de\/ztb\/ausbildungskongress-news\">News<\/a><\/strong> diverse Neuigkeiten und Informationen ver\u00f6ffentlicht.<\/p>\n\n\n\n<p class=\"has-grey-background-color has-background\">Bei Fragen stehen wir Ihnen gern unter <a href=\"mailto:ausbildungskongress@hsu-hh.de\" rel='nofollow'>ausbildungskongress@hsu-hh.de<\/a> zur Verf\u00fcgung.<\/p>\n<\/div>\n<\/div>\n\n\n\n<hr class=\"wp-block-separator has-alpha-channel-opacity\" \/>\n\n\n\n<div class=\"wp-block-columns is-layout-flex wp-container-core-columns-is-layout-9d6595d7 wp-block-columns-is-layout-flex\">\n<div class=\"wp-block-column is-layout-flow wp-block-column-is-layout-flow\"><div class=\"wp-block-image\">\n<figure class=\"aligncenter size-large\"><img loading=\"lazy\" decoding=\"async\" width=\"1024\" height=\"683\" src=\"https:\/\/www.hsu-hh.de\/ztb\/wp-content\/uploads\/sites\/665\/2023\/03\/022_0420-Kopie-1024x683.jpg\" data-credit=\"HSU\/Uni Bw H - Schr\u00f6der\" alt=\"\" class=\"wp-image-7437\" srcset=\"https:\/\/www.hsu-hh.de\/ztb\/wp-content\/uploads\/sites\/665\/2023\/03\/022_0420-Kopie-1024x683.jpg 1024w, https:\/\/www.hsu-hh.de\/ztb\/wp-content\/uploads\/sites\/665\/2023\/03\/022_0420-Kopie-300x200.jpg 300w, https:\/\/www.hsu-hh.de\/ztb\/wp-content\/uploads\/sites\/665\/2023\/03\/022_0420-Kopie-768x512.jpg 768w, https:\/\/www.hsu-hh.de\/ztb\/wp-content\/uploads\/sites\/665\/2023\/03\/022_0420-Kopie-1536x1024.jpg 1536w, https:\/\/www.hsu-hh.de\/ztb\/wp-content\/uploads\/sites\/665\/2023\/03\/022_0420-Kopie-1100x733.jpg 1100w\" sizes=\"auto, (max-width: 1024px) 100vw, 1024px\" \/><figcaption class=\"wp-element-caption\">Diskussionsrunde &#8222;Digitalit\u00e4t, Sicherheit &amp; Resilienz&#8220; w\u00e4hrend des Kongresses 2022 mit (v.l.) R. Kiesewetter, MdB, <abbr title=\"Professor\">Prof.<\/abbr> <abbr title=\"Doktor\">Dr.<\/abbr> D. Schulz,  <abbr title=\"Professor\">Prof.<\/abbr> <abbr title=\"Doktor\">Dr.<\/abbr> M. Schulz, M. \u00c7apar und Prof\u2019in <abbr title=\"Doktor\">Dr.<\/abbr> J. Schlicht <br> &nbsp;<\/figcaption><\/figure>\n<\/div><\/div>\n\n\n\n<div class=\"wp-block-column is-layout-flow wp-block-column-is-layout-flow\"><div class=\"wp-block-image\">\n<figure class=\"aligncenter size-full\"><img loading=\"lazy\" decoding=\"async\" width=\"1000\" height=\"666\" src=\"https:\/\/www.hsu-hh.de\/ztb\/wp-content\/uploads\/sites\/665\/2023\/03\/Ball_0943-300dpi.jpg\" data-credit=\"HSU\/Uni Bw H - Schr\u00f6der\" alt=\"\" class=\"wp-image-7498\" srcset=\"https:\/\/www.hsu-hh.de\/ztb\/wp-content\/uploads\/sites\/665\/2023\/03\/Ball_0943-300dpi.jpg 1000w, https:\/\/www.hsu-hh.de\/ztb\/wp-content\/uploads\/sites\/665\/2023\/03\/Ball_0943-300dpi-300x200.jpg 300w, https:\/\/www.hsu-hh.de\/ztb\/wp-content\/uploads\/sites\/665\/2023\/03\/Ball_0943-300dpi-768x511.jpg 768w\" sizes=\"auto, (max-width: 1000px) 100vw, 1000px\" \/><figcaption class=\"wp-element-caption\">Link&amp;Learn auf der Fachaustellung des (Aus)Bildungskongress der Bundeswehr 2022<\/figcaption><\/figure>\n<\/div><\/div>\n<\/div>\n\n\n\n<hr class=\"wp-block-separator has-alpha-channel-opacity\" \/>\n\n\n\n<div class=\"wp-block-columns is-layout-flex wp-container-core-columns-is-layout-9d6595d7 wp-block-columns-is-layout-flex\">\n<div class=\"wp-block-column is-layout-flow wp-block-column-is-layout-flow\">\n<figure class=\"wp-block-image size-large\"><img loading=\"lazy\" decoding=\"async\" width=\"1024\" height=\"241\" src=\"https:\/\/www.hsu-hh.de\/ztb\/wp-content\/uploads\/sites\/665\/2023\/03\/dtec.bw_EU-Foederhinweis_CMYK_vertikal-1-1024x241.jpg\" data-credit=\"dtec.bw\" alt=\"\" class=\"wp-image-8038\" srcset=\"https:\/\/www.hsu-hh.de\/ztb\/wp-content\/uploads\/sites\/665\/2023\/03\/dtec.bw_EU-Foederhinweis_CMYK_vertikal-1-1024x241.jpg 1024w, https:\/\/www.hsu-hh.de\/ztb\/wp-content\/uploads\/sites\/665\/2023\/03\/dtec.bw_EU-Foederhinweis_CMYK_vertikal-1-300x71.jpg 300w, https:\/\/www.hsu-hh.de\/ztb\/wp-content\/uploads\/sites\/665\/2023\/03\/dtec.bw_EU-Foederhinweis_CMYK_vertikal-1-768x181.jpg 768w, https:\/\/www.hsu-hh.de\/ztb\/wp-content\/uploads\/sites\/665\/2023\/03\/dtec.bw_EU-Foederhinweis_CMYK_vertikal-1-1100x259.jpg 1100w, https:\/\/www.hsu-hh.de\/ztb\/wp-content\/uploads\/sites\/665\/2023\/03\/dtec.bw_EU-Foederhinweis_CMYK_vertikal-1.jpg 1418w\" sizes=\"auto, (max-width: 1024px) 100vw, 1024px\" \/><\/figure>\n<\/div>\n\n\n\n<div class=\"wp-block-column is-layout-flow wp-block-column-is-layout-flow\"><\/div>\n<\/div>\n\n\n\n<div class=\"wp-block-columns is-layout-flex wp-container-core-columns-is-layout-9d6595d7 wp-block-columns-is-layout-flex\">\n<div class=\"wp-block-column is-layout-flow wp-block-column-is-layout-flow\">\n<p>Das <a rel=\"noreferrer noopener\" href=\"https:\/\/dtecbw.de\" target=\"_blank\">dtec.bw \u2013 Zentrum f\u00fcr Digitalisierungs- und Technologieforschung der Bundeswehr<\/a> \u2013 ist ein von den Universit\u00e4ten der Bundeswehr Hamburg und M\u00fcnchen gemeinsam getragenes wissenschaftliches Zentrum und Bestandteil des Konjunkturprogramms der Bundesregierung zur \u00dcberwindung der COVID-19-Krise. Es unterliegt der akademischen Selbstverwaltung. Die Mittel, mit denen das dtec.bw ausgestattet wurde, werden an beiden Universit\u00e4ten der Bundeswehr zur Finanzierung von Forschungsprojekten und Projekten zum Wissens- und Technologietransfer eingesetzt. dtec.bw wird von der Europ\u00e4ischen Union \u2013 NextGenerationEU finanziert.<\/p>\n<\/div>\n<\/div>\n","protected":false},"excerpt":{"rendered":"<p>(Aus)Bildungskongress der Bundeswehr 2023 Der gr\u00f6\u00dfte Fachkongress der Bundeswehr fand vom 12.-14. September 2023 bereits zum 18. Mal statt (Aus)Bildungskongress der Bundeswehr 2023 verbindet Wissenschaft und Praxis mit einer integrierten [&hellip;]<\/p>\n","protected":false},"author":3514,"featured_media":7437,"parent":0,"menu_order":0,"comment_status":"closed","ping_status":"closed","template":"","meta":{"footnotes":""},"categories":[4,47],"tags":[99],"class_list":["post-7436","page","type-page","status-publish","has-post-thumbnail","hentry","category-forschung","category-kongress","tag-ausbildungskongress23"],"_links":{"self":[{"href":"https:\/\/www.hsu-hh.de\/ztb\/wp-json\/wp\/v2\/pages\/7436","targetHints":{"allow":["GET"]}}],"collection":[{"href":"https:\/\/www.hsu-hh.de\/ztb\/wp-json\/wp\/v2\/pages"}],"about":[{"href":"https:\/\/www.hsu-hh.de\/ztb\/wp-json\/wp\/v2\/types\/page"}],"author":[{"embeddable":true,"href":"https:\/\/www.hsu-hh.de\/ztb\/wp-json\/wp\/v2\/users\/3514"}],"replies":[{"embeddable":true,"href":"https:\/\/www.hsu-hh.de\/ztb\/wp-json\/wp\/v2\/comments?post=7436"}],"version-history":[{"count":77,"href":"https:\/\/www.hsu-hh.de\/ztb\/wp-json\/wp\/v2\/pages\/7436\/revisions"}],"predecessor-version":[{"id":11896,"href":"https:\/\/www.hsu-hh.de\/ztb\/wp-json\/wp\/v2\/pages\/7436\/revisions\/11896"}],"wp:featuredmedia":[{"embeddable":true,"href":"https:\/\/www.hsu-hh.de\/ztb\/wp-json\/wp\/v2\/media\/7437"}],"wp:attachment":[{"href":"https:\/\/www.hsu-hh.de\/ztb\/wp-json\/wp\/v2\/media?parent=7436"}],"wp:term":[{"taxonomy":"category","embeddable":true,"href":"https:\/\/www.hsu-hh.de\/ztb\/wp-json\/wp\/v2\/categories?post=7436"},{"taxonomy":"post_tag","embeddable":true,"href":"https:\/\/www.hsu-hh.de\/ztb\/wp-json\/wp\/v2\/tags?post=7436"}],"curies":[{"name":"wp","href":"https:\/\/api.w.org\/{rel}","templated":true}]}}