{"id":73,"date":"2017-07-03T15:52:08","date_gmt":"2017-07-03T13:52:08","guid":{"rendered":"https:\/\/www.hsu-hh.de\/vorlage\/?page_id=73"},"modified":"2026-03-13T14:30:31","modified_gmt":"2026-03-13T13:30:31","slug":"startseite","status":"publish","type":"page","link":"https:\/\/www.hsu-hh.de\/ztb\/","title":{"rendered":"ZtB"},"content":{"rendered":"\n<figure class=\"wp-block-image size-full is-resized\"><img loading=\"lazy\" decoding=\"async\" width=\"1000\" height=\"295\" src=\"https:\/\/www.hsu-hh.de\/ztb\/wp-content\/uploads\/sites\/665\/2023\/03\/AdobeStock_140753077_C_Alexander_Limbach.jpg\" data-credit=\"Alexander Limbach\/stock.adobe.\" alt=\"\" class=\"wp-image-7745\" style=\"width:1140px;height:336px\" srcset=\"https:\/\/www.hsu-hh.de\/ztb\/wp-content\/uploads\/sites\/665\/2023\/03\/AdobeStock_140753077_C_Alexander_Limbach.jpg 1000w, https:\/\/www.hsu-hh.de\/ztb\/wp-content\/uploads\/sites\/665\/2023\/03\/AdobeStock_140753077_C_Alexander_Limbach-300x89.jpg 300w, https:\/\/www.hsu-hh.de\/ztb\/wp-content\/uploads\/sites\/665\/2023\/03\/AdobeStock_140753077_C_Alexander_Limbach-768x227.jpg 768w\" sizes=\"auto, (max-width: 1000px) 100vw, 1000px\" \/><\/figure>\n\n\n\n<h2 class=\"wp-block-heading\"><\/h2>\n\n\n\n<div class=\"wp-block-columns is-layout-flex wp-container-core-columns-is-layout-9d6595d7 wp-block-columns-is-layout-flex\">\n<div class=\"wp-block-column is-layout-flow wp-block-column-is-layout-flow\" style=\"flex-basis:33.33%\">\n<figure class=\"wp-block-image size-large is-resized\"><img loading=\"lazy\" decoding=\"async\" width=\"1024\" height=\"518\" src=\"https:\/\/www.hsu-hh.de\/ztb\/wp-content\/uploads\/sites\/665\/2021\/09\/ZtB-Logo_rot-1024x518.jpg\" data-credit=\"HSU\" alt=\"ZtB\" class=\"wp-image-4859\" style=\"width:252px;height:127px\" srcset=\"https:\/\/www.hsu-hh.de\/ztb\/wp-content\/uploads\/sites\/665\/2021\/09\/ZtB-Logo_rot-1024x518.jpg 1024w, https:\/\/www.hsu-hh.de\/ztb\/wp-content\/uploads\/sites\/665\/2021\/09\/ZtB-Logo_rot-300x152.jpg 300w, https:\/\/www.hsu-hh.de\/ztb\/wp-content\/uploads\/sites\/665\/2021\/09\/ZtB-Logo_rot-768x389.jpg 768w, https:\/\/www.hsu-hh.de\/ztb\/wp-content\/uploads\/sites\/665\/2021\/09\/ZtB-Logo_rot-1100x557.jpg 1100w, https:\/\/www.hsu-hh.de\/ztb\/wp-content\/uploads\/sites\/665\/2021\/09\/ZtB-Logo_rot.jpg 1168w\" sizes=\"auto, (max-width: 1024px) 100vw, 1024px\" \/><\/figure>\n<\/div>\n\n\n\n<div class=\"wp-block-column is-layout-flow wp-block-column-is-layout-flow\" style=\"flex-basis:66.66%\">\n<p><strong>Das Zentrum f\u00fcr technologiegest\u00fctzte Bildung (ZtB)<\/strong> ist eine zentrale wissenschaftliche Einrichtung der <strong>Helmut-Schmidt-Universit\u00e4t\/Universit\u00e4t der Bundeswehr Hamburg<\/strong> <strong>(<abbr title=\"Helmut Schmidt Universit\u00e4t\">HSU<\/abbr>\/UniBw H)<\/strong> wurde im Jahr 2003 als Projektgruppe \u201eFernausbildung\u201c gegr\u00fcndet und 2009 institutionalisiert.<\/p>\n\n\n\n<p><strong><strong>Das Zentrum f\u00fcr technologiegest\u00fctzte Bildung<\/strong><\/strong> ist damit integraler Bestandteil der Universit\u00e4t&nbsp;und \u00fcbernimmt Forschungsauftr\u00e4ge f\u00fcr Auftraggeber im Gesch\u00e4ftsbereich des Bundesministeriums der Verteidigung sowie f\u00fcr andere \u00f6ffentliche und private Organisationen und Institutionen auf dem Gebiet der Aus-, Fort- und Weiterbildung, besonders unter dem Aspekt der Nutzung digitaler Medien.<\/p>\n\n\n\n<p>Im Rahmen des Projektes <a href=\"https:\/\/www.hsu-hh.de\/ztb\/kompetenzen-fuer-die-digitale-arbeitswelt-kodia-ertuechtigung-zur-digitalisierung\">Kompetenzen f\u00fcr die digitale Arbeitswelt (KoDiA) \u2013 Ert\u00fcchtigung zur Digitalisierung<\/a> organisiert das <strong>Zentrum f\u00fcr technologiegest\u00fctzte Bildung<\/strong> gemeinsam mit dem Bildungszentrum der Bundeswehr und der Abteilung Ausbildung Streitkr\u00e4fte im Streitkr\u00e4fteamt den <strong><a href=\"https:\/\/www.hsu-hh.de\/ztb\/ausbildungskongress\" data-type=\"URL\" data-id=\"https:\/\/www.hsu-hh.de\/ztb\/ausbildungskongress23\" target=\"_blank\" rel=\"noreferrer noopener\">(Aus)\u00adBil\u00ad\u00addungs\u00ad\u00adkongress der Bundeswehr<\/a><\/strong>, den mittlerweile gr\u00f6\u00dften Fachkongress der Bundeswehr. Dieser ist unter dem Thema <strong><strong>\u201e<\/strong>Gesellschaftliche Resilienz in Frieden, Krieg und Krise: Beitr\u00e4ge der Aus-, Fort- und Weiterbildung<strong>\u201c<\/strong><\/strong> vom <strong>1.-3. September<\/strong> <strong>2026<\/strong> an der Helmut-Schmidt-Universit\u00e4t\/Universit\u00e4t der Bundeswehr Hamburg geplant.<\/p>\n\n\n\n<p class=\"has-grey-background-color has-background\"><br>Alle Informationen zum <strong>(Aus)Bildungskongress der Bundeswehr 2026<\/strong> finden Sie <a href=\"https:\/\/www.hsu-hh.de\/ztb\/ausbildungskongress-der-bundeswehr-2026\" data-type=\"link\" data-id=\"https:\/\/www.hsu-hh.de\/ztb\/ausbildungskongress-der-bundeswehr-2026\">hier<\/a>.<\/p>\n\n\n\n<p><\/p>\n<\/div>\n<\/div>\n\n\n\n<hr class=\"wp-block-separator has-alpha-channel-opacity\" \/>\n\n\n\n<hr class=\"wp-block-separator has-alpha-channel-opacity\" \/>\n\n\n\n<div class=\"wp-block-columns is-layout-flex wp-container-core-columns-is-layout-9d6595d7 wp-block-columns-is-layout-flex\">\n<div class=\"wp-block-column is-layout-flow wp-block-column-is-layout-flow\">\n<figure class=\"wp-block-image size-large\"><img loading=\"lazy\" decoding=\"async\" width=\"1024\" height=\"241\" src=\"https:\/\/www.hsu-hh.de\/ztb\/wp-content\/uploads\/sites\/665\/2023\/03\/dtec.bw_EU-Foederhinweis_CMYK_vertikal-1-1024x241.jpg\" data-credit=\"dtec.bw\" alt=\"\" class=\"wp-image-8038\" srcset=\"https:\/\/www.hsu-hh.de\/ztb\/wp-content\/uploads\/sites\/665\/2023\/03\/dtec.bw_EU-Foederhinweis_CMYK_vertikal-1-1024x241.jpg 1024w, https:\/\/www.hsu-hh.de\/ztb\/wp-content\/uploads\/sites\/665\/2023\/03\/dtec.bw_EU-Foederhinweis_CMYK_vertikal-1-300x71.jpg 300w, https:\/\/www.hsu-hh.de\/ztb\/wp-content\/uploads\/sites\/665\/2023\/03\/dtec.bw_EU-Foederhinweis_CMYK_vertikal-1-768x181.jpg 768w, https:\/\/www.hsu-hh.de\/ztb\/wp-content\/uploads\/sites\/665\/2023\/03\/dtec.bw_EU-Foederhinweis_CMYK_vertikal-1-1100x259.jpg 1100w, https:\/\/www.hsu-hh.de\/ztb\/wp-content\/uploads\/sites\/665\/2023\/03\/dtec.bw_EU-Foederhinweis_CMYK_vertikal-1.jpg 1418w\" sizes=\"auto, (max-width: 1024px) 100vw, 1024px\" \/><\/figure>\n<\/div>\n\n\n\n<div class=\"wp-block-column is-layout-flow wp-block-column-is-layout-flow\"><\/div>\n<\/div>\n\n\n\n<div class=\"wp-block-columns is-layout-flex wp-container-core-columns-is-layout-9d6595d7 wp-block-columns-is-layout-flex\">\n<div class=\"wp-block-column is-layout-flow wp-block-column-is-layout-flow\">\n<p>Das <a rel=\"noreferrer noopener\" href=\"https:\/\/dtecbw.de\" target=\"_blank\">dtec.bw \u2013 Zentrum f\u00fcr Digitalisierungs- und Technologieforschung der Bundeswehr<\/a> \u2013 ist ein von den Universit\u00e4ten der Bundeswehr Hamburg und M\u00fcnchen gemeinsam getragenes wissenschaftliches Zentrum und Bestandteil des Konjunkturprogramms der Bundesregierung zur \u00dcberwindung der COVID-19-Krise. Es unterliegt der akademischen Selbstverwaltung. Die Mittel, mit denen das dtec.bw ausgestattet wurde, werden an beiden Universit\u00e4ten der Bundeswehr zur Finanzierung von Forschungsprojekten und Projekten zum Wissens- und Technologietransfer eingesetzt. dtec.bw wird von der Europ\u00e4ischen Union \u2013 NextGenerationEU finanziert.<\/p>\n<\/div>\n<\/div>\n","protected":false},"excerpt":{"rendered":"<p>Das Zentrum f\u00fcr technologiegest\u00fctzte Bildung (ZtB) ist eine zentrale wissenschaftliche Einrichtung der Helmut-Schmidt-Universit\u00e4t\/Universit\u00e4t der Bundeswehr Hamburg (HSU\/UniBw H) wurde im Jahr 2003 als Projektgruppe \u201eFernausbildung\u201c gegr\u00fcndet und 2009 institutionalisiert. Das [&hellip;]<\/p>\n","protected":false},"author":1,"featured_media":0,"parent":0,"menu_order":0,"comment_status":"closed","ping_status":"closed","template":"","meta":{"footnotes":""},"categories":[35],"tags":[],"class_list":["post-73","page","type-page","status-publish","hentry","category-startseite"],"_links":{"self":[{"href":"https:\/\/www.hsu-hh.de\/ztb\/wp-json\/wp\/v2\/pages\/73","targetHints":{"allow":["GET"]}}],"collection":[{"href":"https:\/\/www.hsu-hh.de\/ztb\/wp-json\/wp\/v2\/pages"}],"about":[{"href":"https:\/\/www.hsu-hh.de\/ztb\/wp-json\/wp\/v2\/types\/page"}],"author":[{"embeddable":true,"href":"https:\/\/www.hsu-hh.de\/ztb\/wp-json\/wp\/v2\/users\/1"}],"replies":[{"embeddable":true,"href":"https:\/\/www.hsu-hh.de\/ztb\/wp-json\/wp\/v2\/comments?post=73"}],"version-history":[{"count":55,"href":"https:\/\/www.hsu-hh.de\/ztb\/wp-json\/wp\/v2\/pages\/73\/revisions"}],"predecessor-version":[{"id":13006,"href":"https:\/\/www.hsu-hh.de\/ztb\/wp-json\/wp\/v2\/pages\/73\/revisions\/13006"}],"wp:attachment":[{"href":"https:\/\/www.hsu-hh.de\/ztb\/wp-json\/wp\/v2\/media?parent=73"}],"wp:term":[{"taxonomy":"category","embeddable":true,"href":"https:\/\/www.hsu-hh.de\/ztb\/wp-json\/wp\/v2\/categories?post=73"},{"taxonomy":"post_tag","embeddable":true,"href":"https:\/\/www.hsu-hh.de\/ztb\/wp-json\/wp\/v2\/tags?post=73"}],"curies":[{"name":"wp","href":"https:\/\/api.w.org\/{rel}","templated":true}]}}