{"id":7104,"date":"2022-09-23T10:41:28","date_gmt":"2022-09-23T08:41:28","guid":{"rendered":"https:\/\/www.hsu-hh.de\/ztb\/?page_id=7104"},"modified":"2025-01-08T15:00:56","modified_gmt":"2025-01-08T14:00:56","slug":"kompetenzen-fuer-die-digitale-arbeitswelt-kodia-ertuechtigung-zur-digitalisierung","status":"publish","type":"page","link":"https:\/\/www.hsu-hh.de\/ztb\/kompetenzen-fuer-die-digitale-arbeitswelt-kodia-ertuechtigung-zur-digitalisierung","title":{"rendered":"Kompetenzen f\u00fcr die digitale Arbeitswelt (KoDiA) \u2013 Ert\u00fcchtigung zur Digitalisierung"},"content":{"rendered":"\n<figure class=\"wp-block-image size-large\"><img loading=\"lazy\" decoding=\"async\" width=\"1024\" height=\"342\" src=\"https:\/\/www.hsu-hh.de\/ztb\/wp-content\/uploads\/sites\/665\/2022\/03\/Campusgelaende-1100x367-1-1024x342.jpg\" data-credit=\"HSU \/ UniBw H\" alt=\"Campusgel\u00e4nde\" class=\"wp-image-5867\" srcset=\"https:\/\/www.hsu-hh.de\/ztb\/wp-content\/uploads\/sites\/665\/2022\/03\/Campusgelaende-1100x367-1-1024x342.jpg 1024w, https:\/\/www.hsu-hh.de\/ztb\/wp-content\/uploads\/sites\/665\/2022\/03\/Campusgelaende-1100x367-1-300x100.jpg 300w, https:\/\/www.hsu-hh.de\/ztb\/wp-content\/uploads\/sites\/665\/2022\/03\/Campusgelaende-1100x367-1-768x256.jpg 768w, https:\/\/www.hsu-hh.de\/ztb\/wp-content\/uploads\/sites\/665\/2022\/03\/Campusgelaende-1100x367-1.jpg 1100w\" sizes=\"auto, (max-width: 1024px) 100vw, 1024px\" \/><\/figure>\n\n\n\n<div class=\"wp-block-columns is-layout-flex wp-container-core-columns-is-layout-9d6595d7 wp-block-columns-is-layout-flex\">\n<div class=\"wp-block-column is-layout-flow wp-block-column-is-layout-flow\">\n<p>Mit dem Eckpunktepapier des Koalitionsausschusses vom 3. Juni 2020 \u201eCorona-Folgen bek\u00e4mpfen, Wohlstand sichern, Zukunftsf\u00e4higkeit st\u00e4rken\u201c hat die Bundesregierung ein Konjunkturprogramm verabschiedet, um nachhaltig den Strukturwandel von einem industriellen Produktionsstandort hin zu einem Digitalstandort Deutschland zu f\u00f6rdern.<\/p>\n\n\n\n<p>Mit dem Aufbau eines Zentrums f\u00fcr Digitalisierungs- und Technologieforschung der Bundeswehr (Ma\u00dfnahme 49) sollen die Universit\u00e4ten der Bundeswehr als Instrument des Bundes zur F\u00f6rderung der Forschung in den Bereichen Digitalisierung und Technologie genutzt werden, um den Wissenschafts-, Forschungs- und Technologietransfer im Zusammenwirken mit anderen wissenschaftlichen Einrichtungen (Universit\u00e4ten, Forschungsinstituten) sowie mit Wirtschaft und Gesellschaft zu st\u00e4rken.<\/p>\n\n\n\n<p>Im Rahmen dieses Zentrums f\u00fcr Digitalisierungs- und Technologieforschung der Bundeswehr (dtec.bw) wird in insgesamt vier \u201eDachprojekten\u201c, von denen eines \u2013 namensgleich mit unse\u00adrem Einzelprojekt \u2013 \u201e<a rel=\"noreferrer noopener\" href=\"https:\/\/dtecbw.de\/home\/forschung\/kompetenzen-fuer-die-digitale-arbeitswelt-kodia\" target=\"_blank\">Kompetenzen f\u00fcr die digitale Arbeitswelt (KoDiA)<\/a>\u201c benannt ist, zurzeit in 45 Einzelprojekten geforscht.<\/p>\n\n\n\n<p>Im Fokus des Projektes <a href=\"https:\/\/dtecbw.de\/home\/forschung\/hsu\/projekt-kodia\" target=\"_blank\" rel=\"noreferrer noopener\">\u201eKompetenzen f\u00fcr die digitale Arbeitswelt (KoDiA) \u2013 Ert\u00fcchtigung zur Digitalisierung\u201c<\/a> steht <abbr title=\"unter anderem\">u.a.<\/abbr> die Erforschung digitaler Bildung unter Nutzung der M\u00f6glichkeiten des virtuellen Raums als Dimension f\u00fcr Wissenschafts-, Forschungs- und Technologietransfer. Ziel ist es, den Kompetenzerwerb der Subjekte f\u00fcr Bew\u00e4ltigung und Mitgestaltung der digitalen Arbeits- und Lebenswelt zu f\u00f6rdern.<\/p>\n\n\n\n<p>Unter <a href=\"https:\/\/www.hsu-hh.de\/ztb\/wp-content\/uploads\/sites\/665\/2022\/09\/Fachaufsatz-KoDiA.pdf\" target=\"_blank\" rel=\"noreferrer noopener\">folgendem Link<\/a> haben Sie die M\u00f6glichkeit sich mit einem Fachaufsatz<sup>[1]<\/sup> \u00fcber das Einzelprojekt \u201eKompetenzen f\u00fcr die digitale Arbeitswelt (KoDiA) \u2013 Ert\u00fcchtigung zur Digitalisierung\u201c ausf\u00fchrlicher zu informieren.<\/p>\n\n\n\n<hr class=\"wp-block-separator has-alpha-channel-opacity\" \/>\n\n\n\n<p><sup>[1]<\/sup> in: Neusius, A. (<abbr title=\"Herausgeber\">Hrsg.<\/abbr>): (Aus)Bildungskongress der Bundeswehr 2022 &#8211; Kongresskatalog. Bonn 2022.<\/p>\n<\/div>\n<\/div>\n\n\n\n<hr class=\"wp-block-separator has-alpha-channel-opacity\" \/>\n\n\n\n<hr class=\"wp-block-separator has-alpha-channel-opacity\" \/>\n\n\n\n<div class=\"wp-block-columns is-layout-flex wp-container-core-columns-is-layout-9d6595d7 wp-block-columns-is-layout-flex\">\n<div class=\"wp-block-column is-layout-flow wp-block-column-is-layout-flow\">\n<figure class=\"wp-block-image size-large\"><img loading=\"lazy\" decoding=\"async\" width=\"1024\" height=\"241\" src=\"https:\/\/www.hsu-hh.de\/ztb\/wp-content\/uploads\/sites\/665\/2023\/03\/dtec.bw_EU-Foederhinweis_CMYK_vertikal-1-1024x241.jpg\" data-credit=\"dtec.bw\" alt=\"\" class=\"wp-image-8038\" srcset=\"https:\/\/www.hsu-hh.de\/ztb\/wp-content\/uploads\/sites\/665\/2023\/03\/dtec.bw_EU-Foederhinweis_CMYK_vertikal-1-1024x241.jpg 1024w, https:\/\/www.hsu-hh.de\/ztb\/wp-content\/uploads\/sites\/665\/2023\/03\/dtec.bw_EU-Foederhinweis_CMYK_vertikal-1-300x71.jpg 300w, https:\/\/www.hsu-hh.de\/ztb\/wp-content\/uploads\/sites\/665\/2023\/03\/dtec.bw_EU-Foederhinweis_CMYK_vertikal-1-768x181.jpg 768w, https:\/\/www.hsu-hh.de\/ztb\/wp-content\/uploads\/sites\/665\/2023\/03\/dtec.bw_EU-Foederhinweis_CMYK_vertikal-1-1100x259.jpg 1100w, https:\/\/www.hsu-hh.de\/ztb\/wp-content\/uploads\/sites\/665\/2023\/03\/dtec.bw_EU-Foederhinweis_CMYK_vertikal-1.jpg 1418w\" sizes=\"auto, (max-width: 1024px) 100vw, 1024px\" \/><\/figure>\n<\/div>\n\n\n\n<div class=\"wp-block-column is-layout-flow wp-block-column-is-layout-flow\"><\/div>\n<\/div>\n\n\n\n<div class=\"wp-block-columns is-layout-flex wp-container-core-columns-is-layout-9d6595d7 wp-block-columns-is-layout-flex\">\n<div class=\"wp-block-column is-layout-flow wp-block-column-is-layout-flow\">\n<p>Das <a rel=\"noreferrer noopener\" href=\"https:\/\/dtecbw.de\" target=\"_blank\">dtec.bw \u2013 Zentrum f\u00fcr Digitalisierungs- und Technologieforschung der Bundeswehr<\/a> \u2013 ist ein von den Universit\u00e4ten der Bundeswehr Hamburg und M\u00fcnchen gemeinsam getragenes wissenschaftliches Zentrum und Bestandteil des Konjunkturprogramms der Bundesregierung zur \u00dcberwindung der COVID-19-Krise. Es unterliegt der akademischen Selbstverwaltung. Die Mittel, mit denen das dtec.bw ausgestattet wurde, werden an beiden Universit\u00e4ten der Bundeswehr zur Finanzierung von Forschungsprojekten und Projekten zum Wissens- und Technologietransfer eingesetzt. dtec.bw wird von der Europ\u00e4ischen Union \u2013 NextGenerationEU finanziert.<\/p>\n<\/div>\n<\/div>\n","protected":false},"excerpt":{"rendered":"<p>Mit dem Eckpunktepapier des Koalitionsausschusses vom 3. Juni 2020 \u201eCorona-Folgen bek\u00e4mpfen, Wohlstand sichern, Zukunftsf\u00e4higkeit st\u00e4rken\u201c hat die Bundesregierung ein Konjunkturprogramm verabschiedet, um nachhaltig den Strukturwandel von einem industriellen Produktionsstandort hin [&hellip;]<\/p>\n","protected":false},"author":343,"featured_media":0,"parent":0,"menu_order":0,"comment_status":"closed","ping_status":"closed","template":"","meta":{"footnotes":""},"categories":[4],"tags":[],"class_list":["post-7104","page","type-page","status-publish","hentry","category-forschung"],"_links":{"self":[{"href":"https:\/\/www.hsu-hh.de\/ztb\/wp-json\/wp\/v2\/pages\/7104","targetHints":{"allow":["GET"]}}],"collection":[{"href":"https:\/\/www.hsu-hh.de\/ztb\/wp-json\/wp\/v2\/pages"}],"about":[{"href":"https:\/\/www.hsu-hh.de\/ztb\/wp-json\/wp\/v2\/types\/page"}],"author":[{"embeddable":true,"href":"https:\/\/www.hsu-hh.de\/ztb\/wp-json\/wp\/v2\/users\/343"}],"replies":[{"embeddable":true,"href":"https:\/\/www.hsu-hh.de\/ztb\/wp-json\/wp\/v2\/comments?post=7104"}],"version-history":[{"count":27,"href":"https:\/\/www.hsu-hh.de\/ztb\/wp-json\/wp\/v2\/pages\/7104\/revisions"}],"predecessor-version":[{"id":12085,"href":"https:\/\/www.hsu-hh.de\/ztb\/wp-json\/wp\/v2\/pages\/7104\/revisions\/12085"}],"wp:attachment":[{"href":"https:\/\/www.hsu-hh.de\/ztb\/wp-json\/wp\/v2\/media?parent=7104"}],"wp:term":[{"taxonomy":"category","embeddable":true,"href":"https:\/\/www.hsu-hh.de\/ztb\/wp-json\/wp\/v2\/categories?post=7104"},{"taxonomy":"post_tag","embeddable":true,"href":"https:\/\/www.hsu-hh.de\/ztb\/wp-json\/wp\/v2\/tags?post=7104"}],"curies":[{"name":"wp","href":"https:\/\/api.w.org\/{rel}","templated":true}]}}