{"id":6511,"date":"2022-05-31T12:04:49","date_gmt":"2022-05-31T10:04:49","guid":{"rendered":"https:\/\/www.hsu-hh.de\/ztb\/?page_id=6511"},"modified":"2022-07-18T17:27:01","modified_gmt":"2022-07-18T15:27:01","slug":"tagungsprogramm-2022","status":"publish","type":"page","link":"https:\/\/www.hsu-hh.de\/ztb\/tagungsprogramm-2022","title":{"rendered":"Tagungsprogramm 2022"},"content":{"rendered":"\n<div class=\"wp-block-columns is-layout-flex wp-container-core-columns-is-layout-9d6595d7 wp-block-columns-is-layout-flex\">\n<div class=\"wp-block-column has-grey-background-color has-background is-layout-flow wp-block-column-is-layout-flow\">\n<p><strong><a href=\"https:\/\/www.hsu-hh.de\/ztb\/?page_id=6167&amp;preview=true\" target=\"_blank\" rel=\"noreferrer noopener\">Dienstag, 13. September 2022<\/a> <\/strong>(\u00c4nderungen vorbehalten)<\/p>\n<\/div>\n<\/div>\n\n\n\n<div class=\"wp-block-columns is-layout-flex wp-container-core-columns-is-layout-9d6595d7 wp-block-columns-is-layout-flex\">\n<div class=\"wp-block-column has-grey-background-color has-background is-layout-flow wp-block-column-is-layout-flow\">\n<p><strong><a href=\"https:\/\/www.hsu-hh.de\/ztb\/?page_id=6263&amp;preview=true\" target=\"_blank\" rel=\"noreferrer noopener\">Mittwoch, 14. September 2022<\/a><\/strong> (\u00c4nderungen vorbehalten)<\/p>\n<\/div>\n<\/div>\n\n\n\n<div class=\"wp-block-columns is-layout-flex wp-container-core-columns-is-layout-9d6595d7 wp-block-columns-is-layout-flex\">\n<div class=\"wp-block-column has-grey-background-color has-background is-layout-flow wp-block-column-is-layout-flow\">\n<p><strong><a href=\"https:\/\/www.hsu-hh.de\/ztb\/?page_id=6313&amp;preview=true\" target=\"_blank\" rel=\"noreferrer noopener\">Donnerstag, 15. September 2022<\/a><\/strong> (\u00c4nderungen vorbehalten) <\/p>\n<\/div>\n<\/div>\n\n\n\n<p><\/p>\n","protected":false},"excerpt":{"rendered":"<p>Dienstag, 13. September 2022 (\u00c4nderungen vorbehalten) Mittwoch, 14. September 2022 (\u00c4nderungen vorbehalten) Donnerstag, 15. September 2022 (\u00c4nderungen vorbehalten)<\/p>\n","protected":false},"author":343,"featured_media":0,"parent":0,"menu_order":0,"comment_status":"closed","ping_status":"closed","template":"","meta":{"footnotes":""},"categories":[4],"tags":[],"class_list":["post-6511","page","type-page","status-publish","hentry","category-forschung"],"_links":{"self":[{"href":"https:\/\/www.hsu-hh.de\/ztb\/wp-json\/wp\/v2\/pages\/6511","targetHints":{"allow":["GET"]}}],"collection":[{"href":"https:\/\/www.hsu-hh.de\/ztb\/wp-json\/wp\/v2\/pages"}],"about":[{"href":"https:\/\/www.hsu-hh.de\/ztb\/wp-json\/wp\/v2\/types\/page"}],"author":[{"embeddable":true,"href":"https:\/\/www.hsu-hh.de\/ztb\/wp-json\/wp\/v2\/users\/343"}],"replies":[{"embeddable":true,"href":"https:\/\/www.hsu-hh.de\/ztb\/wp-json\/wp\/v2\/comments?post=6511"}],"version-history":[{"count":10,"href":"https:\/\/www.hsu-hh.de\/ztb\/wp-json\/wp\/v2\/pages\/6511\/revisions"}],"predecessor-version":[{"id":6739,"href":"https:\/\/www.hsu-hh.de\/ztb\/wp-json\/wp\/v2\/pages\/6511\/revisions\/6739"}],"wp:attachment":[{"href":"https:\/\/www.hsu-hh.de\/ztb\/wp-json\/wp\/v2\/media?parent=6511"}],"wp:term":[{"taxonomy":"category","embeddable":true,"href":"https:\/\/www.hsu-hh.de\/ztb\/wp-json\/wp\/v2\/categories?post=6511"},{"taxonomy":"post_tag","embeddable":true,"href":"https:\/\/www.hsu-hh.de\/ztb\/wp-json\/wp\/v2\/tags?post=6511"}],"curies":[{"name":"wp","href":"https:\/\/api.w.org\/{rel}","templated":true}]}}