{"id":6169,"date":"2022-05-12T11:51:32","date_gmt":"2022-05-12T09:51:32","guid":{"rendered":"https:\/\/www.hsu-hh.de\/ztb\/?page_id=6169"},"modified":"2022-05-13T07:47:12","modified_gmt":"2022-05-13T05:47:12","slug":"tagung-perspektiven-zur-subjektbildung-erfolgreich-durchgefuehrt","status":"publish","type":"page","link":"https:\/\/www.hsu-hh.de\/ztb\/tagung-perspektiven-zur-subjektbildung-erfolgreich-durchgefuehrt","title":{"rendered":"Tagung \u201ePerspektiven zur Subjektbildung&#8220; erfolgreich durchgef\u00fchrt"},"content":{"rendered":"\n<div class=\"wp-block-columns is-layout-flex wp-container-core-columns-is-layout-9d6595d7 wp-block-columns-is-layout-flex\">\n<div class=\"wp-block-column is-layout-flow wp-block-column-is-layout-flow\" style=\"flex-basis:45%\">\n<figure class=\"wp-block-image size-full\"><img loading=\"lazy\" decoding=\"async\" width=\"1000\" height=\"666\" src=\"https:\/\/www.hsu-hh.de\/ztb\/wp-content\/uploads\/sites\/665\/2022\/05\/022_5376.jpg\" data-credit=\"HSU \/ UniBw H\" alt=\"Perseptiven zur Subjektbildung\" class=\"wp-image-6173\" srcset=\"https:\/\/www.hsu-hh.de\/ztb\/wp-content\/uploads\/sites\/665\/2022\/05\/022_5376.jpg 1000w, https:\/\/www.hsu-hh.de\/ztb\/wp-content\/uploads\/sites\/665\/2022\/05\/022_5376-300x200.jpg 300w, https:\/\/www.hsu-hh.de\/ztb\/wp-content\/uploads\/sites\/665\/2022\/05\/022_5376-768x511.jpg 768w\" sizes=\"auto, (max-width: 1000px) 100vw, 1000px\" \/><\/figure>\n<\/div>\n\n\n\n<div class=\"wp-block-column is-layout-flow wp-block-column-is-layout-flow\" style=\"flex-basis:55%\">\n<p>Am 05. \u2013 06. Mai 2022 wurde an der Helmut Schmidt Universit\u00e4t \/ Universit\u00e4t der Bundeswehr Hamburg die <strong>Tagung \u201ePerspektiven zur Subjektbildung\u201c<\/strong>, als <strong>hybride Tagung<\/strong> durchgef\u00fchrt. Sie stand im Gedenken des Werks und Wirkens des Bildungsforschers,<strong> Herrn <abbr title=\"Professor\">Prof.<\/abbr> <abbr title=\"Doktor\">Dr.<\/abbr> Gerhard M. Zimmer<\/strong> (*19.02.1943 \u202007.03.2020).<br><br>In zehn unterschiedlichen Beitr\u00e4gen wurde dieses von den teilnehmenden Wissenschaftlerinnen und Wissenschaftlern, die sowohl vor Ort anwesend als auch virtuell zugeschaltet waren, aus vielen unterschiedlichen Perspektiven aufgegriffen, diskutiert und im Kontext der fortschreitenden Digitalisierung der Lebens- und Arbeitswelt weitergedacht. Schon mit der Er\u00f6ffnung durch den Universit\u00e4tspr\u00e4sidenten <abbr title=\"Professor\">Prof.<\/abbr> <abbr title=\"Doktor\">Dr.<\/abbr> Klaus Beckmann brachte die Veranstaltung fachlich inspirierende Impulse in Vortr\u00e4gen und Diskussionen zu diesen Themen zusammen, die von den vor Ort Anwesenden und den virtuellen Teilnehmenden rege gef\u00fchrt wurde.<\/p>\n<\/div>\n<\/div>\n\n\n\n<div class=\"wp-block-columns is-layout-flex wp-container-core-columns-is-layout-9d6595d7 wp-block-columns-is-layout-flex\">\n<div class=\"wp-block-column is-layout-flow wp-block-column-is-layout-flow\">\n<p>Die Erfahrungen des hybriden Veranstaltungskonzepts werden im Rahmen des Forschungsprojekts \u201e<strong>Kompetenzen f\u00fcr die digitale Arbeitswelt<\/strong> (<a rel=\"noreferrer noopener\" href=\"https:\/\/dtecbw.de\/home\/forschung\/hsu\/projekt-kodia\/projekt-kodia\" target=\"_blank\">KoDiA<\/a>)\u201c, in das die Tagung als \u201eProof of Concept\u201c f\u00fcr die Erforschung einer \u00d6ffentlichen Wissenschaft unter Bedingungen der Digitalisierung eingebettet war, ausgewertet und &#8211; zum Beispiel im Rahmen des <a rel=\"noreferrer noopener\" href=\"https:\/\/www.hsu-hh.de\/ztb\/ausbildungskongress2022\" target=\"_blank\">(Aus)Bildungskongress der Bundeswehr 2022<\/a> &#8211; weiterentwickelt.<\/p>\n\n\n\n<p>KoDiA ist Teil des Zentrums f\u00fcr Digitalisierungs- und Technologieforschung der Bundeswehr (<a rel=\"noreferrer noopener\" href=\"https:\/\/dtecbw.de\/home\" target=\"_blank\">dtec.bw<\/a>), ein von den Universit\u00e4ten der Bundeswehr Hamburg und M\u00fcnchen gemeinsam getragenes wissenschaftliches Zentrum und Bestandteil des Konjunkturprogramms der Bundesregierung zur \u00dcberwindung der COVID-19-Krise. Es unterliegt der akademischen Selbstverwaltung. Die Mittel, mit dem das dtec.bw ausgestattet wurde, werden an beiden Universit\u00e4ten der Bundeswehr zur Finanzierung von Forschungsprojekten und Projekten zum Wissens- und Technologietransfer eingesetzt.<\/p>\n<\/div>\n<\/div>\n\n\n\n<h2 class=\"wp-block-heading\"><\/h2>\n\n\n\n<div class=\"wp-block-columns background-grey is-layout-flex wp-container-core-columns-is-layout-9d6595d7 wp-block-columns-is-layout-flex\"><\/div>\n\n\n\n<p><\/p>\n","protected":false},"excerpt":{"rendered":"<p>Am 05. \u2013 06. Mai 2022 wurde an der Helmut Schmidt Universit\u00e4t \/ Universit\u00e4t der Bundeswehr Hamburg die Tagung \u201ePerspektiven zur Subjektbildung\u201c, als hybride Tagung durchgef\u00fchrt. Sie stand im Gedenken [&hellip;]<\/p>\n","protected":false},"author":343,"featured_media":0,"parent":0,"menu_order":0,"comment_status":"closed","ping_status":"closed","template":"","meta":{"footnotes":""},"categories":[4],"tags":[],"class_list":["post-6169","page","type-page","status-publish","hentry","category-forschung"],"_links":{"self":[{"href":"https:\/\/www.hsu-hh.de\/ztb\/wp-json\/wp\/v2\/pages\/6169","targetHints":{"allow":["GET"]}}],"collection":[{"href":"https:\/\/www.hsu-hh.de\/ztb\/wp-json\/wp\/v2\/pages"}],"about":[{"href":"https:\/\/www.hsu-hh.de\/ztb\/wp-json\/wp\/v2\/types\/page"}],"author":[{"embeddable":true,"href":"https:\/\/www.hsu-hh.de\/ztb\/wp-json\/wp\/v2\/users\/343"}],"replies":[{"embeddable":true,"href":"https:\/\/www.hsu-hh.de\/ztb\/wp-json\/wp\/v2\/comments?post=6169"}],"version-history":[{"count":22,"href":"https:\/\/www.hsu-hh.de\/ztb\/wp-json\/wp\/v2\/pages\/6169\/revisions"}],"predecessor-version":[{"id":6216,"href":"https:\/\/www.hsu-hh.de\/ztb\/wp-json\/wp\/v2\/pages\/6169\/revisions\/6216"}],"wp:attachment":[{"href":"https:\/\/www.hsu-hh.de\/ztb\/wp-json\/wp\/v2\/media?parent=6169"}],"wp:term":[{"taxonomy":"category","embeddable":true,"href":"https:\/\/www.hsu-hh.de\/ztb\/wp-json\/wp\/v2\/categories?post=6169"},{"taxonomy":"post_tag","embeddable":true,"href":"https:\/\/www.hsu-hh.de\/ztb\/wp-json\/wp\/v2\/tags?post=6169"}],"curies":[{"name":"wp","href":"https:\/\/api.w.org\/{rel}","templated":true}]}}