{"id":6167,"date":"2022-05-13T10:50:44","date_gmt":"2022-05-13T08:50:44","guid":{"rendered":"https:\/\/www.hsu-hh.de\/ztb\/?page_id=6167"},"modified":"2023-11-02T13:20:14","modified_gmt":"2023-11-02T12:20:14","slug":"tagungsprogramm-13-september-2022","status":"publish","type":"page","link":"https:\/\/www.hsu-hh.de\/ztb\/tagungsprogramm-13-september-2022","title":{"rendered":"Tagungsprogramm 13. September 2022"},"content":{"rendered":"\n<div class=\"wp-block-columns is-layout-flex wp-container-core-columns-is-layout-9d6595d7 wp-block-columns-is-layout-flex\">\n<div class=\"wp-block-column is-layout-flow wp-block-column-is-layout-flow\">\n<p>(\u00c4nderung vorbehalten)<\/p>\n<\/div>\n<\/div>\n\n\n\n<div class=\"wp-block-columns is-not-stacked-on-mobile is-layout-flex wp-container-core-columns-is-layout-9d6595d7 wp-block-columns-is-layout-flex\">\n<div class=\"wp-block-column has-grey-background-color has-background is-layout-flow wp-block-column-is-layout-flow\" style=\"flex-basis:8%\">\n<p>10:00 &#8211; 10:20<\/p>\n<\/div>\n\n\n\n<div class=\"wp-block-column has-grey-background-color has-background is-layout-flow wp-block-column-is-layout-flow\" style=\"flex-basis:92%\">\n<p><strong>Begr\u00fc\u00dfung<\/strong> (H\u00f6rsaal 5)<\/p>\n\n\n\n<p><sub><strong><abbr title=\"Professor\">Prof.<\/abbr> <abbr title=\"Doktor\">Dr.<\/abbr> Klaus Beckmann <\/strong><\/sub><br><sub>Pr\u00e4sident<\/sub><br><sub>Helmut-Schmidt-Universit\u00e4t \/ Universit\u00e4t der Bundeswehr Hamburg (<abbr title=\"Helmut Schmidt Universit\u00e4t\">HSU<\/abbr>\/UniBw H)<\/sub><\/p>\n<\/div>\n<\/div>\n\n\n\n<div class=\"wp-block-columns is-not-stacked-on-mobile is-layout-flex wp-container-core-columns-is-layout-9d6595d7 wp-block-columns-is-layout-flex\">\n<div class=\"wp-block-column has-grey-background-color has-background is-layout-flow wp-block-column-is-layout-flow\" style=\"flex-basis:8%\">\n<p>10:25 &#8211; 10:40<\/p>\n<\/div>\n\n\n\n<div class=\"wp-block-column has-grey-background-color has-background is-layout-flow wp-block-column-is-layout-flow\" style=\"flex-basis:92%\">\n<p><strong>Er\u00f6ffnung<\/strong> (H\u00f6rsaal 5)<\/p>\n\n\n\n<p><sub><strong>Christine Lambrecht<\/strong> (Videogru\u00dfwort)<\/sub><\/p>\n\n\n\n<p><sub>Bundesministerin der Verteidigung <br>Bundesministerium der Verteidigung (BMVg)<\/sub><\/p>\n\n\n\n<p><\/p>\n\n\n\n<p>Das <strong>Videogru\u00dfwort <\/strong>finden Sie <strong><a href=\"https:\/\/www.hsu-hh.de\/ztb\/wp-content\/uploads\/sites\/665\/2023\/11\/Videogrusswort-2022-Bundesministerin-fuer-Verteidigung.mp4\" target=\"_blank\" rel=\"noreferrer noopener\">hier<\/a><\/strong><\/p>\n<\/div>\n<\/div>\n\n\n\n<div class=\"wp-block-columns is-not-stacked-on-mobile is-layout-flex wp-container-core-columns-is-layout-9d6595d7 wp-block-columns-is-layout-flex\">\n<div class=\"wp-block-column has-grey-background-color has-background is-layout-flow wp-block-column-is-layout-flow\" style=\"flex-basis:8%\">\n<p>10:45 &#8211; 11:45<\/p>\n\n\n\n<p> <\/p>\n<\/div>\n\n\n\n<div class=\"wp-block-column has-grey-background-color has-background is-layout-flow wp-block-column-is-layout-flow\" style=\"flex-basis:92%\">\n<p><strong>Diskussionsrunde: \u201eDigitalit\u00e4t, Sicherheit und Resilienz\u201c<\/strong> (H\u00f6rsaal 5)<\/p>\n\n\n\n<p><\/p>\n\n\n\n<p><sub><strong>Roderich Kiesewetter<\/strong>, MdB<br><strong><abbr title=\"Professor\">Prof.<\/abbr>\u2018in <abbr title=\"Doktor\">Dr.<\/abbr> Juliana Schlicht<\/strong>, P\u00e4dagogische Hochschule Freiburg<br><strong><abbr title=\"Professor\">Prof.<\/abbr> <abbr title=\"Doktor\">Dr.<\/abbr> Detlef Schulz<\/strong>, <abbr title=\"Helmut Schmidt Universit\u00e4t\">HSU<\/abbr>\/UniBw H<\/sub><br><strong><sub>Mithat Capar<\/sub><\/strong><sub>,<\/sub> <sub>Beh\u00f6rdlicher Informationssicherheitsbeauftragter der Beh\u00f6rde f\u00fcr Inneres und Sport<\/sub> <sub>der Freien und Hansestadt Hamburg<\/sub><\/p>\n\n\n\n<p><sub>Moderation: <strong>Oberst i.G. <abbr title=\"Professor\">Prof.<\/abbr> <abbr title=\"Doktor\">Dr.<\/abbr> Manuel Schulz<\/strong><\/sub>, <sub><abbr title=\"Helmut Schmidt Universit\u00e4t\">HSU<\/abbr>\/UniBw H<\/sub><\/p>\n<\/div>\n<\/div>\n\n\n\n<div class=\"wp-block-columns is-not-stacked-on-mobile is-layout-flex wp-container-core-columns-is-layout-9d6595d7 wp-block-columns-is-layout-flex\">\n<div class=\"wp-block-column has-grey-background-color has-background is-layout-flow wp-block-column-is-layout-flow\" style=\"flex-basis:8%\">\n<p>11:45 &#8211; 12.00<\/p>\n<\/div>\n\n\n\n<div class=\"wp-block-column has-grey-background-color has-background is-layout-flow wp-block-column-is-layout-flow\" style=\"flex-basis:92%\">\n<p><strong>Pause<\/strong><\/p>\n<\/div>\n<\/div>\n\n\n\n<div class=\"wp-block-columns is-layout-flex wp-container-core-columns-is-layout-9d6595d7 wp-block-columns-is-layout-flex\">\n<div class=\"wp-block-column is-layout-flow wp-block-column-is-layout-flow\">\n<div class=\"wp-block-columns is-not-stacked-on-mobile is-layout-flex wp-container-core-columns-is-layout-9d6595d7 wp-block-columns-is-layout-flex\">\n<div class=\"wp-block-column has-grey-background-color has-background is-layout-flow wp-block-column-is-layout-flow\" style=\"flex-basis:8%\">\n<p>12:00 &#8211; 12:30<\/p>\n<\/div>\n\n\n\n<div class=\"wp-block-column has-grey-background-color has-background is-layout-flow wp-block-column-is-layout-flow\">\n<p><strong>Keynote<\/strong>:<strong> \u201eDigitalisierungsforschung der <abbr title=\"Helmut Schmidt Universit\u00e4t\">HSU<\/abbr>\/UniBw H\u201c <\/strong>(Arbeitstitel) (H\u00f6rsaal 5)<\/p>\n\n\n\n<p><strong><sub><abbr title=\"Professor\">Prof.<\/abbr>\u2018in <abbr title=\"Doktor\">Dr.<\/abbr> Margarete Schuler-Harms<\/sub><\/strong><br><sub>Vizepr\u00e4sidentin Forschung<br>Helmut-Schmidt-Universit\u00e4t \/ Universit\u00e4t der Bundeswehr Hamburg (<abbr title=\"Helmut Schmidt Universit\u00e4t\">HSU<\/abbr>\/UniBw H)<\/sub><\/p>\n<\/div>\n<\/div>\n<\/div>\n<\/div>\n\n\n\n<div class=\"wp-block-columns is-not-stacked-on-mobile is-layout-flex wp-container-core-columns-is-layout-9d6595d7 wp-block-columns-is-layout-flex\">\n<div class=\"wp-block-column has-grey-background-color has-background is-layout-flow wp-block-column-is-layout-flow\" style=\"flex-basis:8%\">\n<p>12:35 &#8211; 13:05<\/p>\n<\/div>\n\n\n\n<div class=\"wp-block-column has-grey-background-color has-background is-layout-flow wp-block-column-is-layout-flow\" style=\"flex-basis:92%\">\n<p><strong>Keynote: <strong>\u201e<\/strong>Bildung in der digitalen Gesellschaft\u201c<\/strong> (H\u00f6rsaal 5)<\/p>\n\n\n\n<p><\/p>\n\n\n\n<p><sub><strong><abbr title=\"Professor\">Prof.<\/abbr> <abbr title=\"Doktor\">Dr.<\/abbr> Dirk Baecker<\/strong><br>Zeppelin Universit\u00e4t, Friedrichshafen<\/sub><\/p>\n<\/div>\n<\/div>\n\n\n\n<div class=\"wp-block-columns is-not-stacked-on-mobile is-layout-flex wp-container-core-columns-is-layout-9d6595d7 wp-block-columns-is-layout-flex\">\n<div class=\"wp-block-column has-grey-background-color has-background is-layout-flow wp-block-column-is-layout-flow\" style=\"flex-basis:8%\">\n<p>13:05 &#8211; 14:00<\/p>\n<\/div>\n\n\n\n<div class=\"wp-block-column has-grey-background-color has-background is-layout-flow wp-block-column-is-layout-flow\" style=\"flex-basis:92%\">\n<p><strong>Pause<\/strong><\/p>\n<\/div>\n<\/div>\n\n\n\n<div class=\"wp-block-columns is-not-stacked-on-mobile is-layout-flex wp-container-core-columns-is-layout-9d6595d7 wp-block-columns-is-layout-flex\">\n<div class=\"wp-block-column has-grey-background-color has-background is-layout-flow wp-block-column-is-layout-flow\" style=\"flex-basis:8%\">\n<p>14:00 &#8211; 14:30<\/p>\n<\/div>\n\n\n\n<div class=\"wp-block-column has-grey-background-color has-background is-layout-flow wp-block-column-is-layout-flow\">\n<p><strong>Keynote: <strong>\u201eK\u00fcnstliche Intelligenz \u2013 Risiko oder Chance?<\/strong>\u201c<\/strong> (H\u00f6rsaal 5)<\/p>\n\n\n\n<p><sub><strong>Hans Lang<\/strong><br>Vizepr\u00e4sident<br>Bildungszentrum der Bundeswehr (BiZBw)<\/sub><\/p>\n<\/div>\n<\/div>\n\n\n\n<div class=\"wp-block-columns is-not-stacked-on-mobile is-layout-flex wp-container-core-columns-is-layout-9d6595d7 wp-block-columns-is-layout-flex\">\n<div class=\"wp-block-column has-grey-background-color has-background is-layout-flow wp-block-column-is-layout-flow\" style=\"flex-basis:8%\">\n<p>14:30 &#8211; 14:45<\/p>\n<\/div>\n\n\n\n<div class=\"wp-block-column has-grey-background-color has-background is-layout-flow wp-block-column-is-layout-flow\" style=\"flex-basis:92%\">\n<p>Pause<\/p>\n<\/div>\n<\/div>\n\n\n\n<div class=\"wp-block-columns is-not-stacked-on-mobile is-layout-flex wp-container-core-columns-is-layout-9d6595d7 wp-block-columns-is-layout-flex\">\n<div class=\"wp-block-column is-layout-flow wp-block-column-is-layout-flow\" style=\"flex-basis:8%\">\n<p><\/p>\n<\/div>\n\n\n\n<div class=\"wp-block-column has-grey-background-color has-background is-layout-flow wp-block-column-is-layout-flow\" style=\"flex-basis:46%\">\n<h2 class=\"wp-block-heading\" style=\"text-transform:uppercase\"><strong>Panel Wissenschaft<\/strong><\/h2>\n<\/div>\n\n\n\n<div class=\"wp-block-column has-grey-background-color has-background is-layout-flow wp-block-column-is-layout-flow\" style=\"flex-basis:46%\">\n<h2 class=\"wp-block-heading\" style=\"text-transform:uppercase\">Panel Praxis<\/h2>\n<\/div>\n<\/div>\n\n\n\n<div class=\"wp-block-columns is-not-stacked-on-mobile is-layout-flex wp-container-core-columns-is-layout-9d6595d7 wp-block-columns-is-layout-flex\">\n<div class=\"wp-block-column has-grey-background-color has-background is-layout-flow wp-block-column-is-layout-flow\" style=\"flex-basis:8%\">\n<p>14:45 &#8211; 15:30<\/p>\n<\/div>\n\n\n\n<div class=\"wp-block-column has-grey-background-color has-background is-layout-flow wp-block-column-is-layout-flow\">\n<p><strong>Workshop (W1):<\/strong> <strong>\u201eBerufsbildung ohne Subjekt?\u201c <\/strong><strong>(90<\/strong> <strong>Minuten)<\/strong> (Raum 401\/403)<\/p>\n\n\n\n<p><strong><sub><abbr title=\"Doktor\">Dr.<\/abbr> Christiane Thole<\/sub><\/strong><br><sub>ehem. Universit\u00e4t Hamburg<\/sub><br><\/p>\n<\/div>\n\n\n\n<div class=\"wp-block-column has-grey-background-color has-background is-layout-flow wp-block-column-is-layout-flow\">\n<p><strong>Vortrag (P1): <strong>\u201e<\/strong>Wie wirken sich neue Technologien auf das Lernen in Unternehmen aus? Herausforderungen f\u00fcr die berufliche Weiterbildung in der Arbeitswelt 4.0 \u2013 aus Sicht der Unternehmen\u201c<\/strong> (Raum 405\/406)<\/p>\n\n\n\n<p><sub><strong><abbr title=\"Doktor\">Dr.<\/abbr> Gesa M\u00fcnchhausen<\/strong> (virtuell)<br>Bundesinstitut f\u00fcr Berufsbildung<\/sub><\/p>\n<\/div>\n<\/div>\n\n\n\n<div class=\"wp-block-columns is-not-stacked-on-mobile is-layout-flex wp-container-core-columns-is-layout-9d6595d7 wp-block-columns-is-layout-flex\">\n<div class=\"wp-block-column has-grey-background-color has-background is-layout-flow wp-block-column-is-layout-flow\" style=\"flex-basis:8%\">\n<p>15:35 &#8211; 16:20<\/p>\n<\/div>\n\n\n\n<div class=\"wp-block-column has-grey-background-color has-background is-layout-flow wp-block-column-is-layout-flow\">\n<p><\/p>\n\n\n\n<p><sub><strong><\/strong><\/sub><\/p>\n<\/div>\n\n\n\n<div class=\"wp-block-column has-grey-background-color has-background is-layout-flow wp-block-column-is-layout-flow\">\n<p><strong>Vortrag (P2): \u201eDie Virtuelle Hochschulklinik\u201c<\/strong> (Raum 405\/406)<\/p>\n\n\n\n<p><strong><sub><strong><abbr title=\"Professor\">Prof.<\/abbr>\u2018in<\/strong> <abbr title=\"Doktor\">Dr.<\/abbr> Mariam Hartinger<\/sub><\/strong><br><sub>Pr\u00e4sidentin<\/sub><br><sub>IB Hochschule f\u00fcr Gesundheit und Soziales<\/sub><\/p>\n<\/div>\n<\/div>\n\n\n\n<div class=\"wp-block-columns is-layout-flex wp-container-core-columns-is-layout-9d6595d7 wp-block-columns-is-layout-flex\">\n<div class=\"wp-block-column is-layout-flow wp-block-column-is-layout-flow\">\n<div class=\"wp-block-columns is-not-stacked-on-mobile is-layout-flex wp-container-core-columns-is-layout-9d6595d7 wp-block-columns-is-layout-flex\">\n<div class=\"wp-block-column has-grey-background-color has-background is-layout-flow wp-block-column-is-layout-flow\" style=\"flex-basis:8%\">\n<p>16:25 &#8211; 17:10<\/p>\n<\/div>\n\n\n\n<div class=\"wp-block-column has-grey-background-color has-background is-layout-flow wp-block-column-is-layout-flow\">\n<p><strong>Workshop (W3): \u201eBildung f\u00fcr die digitale Arbeitswelt in der dualen Ausbildung\u201c <\/strong><br><strong>(90 Minuten)<\/strong> (Raum 401\/403)<\/p>\n\n\n\n<p><a href=\"https:\/\/www.hsu-hh.de\/ztb\/wp-content\/uploads\/sites\/665\/2022\/09\/2022-09-13_Handout_Beitrag-WS-W3-2.pdf\">Handout<\/a> zum Workshop<br><\/p>\n\n\n\n<p><\/p>\n\n\n\n<p><sub><strong><abbr title=\"Professor\">Prof.<\/abbr> <abbr title=\"Doktor\">Dr.<\/abbr> Manuel Schulz<\/strong><\/sub><br><sub><abbr title=\"Helmut Schmidt Universit\u00e4t\">HSU<\/abbr>\/UniBw H<\/sub><br><\/p>\n\n\n\n<p><strong><sub>Oberstudienr\u00e4tin und Fachkoordinatorin Goldschmiede Maike Schultz<\/sub><br><sub>Studienrat Finn Grund<\/sub><br><sub>Oberstudienr\u00e4tin Bettina Amme<\/sub><\/strong><sub>r<br>Berufliche Schule Farmsen Medien Technik (BS 19)<\/sub><\/p>\n\n\n\n<p><sub><strong>Oberstudienr\u00e4tin Doreen Eichler<br>Oberstudienr\u00e4tin Theresa Burdack<\/strong><br>Berufliche Schule f\u00fcr medizinische Fachberufe (BS 15)<\/sub><\/p>\n\n\n\n<p><sub><strong>Oberstudienrat Frank Grunwald<br>Studiendirektor Lennart Hoffmann<br>Studienrat Christian Kaune<br>Oberstudienr\u00e4tin Katrin Ramsthaler<\/strong><br>Berufliche Schule f\u00fcr Medien und Kommunikation (BS 17)<\/sub><\/p>\n\n\n\n<p><\/p>\n\n\n\n<p><br><sub><br><\/sub><\/p>\n\n\n\n<p><strong>Vortrag (P3): \u201eDigital Health \u2013 ein neues Universit\u00e4tsmodul f\u00fcr Medizinstudierende\u201c<\/strong> (Raum 405\/406)<\/p>\n\n\n\n<p><sub><strong>Cand med. Daniel Leon Glauert<\/strong><br>Charit\u00e9 Berlin<\/sub><br><sub><strong><abbr title=\"Doktor\">Dr.<\/abbr> Akira Sebastian Poncette<br><abbr title=\"Professor\">Prof.<\/abbr> <abbr title=\"Doktor\">Dr.<\/abbr> Dr. Felix Balzer<\/strong><br>Charit\u00e9 \u2013 Universit\u00e4tsmedizin Berlin, Einstein Center Digital Future (Berlin)<br><strong>Oberfeldarzt <abbr title=\"Privatdozent\">PD<\/abbr> <abbr title=\"Doktor\">Dr.<\/abbr> David Alexander Back<\/strong><\/sub><br><sub>Bundeswehrkrankenhaus Berlin<\/sub><\/p>\n<\/div>\n<\/div>\n<\/div>\n<\/div>\n\n\n\n<div class=\"wp-block-columns is-not-stacked-on-mobile is-layout-flex wp-container-core-columns-is-layout-9d6595d7 wp-block-columns-is-layout-flex\">\n<div class=\"wp-block-column has-grey-background-color has-background is-layout-flow wp-block-column-is-layout-flow\" style=\"flex-basis:8%\">\n<p>17:15 &#8211; 18:00<\/p>\n<\/div>\n\n\n\n<div class=\"wp-block-column is-layout-flow wp-block-column-is-layout-flow\" style=\"flex-basis:46%\">\n<p><\/p>\n<\/div>\n\n\n\n<div class=\"wp-block-column has-grey-background-color has-background is-layout-flow wp-block-column-is-layout-flow\" style=\"flex-basis:46%\">\n<p><strong>Vortrag (P4): \u201eLernmanagementsystem der Bundeswehr (LMSBw) \u2013<\/strong> <strong>Erfahrungen aus der Anwendung des Kurses <strong>\u201a<\/strong>Grundlagen Informationssicherheit<strong>\u2018<\/strong>\u201c<\/strong> (Raum 405\/406)<\/p>\n\n\n\n<p><sub><strong>Wissenschaftlicher Direktor Gernot Zimmerschied<\/strong> (virtuell)<br>BiZBw<\/sub><\/p>\n<\/div>\n<\/div>\n\n\n\n<div class=\"wp-block-columns is-not-stacked-on-mobile is-layout-flex wp-container-core-columns-is-layout-9d6595d7 wp-block-columns-is-layout-flex\">\n<div class=\"wp-block-column has-grey-background-color has-background is-layout-flow wp-block-column-is-layout-flow\" style=\"flex-basis:8%\">\n<p>ab 18:30<\/p>\n<\/div>\n\n\n\n<div class=\"wp-block-column has-grey-background-color has-background is-layout-flow wp-block-column-is-layout-flow\" style=\"flex-basis:92%\">\n<p><strong>Abendveranstaltung<\/strong><\/p>\n<\/div>\n<\/div>\n","protected":false},"excerpt":{"rendered":"<p>(\u00c4nderung vorbehalten) 10:00 &#8211; 10:20 Begr\u00fc\u00dfung (H\u00f6rsaal 5) Prof. Dr. Klaus Beckmann Pr\u00e4sidentHelmut-Schmidt-Universit\u00e4t \/ Universit\u00e4t der Bundeswehr Hamburg (HSU\/UniBw H) 10:25 &#8211; 10:40 Er\u00f6ffnung (H\u00f6rsaal 5) Christine Lambrecht (Videogru\u00dfwort) Bundesministerin [&hellip;]<\/p>\n","protected":false},"author":343,"featured_media":0,"parent":0,"menu_order":0,"comment_status":"closed","ping_status":"closed","template":"","meta":{"footnotes":""},"categories":[4],"tags":[],"class_list":["post-6167","page","type-page","status-publish","hentry","category-forschung"],"_links":{"self":[{"href":"https:\/\/www.hsu-hh.de\/ztb\/wp-json\/wp\/v2\/pages\/6167","targetHints":{"allow":["GET"]}}],"collection":[{"href":"https:\/\/www.hsu-hh.de\/ztb\/wp-json\/wp\/v2\/pages"}],"about":[{"href":"https:\/\/www.hsu-hh.de\/ztb\/wp-json\/wp\/v2\/types\/page"}],"author":[{"embeddable":true,"href":"https:\/\/www.hsu-hh.de\/ztb\/wp-json\/wp\/v2\/users\/343"}],"replies":[{"embeddable":true,"href":"https:\/\/www.hsu-hh.de\/ztb\/wp-json\/wp\/v2\/comments?post=6167"}],"version-history":[{"count":268,"href":"https:\/\/www.hsu-hh.de\/ztb\/wp-json\/wp\/v2\/pages\/6167\/revisions"}],"predecessor-version":[{"id":9553,"href":"https:\/\/www.hsu-hh.de\/ztb\/wp-json\/wp\/v2\/pages\/6167\/revisions\/9553"}],"wp:attachment":[{"href":"https:\/\/www.hsu-hh.de\/ztb\/wp-json\/wp\/v2\/media?parent=6167"}],"wp:term":[{"taxonomy":"category","embeddable":true,"href":"https:\/\/www.hsu-hh.de\/ztb\/wp-json\/wp\/v2\/categories?post=6167"},{"taxonomy":"post_tag","embeddable":true,"href":"https:\/\/www.hsu-hh.de\/ztb\/wp-json\/wp\/v2\/tags?post=6167"}],"curies":[{"name":"wp","href":"https:\/\/api.w.org\/{rel}","templated":true}]}}