{"id":5873,"date":"2022-03-23T11:01:06","date_gmt":"2022-03-23T10:01:06","guid":{"rendered":"https:\/\/www.hsu-hh.de\/ztb\/?page_id=5873"},"modified":"2022-05-15T11:12:32","modified_gmt":"2022-05-15T09:12:32","slug":"tagung-perspektiven-zur-subjektbildung-am-05-und-06-mai-2022","status":"publish","type":"page","link":"https:\/\/www.hsu-hh.de\/ztb\/tagung-perspektiven-zur-subjektbildung-am-05-und-06-mai-2022","title":{"rendered":"Tagung \u201ePerspektiven zur Subjektbildung\u201c am 05. und 06. Mai 2022"},"content":{"rendered":"\n<figure class=\"wp-block-image size-large\"><img loading=\"lazy\" decoding=\"async\" width=\"1024\" height=\"342\" src=\"https:\/\/www.hsu-hh.de\/ztb\/wp-content\/uploads\/sites\/665\/2022\/03\/Campusgelaende-1100x367-1-1024x342.jpg\" data-credit=\"HSU \/ UniBw H\" alt=\"Campusgel\u00e4nde\" class=\"wp-image-5867\" srcset=\"https:\/\/www.hsu-hh.de\/ztb\/wp-content\/uploads\/sites\/665\/2022\/03\/Campusgelaende-1100x367-1-1024x342.jpg 1024w, https:\/\/www.hsu-hh.de\/ztb\/wp-content\/uploads\/sites\/665\/2022\/03\/Campusgelaende-1100x367-1-300x100.jpg 300w, https:\/\/www.hsu-hh.de\/ztb\/wp-content\/uploads\/sites\/665\/2022\/03\/Campusgelaende-1100x367-1-768x256.jpg 768w, https:\/\/www.hsu-hh.de\/ztb\/wp-content\/uploads\/sites\/665\/2022\/03\/Campusgelaende-1100x367-1.jpg 1100w\" sizes=\"auto, (max-width: 1024px) 100vw, 1024px\" \/><\/figure>\n\n\n\n<p>Mit dem Eckpunktepapier des Koalitionsausschusses vom 3. Juni 2020 \u201eCorona-Folgen bek\u00e4mpfen, Wohlstand sichern, Zukunftsf\u00e4higkeit st\u00e4rken\u201c hat die Bundesregierung ein Konjunkturprogramm verabschiedet, um nachhaltig den Strukturwandel von einem industriellen Produktionsstandort hin zu einem Digitalstandort Deutschland zu f\u00f6rdern.<\/p>\n\n\n\n<p>Mit dem Aufbau eines Zentrums f\u00fcr Digitalisierungs- und Technologieforschung der Bundeswehr (Ma\u00dfnahme 49) sollen die Universit\u00e4ten der Bundeswehr als Instrument des Bundes zur F\u00f6rderung der Forschung in den Bereichen Digitalisierung und Technologie genutzt werden, um den Wissenschafts-, Forschungs- und Technologietransfer im Zusammenwirken mit anderen wissenschaftlichen Einrichtungen (Universit\u00e4ten, Forschungsinstituten) sowie mit Wirtschaft und Gesellschaft zu st\u00e4rken.<\/p>\n\n\n\n<p>Im Rahmen dieses Zentrums f\u00fcr Digitalisierungs- und Technologieforschung der Bundeswehr (dtec.bw)<sup><a href=\"#_ftn1\" rel='nofollow'>[1]<\/a> <\/sup>ist das Forschungsprojekt <a rel=\"noreferrer noopener\" href=\"https:\/\/dtecbw.de\/home\/forschung\/hsu\/projekt-kodia\" target=\"_blank\">\u201eKompetenzen f\u00fcr die digitale Arbeitswelt (KoDiA) \u2013 Ert\u00fcchtigung zur Digitalisierung\u201c<\/a> angesiedelt. Im Fokus des Projektes steht <abbr title=\"unter anderem\">u.a.<\/abbr> die Erforschung digitaler Bildung unter Nutzung der M\u00f6glichkeiten des virtuellen Raums als Dimension f\u00fcr Wissenschafts-, Forschungs- und Technologietransfer. Ziel ist es, den Kompetenzerwerb der Subjekte f\u00fcr Bew\u00e4ltigung und Mitgestaltung der digitalen Arbeits- und Lebenswelt zu f\u00f6rdern.<\/p>\n\n\n\n<p>Angesichts eines derart umfangreichen wie differenzierten Forschungsansatzes erscheint es uns sinnvoll und zweckm\u00e4\u00dfig, zun\u00e4chst den \u201eStatus Quo\u201c zur Forschungslage zu untersuchen und zu dokumentieren. Dieses Vorhaben kann nur angemessen erfolgen, wenn die wichtigen wissenschaftlichen Pionierleistungen, die <abbr title=\"Professor\">Prof.<\/abbr> Gerhard M. Zimmer sowohl f\u00fcr die Entwicklung der technologiegest\u00fctzten Bildung als auch f\u00fcr wesentliche Konkretisierungen der Subjektforschung erbracht hat, angemessen auf ihre heutige Relevanz untersucht werden.<\/p>\n\n\n\n<p>Deshalb laden wir Interessierte herzlich zum wissenschaftlichen Austausch zu aktuellen Ans\u00e4tzen der Subjektbildung, ankn\u00fcpfend an die Arbeiten von <abbr title=\"Professor\">Prof.<\/abbr> <abbr title=\"Doktor\">Dr.<\/abbr> Gerhard M. Zimmer, besonders vor dem Hintergrund der Digitalisierung zur<\/p>\n\n\n\n<p class=\"has-text-align-center\"><strong>Hybriden Tagung \u201ePerspektiven zur Subjektbildung\u201c<\/strong><\/p>\n\n\n\n<p class=\"has-text-align-center\"><strong>von Donnerstag, den 05. Mai 2022 (12 \u2013 19 Uhr) bis Freitag, den 06. Mai 2022 (9 \u2013 12 Uhr)<\/strong><\/p>\n\n\n\n<p class=\"has-text-align-center\"><strong>an der Helmut-Schmidt-Universit\u00e4t \/ Universit\u00e4t der Bundeswehr Hamburg sowie virtuell<\/strong><\/p>\n\n\n\n<p>ein.<\/p>\n\n\n\n<p>Die Tagung \u201ePerspektiven zur Subjektbildung\u201c beleuchtet das Werk und Wirken des Bildungsforschers, Herrn <abbr title=\"Professor\">Prof.<\/abbr> <abbr title=\"Doktor\">Dr.<\/abbr> Gerhard M. Zimmer (*19.02.1943 \u202007.03.2020), im Kontext der fortschreitenden Digitalisierung der Lebens- und Arbeitswelt, um Erkenntnisse f\u00fcr das aktuelle Forschungsvorhaben fruchtbar zu machen.<\/p>\n\n\n\n<p>In Fachvortr\u00e4gen, Workshops und anschlie\u00dfenden Diskussionen l\u00e4dt die Tagung dazu ein, unter der Perspektive der Subjektbildung die unterschiedlichen Aspekte der wissenschaftlichen Arbeit von Professor Zimmer aufzunehmen, zu reflektieren und auf aktuelle sowie zuk\u00fcnftige Herausforderungen zu beziehen.<\/p>\n\n\n\n<p>Die Ergebnisse der Tagung und welche Ankn\u00fcpfungspunkte sich daraus f\u00fcr die p\u00e4dagogische Gestaltung beruflicher (Aus)Bildung ergeben, werden in die Forschungsarbeit des Projektes \u201eKompetenzen f\u00fcr die digitale Arbeitswelt (KoDiA) \u2013 Ert\u00fcchtigung zur Digitalisierung\u201c einflie\u00dfen.<\/p>\n\n\n\n<p>Alle Interessierten sind herzlich eingeladen am hybriden <a href=\"https:\/\/www.hsu-hh.de\/ztb\/tagungsprogramm-perspektiven-zur-subjektbildung\" target=\"_blank\" rel=\"noreferrer noopener\">Tagungsprogramm<\/a> teilzunehmen. Die <strong>Teilnahme ist kostenfrei<\/strong> und eine Anmeldung noch <strong>bis zum 27. April 2022<\/strong> <a rel=\"noreferrer noopener\" href=\"https:\/\/meetyoo.live\/register\/1\/hsu\" target=\"_blank\">hier<\/a> m\u00f6glich.<\/p>\n\n\n\n<p>Um interessierten Teilnehmenden eine Bezugnahme zu den unterschiedlichen Aspekten der wissenschaftlichen Arbeit von <abbr title=\"Professor\">Prof.<\/abbr> <abbr title=\"Doktor\">Dr.<\/abbr> Zimmer zu erm\u00f6glichen, haben wir eine <a href=\"https:\/\/www.hsu-hh.de\/ztb\/wp-content\/uploads\/sites\/665\/2022\/03\/2022-03-22-Anl.2_Auswahlbibliographie-1.pdf\" target=\"_blank\" rel=\"noreferrer noopener\">Auswahlbibliographie<\/a> zu seinem umfangreichen \u0152uvre zusammengestellt. Sie ist als inspirierende und impulsgebende Einladung f\u00fcr eine gemeinsame Diskussion gedacht.<\/p>\n\n\n\n<p>Damit digital und pr\u00e4sent Teilnehmende gleicherma\u00dfen teilhaben k\u00f6nnen, ist die Tagung als hybride Veranstaltung geplant, <abbr title=\"das hei\u00dft\">d.h.<\/abbr> einige Programmpunkte werden in Pr\u00e4senz durchgef\u00fchrt und als Stream auf der Veranstaltungsplattform \u00fcbertragen. Genauso werden die digitalen Anteile vor Ort \u00fcbertragen.<\/p>\n\n\n\n<p>F\u00fcr Fragen stehen wir Ihnen jederzeit gerne unter <a href=\"mailto:tagung-subjektbildung@hsu-hh.de\" rel='nofollow'>tagung-subjektbildung@hsu-hh.de<\/a> zur Verf\u00fcgung.<\/p>\n\n\n\n<p>Informationen zu den Datenschutzbestimmungen finden Sie <a rel=\"noreferrer noopener\" href=\"https:\/\/www.hsu-hh.de\/ztb\/wp-content\/uploads\/sites\/665\/2022\/02\/2022-01-28-Hinweise-auf-Artikel-13-DSGVO.pdf\" target=\"_blank\">hier<\/a>.<\/p>\n\n\n\n<p><\/p>\n\n\n\n<p>Die Tagung ist eine gemeinschaftliche Veranstaltung der <a href=\"https:\/\/www.hsu-hh.de\/bbp\/\" target=\"_blank\" rel=\"noreferrer noopener\">Professur f\u00fcr Berufs- und Betriebsp\u00e4dagogik<\/a> (<abbr title=\"Professor\">Prof.<\/abbr>&#8218;in <abbr title=\"Doktor\">Dr.<\/abbr> Karin B\u00fcchter) und des Zentrums f\u00fcr technologiegest\u00fctzte Bildung (ZtB, <abbr title=\"Professor\">Prof.<\/abbr> <abbr title=\"Doktor\">Dr.<\/abbr> Manuel Schulz)<\/p>\n\n\n\n<p> <\/p>\n\n\n\n<p class=\"has-text-align-center\">  <abbr title=\"Professor\">Prof.<\/abbr>&#8218;in <abbr title=\"Doktor\">Dr.<\/abbr> Karin B\u00fcchter   &#8211;   <abbr title=\"Professor\">Prof.<\/abbr> <abbr title=\"Doktor\">Dr.<\/abbr> Manuel Schulz   &#8211;   AkDir&#8217;in <abbr title=\"Diplom\">Dipl.<\/abbr>-P\u00e4d. Andrea Neusius   &#8211;   <abbr title=\"Doktor\">Dr.<\/abbr>&#8218;in Antje Pabst<\/p>\n\n\n\n<hr class=\"wp-block-separator\" \/>\n\n\n\n<p>Einen Nachbericht zur Tagung finden Sie auf der folgenden Seite (<a href=\"https:\/\/www.hsu-hh.de\/ztb\/tagung-perspektiven-zur-subjektbildung-erfolgreich-durchgefuehrt\" target=\"_blank\" rel=\"noreferrer noopener\">mehr<\/a>)<\/p>\n\n\n\n<hr class=\"wp-block-separator\" \/>\n\n\n\n<p><a href=\"#_ftnref1\" rel='nofollow'><sup>[1]<\/sup> <\/a>Das <a rel=\"noreferrer noopener\" href=\"https:\/\/dtecbw.de\" target=\"_blank\">dtec.bw \u2013 Zentrum f\u00fcr Digitalisierungs- und Technologieforschung der Bundeswehr<\/a> \u2013 ist ein von den Universit\u00e4ten der Bundeswehr Hamburg und M\u00fcnchen gemeinsam getragenes wissenschaftliches Zentrum und Bestandteil des Konjunkturprogramms der Bundesregierung zur \u00dcberwindung der COVID-19-Krise. Es unterliegt der akademischen Selbstverwaltung. Die Mittel, mit dem das dtec.bw ausgestattet wurde, werden an beiden Universit\u00e4ten der Bundeswehr zur Finanzierung von Forschungsprojekten und Projekten zum Wissens- und Technologietransfer eingesetzt.<\/p>\n","protected":false},"excerpt":{"rendered":"<p>Mit dem Eckpunktepapier des Koalitionsausschusses vom 3. Juni 2020 \u201eCorona-Folgen bek\u00e4mpfen, Wohlstand sichern, Zukunftsf\u00e4higkeit st\u00e4rken\u201c hat die Bundesregierung ein Konjunkturprogramm verabschiedet, um nachhaltig den Strukturwandel von einem industriellen Produktionsstandort hin [&hellip;]<\/p>\n","protected":false},"author":343,"featured_media":0,"parent":0,"menu_order":0,"comment_status":"closed","ping_status":"closed","template":"","meta":{"footnotes":""},"categories":[4],"tags":[],"class_list":["post-5873","page","type-page","status-publish","hentry","category-forschung"],"_links":{"self":[{"href":"https:\/\/www.hsu-hh.de\/ztb\/wp-json\/wp\/v2\/pages\/5873","targetHints":{"allow":["GET"]}}],"collection":[{"href":"https:\/\/www.hsu-hh.de\/ztb\/wp-json\/wp\/v2\/pages"}],"about":[{"href":"https:\/\/www.hsu-hh.de\/ztb\/wp-json\/wp\/v2\/types\/page"}],"author":[{"embeddable":true,"href":"https:\/\/www.hsu-hh.de\/ztb\/wp-json\/wp\/v2\/users\/343"}],"replies":[{"embeddable":true,"href":"https:\/\/www.hsu-hh.de\/ztb\/wp-json\/wp\/v2\/comments?post=5873"}],"version-history":[{"count":29,"href":"https:\/\/www.hsu-hh.de\/ztb\/wp-json\/wp\/v2\/pages\/5873\/revisions"}],"predecessor-version":[{"id":6363,"href":"https:\/\/www.hsu-hh.de\/ztb\/wp-json\/wp\/v2\/pages\/5873\/revisions\/6363"}],"wp:attachment":[{"href":"https:\/\/www.hsu-hh.de\/ztb\/wp-json\/wp\/v2\/media?parent=5873"}],"wp:term":[{"taxonomy":"category","embeddable":true,"href":"https:\/\/www.hsu-hh.de\/ztb\/wp-json\/wp\/v2\/categories?post=5873"},{"taxonomy":"post_tag","embeddable":true,"href":"https:\/\/www.hsu-hh.de\/ztb\/wp-json\/wp\/v2\/tags?post=5873"}],"curies":[{"name":"wp","href":"https:\/\/api.w.org\/{rel}","templated":true}]}}