{"id":5759,"date":"2022-02-03T11:56:22","date_gmt":"2022-02-03T10:56:22","guid":{"rendered":"https:\/\/www.hsu-hh.de\/ztb\/?page_id=5759"},"modified":"2022-05-13T10:25:52","modified_gmt":"2022-05-13T08:25:52","slug":"news-zum-ausbildungskongress-2022","status":"publish","type":"page","link":"https:\/\/www.hsu-hh.de\/ztb\/news-zum-ausbildungskongress-2022","title":{"rendered":"News zum (Aus)Bildungskongress 2022"},"content":{"rendered":"\n<p><\/p>\n\n\n\n<p><strong>13. Mai 2022<\/strong><\/p>\n\n\n\n<div class=\"wp-block-columns is-layout-flex wp-container-core-columns-is-layout-9d6595d7 wp-block-columns-is-layout-flex\">\n<div class=\"wp-block-column is-layout-flow wp-block-column-is-layout-flow\">\n<div class=\"wp-block-columns is-layout-flex wp-container-core-columns-is-layout-9d6595d7 wp-block-columns-is-layout-flex\">\n<div class=\"wp-block-column is-layout-flow wp-block-column-is-layout-flow\">\n<div class=\"wp-block-columns is-layout-flex wp-container-core-columns-is-layout-9d6595d7 wp-block-columns-is-layout-flex\">\n<div class=\"wp-block-column is-layout-flow wp-block-column-is-layout-flow\">\n<figure class=\"wp-block-image size-full is-resized\"><img loading=\"lazy\" decoding=\"async\" src=\"https:\/\/www.hsu-hh.de\/ztb\/wp-content\/uploads\/sites\/665\/2022\/05\/022_5376.jpg\" data-credit=\"HSU \/ UniBw H\" alt=\"Perseptiven zur Subjektbildung\" class=\"wp-image-6173\" width=\"250\" height=\"167\" srcset=\"https:\/\/www.hsu-hh.de\/ztb\/wp-content\/uploads\/sites\/665\/2022\/05\/022_5376.jpg 1000w, https:\/\/www.hsu-hh.de\/ztb\/wp-content\/uploads\/sites\/665\/2022\/05\/022_5376-300x200.jpg 300w, https:\/\/www.hsu-hh.de\/ztb\/wp-content\/uploads\/sites\/665\/2022\/05\/022_5376-768x511.jpg 768w\" sizes=\"auto, (max-width: 250px) 100vw, 250px\" \/><\/figure>\n<\/div>\n\n\n\n<div class=\"wp-block-column is-layout-flow wp-block-column-is-layout-flow\" style=\"flex-basis:75%\">\n<p><a href=\"https:\/\/www.hsu-hh.de\/ztb\/tagung-perspektiven-zur-subjektbildung-erfolgreich-durchgefuehrt\" target=\"_blank\" rel=\"noreferrer noopener\"><strong>Tagung \u201ePerspektiven zur Subjektbildung\u201c erfolgreich durchgef\u00fchrt<\/strong><\/a><\/p>\n\n\n\n<p>Am 05. \u2013 06. Mai 2022 wurde an der Helmut Schmidt Universit\u00e4t \/ Universit\u00e4t der Bundeswehr Hamburg die <strong>Tagung \u201ePerspektiven zur Subjektbildung\u201c<\/strong>, als <strong>hybride Tagung<\/strong> durchgef\u00fchrt. Sie stand im Gedenken des Werks und Wirkens des Bildungsforschers,<strong> Herrn <abbr title=\"Professor\">Prof.<\/abbr> <abbr title=\"Doktor\">Dr.<\/abbr> Gerhard M. Zimmer<\/strong> (*19.02.1943 \u202007.03.2020). <\/p>\n\n\n\n<p>In zehn unterschiedlichen Beitr\u00e4gen&#8230;(<a href=\"https:\/\/www.hsu-hh.de\/ztb\/tagung-perspektiven-zur-subjektbildung-erfolgreich-durchgefuehrt\" target=\"_blank\" rel=\"noreferrer noopener\">mehr<\/a>)<\/p>\n<\/div>\n<\/div>\n\n\n\n<hr class=\"wp-block-separator\" \/>\n\n\n\n<p><\/p>\n\n\n\n<p><\/p>\n\n\n\n<p><strong><em>02. Dezember 2021<\/em><\/strong><\/p>\n\n\n\n<p><a rel=\"noreferrer noopener\" href=\"https:\/\/www.hsu-hh.de\/ausbildungskongress-der-bundeswehr-wird-erster-virtueller-kongress-des-zentrums-fuer-digitalisierungs-und-technologieforschung-der-bundeswehr-dtec-bw\" target=\"_blank\"><strong>(Aus)Bildungskongress der Bundeswehr wird erster virtueller Kongress des Zentrums f\u00fcr Digitalisierungs- und Technologieforschung der Bundeswehr (dtec.bw<\/strong><\/a><\/p>\n\n\n\n<p>Am Mittwoch, den 1.12.2021, tagte das Programmkomitee des (Aus)Bildungskongresses der Bundeswehr zur neuen inhaltlichen und virtuellen Gestaltung des wissenschaftlichen Tagungsprogramms des Kongresses und best\u00e4tigte die Durchf\u00fchrung als virtuelle Veranstaltung mit skalierbaren Pr\u00e4senzanteilen. Die Corona-Pandemie erforderte ein Umdenken f\u00fcr die Planung und Ausgestaltung des (Aus)Bildungskongresses der Bundeswehr seit 2020. Mit der\u2026<a href=\"https:\/\/www.hsu-hh.de\/ausbildungskongress-der-bundeswehr-wird-erster-virtueller-kongress-des-zentrums-fuer-digitalisierungs-und-technologieforschung-der-bundeswehr-dtec-bw\">(mehr)<\/a><\/p>\n<\/div>\n<\/div>\n<\/div>\n<\/div>\n\n\n\n<p><\/p>\n","protected":false},"excerpt":{"rendered":"<p>13. Mai 2022 Tagung \u201ePerspektiven zur Subjektbildung\u201c erfolgreich durchgef\u00fchrt Am 05. \u2013 06. Mai 2022 wurde an der Helmut Schmidt Universit\u00e4t \/ Universit\u00e4t der Bundeswehr Hamburg die Tagung \u201ePerspektiven zur [&hellip;]<\/p>\n","protected":false},"author":343,"featured_media":0,"parent":0,"menu_order":0,"comment_status":"closed","ping_status":"closed","template":"","meta":{"footnotes":""},"categories":[4],"tags":[],"class_list":["post-5759","page","type-page","status-publish","hentry","category-forschung"],"_links":{"self":[{"href":"https:\/\/www.hsu-hh.de\/ztb\/wp-json\/wp\/v2\/pages\/5759","targetHints":{"allow":["GET"]}}],"collection":[{"href":"https:\/\/www.hsu-hh.de\/ztb\/wp-json\/wp\/v2\/pages"}],"about":[{"href":"https:\/\/www.hsu-hh.de\/ztb\/wp-json\/wp\/v2\/types\/page"}],"author":[{"embeddable":true,"href":"https:\/\/www.hsu-hh.de\/ztb\/wp-json\/wp\/v2\/users\/343"}],"replies":[{"embeddable":true,"href":"https:\/\/www.hsu-hh.de\/ztb\/wp-json\/wp\/v2\/comments?post=5759"}],"version-history":[{"count":21,"href":"https:\/\/www.hsu-hh.de\/ztb\/wp-json\/wp\/v2\/pages\/5759\/revisions"}],"predecessor-version":[{"id":6598,"href":"https:\/\/www.hsu-hh.de\/ztb\/wp-json\/wp\/v2\/pages\/5759\/revisions\/6598"}],"wp:attachment":[{"href":"https:\/\/www.hsu-hh.de\/ztb\/wp-json\/wp\/v2\/media?parent=5759"}],"wp:term":[{"taxonomy":"category","embeddable":true,"href":"https:\/\/www.hsu-hh.de\/ztb\/wp-json\/wp\/v2\/categories?post=5759"},{"taxonomy":"post_tag","embeddable":true,"href":"https:\/\/www.hsu-hh.de\/ztb\/wp-json\/wp\/v2\/tags?post=5759"}],"curies":[{"name":"wp","href":"https:\/\/api.w.org\/{rel}","templated":true}]}}