{"id":3596,"date":"2020-08-24T15:24:16","date_gmt":"2020-08-24T13:24:16","guid":{"rendered":"https:\/\/www.hsu-hh.de\/ztb\/?page_id=3596"},"modified":"2022-09-23T10:01:17","modified_gmt":"2022-09-23T08:01:17","slug":"praktikanten","status":"publish","type":"page","link":"https:\/\/www.hsu-hh.de\/ztb\/praktikanten","title":{"rendered":"Den Ausbildungskongress als Praktikant*in unterst\u00fctzen"},"content":{"rendered":"<p>Liebe Kameradinnen und Kameraden,<br \/>\nin dem folgenden Podcast m\u00f6chten wir Ihnen gerne einen Einblick \u00fcber unser Praktikum im Zentrum f\u00fcr technologiegest\u00fctzte Bildung geben.<\/p>\n<p>Das Zentrum f\u00fcr technologiegest\u00fctzte Bildung, kurz ZtB, ist eine zentrale wissenschaftliche Einrichtung der Helmut-Schmidt-Universit\u00e4t und damit integraler Bestandteil unserer Universit\u00e4t. Das ZtB \u00fcbernimmt Forschungsauftr\u00e4ge f\u00fcr Auftraggeber im Gesch\u00e4ftsbereich des BMVg sowie andere \u00f6ffentliche und private Organisationen und Institutionen auf dem Gebiet der Aus-, Fort- und Weiterbildung.<\/p>\n<p>Einer der Arbeitsschwerpunkte des ZtB`s ist die Vorbereitung, Organisation und Durchf\u00fchrung des (Aus)Bildungskongress der Bundeswehr. Er besteht aus einer wissenschaftlichen Tagung und einer begleitenden Fachausstellung. Den Kongress gibt es bereits seit 2004 und er ist der gr\u00f6\u00dfte Fachkongress der Bundeswehr.<\/p>\n<p>Hier zur Illustration ein paar Fakten aus dem Jahr 2019:<br \/>\nIm Jahr 2019 gab es rund 2.100 Besucher, 109 Referenten, 70 Veranstaltungen und 53 Ausstellungen, welche sich mit dem Thema \u201eIm Einsatz f\u00fcr die Gesellschaft \u2013 (Aus)Bildung f\u00fcr Einsatzkr\u00e4fte der Zukunft\u201c auseinandergesetzt haben. Dabei kann der Kongress immer wieder hochrangige Besucher aus Wissenschaft und Bundeswehr verzeichnen.<\/p>\n<p>Im Zuge der COVID 19 Schutzma\u00dfnahmen an der Universit\u00e4t wurde beschlossen, den (Aus)Bildungskongress der Bundeswehr 2020 auf das Jahr 2022 zu verschieben, da einerseits aufgrund der Schutzma\u00dfnahmen der Raum- und Zeitbedarf f\u00fcr den Kongress gestiegen w\u00e4re, andererseits aber die R\u00e4umlichkeiten f\u00fcr Pr\u00fcfungen ben\u00f6tigt werden.<\/p>\n<p>Die freiwerdende Zeit wird genutzt, um den Kongress um virtuelle Anteile zu erweitern. Damit beginnen wir bereits in dieses Jahr.<\/p>\n<p>Im Folgenden m\u00f6chten wir Sie \u00fcber unsere Aufgabenfelder und unserer Erfahrungen w\u00e4hrend des Praktikums informieren, bei dem Sie sich in allen Bereichen der Organisation einer wissenschaftlichen Gro\u00dfveranstaltung engagieren k\u00f6nnen. Angefangen von Marketing und \u00d6ffentlichkeitsarbeit, \u00fcber die Teilnehmerbetreuung, Infrastruktur sowie Catering, aber auch in der abschlie\u00dfenden Evaluation. Das alles kann f\u00fcr Sie ein wertvoller Erfahrungsgewinn sein, mit dem Sie die notwendigen Kompetenzen erwerben k\u00f6nnen, um wissenschaftliche Gro\u00dfveranstaltungen erfolgreich zu managen. Und alle Arbeit f\u00fchren Sie selbstst\u00e4ndig und selbstverantwortlich durch, w\u00e4hrend Ihre Arbeitsergebnisse weithin sichtbar sind.<\/p>\n<p>Darum wollen wir Ihnen nun kurz von unseren Erfahrungen im Kongressteam berichten.<\/p>\n<h3>S. Zeutschel\u00a0 &#8211;\u00a0 Erstellung von Podcast<\/h3>\n<p><img loading=\"lazy\" decoding=\"async\" class=\"alignleft wp-image-3798 size-medium\" src=\"https:\/\/www.hsu-hh.de\/ztb\/wp-content\/uploads\/sites\/665\/2020\/08\/SZ-169x300.jpg\" alt=\"SZ\" width=\"169\" height=\"300\" data-credit=\"SZ\" srcset=\"https:\/\/www.hsu-hh.de\/ztb\/wp-content\/uploads\/sites\/665\/2020\/08\/SZ-169x300.jpg 169w, https:\/\/www.hsu-hh.de\/ztb\/wp-content\/uploads\/sites\/665\/2020\/08\/SZ.jpg 425w\" sizes=\"auto, (max-width: 169px) 100vw, 169px\" \/><\/p>\n<audio class=\"wp-audio-shortcode\" id=\"audio-3596-1\" preload=\"auto\" style=\"width: 100%;\" controls=\"controls\"><source type=\"audio\/mpeg\" src=\"https:\/\/www.hsu-hh.de\/ztb\/wp-content\/uploads\/sites\/665\/2020\/09\/2020-09-04-Beitrag-Sophie-Zeutschel.m4a?_=1\" \/><a href=\"https:\/\/www.hsu-hh.de\/ztb\/wp-content\/uploads\/sites\/665\/2020\/09\/2020-09-04-Beitrag-Sophie-Zeutschel.m4a\">https:\/\/www.hsu-hh.de\/ztb\/wp-content\/uploads\/sites\/665\/2020\/09\/2020-09-04-Beitrag-Sophie-Zeutschel.m4a<\/a><\/audio>\n<h3>J. Schweizer &#8211; Webdesign &amp; technische Umsetzung<\/h3>\n<p><img loading=\"lazy\" decoding=\"async\" class=\"alignleft wp-image-3799 size-medium\" src=\"https:\/\/www.hsu-hh.de\/ztb\/wp-content\/uploads\/sites\/665\/2020\/08\/JS-300x200.jpg\" alt=\"JS\" width=\"300\" height=\"200\" data-credit=\"JS\" srcset=\"https:\/\/www.hsu-hh.de\/ztb\/wp-content\/uploads\/sites\/665\/2020\/08\/JS-300x200.jpg 300w, https:\/\/www.hsu-hh.de\/ztb\/wp-content\/uploads\/sites\/665\/2020\/08\/JS.jpg 720w\" sizes=\"auto, (max-width: 300px) 100vw, 300px\" \/><\/p>\n<audio class=\"wp-audio-shortcode\" id=\"audio-3596-2\" preload=\"none\" style=\"width: 100%;\" controls=\"controls\"><source type=\"audio\/mpeg\" src=\"https:\/\/www.hsu-hh.de\/ztb\/wp-content\/uploads\/sites\/665\/2020\/10\/2020-09-04-Beitrag-JS-Audio.mp3?_=2\" \/><a href=\"https:\/\/www.hsu-hh.de\/ztb\/wp-content\/uploads\/sites\/665\/2020\/10\/2020-09-04-Beitrag-JS-Audio.mp3\">https:\/\/www.hsu-hh.de\/ztb\/wp-content\/uploads\/sites\/665\/2020\/10\/2020-09-04-Beitrag-JS-Audio.mp3<\/a><\/audio>\n<p><strong>Der (Aus)Bildungskongress 2022 fand vom 13. &#8211; bis 15. September statt.<\/strong> Konnten wir Ihr Interesse wecken? M\u00f6chten Sie sich als Praktikant f\u00fcr den Ausbildungskongress 2023 bewerben?<\/p>\n<p>Kontaktieren Sie gerne den zust\u00e4ndigen Mitarbeiter, Herrn J\u00f6rg Meister unter der Telefonnummer 040 6541 3510 oder per E-Mail unter joerg.meister@hsu-hh.de. Er wird Sie gerne beraten. Wir freuen uns auf Sie.<\/p>\n","protected":false},"excerpt":{"rendered":"<p>Liebe Kameradinnen und Kameraden, in dem folgenden Podcast m\u00f6chten wir Ihnen gerne einen Einblick \u00fcber unser Praktikum im Zentrum f\u00fcr technologiegest\u00fctzte Bildung geben. Das Zentrum f\u00fcr technologiegest\u00fctzte Bildung, kurz ZtB, [&hellip;]<\/p>\n","protected":false},"author":2535,"featured_media":0,"parent":0,"menu_order":0,"comment_status":"closed","ping_status":"closed","template":"","meta":{"footnotes":""},"categories":[47],"tags":[],"class_list":["post-3596","page","type-page","status-publish","hentry","category-kongress"],"_links":{"self":[{"href":"https:\/\/www.hsu-hh.de\/ztb\/wp-json\/wp\/v2\/pages\/3596","targetHints":{"allow":["GET"]}}],"collection":[{"href":"https:\/\/www.hsu-hh.de\/ztb\/wp-json\/wp\/v2\/pages"}],"about":[{"href":"https:\/\/www.hsu-hh.de\/ztb\/wp-json\/wp\/v2\/types\/page"}],"author":[{"embeddable":true,"href":"https:\/\/www.hsu-hh.de\/ztb\/wp-json\/wp\/v2\/users\/2535"}],"replies":[{"embeddable":true,"href":"https:\/\/www.hsu-hh.de\/ztb\/wp-json\/wp\/v2\/comments?post=3596"}],"version-history":[{"count":31,"href":"https:\/\/www.hsu-hh.de\/ztb\/wp-json\/wp\/v2\/pages\/3596\/revisions"}],"predecessor-version":[{"id":7100,"href":"https:\/\/www.hsu-hh.de\/ztb\/wp-json\/wp\/v2\/pages\/3596\/revisions\/7100"}],"wp:attachment":[{"href":"https:\/\/www.hsu-hh.de\/ztb\/wp-json\/wp\/v2\/media?parent=3596"}],"wp:term":[{"taxonomy":"category","embeddable":true,"href":"https:\/\/www.hsu-hh.de\/ztb\/wp-json\/wp\/v2\/categories?post=3596"},{"taxonomy":"post_tag","embeddable":true,"href":"https:\/\/www.hsu-hh.de\/ztb\/wp-json\/wp\/v2\/tags?post=3596"}],"curies":[{"name":"wp","href":"https:\/\/api.w.org\/{rel}","templated":true}]}}