{"id":3585,"date":"2020-08-18T10:08:57","date_gmt":"2020-08-18T08:08:57","guid":{"rendered":"https:\/\/www.hsu-hh.de\/ztb\/?page_id=3585"},"modified":"2024-03-15T11:45:45","modified_gmt":"2024-03-15T10:45:45","slug":"hinter-den-kulissen","status":"publish","type":"page","link":"https:\/\/www.hsu-hh.de\/ztb\/hinter-den-kulissen","title":{"rendered":"Hinter den Kulissen"},"content":{"rendered":"<div>\n<p><img loading=\"lazy\" decoding=\"async\" width=\"1024\" height=\"341\" class=\"wp-image-3647\" src=\"https:\/\/www.hsu-hh.de\/ztb\/wp-content\/uploads\/sites\/665\/2020\/08\/Slider-Gruppenbild-1024x341.jpg\" alt=\"Gruppenbild\" data-credit=\"Scheiblich\" srcset=\"https:\/\/www.hsu-hh.de\/ztb\/wp-content\/uploads\/sites\/665\/2020\/08\/Slider-Gruppenbild-1024x341.jpg 1024w, https:\/\/www.hsu-hh.de\/ztb\/wp-content\/uploads\/sites\/665\/2020\/08\/Slider-Gruppenbild-300x100.jpg 300w, https:\/\/www.hsu-hh.de\/ztb\/wp-content\/uploads\/sites\/665\/2020\/08\/Slider-Gruppenbild-768x256.jpg 768w, https:\/\/www.hsu-hh.de\/ztb\/wp-content\/uploads\/sites\/665\/2020\/08\/Slider-Gruppenbild-1536x512.jpg 1536w, https:\/\/www.hsu-hh.de\/ztb\/wp-content\/uploads\/sites\/665\/2020\/08\/Slider-Gruppenbild-2048x683.jpg 2048w, https:\/\/www.hsu-hh.de\/ztb\/wp-content\/uploads\/sites\/665\/2020\/08\/Slider-Gruppenbild-1100x367.jpg 1100w\" sizes=\"auto, (max-width: 1024px) 100vw, 1024px\" \/><\/p>\n<p>Auf dieser Seite m\u00f6chten wir Ihnen einen Einblick in den (Aus)Bildungskongress 2022 geben \u2013 und zwar hinter den Kulissen. Dieser Blick ist besonders lohnenswert, da wir alle, aufgrund der aktuellen Umst\u00e4nde, vor besondere Herausforderungen gestellt wurden. Doch genau diese Herausforderungen gilt es, als Enabler von Innovation und innovativen Arbeitsprozessen zu verstehen. Und gem\u00e4\u00df unserem Forschungsziel m\u00f6chten wir Ihnen hier Einblicke in diese Innovationen bieten, welche vom Team des ZtBs mit Unterst\u00fctzung unserer Praktikanten entwickelt wurden.<\/p>\n<hr \/>\n<div class=\"clearfix\">\n<div class=\"content-block3\">\n<p>Podcast unserer Praktikant*innen<\/p>\n<\/div>\n<div class=\"content-block3\"><\/div>\n<p style=\"text-align: right\"><a href=\"https:\/\/www.hsu-hh.de\/ztb\/hinter-den-kulissen\/podcast-unserer-praktikantinnen\">Zum Beitrag<\/a> &gt;<\/p>\n<\/div>\n<hr \/>\n<div class=\"clearfix\">\n<div class=\"content-block3\">\n<p>Den Kongress als Praktikant*in unterst\u00fctzen<\/p>\n<\/div>\n<div class=\"content-block3\"><\/div>\n<p style=\"text-align: right\"><a href=\"https:\/\/www.hsu-hh.de\/ztb\/impressionen\/praktikanten\">Zum Beitrag<\/a> &gt;<\/p>\n<\/div>\n<hr \/>\n<\/div>\n","protected":false},"excerpt":{"rendered":"<p>Auf dieser Seite m\u00f6chten wir Ihnen einen Einblick in den (Aus)Bildungskongress 2022 geben \u2013 und zwar hinter den Kulissen. Dieser Blick ist besonders lohnenswert, da wir alle, aufgrund der aktuellen [&hellip;]<\/p>\n","protected":false},"author":2535,"featured_media":0,"parent":0,"menu_order":0,"comment_status":"closed","ping_status":"closed","template":"","meta":{"footnotes":""},"categories":[47],"tags":[],"class_list":["post-3585","page","type-page","status-publish","hentry","category-kongress"],"_links":{"self":[{"href":"https:\/\/www.hsu-hh.de\/ztb\/wp-json\/wp\/v2\/pages\/3585","targetHints":{"allow":["GET"]}}],"collection":[{"href":"https:\/\/www.hsu-hh.de\/ztb\/wp-json\/wp\/v2\/pages"}],"about":[{"href":"https:\/\/www.hsu-hh.de\/ztb\/wp-json\/wp\/v2\/types\/page"}],"author":[{"embeddable":true,"href":"https:\/\/www.hsu-hh.de\/ztb\/wp-json\/wp\/v2\/users\/2535"}],"replies":[{"embeddable":true,"href":"https:\/\/www.hsu-hh.de\/ztb\/wp-json\/wp\/v2\/comments?post=3585"}],"version-history":[{"count":30,"href":"https:\/\/www.hsu-hh.de\/ztb\/wp-json\/wp\/v2\/pages\/3585\/revisions"}],"predecessor-version":[{"id":5845,"href":"https:\/\/www.hsu-hh.de\/ztb\/wp-json\/wp\/v2\/pages\/3585\/revisions\/5845"}],"wp:attachment":[{"href":"https:\/\/www.hsu-hh.de\/ztb\/wp-json\/wp\/v2\/media?parent=3585"}],"wp:term":[{"taxonomy":"category","embeddable":true,"href":"https:\/\/www.hsu-hh.de\/ztb\/wp-json\/wp\/v2\/categories?post=3585"},{"taxonomy":"post_tag","embeddable":true,"href":"https:\/\/www.hsu-hh.de\/ztb\/wp-json\/wp\/v2\/tags?post=3585"}],"curies":[{"name":"wp","href":"https:\/\/api.w.org\/{rel}","templated":true}]}}