{"id":3583,"date":"2020-08-18T10:08:11","date_gmt":"2020-08-18T08:08:11","guid":{"rendered":"https:\/\/www.hsu-hh.de\/ztb\/?page_id=3583"},"modified":"2020-09-02T11:00:53","modified_gmt":"2020-09-02T09:00:53","slug":"fachbeitraege","status":"publish","type":"page","link":"https:\/\/www.hsu-hh.de\/ztb\/fachbeitraege","title":{"rendered":"Fachbeitr\u00e4ge"},"content":{"rendered":"<p><img loading=\"lazy\" decoding=\"async\" width=\"1024\" height=\"700\" class=\"aligncenter wp-image-3633\" src=\"https:\/\/www.hsu-hh.de\/ztb\/wp-content\/uploads\/sites\/665\/2020\/08\/2019_316-1024x700.jpg\" alt=\"Konzeptmap\" data-credit=\"Scheiblich\" srcset=\"https:\/\/www.hsu-hh.de\/ztb\/wp-content\/uploads\/sites\/665\/2020\/08\/2019_316-1024x700.jpg 1024w, https:\/\/www.hsu-hh.de\/ztb\/wp-content\/uploads\/sites\/665\/2020\/08\/2019_316-300x205.jpg 300w, https:\/\/www.hsu-hh.de\/ztb\/wp-content\/uploads\/sites\/665\/2020\/08\/2019_316-768x525.jpg 768w, https:\/\/www.hsu-hh.de\/ztb\/wp-content\/uploads\/sites\/665\/2020\/08\/2019_316-1536x1051.jpg 1536w, https:\/\/www.hsu-hh.de\/ztb\/wp-content\/uploads\/sites\/665\/2020\/08\/2019_316-2048x1401.jpg 2048w, https:\/\/www.hsu-hh.de\/ztb\/wp-content\/uploads\/sites\/665\/2020\/08\/2019_316-1100x752.jpg 1100w\" sizes=\"auto, (max-width: 1024px) 100vw, 1024px\" \/><\/p>\n<p style=\"text-align: center\">An dieser Stelle werden Sie zuk\u00fcnftig unsere Fachbeitr\u00e4ge finden.<br \/>\nDerzeit befindet sich die Seite noch im Aufbau.<br \/>\nF\u00fchlen Sie sich eingeladen, unsere Homepage in den n\u00e4chsten Tagen wieder zu besuchen.<\/p>\n<p style=\"text-align: center\">Wir freuen uns auf Sie.<\/p>\n<p style=\"text-align: center\">\n","protected":false},"excerpt":{"rendered":"<p>An dieser Stelle werden Sie zuk\u00fcnftig unsere Fachbeitr\u00e4ge finden. Derzeit befindet sich die Seite noch im Aufbau. F\u00fchlen Sie sich eingeladen, unsere Homepage in den n\u00e4chsten Tagen wieder zu besuchen. [&hellip;]<\/p>\n","protected":false},"author":2535,"featured_media":0,"parent":0,"menu_order":0,"comment_status":"closed","ping_status":"closed","template":"","meta":{"footnotes":""},"categories":[47],"tags":[],"class_list":["post-3583","page","type-page","status-publish","hentry","category-kongress"],"_links":{"self":[{"href":"https:\/\/www.hsu-hh.de\/ztb\/wp-json\/wp\/v2\/pages\/3583","targetHints":{"allow":["GET"]}}],"collection":[{"href":"https:\/\/www.hsu-hh.de\/ztb\/wp-json\/wp\/v2\/pages"}],"about":[{"href":"https:\/\/www.hsu-hh.de\/ztb\/wp-json\/wp\/v2\/types\/page"}],"author":[{"embeddable":true,"href":"https:\/\/www.hsu-hh.de\/ztb\/wp-json\/wp\/v2\/users\/2535"}],"replies":[{"embeddable":true,"href":"https:\/\/www.hsu-hh.de\/ztb\/wp-json\/wp\/v2\/comments?post=3583"}],"version-history":[{"count":7,"href":"https:\/\/www.hsu-hh.de\/ztb\/wp-json\/wp\/v2\/pages\/3583\/revisions"}],"predecessor-version":[{"id":3815,"href":"https:\/\/www.hsu-hh.de\/ztb\/wp-json\/wp\/v2\/pages\/3583\/revisions\/3815"}],"wp:attachment":[{"href":"https:\/\/www.hsu-hh.de\/ztb\/wp-json\/wp\/v2\/media?parent=3583"}],"wp:term":[{"taxonomy":"category","embeddable":true,"href":"https:\/\/www.hsu-hh.de\/ztb\/wp-json\/wp\/v2\/categories?post=3583"},{"taxonomy":"post_tag","embeddable":true,"href":"https:\/\/www.hsu-hh.de\/ztb\/wp-json\/wp\/v2\/tags?post=3583"}],"curies":[{"name":"wp","href":"https:\/\/api.w.org\/{rel}","templated":true}]}}