{"id":3334,"date":"2020-07-27T11:48:07","date_gmt":"2020-07-27T09:48:07","guid":{"rendered":"https:\/\/www.hsu-hh.de\/ztb\/?page_id=3334"},"modified":"2023-11-01T15:52:53","modified_gmt":"2023-11-01T14:52:53","slug":"thema","status":"publish","type":"page","link":"https:\/\/www.hsu-hh.de\/ztb\/thema","title":{"rendered":"Thema 2022: \u201eDigitale (Aus-)Bildung: Wird Intelligenz tats\u00e4chlich \u201ak\u00fcnstlich\u2018?"},"content":{"rendered":"<p>Schon 1913 prophezeite Thomas Edison, dass sich technische (Weiter-)Entwicklungen im Bildungsbereich grundlegend auswirken. \u00dcber 100 Jahre sp\u00e4ter k\u00f6nnen wir feststellen, dass das Buch in Aus-, Fort- und Weiterbildung zumindest heute noch seinen Platz hat, die Digitalisierung jedoch auch und gerade im Bereich der (Aus)Bildung zunehmend an Bedeutung gewinnt. Deshalb m\u00f6chten wir auf das vergangene Jahrzehnt zur\u00fcckzublicken und zusammen mit Ihnen kritisch diskutieren, welche Ver\u00e4nderungen die Digitalisierung in diesem Zeitraum f\u00fcr den Bildungsbereich tats\u00e4chlich gebracht hat. Gleichzeitig m\u00f6chten wir mit Ihnen hinterfragen, wie technische (Weiter-)Entwicklungen \u2013 beispielsweise k\u00fcnstliche Intelligenz (KI) \u2013 in Zukunft Aus-, Fort- und Weiterbildung beeinflussen werden, welche Erwartungen wir daran kn\u00fcpfen und wo (staatliche) Organisationen <abbr title=\"gegebenenfalls\">ggf.<\/abbr> an Grenzen sto\u00dfen.<\/p>\n<p>Der (Aus)Bildungskongress der Bundeswehr \u2013 bis 2014 noch unter dem Namen Fernausbildungskongress \u2013 verbindet seit 2004 die Perspektiven Technik und Bildung aus wissenschaftlichem und praktischem Blickwinkel. Aus diesem Selbstverst\u00e4ndnis heraus ist es gerade jetzt interessant, das Thema Digitalisierung und k\u00fcnstliche Intelligenz (KI) in der Aus-, Fort- und Weiterbildung in den Fokus zu nehmen. Wir laden deshalb Vertreterinnen und Vertreter aus der Wissenschaft (Bildungs-, Sozial-, Ingenieurs-, Technik- und Wirtschaftswissenschaften) ebenso wie die Expertinnen und Experten der Bildungspraxis aus Bundeswehr, Wirtschaft und Industrie ein, sich \u00fcber die drei Kongresstage am Dialog zu beteiligen.<\/p>\n<h2>Themenfelder<a id=\"Thema1\" rel='nofollow'><\/a><\/h2>\n<hr \/>\n<div class=\"content-block4\">\n<h3>Ver\u00e4nderung durch Digitalisierung<\/h3>\n<p><img loading=\"lazy\" decoding=\"async\" class=\"alignleft wp-image-3871 size-full\" src=\"https:\/\/www.hsu-hh.de\/ztb\/wp-content\/uploads\/sites\/665\/2020\/09\/Cloud_025_Rot_\u00a9-Fotolia-Taras-Livyy.png\" alt=\"Cloud\" width=\"96\" height=\"96\" data-credit=\"\" \/><\/p>\n<\/div>\n<div class=\"content-block2\">\n<p>Was ist Digitalisierung, wie wird sie aus (fach-)wissenschaftlicher Perspektive beschrieben? Wie ver\u00e4ndert sich das Lernen unter digitalisierten Bedingungen und dem Einsatz von KI? Welche Bedeutung hat die Digitalisierung f\u00fcr das Lernen und Lehren in Bildungsinstitutionen und dar\u00fcber hinaus?<a id=\"Thema2\" rel='nofollow'><\/a><\/p>\n<\/div>\n<div class=\"clearfix\"><\/div>\n<hr \/>\n<div class=\"content-block4\">\n<h3>Auswirkungen auf<br \/>\nAus-, Fort- und Weiterbildung<\/h3>\n<p><img loading=\"lazy\" decoding=\"async\" class=\"wp-image-3873 size-full alignleft\" src=\"https:\/\/www.hsu-hh.de\/ztb\/wp-content\/uploads\/sites\/665\/2020\/09\/Marketing_11_Rot_\u00a9-Fotolia-Taras-Livyy.png\" alt=\"Gehirn\" width=\"96\" height=\"96\" data-credit=\"\" \/><\/p>\n<\/div>\n<div class=\"content-block2\">\n<p>Welche Bedeutung hat Digitalisierung f\u00fcr die (Aus)Bildung? Wie werden Konzepte wie Digitale Bildung, Digitales Lehren und Lernen oder gar Digitale Kompetenzen begr\u00fcndet und welche bildungstheoretischen Annahmen liegen dahinter? Welche M\u00f6glichkeiten und Chancen, aber auch Grenzen sehen wir f\u00fcr die (Aus)Bildung? Wie lernen Mensch und Maschine? Wie wirkt sich die Digitalisierung auf die Bildungsorganisation aus? Welche Infrastrukturen und Services (Rechenzentren, Kompetenzzentren, hochschul- und mediendidaktische Einrichtungen) m\u00fcssen bereitgestellt werden?<a id=\"Thema3\" rel='nofollow'><\/a><\/p>\n<\/div>\n<div class=\"clearfix\"><\/div>\n<hr \/>\n<div class=\"content-block4\">\n<h3>(Weiter-)Entwicklung und Visionen<\/h3>\n<p><img loading=\"lazy\" decoding=\"async\" class=\"alignleft wp-image-3869 size-full\" src=\"https:\/\/www.hsu-hh.de\/ztb\/wp-content\/uploads\/sites\/665\/2020\/09\/Bildung_27_Rot_\u00a9-Fotolia-Taras-Livyy.png\" alt=\"Mikroskop\" width=\"96\" height=\"96\" data-credit=\"\" \/><\/p>\n<\/div>\n<div class=\"content-block2\">\n<p>Welche neuen Zielgruppen ergeben sich f\u00fcr Forschung und Lehre? Welche Konsequenzen haben Digitalisierung und KI f\u00fcr die Qualifizierung und den Kompetenzerhalt des Ausbildungspersonals? Welche Innovationen, Ressourcenbedarfe und Abh\u00e4ngigkeiten von anderen Organisationen ergeben sich daraus? Welche digitalen Formen von Arbeitsorganisation braucht zeitgem\u00e4\u00dfe Forschung und Lehre?<\/p>\n<\/div>\n<div class=\"clearfix\"><\/div>\n<hr \/>\n<h2>Panels<\/h2>\n<hr \/>\n<div class=\"content-block2\">\n<p>Im Panel WISSENSCHAFT soll es zun\u00e4chst um eine begriffliche Pr\u00e4zisierung gehen. Daneben sollen Ver\u00e4nderungspotenziale von Digitalisierung einschlie\u00dflich der Anwendung von (starker und schwacher) KI f\u00fcr Lehr- und Lernprozesse sowie -szenarien aufgezeigt und Konsequenzen f\u00fcr eine adressatengerechte Gestaltung er\u00f6rtert werden. Schlie\u00dflich geht es auch darum, welche neuen Anforderungen f\u00fcr die Bildungsorganisation und Bildungseinrichtungen entstehen.<\/p>\n<p>In der Diskussion um Digitalisierung und den Einsatz von KI in der Berufs- und Arbeitswelt sowie dem Bildungsbereich wollen wir ver\u00e4nderte Anforderungslagen unter Ber\u00fccksichtigung aktueller Erkenntnisse mit Ihnen er\u00f6rtern und Fragen zu Herausforderungen und M\u00f6glichkeiten f\u00fcr Lehre, Forschung und Administration kritisch diskutieren.<\/p>\n<\/div>\n<div class=\"content-block4\">\n<h3 style=\"text-align: right\">Wissenschaft<\/h3>\n<h3 style=\"text-align: right\"><img loading=\"lazy\" decoding=\"async\" class=\"wp-image-3868 size-full alignright\" style=\"color: #333333;font-size: 16px\" src=\"https:\/\/www.hsu-hh.de\/ztb\/wp-content\/uploads\/sites\/665\/2020\/09\/Bildung_13_Rot_\u00a9-Fotolia-Taras-Livyy.png\" alt=\"Atom\" width=\"96\" height=\"96\" data-credit=\"\" \/><\/h3>\n<\/div>\n<div class=\"clearfix\"><\/div>\n<hr \/>\n<div class=\"content-block2\">\n<p>Im Panel PRAXIS soll der Einfluss von Digitalisierung und KI auf die Praxis in der Bundeswehr heute und morgen thematisiert und gezeigt werden. Hier ist die Ausbildungs- und Bildungscommunity der Bundeswehr und dar\u00fcber hinaus aufgefordert, ihre Konzepte und t\u00e4gliche Praxis, aber auch ihre Ideen f\u00fcr die Zukunft zu pr\u00e4sentieren. Mit Ihnen allen m\u00f6chten wir diskutieren, was wir tats\u00e4chlich meinen, wenn wir \u00fcber Digitalisierung und KI sprechen und welche Herausforderungen sich daraus f\u00fcr die Praxis ergeben.<\/p>\n<p>Der Einsatz von Simulationstechnologie in Ausbildung und \u00dcbungen ist ein spannendes und wichtiges Handlungsfeld im Thema Digitalisierung und KI, in dem die Streitkr\u00e4fte auf langj\u00e4hrige Anwendungserfahrung zur\u00fcckblicken k\u00f6nnen. Im Rahmen von Ausbildungsprojekten arbeiten Sie bereits erfolgreich mit technologischen Anwendungen oder haben Konzepte entwickelt, wie digitale Lernprozesse gestaltet werden k\u00f6nnen. Was macht das mit der Lernsituation, den Lernenden und dem Ausbilder? Welche Konsequenzen haben Digitalisierung und KI f\u00fcr die Qualifizierung und den Kompetenzerhalt des Ausbildungspersonals?<\/p>\n<p>Ver\u00e4nderungen in den (Aus)Bildungseinrichtungen oder im Management- und Steuerungsbereich f\u00fcr Ausbildung und Bildung im Zuge der Digitalisierung sollen er\u00f6rtert und kritisch beleuchtet werden.<\/p>\n<\/div>\n<div class=\"content-block4\">\n<h3 style=\"text-align: right\">Praxis<\/h3>\n<h3 style=\"text-align: right\"><img loading=\"lazy\" decoding=\"async\" class=\"wp-image-3867 size-full alignright\" style=\"color: #333333;font-size: 16px\" src=\"https:\/\/www.hsu-hh.de\/ztb\/wp-content\/uploads\/sites\/665\/2020\/09\/Auto_01_Rot_\u00a9-Fotolia-Taras-Livyy.png\" alt=\"Werkzeug\" width=\"96\" height=\"96\" data-credit=\"\" \/><\/h3>\n<\/div>\n<div class=\"clearfix\"><\/div>\n<hr \/>\n<div class=\"col-xs-12 downloads-item\">\n<div class=\"row border-line\">\n<div class=\"thumbnail-area\"><\/div>\n<div class=\"text-area\"><span class=\"download-text\">\u00a0<\/span><\/div>\n<div class=\"download-area\"><\/div>\n<\/div>\n<\/div>\n<div class=\"col-xs-12 downloads-item\">\n<div class=\"row border-line\">\n<div class=\"thumbnail-area\"><\/div>\n<div class=\"text-area\"><span class=\"download-text\">\u00a0<\/span><\/div>\n<div class=\"download-area\"><\/div>\n<\/div>\n<\/div>\n<p style=\"text-align: left\"><em><br \/>\nWir verwenden ein Iconpaket von \u00a9 Fotolia, Tara Livyy.<\/em><\/p>\n","protected":false},"excerpt":{"rendered":"<p>Schon 1913 prophezeite Thomas Edison, dass sich technische (Weiter-)Entwicklungen im Bildungsbereich grundlegend auswirken. \u00dcber 100 Jahre sp\u00e4ter k\u00f6nnen wir feststellen, dass das Buch in Aus-, Fort- und Weiterbildung zumindest heute [&hellip;]<\/p>\n","protected":false},"author":2535,"featured_media":0,"parent":0,"menu_order":0,"comment_status":"closed","ping_status":"closed","template":"","meta":{"footnotes":""},"categories":[47],"tags":[],"class_list":["post-3334","page","type-page","status-publish","hentry","category-kongress"],"_links":{"self":[{"href":"https:\/\/www.hsu-hh.de\/ztb\/wp-json\/wp\/v2\/pages\/3334","targetHints":{"allow":["GET"]}}],"collection":[{"href":"https:\/\/www.hsu-hh.de\/ztb\/wp-json\/wp\/v2\/pages"}],"about":[{"href":"https:\/\/www.hsu-hh.de\/ztb\/wp-json\/wp\/v2\/types\/page"}],"author":[{"embeddable":true,"href":"https:\/\/www.hsu-hh.de\/ztb\/wp-json\/wp\/v2\/users\/2535"}],"replies":[{"embeddable":true,"href":"https:\/\/www.hsu-hh.de\/ztb\/wp-json\/wp\/v2\/comments?post=3334"}],"version-history":[{"count":94,"href":"https:\/\/www.hsu-hh.de\/ztb\/wp-json\/wp\/v2\/pages\/3334\/revisions"}],"predecessor-version":[{"id":9532,"href":"https:\/\/www.hsu-hh.de\/ztb\/wp-json\/wp\/v2\/pages\/3334\/revisions\/9532"}],"wp:attachment":[{"href":"https:\/\/www.hsu-hh.de\/ztb\/wp-json\/wp\/v2\/media?parent=3334"}],"wp:term":[{"taxonomy":"category","embeddable":true,"href":"https:\/\/www.hsu-hh.de\/ztb\/wp-json\/wp\/v2\/categories?post=3334"},{"taxonomy":"post_tag","embeddable":true,"href":"https:\/\/www.hsu-hh.de\/ztb\/wp-json\/wp\/v2\/tags?post=3334"}],"curies":[{"name":"wp","href":"https:\/\/api.w.org\/{rel}","templated":true}]}}