{"id":2789,"date":"2019-08-20T11:02:01","date_gmt":"2019-08-20T09:02:01","guid":{"rendered":"https:\/\/www.hsu-hh.de\/ztb\/?page_id=2789"},"modified":"2021-12-16T16:30:31","modified_gmt":"2021-12-16T15:30:31","slug":"lehre-entwurf","status":"publish","type":"page","link":"https:\/\/www.hsu-hh.de\/ztb\/lehre-entwurf","title":{"rendered":"Lehre"},"content":{"rendered":"<p>&nbsp;<\/p>\n<p><strong>Allgemeine Hinweise<\/strong><\/p>\n<p>F\u00fcr Studierende der HSU\/UniBw H gelten die Bestimmungen der <a href=\"https:\/\/www.hsu-hh.de\/asv\/pruefungsordnungen\/\">Allgemeinen Pr\u00fcfungsordnung<\/a> und die Fachspezifische Studien- und Pr\u00fcfungsverordnung Ihrer Fakult\u00e4t.<\/p>\n<p>&nbsp;<\/p>\n<p><strong>Hinweise zur Bachelor- und Master-Arbeit<\/strong><\/p>\n<p>Die Regularien der Abschlussarbeit sind dem \u00a714 der jeweiligen Pr\u00fcfungsordnung zu entnehmen.<\/p>\n<p>Bei bestehendem Interesse, die Abschlussarbeit im ZtB durchzuf\u00fchren, vereinbaren Sie bitte einen Termin f\u00fcr ein pers\u00f6nliches Gespr\u00e4ch in unserem <a href=\"https:\/\/www.hsu-hh.de\/ztb\/kontakt\">Gesch\u00e4ftszimmer<\/a>.<\/p>\n<p>&nbsp;<\/p>\n<p><strong>Hinweise f\u00fcr Studierende der Bildungs- und Erziehungswissenschaften<\/strong><\/p>\n<p>F\u00fcr Sie gelten die Regularien der<a href=\"https:\/\/www.hsu-hh.de\/asv\/pruefungsordnungen\/\"> \u201eAllgemeinen Pr\u00fcfungsverordnung\u201c<\/a> und die <a href=\"https:\/\/www.hsu-hh.de\/asv\/studiengaenge\/\">\u201eFachspezifische Studien- und Pr\u00fcfungsordnung f\u00fcr den Bachelor-Studiengang und f\u00fcr den Master-Studiengang Bildungs- und Erziehungswissenschaften\u201c<\/a> der HSU\/UniBw H.<\/p>\n<p>&nbsp;<\/p>\n<p><strong>Hinweise Modulpr\u00fcfung<\/strong><\/p>\n<p>In der Regel erfolgt die Modulpr\u00fcfung \u00fcber eine Hausarbeit, die daf\u00fcr geltenden Regularien sind dem \u00a713 Ihrer Pr\u00fcfungsverordnung zu entnehmen. Der Umfang der Hausarbeit betr\u00e4gt 15 Seiten\/ca. 3500 Worte, mit einer Abweichung von \u00b1 10%.<\/p>\n<p>&nbsp;<\/p>\n<p>Wir legen Ihnen nah, mit Ihrer Fragestellung einen Termin bei Ihrem Dozenten zu vereinbaren, um m\u00f6gliche Fragen oder Missverst\u00e4ndnisse aus der Welt zu r\u00e4umen. vereinbaren Sie daf\u00fcr einen Termin \u00fcber unser Gesch\u00e4ftszimmer.<\/p>\n<p>&nbsp;<\/p>\n<p><strong>Formatierung der Haus-, Bachelor-, Masterarbeit<\/strong><\/p>\n<p>&nbsp;<\/p>\n<p><img loading=\"lazy\" decoding=\"async\" class=\"size-full wp-image-2881 aligncenter\" src=\"https:\/\/www.hsu-hh.de\/ztb\/wp-content\/uploads\/sites\/665\/2019\/09\/Formatierung-HA-BA-MA.jpg\" alt=\"Formatierung\" data-credit=\"ZtB\" width=\"565\" height=\"287\" srcset=\"https:\/\/www.hsu-hh.de\/ztb\/wp-content\/uploads\/sites\/665\/2019\/09\/Formatierung-HA-BA-MA.jpg 565w, https:\/\/www.hsu-hh.de\/ztb\/wp-content\/uploads\/sites\/665\/2019\/09\/Formatierung-HA-BA-MA-300x152.jpg 300w\" sizes=\"auto, (max-width: 565px) 100vw, 565px\" \/><\/p>\n<p>&nbsp;<\/p>\n<p>&nbsp;<\/p>\n<p>&nbsp;<\/p>\n<p>&nbsp;<\/p>\n<p>&nbsp;<\/p>\n<p>&nbsp;<\/p>\n<p>&nbsp;<\/p>\n<p>&nbsp;<\/p>\n<p><strong>Hinweise f\u00fcr Studierende der Fakult\u00e4t Maschinenbau<\/strong><\/p>\n<p>F\u00fcr Sie gelten die Regularien der <a href=\"https:\/\/www.hsu-hh.de\/asv\/pruefungsordnungen\/\">\u201eAllgemeinen Pr\u00fcfungsverordnung\u201c<\/a> und die <a href=\"https:\/\/www.hsu-hh.de\/asv\/studiengaenge\/\">\u201eFachspezifische Studien- und Pr\u00fcfungsordnung f\u00fcr den Bachelor-Studiengang und f\u00fcr die Master-Studieng\u00e4nge an der Fakult\u00e4t f\u00fcr Maschinenbau\u201c<\/a> an der HSU\/UniBw H. Regularien zu Modularbeiten sind dem \u00a713 und \u00a714 der jeweiligen Pr\u00fcfungsverordnung zu entnehmen.<\/p>\n","protected":false},"excerpt":{"rendered":"<p>&nbsp; Allgemeine Hinweise F\u00fcr Studierende der HSU\/UniBw H gelten die Bestimmungen der Allgemeinen Pr\u00fcfungsordnung und die Fachspezifische Studien- und Pr\u00fcfungsverordnung Ihrer Fakult\u00e4t. &nbsp; Hinweise zur Bachelor- und Master-Arbeit Die Regularien [&hellip;]<\/p>\n","protected":false},"author":244,"featured_media":0,"parent":0,"menu_order":0,"comment_status":"closed","ping_status":"closed","template":"","meta":{"footnotes":""},"categories":[55],"tags":[61],"class_list":["post-2789","page","type-page","status-publish","hentry","category-lehre","tag-lehre"],"_links":{"self":[{"href":"https:\/\/www.hsu-hh.de\/ztb\/wp-json\/wp\/v2\/pages\/2789","targetHints":{"allow":["GET"]}}],"collection":[{"href":"https:\/\/www.hsu-hh.de\/ztb\/wp-json\/wp\/v2\/pages"}],"about":[{"href":"https:\/\/www.hsu-hh.de\/ztb\/wp-json\/wp\/v2\/types\/page"}],"author":[{"embeddable":true,"href":"https:\/\/www.hsu-hh.de\/ztb\/wp-json\/wp\/v2\/users\/244"}],"replies":[{"embeddable":true,"href":"https:\/\/www.hsu-hh.de\/ztb\/wp-json\/wp\/v2\/comments?post=2789"}],"version-history":[{"count":10,"href":"https:\/\/www.hsu-hh.de\/ztb\/wp-json\/wp\/v2\/pages\/2789\/revisions"}],"predecessor-version":[{"id":5687,"href":"https:\/\/www.hsu-hh.de\/ztb\/wp-json\/wp\/v2\/pages\/2789\/revisions\/5687"}],"wp:attachment":[{"href":"https:\/\/www.hsu-hh.de\/ztb\/wp-json\/wp\/v2\/media?parent=2789"}],"wp:term":[{"taxonomy":"category","embeddable":true,"href":"https:\/\/www.hsu-hh.de\/ztb\/wp-json\/wp\/v2\/categories?post=2789"},{"taxonomy":"post_tag","embeddable":true,"href":"https:\/\/www.hsu-hh.de\/ztb\/wp-json\/wp\/v2\/tags?post=2789"}],"curies":[{"name":"wp","href":"https:\/\/api.w.org\/{rel}","templated":true}]}}