{"id":251,"date":"2018-02-12T13:23:12","date_gmt":"2018-02-12T12:23:12","guid":{"rendered":"https:\/\/www.hsu-hh.de\/ztb\/?page_id=251"},"modified":"2024-04-18T15:12:17","modified_gmt":"2024-04-18T13:12:17","slug":"fachausstellung","status":"publish","type":"page","link":"https:\/\/www.hsu-hh.de\/ztb\/fachausstellung","title":{"rendered":"Fachausstellung"},"content":{"rendered":"<p>Wir beleuchten das Thema <strong>\u201eGame-based Learning und Serious Gaming f\u00fcr eine starke Demokratie \u2013 Chancen und Grenzen&#8220;<\/strong> aus wissenschaftlicher Sicht, reflektieren gemeinsam Praxiserfahrungen und erarbeiten Handlungsoptionen und L\u00f6sungsmodelle.<\/p>\n<p><strong>Dazu brauchen wir auch den Input aus Ihrem Unternehmen! Nutzen Sie die M\u00f6glichkeit und beteiligen Sie sich mit Ihrem Unternehmen an der Fachausstellung auf dem (Aus)Bildungskongress der Bundeswehr.<\/strong><\/p>\n<p>Kommen Sie nach Hamburg, berichten Sie uns aus Ihrem Unternehmen, Ihrer Forschung und Ihrem Erfahrungsfeld! Tauschen Sie sich mit Expert:innen aus verschiedenen Fachbereichen aus, kn\u00fcpfen Sie Kontakte und nehmen Sie neue Anregungen mit!<\/p>\n<p>Auf dem (Aus)Bildungskongress der Bundeswehr diskutieren an 3 Kongresstagen mehr als 100 Experten:innen aus Wissenschaft und Praxis in Plenums- und Panelveranstaltungen das diesj\u00e4hrige Kongressthema. Mit mehr als 40 Ausstellenden und Teilnehmenden aus Ministerien, \u00d6ffentlichem Dienst, verschiedenen Einsatz- und Hilfsorganisationen sowie der Bundeswehr bietet der (Aus)Bildungskongress der Bundeswehr Ihnen die M\u00f6glichkeit, sich am bereichs\u00fcbergreifenden Austausch mit Ihren Ideen, Projekten und L\u00f6sungsans\u00e4tzen aktiv zu beteiligen.<\/p>\n<p><strong>Werden Sie Teil des (Aus)Bildungskongresses der Bundeswehr 2024 und treffen Sie Expert:innen und Fachleute aus Wissenschaft und Praxis.<\/strong><\/p>\n<p>Sie haben Fragen zu unserem Service und\/oder Anregungen? Rufen Sie uns an, wir beraten Sie gerne.<\/p>\n<p><strong>Kontakt<\/strong><br \/>\n<abbr title=\"Diplom\">Dipl.<\/abbr>-P\u00e4d. J\u00f6rg Meister<br \/>\nKoordination Fachausstellung<\/p>\n<p>Tel.: 040 6541 3510<br \/>\nFax: 040 6541 3683<br \/>\nE-Mail: joerg.meister@hsu-hh.de<\/p>\n","protected":false},"excerpt":{"rendered":"<p>Wir beleuchten das Thema \u201eGame-based Learning und Serious Gaming f\u00fcr eine starke Demokratie \u2013 Chancen und Grenzen&#8220; aus wissenschaftlicher Sicht, reflektieren gemeinsam Praxiserfahrungen und erarbeiten Handlungsoptionen und L\u00f6sungsmodelle. Dazu brauchen [&hellip;]<\/p>\n","protected":false},"author":18,"featured_media":0,"parent":0,"menu_order":0,"comment_status":"closed","ping_status":"closed","template":"","meta":{"footnotes":""},"categories":[4],"tags":[],"class_list":["post-251","page","type-page","status-publish","hentry","category-forschung"],"_links":{"self":[{"href":"https:\/\/www.hsu-hh.de\/ztb\/wp-json\/wp\/v2\/pages\/251","targetHints":{"allow":["GET"]}}],"collection":[{"href":"https:\/\/www.hsu-hh.de\/ztb\/wp-json\/wp\/v2\/pages"}],"about":[{"href":"https:\/\/www.hsu-hh.de\/ztb\/wp-json\/wp\/v2\/types\/page"}],"author":[{"embeddable":true,"href":"https:\/\/www.hsu-hh.de\/ztb\/wp-json\/wp\/v2\/users\/18"}],"replies":[{"embeddable":true,"href":"https:\/\/www.hsu-hh.de\/ztb\/wp-json\/wp\/v2\/comments?post=251"}],"version-history":[{"count":21,"href":"https:\/\/www.hsu-hh.de\/ztb\/wp-json\/wp\/v2\/pages\/251\/revisions"}],"predecessor-version":[{"id":10490,"href":"https:\/\/www.hsu-hh.de\/ztb\/wp-json\/wp\/v2\/pages\/251\/revisions\/10490"}],"wp:attachment":[{"href":"https:\/\/www.hsu-hh.de\/ztb\/wp-json\/wp\/v2\/media?parent=251"}],"wp:term":[{"taxonomy":"category","embeddable":true,"href":"https:\/\/www.hsu-hh.de\/ztb\/wp-json\/wp\/v2\/categories?post=251"},{"taxonomy":"post_tag","embeddable":true,"href":"https:\/\/www.hsu-hh.de\/ztb\/wp-json\/wp\/v2\/tags?post=251"}],"curies":[{"name":"wp","href":"https:\/\/api.w.org\/{rel}","templated":true}]}}