{"id":1872,"date":"2018-12-18T15:38:06","date_gmt":"2018-12-18T14:38:06","guid":{"rendered":"https:\/\/www.hsu-hh.de\/ztb\/?page_id=1872"},"modified":"2020-02-13T14:38:41","modified_gmt":"2020-02-13T13:38:41","slug":"call-for-papers","status":"publish","type":"page","link":"https:\/\/www.hsu-hh.de\/ztb\/call-for-papers","title":{"rendered":"Call for Papers \/ Einladung zur Mitwirkung"},"content":{"rendered":"<p>Wir laden Vertreterinnen und Vertreter aus der Wissenschaft (Bildungs-, Sozial-, Ingenieurs-, Technik- und Wirtschaftswissenschaften) ebenso wie die Expertinnen und Experten der Bildungspraxis aus Bundeswehr, Wirtschaft und Industrie ein, sich \u00fcber die drei Kongresstage am Dialog zu beteiligen. Dazu k\u00f6nnen Sie Beitr\u00e4ge f\u00fcr die Panels WISSENSCHAFT und PRAXIS einreichen.<\/p>\n<p>Willkommen sind <strong>theoretische und empirische Beitr\u00e4ge<\/strong> sowie <strong>Beitr\u00e4ge aus der Praxis der Aus-, Fort- und Weiterbildung<\/strong>. Wir laden Sie herzlich ein, Ihre wissenschaftlichen Erkenntnisse, Ihre praktischen Erfahrungen sowie Ihre Best-Practice-Beispiele beim (Aus)Bildungskongress der Bundeswehr 2020 zu pr\u00e4sentieren und freuen uns auf Ihre Einreichung bis zum <strong>01. M\u00e4rz 2020<\/strong>.<\/p>\n<p>&nbsp;<\/p>\n<div class=\"col-xs-12 downloads-item\">\n<div class=\"row border-line\">\n<div class=\"thumbnail-area\"><img decoding=\"async\" class=\"download-image\" src=\"\/wp-content\/themes\/hsu\/img\/dummy\/downloads_dummy.png\" alt=\"\" \/><\/div>\n<div class=\"text-area\"><span class=\"download-text\">Call for Papers \/ Einladung zur Mitwirkung<\/span><\/div>\n<div class=\"download-area\"><a class=\"download-link\" href=\"https:\/\/www.hsu-hh.de\/ztb\/wp-content\/uploads\/sites\/665\/2020\/02\/AusBildungskongress-der-Bundeswehr-2020-Call-for-Papers-Vlg.pdf\"><span class=\"download-name\">pdf laden<\/span><span class=\"donwload-icon\"><img decoding=\"async\" class=\"download-icon\" src=\"\/wp-content\/themes\/hsu\/img\/icons\/download_icon.png\" alt=\"download icon\" \/><\/span><span class=\"download-size\">276 KB<\/span><\/a><\/div>\n<\/div>\n<\/div>\n<div class=\"col-xs-12 downloads-item\">\n<div class=\"row border-line\">\n<div class=\"thumbnail-area\"><img decoding=\"async\" class=\"download-image\" src=\"\/wp-content\/themes\/hsu\/img\/dummy\/downloads_dummy.png\" alt=\"\" \/><\/div>\n<div class=\"text-area\"><span class=\"download-text\">Formate und Kriterien<\/span><\/div>\n<div class=\"download-area\"><a class=\"download-link\" href=\"https:\/\/www.hsu-hh.de\/ztb\/wp-content\/uploads\/sites\/665\/2020\/02\/AusBildungskongress-der-Bundeswehr-2020-Formate-und-Kriterien-Vlg.pdf\"><span class=\"download-name\">pdf laden<\/span><span class=\"donwload-icon\"><img decoding=\"async\" class=\"download-icon\" src=\"\/wp-content\/themes\/hsu\/img\/icons\/download_icon.png\" alt=\"download icon\" \/><\/span><span class=\"download-size\">290 KB<\/span><\/a><\/div>\n<\/div>\n<\/div>\n<div class=\"col-xs-12 downloads-item\">\n<div class=\"row border-line\">\n<div class=\"thumbnail-area\"><img decoding=\"async\" class=\"download-image\" src=\"\/wp-content\/themes\/hsu\/img\/dummy\/downloads_dummy.png\" alt=\"\" \/><\/div>\n<div class=\"text-area\"><span class=\"download-text\">Template f\u00fcr Beitragseinreichungen<\/span><\/div>\n<div class=\"download-area\"><a class=\"download-link\" href=\"https:\/\/www.hsu-hh.de\/ztb\/wp-content\/uploads\/sites\/665\/2020\/02\/AusBildungskongress-der-Bundeswehr-2020-Template-f\u00fcr-Beitragseinreichungen-Vlg.pdf\"><span class=\"download-name\">pdf laden<\/span><span class=\"donwload-icon\"><img decoding=\"async\" class=\"download-icon\" src=\"\/wp-content\/themes\/hsu\/img\/icons\/download_icon.png\" alt=\"download icon\" \/><\/span><span class=\"download-size\">800 KB<\/span><\/a><\/div>\n<\/div>\n<\/div>\n<p>&nbsp;<\/p>\n<p>We invite researchers in the field of educational and social science and engineering, technology and economics as well as educational practice professionals from the areas Bundeswehr, economy and industry to actively participate on the dialogue during the three congress days. Contributions can be submitted for panels SCIENCE and PRACTICE.<\/p>\n<p><strong>Theoretical and empirical contributions <\/strong>as well as<strong> best practice examples of basic and advanced training<\/strong> are welcome. We invite you to present your research results, share your practical experiences and best practice examples at the Bundeswehr Education and Training Convention 2020! Contributions can be submitted until <strong>March 01th 2020<\/strong>.<\/p>\n<p>&nbsp;<\/p>\n<div class=\"col-xs-12 downloads-item\">\n<div class=\"row border-line\">\n<div class=\"thumbnail-area\"><img decoding=\"async\" class=\"download-image\" src=\"\/wp-content\/themes\/hsu\/img\/dummy\/downloads_dummy.png\" alt=\"\" \/><\/div>\n<div class=\"text-area\"><span class=\"download-text\">Call for Papers<\/span><\/div>\n<div class=\"download-area\"><a class=\"download-link\" href=\"https:\/\/www.hsu-hh.de\/ztb\/wp-content\/uploads\/sites\/665\/2020\/02\/Bundeswehr-Education-and-Training-Convention-2020-Call-for-Papers-Vlg.pdf\"><span class=\"download-name\">pdf laden<\/span><span class=\"donwload-icon\"><img decoding=\"async\" class=\"download-icon\" src=\"\/wp-content\/themes\/hsu\/img\/icons\/download_icon.png\" alt=\"download icon\" \/><\/span><span class=\"download-size\">230 KB<\/span><\/a><\/div>\n<\/div>\n<\/div>\n<div class=\"col-xs-12 downloads-item\">\n<div class=\"row border-line\">\n<div class=\"thumbnail-area\"><img decoding=\"async\" class=\"download-image\" src=\"\/wp-content\/themes\/hsu\/img\/dummy\/downloads_dummy.png\" alt=\"\" \/><\/div>\n<div class=\"text-area\"><span class=\"download-text\">Formats and Criteria<\/span><\/div>\n<div class=\"download-area\"><a class=\"download-link\" href=\"https:\/\/www.hsu-hh.de\/ztb\/wp-content\/uploads\/sites\/665\/2020\/02\/Bundeswehr-Education-and-Training-Convention-2020-Formats-and-Criteria-Vlg.pdf\"><span class=\"download-name\">pdf laden<\/span><span class=\"donwload-icon\"><img decoding=\"async\" class=\"download-icon\" src=\"\/wp-content\/themes\/hsu\/img\/icons\/download_icon.png\" alt=\"download icon\" \/><\/span><span class=\"download-size\">222 KB<\/span><\/a><\/div>\n<\/div>\n<\/div>\n<div class=\"col-xs-12 downloads-item\">\n<div class=\"row border-line\">\n<div class=\"thumbnail-area\"><img decoding=\"async\" class=\"download-image\" src=\"\/wp-content\/themes\/hsu\/img\/dummy\/downloads_dummy.png\" alt=\"\" \/><\/div>\n<div class=\"text-area\"><span class=\"download-text\">Template for the Submission of Contributions<\/span><\/div>\n<div class=\"download-area\"><a class=\"download-link\" href=\"https:\/\/www.hsu-hh.de\/ztb\/wp-content\/uploads\/sites\/665\/2020\/02\/Bundeswehr-Education-and-Training-Convention-2020-Template-for-the-Submission-of-Contributions-Vlg.pdf\"><span class=\"download-name\">pdf laden<\/span><span class=\"donwload-icon\"><img decoding=\"async\" class=\"download-icon\" src=\"\/wp-content\/themes\/hsu\/img\/icons\/download_icon.png\" alt=\"download icon\" \/><\/span><span class=\"download-size\">864 KB<\/span><\/a><\/div>\n<\/div>\n<\/div>\n<p>&nbsp;<\/p>\n<p>&nbsp;<\/p>\n<p>&nbsp;<\/p>\n<p>&nbsp;<\/p>\n<p>&nbsp;<\/p>\n<p>&nbsp;<\/p>\n<p>&nbsp;<\/p>\n<p>&nbsp;<\/p>\n","protected":false},"excerpt":{"rendered":"<p>Wir laden Vertreterinnen und Vertreter aus der Wissenschaft (Bildungs-, Sozial-, Ingenieurs-, Technik- und Wirtschaftswissenschaften) ebenso wie die Expertinnen und Experten der Bildungspraxis aus Bundeswehr, Wirtschaft und Industrie ein, sich \u00fcber [&hellip;]<\/p>\n","protected":false},"author":343,"featured_media":0,"parent":0,"menu_order":0,"comment_status":"closed","ping_status":"closed","template":"","meta":{"footnotes":""},"categories":[],"tags":[],"class_list":["post-1872","page","type-page","status-publish","hentry"],"_links":{"self":[{"href":"https:\/\/www.hsu-hh.de\/ztb\/wp-json\/wp\/v2\/pages\/1872","targetHints":{"allow":["GET"]}}],"collection":[{"href":"https:\/\/www.hsu-hh.de\/ztb\/wp-json\/wp\/v2\/pages"}],"about":[{"href":"https:\/\/www.hsu-hh.de\/ztb\/wp-json\/wp\/v2\/types\/page"}],"author":[{"embeddable":true,"href":"https:\/\/www.hsu-hh.de\/ztb\/wp-json\/wp\/v2\/users\/343"}],"replies":[{"embeddable":true,"href":"https:\/\/www.hsu-hh.de\/ztb\/wp-json\/wp\/v2\/comments?post=1872"}],"version-history":[{"count":36,"href":"https:\/\/www.hsu-hh.de\/ztb\/wp-json\/wp\/v2\/pages\/1872\/revisions"}],"predecessor-version":[{"id":3149,"href":"https:\/\/www.hsu-hh.de\/ztb\/wp-json\/wp\/v2\/pages\/1872\/revisions\/3149"}],"wp:attachment":[{"href":"https:\/\/www.hsu-hh.de\/ztb\/wp-json\/wp\/v2\/media?parent=1872"}],"wp:term":[{"taxonomy":"category","embeddable":true,"href":"https:\/\/www.hsu-hh.de\/ztb\/wp-json\/wp\/v2\/categories?post=1872"},{"taxonomy":"post_tag","embeddable":true,"href":"https:\/\/www.hsu-hh.de\/ztb\/wp-json\/wp\/v2\/tags?post=1872"}],"curies":[{"name":"wp","href":"https:\/\/api.w.org\/{rel}","templated":true}]}}