{"id":12979,"date":"2026-03-13T14:18:22","date_gmt":"2026-03-13T13:18:22","guid":{"rendered":"https:\/\/www.hsu-hh.de\/ztb\/?page_id=12979"},"modified":"2026-03-27T10:50:54","modified_gmt":"2026-03-27T09:50:54","slug":"ausbildungskongress-der-bundeswehr-2026","status":"publish","type":"page","link":"https:\/\/www.hsu-hh.de\/ztb\/ausbildungskongress-der-bundeswehr-2026","title":{"rendered":"(Aus)Bildungskongress der Bundeswehr 2026"},"content":{"rendered":"\n<div style=\"height:30px\" aria-hidden=\"true\" class=\"wp-block-spacer\"><\/div>\n\n\n\n<div class=\"wp-block-columns is-layout-flex wp-container-core-columns-is-layout-9d6595d7 wp-block-columns-is-layout-flex\">\n<div class=\"wp-block-column is-layout-flow wp-block-column-is-layout-flow\" style=\"flex-basis:33.33%\">\n<figure class=\"wp-block-image size-large\"><a href=\"https:\/\/www.hsu-hh.de\/ztb\/wp-content\/uploads\/sites\/665\/2026\/03\/2026-Call-for-Papers-AusBildugnskongress-der-Bundeswehr.pdf\" target=\"_blank\" rel=\" noreferrer noopener\"><img loading=\"lazy\" decoding=\"async\" width=\"724\" height=\"1024\" src=\"https:\/\/www.hsu-hh.de\/ztb\/wp-content\/uploads\/sites\/665\/2026\/03\/2026_CfP_Bild_p01-724x1024.png\" data-credit=\"ZtB \/ HSU\/UniBw H\" alt=\"\" class=\"wp-image-12980\" srcset=\"https:\/\/www.hsu-hh.de\/ztb\/wp-content\/uploads\/sites\/665\/2026\/03\/2026_CfP_Bild_p01-724x1024.png 724w, https:\/\/www.hsu-hh.de\/ztb\/wp-content\/uploads\/sites\/665\/2026\/03\/2026_CfP_Bild_p01-212x300.png 212w, https:\/\/www.hsu-hh.de\/ztb\/wp-content\/uploads\/sites\/665\/2026\/03\/2026_CfP_Bild_p01-768x1086.png 768w, https:\/\/www.hsu-hh.de\/ztb\/wp-content\/uploads\/sites\/665\/2026\/03\/2026_CfP_Bild_p01-1086x1536.png 1086w, https:\/\/www.hsu-hh.de\/ztb\/wp-content\/uploads\/sites\/665\/2026\/03\/2026_CfP_Bild_p01-1448x2048.png 1448w, https:\/\/www.hsu-hh.de\/ztb\/wp-content\/uploads\/sites\/665\/2026\/03\/2026_CfP_Bild_p01-1100x1556.png 1100w, https:\/\/www.hsu-hh.de\/ztb\/wp-content\/uploads\/sites\/665\/2026\/03\/2026_CfP_Bild_p01.png 1654w\" sizes=\"auto, (max-width: 724px) 100vw, 724px\" \/><\/a><figcaption class=\"wp-element-caption\"><a href=\"https:\/\/www.hsu-hh.de\/ztb\/wp-content\/uploads\/sites\/665\/2026\/03\/2026-Call-for-Papers-AusBildugnskongress-der-Bundeswehr.pdf\">Call for Papers<\/a><\/figcaption><\/figure>\n<\/div>\n\n\n\n<div class=\"wp-block-column is-layout-flow wp-block-column-is-layout-flow\" style=\"flex-basis:66.66%\">\n<div style=\"height:60px\" aria-hidden=\"true\" class=\"wp-block-spacer\"><\/div>\n\n\n\n<p class=\"has-text-align-center has-grey-background-color has-background\"><strong>Der (Aus)Bildungskongress der Bundeswehr 2026 ist f\u00fcr den 1. &#8211; 3. September 2026 an der Helmut-Schmidt-Universit\u00e4t\/Universit\u00e4t der Bundeswehr Hamburg geplant.<\/strong><\/p>\n\n\n\n<p>Das Thema des (Aus)Bildungskongresses der Bundeswehr 2026 lautet:<\/p>\n\n\n\n<p class=\"has-text-align-center has-red-color has-white-background-color has-text-color has-background has-link-color wp-elements-cf5b051daad41e7c883c9d4667e5045b\" style=\"font-size:22px\">Gesellschaftliche Resilienz in Frieden, Krieg und Krise:<br>Beitr\u00e4ge der Aus-, Fort- und Weiterbildung<\/p>\n\n\n\n<p class=\"has-text-align-center\"><a href=\"https:\/\/www.hsu-hh.de\/ztb\/wp-content\/uploads\/sites\/665\/2026\/03\/2026-Call-for-Papers-AusBildugnskongress-der-Bundeswehr.pdf\" target=\"_blank\" rel=\"noreferrer noopener\">Hier<\/a> finden Sie unseren Call for Papers zum diesj\u00e4hrigen (Aus)Bildungskongress der Bundeswehr.<\/p>\n\n\n\n<p class=\"has-text-align-center\"><br>Die verl\u00e4ngerte Einreichungsfrist des <strong>Call for Papers<\/strong> l\u00e4uft bis zum <strong>17. April 2026<\/strong>.<\/p>\n\n\n\n<div style=\"height:50px\" aria-hidden=\"true\" class=\"wp-block-spacer\"><\/div>\n\n\n\n<p class=\"has-text-align-center\"><strong>Wir freuen uns sehr auf Ihre Beitr\u00e4ge!<\/strong><\/p>\n<\/div>\n<\/div>\n\n\n\n<hr class=\"wp-block-separator has-alpha-channel-opacity\" \/>\n\n\n\n<div style=\"height:30px\" aria-hidden=\"true\" class=\"wp-block-spacer\"><\/div>\n\n\n\n<p class=\"has-text-align-center has-grey-background-color has-background has-medium-font-size\"><em><strong>\u201eThe world has changed more in the past four years than in the previous 30. Our news feeds brim with strife and tragedy. Russia bombards Ukraine, the Middle East seethes, and wars rage in Africa. As conflicts are on the rise, democracies, it seems, are in demise. The post\u2013Cold War era is over. Despite the hopes that followed the fall of the Berlin Wall, the globe did not unite in embracing democracy and market capitalism. Indeed, the forces that were supposed to bring the world together \u2014 trade, energy, technology, and information \u2014 are now pulling it apart.\u201c<\/strong><\/em><\/p>\n\n\n\n<p class=\"has-text-align-center has-small-font-size\">Pr\u00e4sident der Republik Finnland, Alexander Stubb in Foreign Affairs am 02. Dezember 2025<\/p>\n\n\n\n<div style=\"height:30px\" aria-hidden=\"true\" class=\"wp-block-spacer\"><\/div>\n\n\n\n<hr class=\"wp-block-separator has-alpha-channel-opacity\" \/>\n\n\n\n<div class=\"wp-block-columns is-layout-flex wp-container-core-columns-is-layout-9d6595d7 wp-block-columns-is-layout-flex\">\n<div class=\"wp-block-column is-layout-flow wp-block-column-is-layout-flow\">\n<p class=\"has-white-background-color has-background\">Weitere Informationen zur Veranstaltung folgen zeitnah.<br><br>Bei Fragen stehen wir Ihnen gern unter <a href=\"mailto:ZTB-Ausbildungskongress@bundeswehr.org\" rel='nofollow'>ZTB-Ausbildungskongress@bundeswehr.org<\/a> zur Verf\u00fcgung.<\/p>\n<\/div>\n<\/div>\n\n\n\n<hr class=\"wp-block-separator has-alpha-channel-opacity\" \/>\n\n\n\n<div class=\"wp-block-columns is-layout-flex wp-container-core-columns-is-layout-9d6595d7 wp-block-columns-is-layout-flex\">\n<div class=\"wp-block-column is-layout-flow wp-block-column-is-layout-flow\">\n<figure class=\"wp-block-image size-large\"><img loading=\"lazy\" decoding=\"async\" width=\"1024\" height=\"241\" src=\"https:\/\/www.hsu-hh.de\/ztb\/wp-content\/uploads\/sites\/665\/2023\/03\/dtec.bw_EU-Foederhinweis_CMYK_vertikal-1-1024x241.jpg\" data-credit=\"dtec.bw\" alt=\"\" class=\"wp-image-8038\" srcset=\"https:\/\/www.hsu-hh.de\/ztb\/wp-content\/uploads\/sites\/665\/2023\/03\/dtec.bw_EU-Foederhinweis_CMYK_vertikal-1-1024x241.jpg 1024w, https:\/\/www.hsu-hh.de\/ztb\/wp-content\/uploads\/sites\/665\/2023\/03\/dtec.bw_EU-Foederhinweis_CMYK_vertikal-1-300x71.jpg 300w, https:\/\/www.hsu-hh.de\/ztb\/wp-content\/uploads\/sites\/665\/2023\/03\/dtec.bw_EU-Foederhinweis_CMYK_vertikal-1-768x181.jpg 768w, https:\/\/www.hsu-hh.de\/ztb\/wp-content\/uploads\/sites\/665\/2023\/03\/dtec.bw_EU-Foederhinweis_CMYK_vertikal-1-1100x259.jpg 1100w, https:\/\/www.hsu-hh.de\/ztb\/wp-content\/uploads\/sites\/665\/2023\/03\/dtec.bw_EU-Foederhinweis_CMYK_vertikal-1.jpg 1418w\" sizes=\"auto, (max-width: 1024px) 100vw, 1024px\" \/><\/figure>\n<\/div>\n\n\n\n<div class=\"wp-block-column is-layout-flow wp-block-column-is-layout-flow\"><\/div>\n<\/div>\n\n\n\n<div class=\"wp-block-columns is-layout-flex wp-container-core-columns-is-layout-9d6595d7 wp-block-columns-is-layout-flex\">\n<div class=\"wp-block-column is-layout-flow wp-block-column-is-layout-flow\">\n<p>Das <a rel=\"noreferrer noopener\" href=\"https:\/\/dtecbw.de\" target=\"_blank\">dtec.bw \u2013 Zentrum f\u00fcr Digitalisierungs- und Technologieforschung der Bundeswehr<\/a> \u2013 ist ein von den Universit\u00e4ten der Bundeswehr Hamburg und M\u00fcnchen gemeinsam getragenes wissenschaftliches Zentrum und Bestandteil des Konjunkturprogramms der Bundesregierung zur \u00dcberwindung der COVID-19-Krise. Es unterliegt der akademischen Selbstverwaltung. Die Mittel, mit denen das dtec.bw ausgestattet wurde, werden an beiden Universit\u00e4ten der Bundeswehr zur Finanzierung von Forschungsprojekten und Projekten zum Wissens- und Technologietransfer eingesetzt. dtec.bw wird von der Europ\u00e4ischen Union \u2013 NextGenerationEU finanziert.<\/p>\n<\/div>\n<\/div>\n","protected":false},"excerpt":{"rendered":"<p>Der (Aus)Bildungskongress der Bundeswehr 2026 ist f\u00fcr den 1. &#8211; 3. September 2026 an der Helmut-Schmidt-Universit\u00e4t\/Universit\u00e4t der Bundeswehr Hamburg geplant. Das Thema des (Aus)Bildungskongresses der Bundeswehr 2026 lautet: Gesellschaftliche Resilienz [&hellip;]<\/p>\n","protected":false},"author":3514,"featured_media":0,"parent":0,"menu_order":0,"comment_status":"closed","ping_status":"closed","template":"","meta":{"footnotes":""},"categories":[4,47],"tags":[],"class_list":["post-12979","page","type-page","status-publish","hentry","category-forschung","category-kongress"],"_links":{"self":[{"href":"https:\/\/www.hsu-hh.de\/ztb\/wp-json\/wp\/v2\/pages\/12979","targetHints":{"allow":["GET"]}}],"collection":[{"href":"https:\/\/www.hsu-hh.de\/ztb\/wp-json\/wp\/v2\/pages"}],"about":[{"href":"https:\/\/www.hsu-hh.de\/ztb\/wp-json\/wp\/v2\/types\/page"}],"author":[{"embeddable":true,"href":"https:\/\/www.hsu-hh.de\/ztb\/wp-json\/wp\/v2\/users\/3514"}],"replies":[{"embeddable":true,"href":"https:\/\/www.hsu-hh.de\/ztb\/wp-json\/wp\/v2\/comments?post=12979"}],"version-history":[{"count":24,"href":"https:\/\/www.hsu-hh.de\/ztb\/wp-json\/wp\/v2\/pages\/12979\/revisions"}],"predecessor-version":[{"id":13016,"href":"https:\/\/www.hsu-hh.de\/ztb\/wp-json\/wp\/v2\/pages\/12979\/revisions\/13016"}],"wp:attachment":[{"href":"https:\/\/www.hsu-hh.de\/ztb\/wp-json\/wp\/v2\/media?parent=12979"}],"wp:term":[{"taxonomy":"category","embeddable":true,"href":"https:\/\/www.hsu-hh.de\/ztb\/wp-json\/wp\/v2\/categories?post=12979"},{"taxonomy":"post_tag","embeddable":true,"href":"https:\/\/www.hsu-hh.de\/ztb\/wp-json\/wp\/v2\/tags?post=12979"}],"curies":[{"name":"wp","href":"https:\/\/api.w.org\/{rel}","templated":true}]}}