{"id":12662,"date":"2025-08-28T14:54:59","date_gmt":"2025-08-28T12:54:59","guid":{"rendered":"https:\/\/www.hsu-hh.de\/ztb\/?page_id=12662"},"modified":"2025-09-02T11:06:18","modified_gmt":"2025-09-02T09:06:18","slug":"hybride-durchfuehrung-des-20-ausbildungskongresses-der-bundeswehr","status":"publish","type":"page","link":"https:\/\/www.hsu-hh.de\/ztb\/hybride-durchfuehrung-des-20-ausbildungskongresses-der-bundeswehr","title":{"rendered":"Hybride Durchf\u00fchrung des 20. (Aus)Bildungskongresses der Bundeswehr"},"content":{"rendered":"\n<div class=\"wp-block-columns is-layout-flex wp-container-core-columns-is-layout-9d6595d7 wp-block-columns-is-layout-flex\">\n<div class=\"wp-block-column is-layout-flow wp-block-column-is-layout-flow\" style=\"flex-basis:33.33%\"><div class=\"wp-block-image\">\n<figure class=\"aligncenter size-large is-resized\"><a href=\"https:\/\/www.hsu-hh.de\/ztb\/wp-content\/uploads\/sites\/665\/2025\/08\/2025_Kongresskatalog-klein.pdf\"><img loading=\"lazy\" decoding=\"async\" width=\"725\" height=\"1024\" src=\"https:\/\/www.hsu-hh.de\/ztb\/wp-content\/uploads\/sites\/665\/2025\/07\/2025_Kongressplakat-725x1024.jpg\" data-credit=\"ZtB\" alt=\"\" class=\"wp-image-12544\" style=\"width:299px;height:auto\" srcset=\"https:\/\/www.hsu-hh.de\/ztb\/wp-content\/uploads\/sites\/665\/2025\/07\/2025_Kongressplakat-725x1024.jpg 725w, https:\/\/www.hsu-hh.de\/ztb\/wp-content\/uploads\/sites\/665\/2025\/07\/2025_Kongressplakat-212x300.jpg 212w, https:\/\/www.hsu-hh.de\/ztb\/wp-content\/uploads\/sites\/665\/2025\/07\/2025_Kongressplakat-768x1085.jpg 768w, https:\/\/www.hsu-hh.de\/ztb\/wp-content\/uploads\/sites\/665\/2025\/07\/2025_Kongressplakat-1087x1536.jpg 1087w, https:\/\/www.hsu-hh.de\/ztb\/wp-content\/uploads\/sites\/665\/2025\/07\/2025_Kongressplakat-1100x1555.jpg 1100w, https:\/\/www.hsu-hh.de\/ztb\/wp-content\/uploads\/sites\/665\/2025\/07\/2025_Kongressplakat.jpg 1241w\" sizes=\"auto, (max-width: 725px) 100vw, 725px\" \/><\/a><\/figure>\n<\/div><\/div>\n\n\n\n<div class=\"wp-block-column is-layout-flow wp-block-column-is-layout-flow\" style=\"flex-basis:66.66%\">\n<p class=\"has-grey-background-color has-background\">Willkommen zum gr\u00f6\u00dften Fachkongress der Bundeswehr mit dem diesj\u00e4hrigen Thema:<br><br><strong>\u201eWahrheit, Fiktion und L\u00fcge \u2013 Medienkompetenz und Critical Thinking als gesamtgesellschaftliche Herausforderung\u201c<\/strong><br><br>Von den realen Kongressorten an der Helmut-Schmidt-Universit\u00e4t\/Universit\u00e4t der Bundeswehr Hamburg: <strong>H\u00f6rsaal 5<\/strong>, den <strong>Seminarr\u00e4umen 401\/402 <\/strong>und <strong>405\/406<\/strong>, den <strong>R\u00e4umen 404, 403, 1503, 101\/103 <\/strong>sowie der <strong>Speakers Corner<\/strong> und der <strong>Arena <\/strong>wird in Echtzeit gestreamt.<br><br>F\u00fcr den <strong>virtuellen Beitritt<\/strong> klicken Sie einfach auf den jeweiligen <strong>Veranstaltungsraum<\/strong> und folgen den Anweisungen. Eine Anleitung zur Nutzung von BigBlueButton finden Sie <strong><a href=\"https:\/\/www.hsu-hh.de\/ztb\/wp-content\/uploads\/sites\/665\/2025\/08\/alt_Anleitung-Big-Blue-Button.pdf\">hier<\/a><\/strong>.<br><br>Wir w\u00fcnschen Ihnen viel Vergn\u00fcgen beim <strong>20. (Aus)Bildungskongress der Bundeswehr 2025.<\/strong><\/p>\n<\/div>\n<\/div>\n\n\n\n<div class=\"wp-block-columns is-layout-flex wp-container-core-columns-is-layout-9d6595d7 wp-block-columns-is-layout-flex\">\n<div class=\"wp-block-column is-layout-flow wp-block-column-is-layout-flow\"><\/div>\n<\/div>\n\n\n\n<div style=\"height:100px\" aria-hidden=\"true\" class=\"wp-block-spacer\"><\/div>\n\n\n\n<div class=\"wp-block-columns is-layout-flex wp-container-core-columns-is-layout-9d6595d7 wp-block-columns-is-layout-flex\">\n<div class=\"wp-block-column is-layout-flow wp-block-column-is-layout-flow\">\n<p class=\"has-text-align-center has-grey-background-color has-background\"><strong>H\u00f6rsaal 5<\/strong><\/p>\n<\/div>\n\n\n\n<div class=\"wp-block-column is-layout-flow wp-block-column-is-layout-flow\">\n<p class=\"has-text-align-center has-grey-background-color has-background\"><strong>Raum 101\/103<\/strong><\/p>\n<\/div>\n<\/div>\n\n\n\n<div class=\"wp-block-columns is-layout-flex wp-container-core-columns-is-layout-9d6595d7 wp-block-columns-is-layout-flex\">\n<div class=\"wp-block-column is-layout-flow wp-block-column-is-layout-flow\"><div class=\"wp-block-image\">\n<figure class=\"aligncenter size-large is-resized\"><a href=\"https:\/\/bbb01.auf.bundeswehr.de\/rooms\/foq-rzd-rkx-lnn\/join\" rel='nofollow'><img loading=\"lazy\" decoding=\"async\" width=\"1024\" height=\"683\" src=\"https:\/\/www.hsu-hh.de\/ztb\/wp-content\/uploads\/sites\/665\/2025\/08\/Hoersaal-5-6-1024x683.jpg\" data-credit=\"HSU\/Gelhausen\" alt=\"\" class=\"wp-image-12653\" style=\"object-fit:cover;width:450px;height:300px\" srcset=\"https:\/\/www.hsu-hh.de\/ztb\/wp-content\/uploads\/sites\/665\/2025\/08\/Hoersaal-5-6-1024x683.jpg 1024w, https:\/\/www.hsu-hh.de\/ztb\/wp-content\/uploads\/sites\/665\/2025\/08\/Hoersaal-5-6-300x200.jpg 300w, https:\/\/www.hsu-hh.de\/ztb\/wp-content\/uploads\/sites\/665\/2025\/08\/Hoersaal-5-6-768x512.jpg 768w, https:\/\/www.hsu-hh.de\/ztb\/wp-content\/uploads\/sites\/665\/2025\/08\/Hoersaal-5-6-1536x1024.jpg 1536w, https:\/\/www.hsu-hh.de\/ztb\/wp-content\/uploads\/sites\/665\/2025\/08\/Hoersaal-5-6-2048x1365.jpg 2048w, https:\/\/www.hsu-hh.de\/ztb\/wp-content\/uploads\/sites\/665\/2025\/08\/Hoersaal-5-6-1100x733.jpg 1100w\" sizes=\"auto, (max-width: 1024px) 100vw, 1024px\" \/><\/a><\/figure>\n<\/div><\/div>\n\n\n\n<div class=\"wp-block-column is-layout-flow wp-block-column-is-layout-flow\"><div class=\"wp-block-image\">\n<figure class=\"aligncenter size-large is-resized\"><a href=\"https:\/\/bbb01.auf.bundeswehr.de\/rooms\/ugt-gb9-8ia-7sq\/join\" rel='nofollow'><img loading=\"lazy\" decoding=\"async\" width=\"1024\" height=\"683\" src=\"https:\/\/www.hsu-hh.de\/ztb\/wp-content\/uploads\/sites\/665\/2025\/08\/Raum-101-103-1024x683.jpg\" data-credit=\"HSU\/Gelhausen\" alt=\"\" class=\"wp-image-12654\" style=\"object-fit:cover;width:450px;height:300px\" srcset=\"https:\/\/www.hsu-hh.de\/ztb\/wp-content\/uploads\/sites\/665\/2025\/08\/Raum-101-103-1024x683.jpg 1024w, https:\/\/www.hsu-hh.de\/ztb\/wp-content\/uploads\/sites\/665\/2025\/08\/Raum-101-103-300x200.jpg 300w, https:\/\/www.hsu-hh.de\/ztb\/wp-content\/uploads\/sites\/665\/2025\/08\/Raum-101-103-768x512.jpg 768w, https:\/\/www.hsu-hh.de\/ztb\/wp-content\/uploads\/sites\/665\/2025\/08\/Raum-101-103-1536x1024.jpg 1536w, https:\/\/www.hsu-hh.de\/ztb\/wp-content\/uploads\/sites\/665\/2025\/08\/Raum-101-103-2048x1365.jpg 2048w, https:\/\/www.hsu-hh.de\/ztb\/wp-content\/uploads\/sites\/665\/2025\/08\/Raum-101-103-1100x733.jpg 1100w\" sizes=\"auto, (max-width: 1024px) 100vw, 1024px\" \/><\/a><\/figure>\n<\/div><\/div>\n<\/div>\n\n\n\n<div style=\"height:25px\" aria-hidden=\"true\" class=\"wp-block-spacer\"><\/div>\n\n\n\n<div class=\"wp-block-columns is-layout-flex wp-container-core-columns-is-layout-9d6595d7 wp-block-columns-is-layout-flex\">\n<div class=\"wp-block-column is-layout-flow wp-block-column-is-layout-flow\">\n<p class=\"has-text-align-center has-grey-background-color has-background\"><strong>Raum 401\/402<\/strong><\/p>\n<\/div>\n\n\n\n<div class=\"wp-block-column is-layout-flow wp-block-column-is-layout-flow\">\n<p class=\"has-text-align-center has-grey-background-color has-background\"><strong>Raum 405\/406<\/strong><\/p>\n<\/div>\n<\/div>\n\n\n\n<div class=\"wp-block-columns is-layout-flex wp-container-core-columns-is-layout-9d6595d7 wp-block-columns-is-layout-flex\">\n<div class=\"wp-block-column is-layout-flow wp-block-column-is-layout-flow\"><div class=\"wp-block-image\">\n<figure class=\"aligncenter size-large is-resized\"><a href=\"https:\/\/bbb01.auf.bundeswehr.de\/rooms\/aej-jgb-lft-h6c\/join\" rel='nofollow'><img loading=\"lazy\" decoding=\"async\" width=\"1024\" height=\"683\" src=\"https:\/\/www.hsu-hh.de\/ztb\/wp-content\/uploads\/sites\/665\/2025\/08\/Seminarraum-405-406-2-1024x683.jpg\" data-credit=\"HSU\/Gelhausen\" alt=\"\" class=\"wp-image-12657\" style=\"object-fit:cover;width:450px;height:300px\" srcset=\"https:\/\/www.hsu-hh.de\/ztb\/wp-content\/uploads\/sites\/665\/2025\/08\/Seminarraum-405-406-2-1024x683.jpg 1024w, https:\/\/www.hsu-hh.de\/ztb\/wp-content\/uploads\/sites\/665\/2025\/08\/Seminarraum-405-406-2-300x200.jpg 300w, https:\/\/www.hsu-hh.de\/ztb\/wp-content\/uploads\/sites\/665\/2025\/08\/Seminarraum-405-406-2-768x512.jpg 768w, https:\/\/www.hsu-hh.de\/ztb\/wp-content\/uploads\/sites\/665\/2025\/08\/Seminarraum-405-406-2-1536x1024.jpg 1536w, https:\/\/www.hsu-hh.de\/ztb\/wp-content\/uploads\/sites\/665\/2025\/08\/Seminarraum-405-406-2-2048x1365.jpg 2048w, https:\/\/www.hsu-hh.de\/ztb\/wp-content\/uploads\/sites\/665\/2025\/08\/Seminarraum-405-406-2-1100x733.jpg 1100w\" sizes=\"auto, (max-width: 1024px) 100vw, 1024px\" \/><\/a><\/figure>\n<\/div><\/div>\n\n\n\n<div class=\"wp-block-column is-layout-flow wp-block-column-is-layout-flow\"><div class=\"wp-block-image\">\n<figure class=\"aligncenter size-large is-resized\"><a href=\"https:\/\/bbb01.auf.bundeswehr.de\/rooms\/5sb-gfy-ndk-86a\/join\" rel='nofollow'><img loading=\"lazy\" decoding=\"async\" width=\"1024\" height=\"683\" src=\"https:\/\/www.hsu-hh.de\/ztb\/wp-content\/uploads\/sites\/665\/2025\/08\/Seminarraum-405-406-1024x683.jpg\" data-credit=\"HSU\/Gelhausen\" alt=\"\" class=\"wp-image-12658\" style=\"object-fit:cover;width:450px;height:300px\" srcset=\"https:\/\/www.hsu-hh.de\/ztb\/wp-content\/uploads\/sites\/665\/2025\/08\/Seminarraum-405-406-1024x683.jpg 1024w, https:\/\/www.hsu-hh.de\/ztb\/wp-content\/uploads\/sites\/665\/2025\/08\/Seminarraum-405-406-300x200.jpg 300w, https:\/\/www.hsu-hh.de\/ztb\/wp-content\/uploads\/sites\/665\/2025\/08\/Seminarraum-405-406-768x512.jpg 768w, https:\/\/www.hsu-hh.de\/ztb\/wp-content\/uploads\/sites\/665\/2025\/08\/Seminarraum-405-406-1536x1024.jpg 1536w, https:\/\/www.hsu-hh.de\/ztb\/wp-content\/uploads\/sites\/665\/2025\/08\/Seminarraum-405-406-2048x1366.jpg 2048w, https:\/\/www.hsu-hh.de\/ztb\/wp-content\/uploads\/sites\/665\/2025\/08\/Seminarraum-405-406-1100x733.jpg 1100w\" sizes=\"auto, (max-width: 1024px) 100vw, 1024px\" \/><\/a><\/figure>\n<\/div><\/div>\n<\/div>\n\n\n\n<div style=\"height:25px\" aria-hidden=\"true\" class=\"wp-block-spacer\"><\/div>\n\n\n\n<div class=\"wp-block-columns is-layout-flex wp-container-core-columns-is-layout-9d6595d7 wp-block-columns-is-layout-flex\">\n<div class=\"wp-block-column is-layout-flow wp-block-column-is-layout-flow\">\n<p class=\"has-text-align-center has-grey-background-color has-background\"><strong>Raum 404<\/strong><\/p>\n<\/div>\n\n\n\n<div class=\"wp-block-column is-layout-flow wp-block-column-is-layout-flow\">\n<p class=\"has-text-align-center has-grey-background-color has-background\"><strong>Raum 403<\/strong><\/p>\n<\/div>\n<\/div>\n\n\n\n<div class=\"wp-block-columns is-layout-flex wp-container-core-columns-is-layout-9d6595d7 wp-block-columns-is-layout-flex\">\n<div class=\"wp-block-column is-layout-flow wp-block-column-is-layout-flow\"><div class=\"wp-block-image\">\n<figure class=\"aligncenter size-large is-resized\"><a href=\"https:\/\/bbb01.auf.bundeswehr.de\/rooms\/z5m-jzl-tgu-gj1\/join\" rel='nofollow'><img loading=\"lazy\" decoding=\"async\" width=\"1024\" height=\"683\" src=\"https:\/\/www.hsu-hh.de\/ztb\/wp-content\/uploads\/sites\/665\/2025\/08\/Seminarraum-404-1024x683.jpg\" data-credit=\"HSU\/Gelhausen\" alt=\"R404\" class=\"wp-image-12656\" style=\"object-fit:cover;width:450px;height:300px\" srcset=\"https:\/\/www.hsu-hh.de\/ztb\/wp-content\/uploads\/sites\/665\/2025\/08\/Seminarraum-404-1024x683.jpg 1024w, https:\/\/www.hsu-hh.de\/ztb\/wp-content\/uploads\/sites\/665\/2025\/08\/Seminarraum-404-300x200.jpg 300w, https:\/\/www.hsu-hh.de\/ztb\/wp-content\/uploads\/sites\/665\/2025\/08\/Seminarraum-404-768x512.jpg 768w, https:\/\/www.hsu-hh.de\/ztb\/wp-content\/uploads\/sites\/665\/2025\/08\/Seminarraum-404-1536x1024.jpg 1536w, https:\/\/www.hsu-hh.de\/ztb\/wp-content\/uploads\/sites\/665\/2025\/08\/Seminarraum-404-2048x1365.jpg 2048w, https:\/\/www.hsu-hh.de\/ztb\/wp-content\/uploads\/sites\/665\/2025\/08\/Seminarraum-404-1100x733.jpg 1100w\" sizes=\"auto, (max-width: 1024px) 100vw, 1024px\" \/><\/a><\/figure>\n<\/div><\/div>\n\n\n\n<div class=\"wp-block-column is-layout-flow wp-block-column-is-layout-flow\"><div class=\"wp-block-image\">\n<figure class=\"aligncenter size-large is-resized\"><a href=\"https:\/\/bbb01.auf.bundeswehr.de\/rooms\/tu2-puu-fet-zad\/join\" rel='nofollow'><img loading=\"lazy\" decoding=\"async\" width=\"1024\" height=\"683\" src=\"https:\/\/www.hsu-hh.de\/ztb\/wp-content\/uploads\/sites\/665\/2025\/08\/Seminarraum-403-1024x683.jpg\" data-credit=\"HSU\/Gelhausen\" alt=\"\" class=\"wp-image-12655\" style=\"object-fit:cover;width:450px;height:300px\" srcset=\"https:\/\/www.hsu-hh.de\/ztb\/wp-content\/uploads\/sites\/665\/2025\/08\/Seminarraum-403-1024x683.jpg 1024w, https:\/\/www.hsu-hh.de\/ztb\/wp-content\/uploads\/sites\/665\/2025\/08\/Seminarraum-403-300x200.jpg 300w, https:\/\/www.hsu-hh.de\/ztb\/wp-content\/uploads\/sites\/665\/2025\/08\/Seminarraum-403-768x512.jpg 768w, https:\/\/www.hsu-hh.de\/ztb\/wp-content\/uploads\/sites\/665\/2025\/08\/Seminarraum-403-1536x1024.jpg 1536w, https:\/\/www.hsu-hh.de\/ztb\/wp-content\/uploads\/sites\/665\/2025\/08\/Seminarraum-403-2048x1365.jpg 2048w, https:\/\/www.hsu-hh.de\/ztb\/wp-content\/uploads\/sites\/665\/2025\/08\/Seminarraum-403-1100x733.jpg 1100w\" sizes=\"auto, (max-width: 1024px) 100vw, 1024px\" \/><\/a><\/figure>\n<\/div><\/div>\n<\/div>\n\n\n\n<div style=\"height:25px\" aria-hidden=\"true\" class=\"wp-block-spacer\"><\/div>\n\n\n\n<div class=\"wp-block-columns is-layout-flex wp-container-core-columns-is-layout-9d6595d7 wp-block-columns-is-layout-flex\">\n<div class=\"wp-block-column is-layout-flow wp-block-column-is-layout-flow\">\n<p class=\"has-text-align-center has-grey-background-color has-background\"><strong>Raum 1503<\/strong><\/p>\n<\/div>\n\n\n\n<div class=\"wp-block-column is-layout-flow wp-block-column-is-layout-flow\">\n<p><\/p>\n<\/div>\n<\/div>\n\n\n\n<div class=\"wp-block-columns is-layout-flex wp-container-core-columns-is-layout-9d6595d7 wp-block-columns-is-layout-flex\">\n<div class=\"wp-block-column is-layout-flow wp-block-column-is-layout-flow\"><div class=\"wp-block-image\">\n<figure class=\"aligncenter size-large is-resized\"><a href=\"https:\/\/bbb01.auf.bundeswehr.de\/rooms\/nhs-pvw-fyp-9lt\/join\" rel='nofollow'><img loading=\"lazy\" decoding=\"async\" width=\"1024\" height=\"683\" src=\"https:\/\/www.hsu-hh.de\/ztb\/wp-content\/uploads\/sites\/665\/2025\/08\/1503-1024x683.jpg\" data-credit=\"Gelhausen\/HSU\" alt=\"\" class=\"wp-image-12648\" style=\"object-fit:cover;width:450px;height:300px\" srcset=\"https:\/\/www.hsu-hh.de\/ztb\/wp-content\/uploads\/sites\/665\/2025\/08\/1503-1024x683.jpg 1024w, https:\/\/www.hsu-hh.de\/ztb\/wp-content\/uploads\/sites\/665\/2025\/08\/1503-300x200.jpg 300w, https:\/\/www.hsu-hh.de\/ztb\/wp-content\/uploads\/sites\/665\/2025\/08\/1503-768x512.jpg 768w, https:\/\/www.hsu-hh.de\/ztb\/wp-content\/uploads\/sites\/665\/2025\/08\/1503-1536x1024.jpg 1536w, https:\/\/www.hsu-hh.de\/ztb\/wp-content\/uploads\/sites\/665\/2025\/08\/1503-2048x1365.jpg 2048w, https:\/\/www.hsu-hh.de\/ztb\/wp-content\/uploads\/sites\/665\/2025\/08\/1503-1100x733.jpg 1100w\" sizes=\"auto, (max-width: 1024px) 100vw, 1024px\" \/><\/a><\/figure>\n<\/div><\/div>\n\n\n\n<div class=\"wp-block-column is-layout-flow wp-block-column-is-layout-flow\">\n<div style=\"height:300px\" aria-hidden=\"true\" class=\"wp-block-spacer\"><\/div>\n<\/div>\n<\/div>\n\n\n\n<div style=\"height:25px\" aria-hidden=\"true\" class=\"wp-block-spacer\"><\/div>\n\n\n\n<div class=\"wp-block-columns is-layout-flex wp-container-core-columns-is-layout-9d6595d7 wp-block-columns-is-layout-flex\">\n<div class=\"wp-block-column is-layout-flow wp-block-column-is-layout-flow\">\n<p class=\"has-text-align-center has-grey-background-color has-background\"><strong>Speakers Corner<\/strong><\/p>\n<\/div>\n\n\n\n<div class=\"wp-block-column is-layout-flow wp-block-column-is-layout-flow\">\n<p class=\"has-text-align-center has-grey-background-color has-background\"><strong>Arena<\/strong><\/p>\n<\/div>\n<\/div>\n\n\n\n<div class=\"wp-block-columns is-layout-flex wp-container-core-columns-is-layout-9d6595d7 wp-block-columns-is-layout-flex\">\n<div class=\"wp-block-column is-layout-flow wp-block-column-is-layout-flow\"><div class=\"wp-block-image\">\n<figure class=\"aligncenter size-large is-resized\"><a href=\"https:\/\/bbb01.auf.bundeswehr.de\/rooms\/myq-k2t-o67-c4u\/join\" rel='nofollow'><img loading=\"lazy\" decoding=\"async\" width=\"1024\" height=\"683\" src=\"https:\/\/www.hsu-hh.de\/ztb\/wp-content\/uploads\/sites\/665\/2025\/08\/SpeakersC-2-1024x683.jpg\" data-credit=\"HSU \/ Gelhausen\" alt=\"\" class=\"wp-image-12659\" style=\"object-fit:cover;width:450px;height:300px\" srcset=\"https:\/\/www.hsu-hh.de\/ztb\/wp-content\/uploads\/sites\/665\/2025\/08\/SpeakersC-2-1024x683.jpg 1024w, https:\/\/www.hsu-hh.de\/ztb\/wp-content\/uploads\/sites\/665\/2025\/08\/SpeakersC-2-300x200.jpg 300w, https:\/\/www.hsu-hh.de\/ztb\/wp-content\/uploads\/sites\/665\/2025\/08\/SpeakersC-2-768x512.jpg 768w, https:\/\/www.hsu-hh.de\/ztb\/wp-content\/uploads\/sites\/665\/2025\/08\/SpeakersC-2-1536x1024.jpg 1536w, https:\/\/www.hsu-hh.de\/ztb\/wp-content\/uploads\/sites\/665\/2025\/08\/SpeakersC-2-2048x1365.jpg 2048w, https:\/\/www.hsu-hh.de\/ztb\/wp-content\/uploads\/sites\/665\/2025\/08\/SpeakersC-2-1100x733.jpg 1100w\" sizes=\"auto, (max-width: 1024px) 100vw, 1024px\" \/><\/a><\/figure>\n<\/div><\/div>\n\n\n\n<div class=\"wp-block-column is-layout-flow wp-block-column-is-layout-flow\"><div class=\"wp-block-image\">\n<figure class=\"aligncenter size-large is-resized\"><a href=\"https:\/\/bbb01.auf.bundeswehr.de\/rooms\/fho-gb2-mjn-fqw\/join\" rel='nofollow'><img loading=\"lazy\" decoding=\"async\" width=\"1024\" height=\"683\" src=\"https:\/\/www.hsu-hh.de\/ztb\/wp-content\/uploads\/sites\/665\/2025\/08\/Arena-3-1024x683.jpg\" data-credit=\"HSU\/Gelhausen\" alt=\"\" class=\"wp-image-12649\" style=\"object-fit:cover;width:450px;height:300px\" srcset=\"https:\/\/www.hsu-hh.de\/ztb\/wp-content\/uploads\/sites\/665\/2025\/08\/Arena-3-1024x683.jpg 1024w, https:\/\/www.hsu-hh.de\/ztb\/wp-content\/uploads\/sites\/665\/2025\/08\/Arena-3-300x200.jpg 300w, https:\/\/www.hsu-hh.de\/ztb\/wp-content\/uploads\/sites\/665\/2025\/08\/Arena-3-768x512.jpg 768w, https:\/\/www.hsu-hh.de\/ztb\/wp-content\/uploads\/sites\/665\/2025\/08\/Arena-3-1536x1024.jpg 1536w, https:\/\/www.hsu-hh.de\/ztb\/wp-content\/uploads\/sites\/665\/2025\/08\/Arena-3-2048x1365.jpg 2048w, https:\/\/www.hsu-hh.de\/ztb\/wp-content\/uploads\/sites\/665\/2025\/08\/Arena-3-1100x733.jpg 1100w\" sizes=\"auto, (max-width: 1024px) 100vw, 1024px\" \/><\/a><\/figure>\n<\/div><\/div>\n<\/div>\n\n\n\n<div style=\"height:51px\" aria-hidden=\"true\" class=\"wp-block-spacer\"><\/div>\n\n\n\n<hr class=\"wp-block-separator has-alpha-channel-opacity\" \/>\n\n\n\n<figure class=\"wp-block-image size-large is-resized\"><img loading=\"lazy\" decoding=\"async\" width=\"1024\" height=\"241\" src=\"https:\/\/www.hsu-hh.de\/ztb\/wp-content\/uploads\/sites\/665\/2023\/03\/dtec.bw_EU-Foederhinweis_CMYK_vertikal-1-1024x241.jpg\" data-credit=\"dtec.bw\" alt=\"\" class=\"wp-image-8038\" style=\"width:486px;height:auto\" srcset=\"https:\/\/www.hsu-hh.de\/ztb\/wp-content\/uploads\/sites\/665\/2023\/03\/dtec.bw_EU-Foederhinweis_CMYK_vertikal-1-1024x241.jpg 1024w, https:\/\/www.hsu-hh.de\/ztb\/wp-content\/uploads\/sites\/665\/2023\/03\/dtec.bw_EU-Foederhinweis_CMYK_vertikal-1-300x71.jpg 300w, https:\/\/www.hsu-hh.de\/ztb\/wp-content\/uploads\/sites\/665\/2023\/03\/dtec.bw_EU-Foederhinweis_CMYK_vertikal-1-768x181.jpg 768w, https:\/\/www.hsu-hh.de\/ztb\/wp-content\/uploads\/sites\/665\/2023\/03\/dtec.bw_EU-Foederhinweis_CMYK_vertikal-1-1100x259.jpg 1100w, https:\/\/www.hsu-hh.de\/ztb\/wp-content\/uploads\/sites\/665\/2023\/03\/dtec.bw_EU-Foederhinweis_CMYK_vertikal-1.jpg 1418w\" sizes=\"auto, (max-width: 1024px) 100vw, 1024px\" \/><\/figure>\n\n\n\n<p>Das <a href=\"https:\/\/dtecbw.de\" target=\"_blank\" rel=\"noreferrer noopener\">dtec.bw \u2013 Zentrum f\u00fcr Digitalisierungs- und Technologieforschung der Bundeswehr<\/a> \u2013 ist ein von den Universit\u00e4ten der Bundeswehr Hamburg und M\u00fcnchen gemeinsam getragenes wissenschaftliches Zentrum und Bestandteil des Konjunkturprogramms der Bundesregierung zur \u00dcberwindung der COVID-19-Krise. Es unterliegt der akademischen Selbstverwaltung. Die Mittel, mit denen das dtec.bw ausgestattet wurde, werden an beiden Universit\u00e4ten der Bundeswehr zur Finanzierung von Forschungsprojekten und Projekten zum Wissens- und Technologietransfer eingesetzt. dtec.bw wird von der Europ\u00e4ischen Union \u2013 NextGenerationEU finanziert.<\/p>\n","protected":false},"excerpt":{"rendered":"<p>Willkommen zum gr\u00f6\u00dften Fachkongress der Bundeswehr mit dem diesj\u00e4hrigen Thema: \u201eWahrheit, Fiktion und L\u00fcge \u2013 Medienkompetenz und Critical Thinking als gesamtgesellschaftliche Herausforderung\u201c Von den realen Kongressorten an der Helmut-Schmidt-Universit\u00e4t\/Universit\u00e4t der [&hellip;]<\/p>\n","protected":false},"author":4157,"featured_media":0,"parent":0,"menu_order":0,"comment_status":"closed","ping_status":"closed","template":"","meta":{"footnotes":""},"categories":[4],"tags":[],"class_list":["post-12662","page","type-page","status-publish","hentry","category-forschung"],"_links":{"self":[{"href":"https:\/\/www.hsu-hh.de\/ztb\/wp-json\/wp\/v2\/pages\/12662","targetHints":{"allow":["GET"]}}],"collection":[{"href":"https:\/\/www.hsu-hh.de\/ztb\/wp-json\/wp\/v2\/pages"}],"about":[{"href":"https:\/\/www.hsu-hh.de\/ztb\/wp-json\/wp\/v2\/types\/page"}],"author":[{"embeddable":true,"href":"https:\/\/www.hsu-hh.de\/ztb\/wp-json\/wp\/v2\/users\/4157"}],"replies":[{"embeddable":true,"href":"https:\/\/www.hsu-hh.de\/ztb\/wp-json\/wp\/v2\/comments?post=12662"}],"version-history":[{"count":77,"href":"https:\/\/www.hsu-hh.de\/ztb\/wp-json\/wp\/v2\/pages\/12662\/revisions"}],"predecessor-version":[{"id":12769,"href":"https:\/\/www.hsu-hh.de\/ztb\/wp-json\/wp\/v2\/pages\/12662\/revisions\/12769"}],"wp:attachment":[{"href":"https:\/\/www.hsu-hh.de\/ztb\/wp-json\/wp\/v2\/media?parent=12662"}],"wp:term":[{"taxonomy":"category","embeddable":true,"href":"https:\/\/www.hsu-hh.de\/ztb\/wp-json\/wp\/v2\/categories?post=12662"},{"taxonomy":"post_tag","embeddable":true,"href":"https:\/\/www.hsu-hh.de\/ztb\/wp-json\/wp\/v2\/tags?post=12662"}],"curies":[{"name":"wp","href":"https:\/\/api.w.org\/{rel}","templated":true}]}}