{"id":12541,"date":"2025-07-28T13:52:24","date_gmt":"2025-07-28T11:52:24","guid":{"rendered":"https:\/\/www.hsu-hh.de\/ztb\/?page_id=12541"},"modified":"2025-10-20T10:38:35","modified_gmt":"2025-10-20T08:38:35","slug":"tagungsprogramm-2025","status":"publish","type":"page","link":"https:\/\/www.hsu-hh.de\/ztb\/tagungsprogramm-2025","title":{"rendered":"Tagungsprogramm 2025"},"content":{"rendered":"\n<div class=\"wp-block-columns is-layout-flex wp-container-core-columns-is-layout-9d6595d7 wp-block-columns-is-layout-flex\">\n<div class=\"wp-block-column is-layout-flow wp-block-column-is-layout-flow\">\n<p><\/p>\n<\/div>\n<\/div>\n\n\n\n<div class=\"wp-block-columns is-layout-flex wp-container-core-columns-is-layout-9d6595d7 wp-block-columns-is-layout-flex\">\n<div class=\"wp-block-column is-layout-flow wp-block-column-is-layout-flow\" style=\"flex-basis:31%\">\n<figure class=\"wp-block-image size-large\"><a href=\"https:\/\/www.hsu-hh.de\/ztb\/wp-content\/uploads\/sites\/665\/2025\/08\/2025_Kongresskatalog-klein.pdf\"><img loading=\"lazy\" decoding=\"async\" width=\"725\" height=\"1024\" src=\"https:\/\/www.hsu-hh.de\/ztb\/wp-content\/uploads\/sites\/665\/2025\/07\/2025_Kongressplakat-725x1024.jpg\" data-credit=\"ZtB\" alt=\"\" class=\"wp-image-12544\" srcset=\"https:\/\/www.hsu-hh.de\/ztb\/wp-content\/uploads\/sites\/665\/2025\/07\/2025_Kongressplakat-725x1024.jpg 725w, https:\/\/www.hsu-hh.de\/ztb\/wp-content\/uploads\/sites\/665\/2025\/07\/2025_Kongressplakat-212x300.jpg 212w, https:\/\/www.hsu-hh.de\/ztb\/wp-content\/uploads\/sites\/665\/2025\/07\/2025_Kongressplakat-768x1085.jpg 768w, https:\/\/www.hsu-hh.de\/ztb\/wp-content\/uploads\/sites\/665\/2025\/07\/2025_Kongressplakat-1087x1536.jpg 1087w, https:\/\/www.hsu-hh.de\/ztb\/wp-content\/uploads\/sites\/665\/2025\/07\/2025_Kongressplakat-1100x1555.jpg 1100w, https:\/\/www.hsu-hh.de\/ztb\/wp-content\/uploads\/sites\/665\/2025\/07\/2025_Kongressplakat.jpg 1241w\" sizes=\"auto, (max-width: 725px) 100vw, 725px\" \/><\/a><figcaption class=\"wp-element-caption\">Kongresskatalog<\/figcaption><\/figure>\n<\/div>\n\n\n\n<div class=\"wp-block-column is-layout-flow wp-block-column-is-layout-flow\">\n<p class=\"has-text-align-center has-medium-font-size\"><strong>Kongressthema 2025:<\/strong><\/p>\n\n\n\n<div style=\"height:25px\" aria-hidden=\"true\" class=\"wp-block-spacer\"><\/div>\n\n\n\n<p class=\"has-text-align-center has-large-font-size\"><strong>\u201eWahrheit, Fiktion und L\u00fcge &#8211; Medienkompetenz und Critical Thinking als gesamtgesellschaftliche Herausforderung\u201c<\/strong><\/p>\n\n\n\n<div style=\"height:25px\" aria-hidden=\"true\" class=\"wp-block-spacer\"><\/div>\n\n\n\n<p class=\"has-text-align-center has-grey-background-color has-background\">\u201eMedienbildung ist auch Demokratiebildung. [\u2026] Und wir m\u00fcssen unsere Urteilskraft sch\u00e4rfen, m\u00fcssen Menschen bef\u00e4higen, auf der Grundlage von verifizierbaren Fakten Quellen kritisch zu hinterfragen, um Fehlurteile zu vermeiden. Es braucht sowohl erweiterte Medienkompetenz als auch verbesserten Schutz vor Missbrauch.\u201c<\/p>\n\n\n\n<p class=\"has-text-align-center has-small-font-size\"><em>Bundespr\u00e4sident Frank-Walter Steinmeier im Juli 2024 im Rahmen des Forums Bellevue zur Transformation der Gesellschaft<\/em><\/p>\n<\/div>\n<\/div>\n\n\n\n<p class=\"has-text-align-center has-large-font-size\"><\/p>\n\n\n\n<div class=\"wp-block-columns is-layout-flex wp-container-core-columns-is-layout-9d6595d7 wp-block-columns-is-layout-flex\">\n<div class=\"wp-block-column is-layout-flow wp-block-column-is-layout-flow\">\n<div style=\"height:44px\" aria-hidden=\"true\" class=\"wp-block-spacer\"><\/div>\n\n\n\n<h1 class=\"wp-block-heading has-text-align-center\">Tagungsprogramm 2025<\/h1>\n\n\n\n<p class=\"has-text-align-center\">Der <strong>20. (Aus)Bildungskongress der Bundeswehr <\/strong>hat vom <strong>02. September bis zum 04. September<\/strong> <strong>2025 <\/strong>stattgefunden. Er verbindet Wissenschaft und Praxis mit einer integrierten Fachausstellung. Der Kongress fand hybrid statt, das hei\u00dft, er war sowohl in Pr\u00e4senz als auch digital zug\u00e4nglich. <strong>Das Tagungsprogramm finden Sie hier unter den jeweiligen Kongresstagen verlinkt.<\/strong><\/p>\n\n\n\n<p class=\"has-text-align-center has-grey-background-color has-background\"><strong>Videoaufnahmen <\/strong>der einzelnen Veranstaltungen finden Sie unter dem jeweiligen Programmpunkt im Tagungsprogramm.<\/p>\n\n\n\n<hr class=\"wp-block-separator has-alpha-channel-opacity\" \/>\n\n\n\n<p class=\"has-text-align-center has-grey-background-color has-background has-medium-font-size\"><strong><em><code>Aufgrund von Programm\u00e4nderungen sowie kritischer Einw\u00e4nde zur Ank\u00fcndigung von Beitr\u00e4gen <\/code><\/em><\/strong><br><strong><em><code>(s. Keynote zu Military Design) wurde das Programm aktualisiert und verst\u00e4ndlicher eingeordnet<\/code><\/em><\/strong>.<\/p>\n\n\n\n<div style=\"height:88px\" aria-hidden=\"true\" class=\"wp-block-spacer\"><\/div>\n\n\n\n<h2 class=\"wp-block-heading has-text-align-center has-grey-background-color has-background\"><a href=\"https:\/\/www.hsu-hh.de\/ztb\/tagungsprogramm-dienstag-02-september-2025\" data-type=\"link\" data-id=\"https:\/\/www.hsu-hh.de\/ztb\/tagungsprogramm-dienstag-02-september-2025\" target=\"_blank\" rel=\"noreferrer noopener\">Dienstag<br>02. September 2025*<\/a><\/h2>\n\n\n\n<div style=\"height:100px\" aria-hidden=\"true\" class=\"wp-block-spacer\"><\/div>\n\n\n\n<h2 class=\"wp-block-heading has-text-align-center has-grey-background-color has-background\"><a href=\"https:\/\/www.hsu-hh.de\/ztb\/tagungsprogramm-mittwoch-03-september-2025\" data-type=\"link\" data-id=\"https:\/\/www.hsu-hh.de\/ztb\/tagungsprogramm-mittwoch-03-september-2025\" target=\"_blank\" rel=\"noreferrer noopener\">Mittwoch<br>03. September 2025*<\/a><\/h2>\n\n\n\n<div style=\"height:100px\" aria-hidden=\"true\" class=\"wp-block-spacer\"><\/div>\n\n\n\n<h2 class=\"wp-block-heading has-text-align-center has-grey-background-color has-background\"><a href=\"https:\/\/www.hsu-hh.de\/ztb\/tagungsprogramm-donnerstag-04-september-2025\" data-type=\"link\" data-id=\"https:\/\/www.hsu-hh.de\/ztb\/tagungsprogramm-donnerstag-04-september-2025\" target=\"_blank\" rel=\"noreferrer noopener\">Donnerstag<br>04. September 2025*<\/a><\/h2>\n\n\n\n<div style=\"height:88px\" aria-hidden=\"true\" class=\"wp-block-spacer\"><\/div>\n\n\n\n<p class=\"has-text-align-center has-grey-background-color has-background has-medium-font-size\"><strong><em><code>Aufgrund von Programm\u00e4nderungen sowie kritischer Einw\u00e4nde zur Ank\u00fcndigung von Beitr\u00e4gen <\/code><\/em><\/strong><br><strong><em><code>(s. Keynote zu Military Design) wurde das Programm aktualisiert und verst\u00e4ndlicher eingeordnet.<\/code><\/em><\/strong><\/p>\n\n\n\n<hr class=\"wp-block-separator has-alpha-channel-opacity\" \/>\n\n\n\n<p class=\"has-text-align-center\">*\u00c4nderungen vorbehalten<\/p>\n\n\n\n<hr class=\"wp-block-separator has-alpha-channel-opacity\" \/>\n\n\n\n<p class=\"has-grey-background-color has-background\">Weitere Informationen k\u00f6nnen Sie dem Call for Papers entnehmen, welcher<strong> <\/strong><a href=\"https:\/\/www.hsu-hh.de\/ztb\/wp-content\/uploads\/sites\/665\/2025\/01\/2025-Call-for-Papers-AusBildungskongress-der-Bundeswehr.pdf\" target=\"_blank\" rel=\"noreferrer noopener\">hier zum Download<\/a> f\u00fcr Sie verf\u00fcgbar ist.<\/p>\n\n\n\n<p class=\"has-grey-background-color has-background\">Bei Fragen stehen wir Ihnen gern unter <a href=\"mailto:ztb-ausbildungskongress@bundeswehr.org\" rel='nofollow'>ztb-ausbildungskongress@bundeswehr.org<\/a> zur Verf\u00fcgung.<\/p>\n<\/div>\n<\/div>\n\n\n\n<div class=\"wp-block-columns is-layout-flex wp-container-core-columns-is-layout-9d6595d7 wp-block-columns-is-layout-flex\">\n<div class=\"wp-block-column is-layout-flow wp-block-column-is-layout-flow\">\n<div style=\"height:112px\" aria-hidden=\"true\" class=\"wp-block-spacer\"><\/div>\n<\/div>\n\n\n\n<div class=\"wp-block-column is-layout-flow wp-block-column-is-layout-flow\"><\/div>\n<\/div>\n\n\n\n<div class=\"wp-block-columns is-layout-flex wp-container-core-columns-is-layout-9d6595d7 wp-block-columns-is-layout-flex\">\n<div class=\"wp-block-column is-layout-flow wp-block-column-is-layout-flow\">\n<figure class=\"wp-block-image size-large\"><img loading=\"lazy\" decoding=\"async\" width=\"1024\" height=\"241\" src=\"https:\/\/www.hsu-hh.de\/ztb\/wp-content\/uploads\/sites\/665\/2023\/03\/dtec.bw_EU-Foederhinweis_CMYK_vertikal-1-1024x241.jpg\" data-credit=\"dtec.bw\" alt=\"\" class=\"wp-image-8038\" srcset=\"https:\/\/www.hsu-hh.de\/ztb\/wp-content\/uploads\/sites\/665\/2023\/03\/dtec.bw_EU-Foederhinweis_CMYK_vertikal-1-1024x241.jpg 1024w, https:\/\/www.hsu-hh.de\/ztb\/wp-content\/uploads\/sites\/665\/2023\/03\/dtec.bw_EU-Foederhinweis_CMYK_vertikal-1-300x71.jpg 300w, https:\/\/www.hsu-hh.de\/ztb\/wp-content\/uploads\/sites\/665\/2023\/03\/dtec.bw_EU-Foederhinweis_CMYK_vertikal-1-768x181.jpg 768w, https:\/\/www.hsu-hh.de\/ztb\/wp-content\/uploads\/sites\/665\/2023\/03\/dtec.bw_EU-Foederhinweis_CMYK_vertikal-1-1100x259.jpg 1100w, https:\/\/www.hsu-hh.de\/ztb\/wp-content\/uploads\/sites\/665\/2023\/03\/dtec.bw_EU-Foederhinweis_CMYK_vertikal-1.jpg 1418w\" sizes=\"auto, (max-width: 1024px) 100vw, 1024px\" \/><\/figure>\n<\/div>\n\n\n\n<div class=\"wp-block-column is-layout-flow wp-block-column-is-layout-flow\"><\/div>\n<\/div>\n\n\n\n<div class=\"wp-block-columns is-layout-flex wp-container-core-columns-is-layout-9d6595d7 wp-block-columns-is-layout-flex\">\n<div class=\"wp-block-column is-layout-flow wp-block-column-is-layout-flow\">\n<p>Das <a rel=\"noreferrer noopener\" href=\"https:\/\/dtecbw.de\" target=\"_blank\">dtec.bw \u2013 Zentrum f\u00fcr Digitalisierungs- und Technologieforschung der Bundeswehr<\/a> \u2013 ist ein von den Universit\u00e4ten der Bundeswehr Hamburg und M\u00fcnchen gemeinsam getragenes wissenschaftliches Zentrum und Bestandteil des Konjunkturprogramms der Bundesregierung zur \u00dcberwindung der COVID-19-Krise. Es unterliegt der akademischen Selbstverwaltung. Die Mittel, mit denen das dtec.bw ausgestattet wurde, werden an beiden Universit\u00e4ten der Bundeswehr zur Finanzierung von Forschungsprojekten und Projekten zum Wissens- und Technologietransfer eingesetzt. dtec.bw wird von der Europ\u00e4ischen Union \u2013 NextGenerationEU finanziert.<\/p>\n<\/div>\n<\/div>\n","protected":false},"excerpt":{"rendered":"<p>Kongressthema 2025: \u201eWahrheit, Fiktion und L\u00fcge &#8211; Medienkompetenz und Critical Thinking als gesamtgesellschaftliche Herausforderung\u201c \u201eMedienbildung ist auch Demokratiebildung. [\u2026] Und wir m\u00fcssen unsere Urteilskraft sch\u00e4rfen, m\u00fcssen Menschen bef\u00e4higen, auf der [&hellip;]<\/p>\n","protected":false},"author":4157,"featured_media":0,"parent":0,"menu_order":0,"comment_status":"closed","ping_status":"closed","template":"","meta":{"footnotes":""},"categories":[4],"tags":[],"class_list":["post-12541","page","type-page","status-publish","hentry","category-forschung"],"_links":{"self":[{"href":"https:\/\/www.hsu-hh.de\/ztb\/wp-json\/wp\/v2\/pages\/12541","targetHints":{"allow":["GET"]}}],"collection":[{"href":"https:\/\/www.hsu-hh.de\/ztb\/wp-json\/wp\/v2\/pages"}],"about":[{"href":"https:\/\/www.hsu-hh.de\/ztb\/wp-json\/wp\/v2\/types\/page"}],"author":[{"embeddable":true,"href":"https:\/\/www.hsu-hh.de\/ztb\/wp-json\/wp\/v2\/users\/4157"}],"replies":[{"embeddable":true,"href":"https:\/\/www.hsu-hh.de\/ztb\/wp-json\/wp\/v2\/comments?post=12541"}],"version-history":[{"count":23,"href":"https:\/\/www.hsu-hh.de\/ztb\/wp-json\/wp\/v2\/pages\/12541\/revisions"}],"predecessor-version":[{"id":12866,"href":"https:\/\/www.hsu-hh.de\/ztb\/wp-json\/wp\/v2\/pages\/12541\/revisions\/12866"}],"wp:attachment":[{"href":"https:\/\/www.hsu-hh.de\/ztb\/wp-json\/wp\/v2\/media?parent=12541"}],"wp:term":[{"taxonomy":"category","embeddable":true,"href":"https:\/\/www.hsu-hh.de\/ztb\/wp-json\/wp\/v2\/categories?post=12541"},{"taxonomy":"post_tag","embeddable":true,"href":"https:\/\/www.hsu-hh.de\/ztb\/wp-json\/wp\/v2\/tags?post=12541"}],"curies":[{"name":"wp","href":"https:\/\/api.w.org\/{rel}","templated":true}]}}