{"id":11986,"date":"2024-12-11T11:24:12","date_gmt":"2024-12-11T10:24:12","guid":{"rendered":"https:\/\/www.hsu-hh.de\/ztb\/?page_id=11986"},"modified":"2025-01-27T19:08:47","modified_gmt":"2025-01-27T18:08:47","slug":"tagungsprogramm-2024","status":"publish","type":"page","link":"https:\/\/www.hsu-hh.de\/ztb\/tagungsprogramm-2024","title":{"rendered":"Tagungsprogramm 2024"},"content":{"rendered":"\n<div class=\"wp-block-columns is-layout-flex wp-container-core-columns-is-layout-9d6595d7 wp-block-columns-is-layout-flex\">\n<div class=\"wp-block-column is-layout-flow wp-block-column-is-layout-flow\">\n<p><\/p>\n<\/div>\n<\/div>\n\n\n\n<div class=\"wp-block-columns is-layout-flex wp-container-core-columns-is-layout-9d6595d7 wp-block-columns-is-layout-flex\">\n<div class=\"wp-block-column is-layout-flow wp-block-column-is-layout-flow\" style=\"flex-basis:160px\">\n<p>Hier finden Sie Informationen zu:<\/p>\n\n\n\n<p><strong><strong><a href=\"https:\/\/www.hsu-hh.de\/ztb\/ausbildungskongress-2024\" target=\"_blank\" rel=\"noreferrer noopener\">Allgemeines <\/a><\/strong><\/strong><\/p>\n\n\n\n<p><strong><strong><a href=\"https:\/\/www.hsu-hh.de\/ztb\/wp-content\/uploads\/sites\/665\/2024\/06\/Uebersicht-Fachausstellung-2024.pdf\" target=\"_blank\" rel=\"noreferrer noopener\">Fachausstellung <\/a><\/strong><\/strong><\/p>\n\n\n\n<p><strong><strong><a href=\"https:\/\/www.hsu-hh.de\/ztb\/wp-content\/uploads\/sites\/665\/2024\/06\/Ankonferenzen-AusBildungskongress-der-Bundeswehr-2024.pdf\" target=\"_blank\" rel=\"noreferrer noopener\">Ankonferenzen <\/a><\/strong><\/strong><\/p>\n\n\n\n<p><strong><strong><a href=\"https:\/\/www.hsu-hh.de\/ztb\/call-for-papers-2\" target=\"_blank\" rel=\"noreferrer noopener\">Call for Papers <\/a><\/strong><\/strong><\/p>\n<\/div>\n\n\n\n<div class=\"wp-block-column is-layout-flow wp-block-column-is-layout-flow\" style=\"flex-basis:31%\">\n<figure class=\"wp-block-image size-large is-resized\"><a href=\"https:\/\/www.hsu-hh.de\/ztb\/wp-content\/uploads\/sites\/665\/2024\/06\/2024_Katalog.pdf\" target=\"_blank\" rel=\"noreferrer noopener\"><img loading=\"lazy\" decoding=\"async\" width=\"724\" height=\"1024\" src=\"https:\/\/www.hsu-hh.de\/ztb\/wp-content\/uploads\/sites\/665\/2024\/04\/Cover-ABK24-1-724x1024.png\" data-credit=\"HSU \/ UniBw H\" alt=\"\" class=\"wp-image-10603\" style=\"width:335px;height:auto\" srcset=\"https:\/\/www.hsu-hh.de\/ztb\/wp-content\/uploads\/sites\/665\/2024\/04\/Cover-ABK24-1-724x1024.png 724w, https:\/\/www.hsu-hh.de\/ztb\/wp-content\/uploads\/sites\/665\/2024\/04\/Cover-ABK24-1-212x300.png 212w, https:\/\/www.hsu-hh.de\/ztb\/wp-content\/uploads\/sites\/665\/2024\/04\/Cover-ABK24-1-768x1086.png 768w, https:\/\/www.hsu-hh.de\/ztb\/wp-content\/uploads\/sites\/665\/2024\/04\/Cover-ABK24-1-1086x1536.png 1086w, https:\/\/www.hsu-hh.de\/ztb\/wp-content\/uploads\/sites\/665\/2024\/04\/Cover-ABK24-1-1448x2048.png 1448w, https:\/\/www.hsu-hh.de\/ztb\/wp-content\/uploads\/sites\/665\/2024\/04\/Cover-ABK24-1-1100x1556.png 1100w\" sizes=\"auto, (max-width: 724px) 100vw, 724px\" \/><\/a><\/figure>\n<\/div>\n\n\n\n<div class=\"wp-block-column is-layout-flow wp-block-column-is-layout-flow\">\n<p class=\"has-medium-font-size\"><strong>Kongressthema 2024:<\/strong><\/p>\n\n\n\n<div style=\"height:25px\" aria-hidden=\"true\" class=\"wp-block-spacer\"><\/div>\n\n\n\n<p class=\"has-large-font-size\"><strong>\u201eGame-based Learning und Serious Gaming f\u00fcr eine starke Demokratie \u2013 Chancen und Grenzen\u201c<\/strong><\/p>\n\n\n\n<div style=\"height:25px\" aria-hidden=\"true\" class=\"wp-block-spacer\"><\/div>\n\n\n\n<p class=\"has-grey-background-color has-background\">\u201eEs gibt so etwas wie eine demokratische Muskulatur, die regelm\u00e4\u00dfig trainiert werden muss, weil sie sonst schlaff wird und verk\u00fcmmert. Unsere F\u00e4higkeit zur vern\u00fcnftigen Diskussion mit Menschen, die anderer Meinung sind, unsere Bereitschaft zum Ausgleich unterschiedlicher Interessen, die m\u00fcssen wir immer wieder ein\u00fcben.\u201c<\/p>\n\n\n\n<p class=\"has-small-font-size\"><em>Bundespr\u00e4sident Frank-Walter Steinmeier im Dezember 2023 im Rahmen der Ordensverleihung zum Tag des Ehrenam<\/em>tes<\/p>\n<\/div>\n<\/div>\n\n\n\n<p class=\"has-text-align-center has-large-font-size\"><\/p>\n\n\n\n<div class=\"wp-block-columns is-layout-flex wp-container-core-columns-is-layout-9d6595d7 wp-block-columns-is-layout-flex\">\n<div class=\"wp-block-column is-layout-flow wp-block-column-is-layout-flow\">\n<div style=\"height:44px\" aria-hidden=\"true\" class=\"wp-block-spacer\"><\/div>\n\n\n\n<h1 class=\"wp-block-heading has-text-align-center\">Tagungsprogramm 2024<\/h1>\n\n\n\n<p>Der <strong>(Aus)Bildungskongress der Bundeswehr 2024 <\/strong>hat vom <strong>03. September bis zum 05. September<\/strong> stattgefunden. Er verbindet Wissenschaft und Praxis mit einer integrierten Fachausstellung. Der Kongress fand hybrid statt, das hei\u00dft, er war sowohl in Pr\u00e4senz als auch digital zug\u00e4nglich. <strong>Das Tagungsprogramm finden Sie hier unter den jeweiligen Kongresstagen verlinkt.<\/strong><\/p>\n\n\n\n<p><strong>Videoaufnahmen <\/strong>der einzelnen Veranstaltungen finden Sie unter dem jeweiligen Programmpunkt im Tagungsprogramm.<\/p>\n\n\n\n<hr class=\"wp-block-separator has-alpha-channel-opacity\" \/>\n\n\n\n<div style=\"height:88px\" aria-hidden=\"true\" class=\"wp-block-spacer\"><\/div>\n\n\n\n<h2 class=\"wp-block-heading has-text-align-center has-grey-background-color has-background\"><a href=\"https:\/\/www.hsu-hh.de\/ztb\/tagungsprogramm-dienstag-03-september-2024\" target=\"_blank\" rel=\"noreferrer noopener\">Dienstag <br>03. September 2024*<\/a> <\/h2>\n\n\n\n<div style=\"height:100px\" aria-hidden=\"true\" class=\"wp-block-spacer\"><\/div>\n\n\n\n<h2 class=\"wp-block-heading has-text-align-center has-grey-background-color has-background\"><a href=\"https:\/\/www.hsu-hh.de\/ztb\/tagungsprogramm-mittwoch-04-september-2024\" target=\"_blank\" rel=\"noreferrer noopener\">Mittwoch <br>04. September 2024*<\/a><\/h2>\n\n\n\n<div style=\"height:100px\" aria-hidden=\"true\" class=\"wp-block-spacer\"><\/div>\n\n\n\n<h2 class=\"wp-block-heading has-text-align-center has-grey-background-color has-background\"><a href=\"https:\/\/www.hsu-hh.de\/ztb\/tagungsprogramm-donnerstag-05-september\" target=\"_blank\" rel=\"noreferrer noopener\">Donnerstag <br>05. September 2024*<\/a><\/h2>\n\n\n\n<hr class=\"wp-block-separator has-alpha-channel-opacity\" \/>\n\n\n\n<p class=\"has-text-align-center\">*\u00c4nderungen vorbehalten<\/p>\n\n\n\n<hr class=\"wp-block-separator has-alpha-channel-opacity\" \/>\n\n\n\n<div class=\"wp-block-columns is-layout-flex wp-container-core-columns-is-layout-9d6595d7 wp-block-columns-is-layout-flex\">\n<div class=\"wp-block-column is-layout-flow wp-block-column-is-layout-flow\">\n<p class=\"has-text-align-center has-grey-background-color has-background has-medium-font-size\"><strong>Hier k\u00f6nnen Sie das komplette Programm als <a href=\"https:\/\/www.hsu-hh.de\/ztb\/wp-content\/uploads\/sites\/665\/2024\/06\/Programmuebersicht-AusBildungskongress-2024.pdf\" target=\"_blank\" rel=\"noreferrer noopener\">pdf downloaden<\/a><\/strong><\/p>\n<\/div>\n<\/div>\n\n\n\n<p class=\"has-grey-background-color has-background\">Weitere Informationen k\u00f6nnen Sie dem diesj\u00e4hrigen Call for Papers entnehmen, welcher in einer <strong>Langfassung <\/strong>und einer <strong>Kurzfassung <\/strong><a rel=\"noreferrer noopener\" href=\"https:\/\/www.hsu-hh.de\/ztb\/call-for-papers2023\" target=\"_blank\">hier zum Download<\/a> f\u00fcr Sie verf\u00fcgbar ist. Au\u00dferdem werden im Laufe des Jahres im Bereich <strong><a href=\"https:\/\/www.hsu-hh.de\/ztb\/ausbildungskongress-news\" data-type=\"URL\" data-id=\"https:\/\/www.hsu-hh.de\/ztb\/ausbildungskongress-news\">News<\/a><\/strong> diverse Neuigkeiten und Informationen ver\u00f6ffentlicht.<\/p>\n\n\n\n<p class=\"has-grey-background-color has-background\">Bei Fragen stehen wir Ihnen gern unter <a href=\"mailto:ausbidungskongress@hsu-hh.de\" target=\"_blank\" rel=\"noreferrer noopener\">ausbildungskongress@hsu-hh.de<\/a> zur Verf\u00fcgung.<\/p>\n<\/div>\n<\/div>\n\n\n\n<div class=\"wp-block-columns is-layout-flex wp-container-core-columns-is-layout-9d6595d7 wp-block-columns-is-layout-flex\">\n<div class=\"wp-block-column is-layout-flow wp-block-column-is-layout-flow\">\n<div style=\"height:112px\" aria-hidden=\"true\" class=\"wp-block-spacer\"><\/div>\n<\/div>\n\n\n\n<div class=\"wp-block-column is-layout-flow wp-block-column-is-layout-flow\"><\/div>\n<\/div>\n\n\n\n<div class=\"wp-block-columns is-layout-flex wp-container-core-columns-is-layout-9d6595d7 wp-block-columns-is-layout-flex\">\n<div class=\"wp-block-column is-layout-flow wp-block-column-is-layout-flow\">\n<figure class=\"wp-block-image size-large\"><img loading=\"lazy\" decoding=\"async\" width=\"1024\" height=\"241\" src=\"https:\/\/www.hsu-hh.de\/ztb\/wp-content\/uploads\/sites\/665\/2023\/03\/dtec.bw_EU-Foederhinweis_CMYK_vertikal-1-1024x241.jpg\" data-credit=\"dtec.bw\" alt=\"\" class=\"wp-image-8038\" srcset=\"https:\/\/www.hsu-hh.de\/ztb\/wp-content\/uploads\/sites\/665\/2023\/03\/dtec.bw_EU-Foederhinweis_CMYK_vertikal-1-1024x241.jpg 1024w, https:\/\/www.hsu-hh.de\/ztb\/wp-content\/uploads\/sites\/665\/2023\/03\/dtec.bw_EU-Foederhinweis_CMYK_vertikal-1-300x71.jpg 300w, https:\/\/www.hsu-hh.de\/ztb\/wp-content\/uploads\/sites\/665\/2023\/03\/dtec.bw_EU-Foederhinweis_CMYK_vertikal-1-768x181.jpg 768w, https:\/\/www.hsu-hh.de\/ztb\/wp-content\/uploads\/sites\/665\/2023\/03\/dtec.bw_EU-Foederhinweis_CMYK_vertikal-1-1100x259.jpg 1100w, https:\/\/www.hsu-hh.de\/ztb\/wp-content\/uploads\/sites\/665\/2023\/03\/dtec.bw_EU-Foederhinweis_CMYK_vertikal-1.jpg 1418w\" sizes=\"auto, (max-width: 1024px) 100vw, 1024px\" \/><\/figure>\n<\/div>\n\n\n\n<div class=\"wp-block-column is-layout-flow wp-block-column-is-layout-flow\"><\/div>\n<\/div>\n\n\n\n<div class=\"wp-block-columns is-layout-flex wp-container-core-columns-is-layout-9d6595d7 wp-block-columns-is-layout-flex\">\n<div class=\"wp-block-column is-layout-flow wp-block-column-is-layout-flow\">\n<p>Das <a rel=\"noreferrer noopener\" href=\"https:\/\/dtecbw.de\" target=\"_blank\">dtec.bw \u2013 Zentrum f\u00fcr Digitalisierungs- und Technologieforschung der Bundeswehr<\/a> \u2013 ist ein von den Universit\u00e4ten der Bundeswehr Hamburg und M\u00fcnchen gemeinsam getragenes wissenschaftliches Zentrum und Bestandteil des Konjunkturprogramms der Bundesregierung zur \u00dcberwindung der COVID-19-Krise. Es unterliegt der akademischen Selbstverwaltung. Die Mittel, mit denen das dtec.bw ausgestattet wurde, werden an beiden Universit\u00e4ten der Bundeswehr zur Finanzierung von Forschungsprojekten und Projekten zum Wissens- und Technologietransfer eingesetzt. dtec.bw wird von der Europ\u00e4ischen Union \u2013 NextGenerationEU finanziert.<\/p>\n<\/div>\n<\/div>\n","protected":false},"excerpt":{"rendered":"<p>Hier finden Sie Informationen zu: Allgemeines Fachausstellung Ankonferenzen Call for Papers Kongressthema 2024: \u201eGame-based Learning und Serious Gaming f\u00fcr eine starke Demokratie \u2013 Chancen und Grenzen\u201c \u201eEs gibt so etwas [&hellip;]<\/p>\n","protected":false},"author":3708,"featured_media":0,"parent":0,"menu_order":0,"comment_status":"closed","ping_status":"closed","template":"","meta":{"footnotes":""},"categories":[4],"tags":[],"class_list":["post-11986","page","type-page","status-publish","hentry","category-forschung"],"_links":{"self":[{"href":"https:\/\/www.hsu-hh.de\/ztb\/wp-json\/wp\/v2\/pages\/11986","targetHints":{"allow":["GET"]}}],"collection":[{"href":"https:\/\/www.hsu-hh.de\/ztb\/wp-json\/wp\/v2\/pages"}],"about":[{"href":"https:\/\/www.hsu-hh.de\/ztb\/wp-json\/wp\/v2\/types\/page"}],"author":[{"embeddable":true,"href":"https:\/\/www.hsu-hh.de\/ztb\/wp-json\/wp\/v2\/users\/3708"}],"replies":[{"embeddable":true,"href":"https:\/\/www.hsu-hh.de\/ztb\/wp-json\/wp\/v2\/comments?post=11986"}],"version-history":[{"count":14,"href":"https:\/\/www.hsu-hh.de\/ztb\/wp-json\/wp\/v2\/pages\/11986\/revisions"}],"predecessor-version":[{"id":12132,"href":"https:\/\/www.hsu-hh.de\/ztb\/wp-json\/wp\/v2\/pages\/11986\/revisions\/12132"}],"wp:attachment":[{"href":"https:\/\/www.hsu-hh.de\/ztb\/wp-json\/wp\/v2\/media?parent=11986"}],"wp:term":[{"taxonomy":"category","embeddable":true,"href":"https:\/\/www.hsu-hh.de\/ztb\/wp-json\/wp\/v2\/categories?post=11986"},{"taxonomy":"post_tag","embeddable":true,"href":"https:\/\/www.hsu-hh.de\/ztb\/wp-json\/wp\/v2\/tags?post=11986"}],"curies":[{"name":"wp","href":"https:\/\/api.w.org\/{rel}","templated":true}]}}