{"id":11969,"date":"2024-12-11T11:10:05","date_gmt":"2024-12-11T10:10:05","guid":{"rendered":"https:\/\/www.hsu-hh.de\/ztb\/?page_id=11969"},"modified":"2025-01-27T19:05:44","modified_gmt":"2025-01-27T18:05:44","slug":"ausbildungskongress-2024","status":"publish","type":"page","link":"https:\/\/www.hsu-hh.de\/ztb\/ausbildungskongress-2024","title":{"rendered":"(Aus)Bildungskongress der Bundeswehr 2024"},"content":{"rendered":"\n<div class=\"wp-block-columns is-layout-flex wp-container-core-columns-is-layout-9d6595d7 wp-block-columns-is-layout-flex\">\n<div class=\"wp-block-column is-layout-flow wp-block-column-is-layout-flow\">\n<p><\/p>\n\n\n\n<p>Hier finden Sie Informationen zu:<\/p>\n\n\n\n<p><strong><strong><a href=\"https:\/\/www.hsu-hh.de\/ztb\/tagungsprogramm-2024\" target=\"_blank\" rel=\"noreferrer noopener\">Tagungsprogramm<\/a><\/strong><\/strong> <br>(<abbr title=\"inclusive\">inkl.<\/abbr> Videoaufnahmen)<\/p>\n\n\n\n<p><strong><strong><a href=\"https:\/\/www.hsu-hh.de\/ztb\/wp-content\/uploads\/sites\/665\/2024\/06\/Uebersicht-Fachausstellung-2024.pdf\" target=\"_blank\" rel=\"noreferrer noopener\">Fachausstellung <\/a><\/strong><\/strong><\/p>\n\n\n\n<p><strong><strong><a href=\"https:\/\/www.hsu-hh.de\/ztb\/wp-content\/uploads\/sites\/665\/2024\/06\/Ankonferenzen-AusBildungskongress-der-Bundeswehr-2024.pdf\" target=\"_blank\" rel=\"noreferrer noopener\">Ankonferenzen <\/a><\/strong><\/strong><\/p>\n\n\n\n<p><strong><strong><a href=\"https:\/\/www.hsu-hh.de\/ztb\/call-for-papers-2\" target=\"_blank\" rel=\"noreferrer noopener\">Call for Papers <\/a><\/strong><\/strong><\/p>\n<\/div>\n\n\n\n<div class=\"wp-block-column is-layout-flow wp-block-column-is-layout-flow\">\n<figure class=\"wp-block-image size-large is-resized\"><a href=\"https:\/\/www.hsu-hh.de\/ztb\/wp-content\/uploads\/sites\/665\/2024\/06\/2024_Katalog.pdf\" target=\"_blank\" rel=\"noreferrer noopener\"><img loading=\"lazy\" decoding=\"async\" width=\"724\" height=\"1024\" src=\"https:\/\/www.hsu-hh.de\/ztb\/wp-content\/uploads\/sites\/665\/2024\/04\/Cover-ABK24-1-724x1024.png\" data-credit=\"HSU \/ UniBw H\" alt=\"\" class=\"wp-image-10603\" style=\"width:374px;height:auto\" srcset=\"https:\/\/www.hsu-hh.de\/ztb\/wp-content\/uploads\/sites\/665\/2024\/04\/Cover-ABK24-1-724x1024.png 724w, https:\/\/www.hsu-hh.de\/ztb\/wp-content\/uploads\/sites\/665\/2024\/04\/Cover-ABK24-1-212x300.png 212w, https:\/\/www.hsu-hh.de\/ztb\/wp-content\/uploads\/sites\/665\/2024\/04\/Cover-ABK24-1-768x1086.png 768w, https:\/\/www.hsu-hh.de\/ztb\/wp-content\/uploads\/sites\/665\/2024\/04\/Cover-ABK24-1-1086x1536.png 1086w, https:\/\/www.hsu-hh.de\/ztb\/wp-content\/uploads\/sites\/665\/2024\/04\/Cover-ABK24-1-1448x2048.png 1448w, https:\/\/www.hsu-hh.de\/ztb\/wp-content\/uploads\/sites\/665\/2024\/04\/Cover-ABK24-1-1100x1556.png 1100w\" sizes=\"auto, (max-width: 724px) 100vw, 724px\" \/><\/a><figcaption class=\"wp-element-caption\">Kongresskatalog<\/figcaption><\/figure>\n<\/div>\n\n\n\n<div class=\"wp-block-column is-layout-flow wp-block-column-is-layout-flow\"><\/div>\n<\/div>\n\n\n\n<p class=\"has-text-align-center\"><\/p>\n\n\n\n<hr class=\"wp-block-separator has-alpha-channel-opacity\" \/>\n\n\n\n<p class=\"has-text-align-center has-grey-background-color has-background has-medium-font-size\"><strong>Vom 3. &#8211; 5. September 2024 hat der gr\u00f6\u00dfte Fachkongress der Bundeswehr zum Thema \u201eGame-based Learning und Serious Gaming f\u00fcr eine starke Demokratie \u2013 Chancen und Grenzen&#8220; an der Helmut-Schmidt-Universit\u00e4t\/Universit\u00e4t der Bundeswehr Hamburg<\/strong> <strong>stattgefunden.<\/strong><\/p>\n\n\n\n<hr class=\"wp-block-separator has-alpha-channel-opacity\" \/>\n\n\n\n<div style=\"height:30px\" aria-hidden=\"true\" class=\"wp-block-spacer\"><\/div>\n\n\n\n<p class=\"has-text-align-center has-medium-font-size\"><strong>\u201eEs gibt so etwas wie eine demokratische Muskulatur, die regelm\u00e4\u00dfig trainiert werden muss, weil sie sonst schlaff wird und verk\u00fcmmert. Unsere F\u00e4higkeit zur vern\u00fcnftigen Diskussion mit Menschen, die anderer Meinung sind, unsere Bereitschaft zum Ausgleich unterschiedlicher Interessen, die m\u00fcssen wir immer wieder ein\u00fcben.\u201c<\/strong><\/p>\n\n\n\n<p class=\"has-text-align-center has-small-font-size\">Bundespr\u00e4sident Frank-Walter Steinmeier im Dezember 2023 im Rahmen der Ordensverleihung zum Tag des Ehrenamtes<\/p>\n\n\n\n<div style=\"height:30px\" aria-hidden=\"true\" class=\"wp-block-spacer\"><\/div>\n\n\n\n<hr class=\"wp-block-separator has-alpha-channel-opacity\" \/>\n\n\n\n<div class=\"wp-block-columns is-layout-flex wp-container-core-columns-is-layout-9d6595d7 wp-block-columns-is-layout-flex\">\n<div class=\"wp-block-column is-layout-flow wp-block-column-is-layout-flow\">\n<div class=\"wp-block-columns is-layout-flex wp-container-core-columns-is-layout-9d6595d7 wp-block-columns-is-layout-flex\">\n<div class=\"wp-block-column is-layout-flow wp-block-column-is-layout-flow\" style=\"flex-basis:33.33%\">\n<figure class=\"wp-block-image size-large is-resized\"><img loading=\"lazy\" decoding=\"async\" width=\"1024\" height=\"683\" src=\"https:\/\/www.hsu-hh.de\/ztb\/wp-content\/uploads\/sites\/665\/2023\/12\/023_0871_Diskussion_scaled-1024x683.jpg\" data-credit=\"HSU \/ UniBw H\" alt=\"\" class=\"wp-image-10157\" style=\"object-fit:contain;width:338px;height:225px\" srcset=\"https:\/\/www.hsu-hh.de\/ztb\/wp-content\/uploads\/sites\/665\/2023\/12\/023_0871_Diskussion_scaled-1024x683.jpg 1024w, https:\/\/www.hsu-hh.de\/ztb\/wp-content\/uploads\/sites\/665\/2023\/12\/023_0871_Diskussion_scaled-300x200.jpg 300w, https:\/\/www.hsu-hh.de\/ztb\/wp-content\/uploads\/sites\/665\/2023\/12\/023_0871_Diskussion_scaled-768x512.jpg 768w, https:\/\/www.hsu-hh.de\/ztb\/wp-content\/uploads\/sites\/665\/2023\/12\/023_0871_Diskussion_scaled.jpg 1080w\" sizes=\"auto, (max-width: 1024px) 100vw, 1024px\" \/><\/figure>\n<\/div>\n\n\n\n<div class=\"wp-block-column is-layout-flow wp-block-column-is-layout-flow\" style=\"flex-basis:66.66%\">\n<p class=\"has-medium-font-size\"><strong>Die gemeinsame Diskussion war gepr\u00e4gt von den folgenden Fragen:<\/strong><\/p>\n\n\n\n<ul class=\"wp-block-list\">\n<li class=\"has-medium-font-size\">Wo stehen wir in den Bereichen Game-based Learning, Serious Gaming, Wargaming, Gamification sowie dem Einsatz von k\u00fcnstlicher Intelligenz und Virtual und Augmented Reality in der Aus-, Fort- und Weiterbildung?<\/li>\n<\/ul>\n\n\n\n<ul class=\"wp-block-list\">\n<li class=\"has-medium-font-size\">Welche Definitionen existieren? Wie haben unterschiedliche Definitionen Auswirkungen auf die Anwendung?<\/li>\n<\/ul>\n\n\n\n<ul class=\"wp-block-list\">\n<li class=\"has-medium-font-size\">Wie grenzen sich diese Methoden voneinander ab?<\/li>\n<\/ul>\n\n\n\n<ul class=\"wp-block-list\">\n<li class=\"has-medium-font-size\">Welche technischen M\u00f6glichkeiten sind aktuell \u201eState of the Art\u201c?<\/li>\n<\/ul>\n\n\n\n<ul class=\"wp-block-list\">\n<li class=\"has-medium-font-size\">Welche Erfahrungen gibt es in der allt\u00e4glichen wie auch in der einsatznahen Anwendung?<\/li>\n<\/ul>\n\n\n\n<ul class=\"wp-block-list\">\n<li class=\"has-medium-font-size\">Was sind Best Practise Beispiele in der (Aus)Bildung zum Kompetenzerwerb im Kontext von Game-based Learning, Serious Gaming, Wargaming, Gamification, KI und Virtual und Augmented Reality?<\/li>\n<\/ul>\n\n\n\n<ul class=\"wp-block-list\">\n<li class=\"has-medium-font-size\">Welche Konzepte und Erfahrungen gibt es f\u00fcr die Verzahnung von technologiegest\u00fctzten oder analogen Spiel- und Simulationselementen mit dem Anspruch einer didaktisch-methodischen Organisation im Rahmen des Kompetenzerwerbs\/-erhalt und \u201eIn-\u00dcbung-Haltung\u201c von Einsatzkr\u00e4ften und (zivilen) F\u00fchrungskr\u00e4ften.<\/li>\n<\/ul>\n<\/div>\n<\/div>\n<\/div>\n<\/div>\n\n\n\n<hr class=\"wp-block-separator has-alpha-channel-opacity is-style-wide\" \/>\n\n\n\n<div class=\"wp-block-columns is-layout-flex wp-container-core-columns-is-layout-9d6595d7 wp-block-columns-is-layout-flex\">\n<div class=\"wp-block-column is-layout-flow wp-block-column-is-layout-flow\">\n<p class=\"has-white-background-color has-background\">Bei Fragen stehen wir Ihnen gern unter <a href=\"mailto:ZTB-Ausbildungskongress@bundeswehr.org\" rel='nofollow'>ZTB-Ausbildungskongress@bundeswehr.org<\/a> zur Verf\u00fcgung.<\/p>\n<\/div>\n<\/div>\n\n\n\n<div style=\"height:44px\" aria-hidden=\"true\" class=\"wp-block-spacer\"><\/div>\n\n\n\n<hr class=\"wp-block-separator has-alpha-channel-opacity\" \/>\n\n\n\n<div class=\"wp-block-columns is-layout-flex wp-container-core-columns-is-layout-9d6595d7 wp-block-columns-is-layout-flex\">\n<div class=\"wp-block-column is-layout-flow wp-block-column-is-layout-flow\">\n<figure class=\"wp-block-image size-large\"><img loading=\"lazy\" decoding=\"async\" width=\"1024\" height=\"241\" src=\"https:\/\/www.hsu-hh.de\/ztb\/wp-content\/uploads\/sites\/665\/2023\/03\/dtec.bw_EU-Foederhinweis_CMYK_vertikal-1-1024x241.jpg\" data-credit=\"dtec.bw\" alt=\"\" class=\"wp-image-8038\" srcset=\"https:\/\/www.hsu-hh.de\/ztb\/wp-content\/uploads\/sites\/665\/2023\/03\/dtec.bw_EU-Foederhinweis_CMYK_vertikal-1-1024x241.jpg 1024w, https:\/\/www.hsu-hh.de\/ztb\/wp-content\/uploads\/sites\/665\/2023\/03\/dtec.bw_EU-Foederhinweis_CMYK_vertikal-1-300x71.jpg 300w, https:\/\/www.hsu-hh.de\/ztb\/wp-content\/uploads\/sites\/665\/2023\/03\/dtec.bw_EU-Foederhinweis_CMYK_vertikal-1-768x181.jpg 768w, https:\/\/www.hsu-hh.de\/ztb\/wp-content\/uploads\/sites\/665\/2023\/03\/dtec.bw_EU-Foederhinweis_CMYK_vertikal-1-1100x259.jpg 1100w, https:\/\/www.hsu-hh.de\/ztb\/wp-content\/uploads\/sites\/665\/2023\/03\/dtec.bw_EU-Foederhinweis_CMYK_vertikal-1.jpg 1418w\" sizes=\"auto, (max-width: 1024px) 100vw, 1024px\" \/><\/figure>\n<\/div>\n\n\n\n<div class=\"wp-block-column is-layout-flow wp-block-column-is-layout-flow\"><\/div>\n<\/div>\n\n\n\n<div class=\"wp-block-columns is-layout-flex wp-container-core-columns-is-layout-9d6595d7 wp-block-columns-is-layout-flex\">\n<div class=\"wp-block-column is-layout-flow wp-block-column-is-layout-flow\">\n<p>Das <a rel=\"noreferrer noopener\" href=\"https:\/\/dtecbw.de\" target=\"_blank\">dtec.bw \u2013 Zentrum f\u00fcr Digitalisierungs- und Technologieforschung der Bundeswehr<\/a> \u2013 ist ein von den Universit\u00e4ten der Bundeswehr Hamburg und M\u00fcnchen gemeinsam getragenes wissenschaftliches Zentrum und Bestandteil des Konjunkturprogramms der Bundesregierung zur \u00dcberwindung der COVID-19-Krise. Es unterliegt der akademischen Selbstverwaltung. Die Mittel, mit denen das dtec.bw ausgestattet wurde, werden an beiden Universit\u00e4ten der Bundeswehr zur Finanzierung von Forschungsprojekten und Projekten zum Wissens- und Technologietransfer eingesetzt. dtec.bw wird von der Europ\u00e4ischen Union \u2013 NextGenerationEU finanziert.<\/p>\n<\/div>\n<\/div>\n","protected":false},"excerpt":{"rendered":"<p>Hier finden Sie Informationen zu: Tagungsprogramm (inkl. Videoaufnahmen) Fachausstellung Ankonferenzen Call for Papers Vom 3. &#8211; 5. September 2024 hat der gr\u00f6\u00dfte Fachkongress der Bundeswehr zum Thema \u201eGame-based Learning und [&hellip;]<\/p>\n","protected":false},"author":3708,"featured_media":0,"parent":0,"menu_order":0,"comment_status":"closed","ping_status":"closed","template":"","meta":{"footnotes":""},"categories":[4],"tags":[111,95,109,113,178,182,119,170,103,176,179,172],"class_list":["post-11969","page","type-page","status-publish","hentry","category-forschung","tag-ausbildung","tag-ausbildungskongress","tag-bundeswehr","tag-fortbildung","tag-game-based-learning","tag-gamification","tag-helmut-schmidt","tag-helmut-schmidt-universitaet","tag-kodia","tag-serious-gaming","tag-wargaming","tag-zentrum-technologiegestuetze-bildung"],"_links":{"self":[{"href":"https:\/\/www.hsu-hh.de\/ztb\/wp-json\/wp\/v2\/pages\/11969","targetHints":{"allow":["GET"]}}],"collection":[{"href":"https:\/\/www.hsu-hh.de\/ztb\/wp-json\/wp\/v2\/pages"}],"about":[{"href":"https:\/\/www.hsu-hh.de\/ztb\/wp-json\/wp\/v2\/types\/page"}],"author":[{"embeddable":true,"href":"https:\/\/www.hsu-hh.de\/ztb\/wp-json\/wp\/v2\/users\/3708"}],"replies":[{"embeddable":true,"href":"https:\/\/www.hsu-hh.de\/ztb\/wp-json\/wp\/v2\/comments?post=11969"}],"version-history":[{"count":9,"href":"https:\/\/www.hsu-hh.de\/ztb\/wp-json\/wp\/v2\/pages\/11969\/revisions"}],"predecessor-version":[{"id":12130,"href":"https:\/\/www.hsu-hh.de\/ztb\/wp-json\/wp\/v2\/pages\/11969\/revisions\/12130"}],"wp:attachment":[{"href":"https:\/\/www.hsu-hh.de\/ztb\/wp-json\/wp\/v2\/media?parent=11969"}],"wp:term":[{"taxonomy":"category","embeddable":true,"href":"https:\/\/www.hsu-hh.de\/ztb\/wp-json\/wp\/v2\/categories?post=11969"},{"taxonomy":"post_tag","embeddable":true,"href":"https:\/\/www.hsu-hh.de\/ztb\/wp-json\/wp\/v2\/tags?post=11969"}],"curies":[{"name":"wp","href":"https:\/\/api.w.org\/{rel}","templated":true}]}}