{"id":11849,"date":"2024-09-02T15:55:34","date_gmt":"2024-09-02T13:55:34","guid":{"rendered":"https:\/\/www.hsu-hh.de\/ztb\/?page_id=11849"},"modified":"2025-09-12T09:16:36","modified_gmt":"2025-09-12T07:16:36","slug":"anfahrt-zur-universitaet","status":"publish","type":"page","link":"https:\/\/www.hsu-hh.de\/ztb\/anfahrt-zur-universitaet","title":{"rendered":"Anfahrt zur Universit\u00e4t"},"content":{"rendered":"\n<p>Eine Beschreibung zur Anfahrt an die Helmut-Schmidt-Universit\u00e4t\/Universit\u00e4t der Bundeswehr Hamburg finden Sie <a href=\"https:\/\/www.hsu-hh.de\/universitaet\/adressen\" data-type=\"link\" data-id=\"https:\/\/www.hsu-hh.de\/universitaet\/adressen\">hier<\/a>.<\/p>\n\n\n\n<p class=\"has-grey-background-color has-background\"><strong>Adresse<\/strong><br>Holstenhofweg 85<br>22043 Hamburg<br><br><strong>Haltestelle <\/strong>f\u00fcr die Nutzung des \u00d6ffentlicher Personennahverkehrs: <strong>\u201eUniversit\u00e4t der Bundeswehr\u201c<\/strong><\/p>\n","protected":false},"excerpt":{"rendered":"<p>Eine Beschreibung zur Anfahrt an die Helmut-Schmidt-Universit\u00e4t\/Universit\u00e4t der Bundeswehr Hamburg finden Sie hier. AdresseHolstenhofweg 8522043 Hamburg Haltestelle f\u00fcr die Nutzung des \u00d6ffentlicher Personennahverkehrs: \u201eUniversit\u00e4t der Bundeswehr\u201c<\/p>\n","protected":false},"author":343,"featured_media":0,"parent":0,"menu_order":0,"comment_status":"closed","ping_status":"closed","template":"","meta":{"footnotes":""},"categories":[4],"tags":[],"class_list":["post-11849","page","type-page","status-publish","hentry","category-forschung"],"_links":{"self":[{"href":"https:\/\/www.hsu-hh.de\/ztb\/wp-json\/wp\/v2\/pages\/11849","targetHints":{"allow":["GET"]}}],"collection":[{"href":"https:\/\/www.hsu-hh.de\/ztb\/wp-json\/wp\/v2\/pages"}],"about":[{"href":"https:\/\/www.hsu-hh.de\/ztb\/wp-json\/wp\/v2\/types\/page"}],"author":[{"embeddable":true,"href":"https:\/\/www.hsu-hh.de\/ztb\/wp-json\/wp\/v2\/users\/343"}],"replies":[{"embeddable":true,"href":"https:\/\/www.hsu-hh.de\/ztb\/wp-json\/wp\/v2\/comments?post=11849"}],"version-history":[{"count":2,"href":"https:\/\/www.hsu-hh.de\/ztb\/wp-json\/wp\/v2\/pages\/11849\/revisions"}],"predecessor-version":[{"id":12434,"href":"https:\/\/www.hsu-hh.de\/ztb\/wp-json\/wp\/v2\/pages\/11849\/revisions\/12434"}],"wp:attachment":[{"href":"https:\/\/www.hsu-hh.de\/ztb\/wp-json\/wp\/v2\/media?parent=11849"}],"wp:term":[{"taxonomy":"category","embeddable":true,"href":"https:\/\/www.hsu-hh.de\/ztb\/wp-json\/wp\/v2\/categories?post=11849"},{"taxonomy":"post_tag","embeddable":true,"href":"https:\/\/www.hsu-hh.de\/ztb\/wp-json\/wp\/v2\/tags?post=11849"}],"curies":[{"name":"wp","href":"https:\/\/api.w.org\/{rel}","templated":true}]}}