{"id":11677,"date":"2024-08-07T12:23:20","date_gmt":"2024-08-07T10:23:20","guid":{"rendered":"https:\/\/www.hsu-hh.de\/ztb\/?page_id=11677"},"modified":"2024-08-26T13:31:17","modified_gmt":"2024-08-26T11:31:17","slug":"programme-thursday-5th-of-september-2024","status":"publish","type":"page","link":"https:\/\/www.hsu-hh.de\/ztb\/en\/programme-thursday-5th-of-september-2024","title":{"rendered":"Programme, Thursday 5th of September 2024"},"content":{"rendered":"\n<hr class=\"wp-block-separator has-alpha-channel-opacity\" \/>\n\n\n\n<div style=\"height:25px\" aria-hidden=\"true\" class=\"wp-block-spacer\"><\/div>\n\n\n\n<p class=\"has-medium-font-size\"><strong>Plenary Sessions in HS5*<\/strong><\/p>\n\n\n\n<div style=\"height:25px\" aria-hidden=\"true\" class=\"wp-block-spacer\"><\/div>\n\n\n\n<div class=\"wp-block-columns is-layout-flex wp-container-core-columns-is-layout-9d6595d7 wp-block-columns-is-layout-flex\">\n<div class=\"wp-block-column is-layout-flow wp-block-column-is-layout-flow\" style=\"flex-basis:33.33%\">\n<p>09:00 <strong>\u2013<\/strong> 09:40<\/p>\n<\/div>\n\n\n\n<div class=\"wp-block-column is-layout-flow wp-block-column-is-layout-flow\" style=\"flex-basis:66.66%\">\n<p><strong>Academic Keynote<\/strong><br>\u201eAlles nur Spielerei? Trainingsumgebungen in Virtual Reality.\u201c<br>Prof.in <abbr title=\"Doktor\">Dr.<\/abbr> Ulrike Lucke, University of Potsdam<\/p>\n<\/div>\n<\/div>\n\n\n\n<div class=\"wp-block-columns is-layout-flex wp-container-core-columns-is-layout-9d6595d7 wp-block-columns-is-layout-flex\">\n<div class=\"wp-block-column is-layout-flow wp-block-column-is-layout-flow\" style=\"flex-basis:33.33%\">\n<p>09:45 &#8211; 10:15<\/p>\n<\/div>\n\n\n\n<div class=\"wp-block-column is-layout-flow wp-block-column-is-layout-flow\" style=\"flex-basis:66.66%\">\n<p><strong>Military Keynote<\/strong><br>Brigadegeneral Holger Draber, Kommandeur Logistikschule der Bundeswehr<\/p>\n<\/div>\n<\/div>\n\n\n\n<div class=\"wp-block-columns is-layout-flex wp-container-core-columns-is-layout-9d6595d7 wp-block-columns-is-layout-flex\">\n<div class=\"wp-block-column is-layout-flow wp-block-column-is-layout-flow\" style=\"flex-basis:33.33%\">\n<p>10:15 <strong>\u2013<\/strong> 10:30<\/p>\n<\/div>\n\n\n\n<div class=\"wp-block-column is-layout-flow wp-block-column-is-layout-flow\" style=\"flex-basis:66.66%\">\n<p><strong>Break<\/strong><\/p>\n<\/div>\n<\/div>\n\n\n\n<div class=\"wp-block-columns is-layout-flex wp-container-core-columns-is-layout-9d6595d7 wp-block-columns-is-layout-flex\">\n<div class=\"wp-block-column is-layout-flow wp-block-column-is-layout-flow\" style=\"flex-basis:33.33%\"><\/div>\n\n\n\n<div class=\"wp-block-column is-layout-flow wp-block-column-is-layout-flow\" style=\"flex-basis:66.66%\">\n<p class=\"has-small-font-size\">* Bei allen Plenumsveranstaltungen gibt es eine Simultan\u00fcbersetzung deutsch-englisch und englisch-deutsch<br>* German-English and English-German translation available for the plenary programme <img loading=\"lazy\" decoding=\"async\" width=\"2556\" height=\"1475\" class=\"wp-image-11370\" style=\"width: 25px\" src=\"https:\/\/www.hsu-hh.de\/ztb\/wp-content\/uploads\/sites\/665\/2024\/05\/Union-Jack.png\" alt=\"\" srcset=\"https:\/\/www.hsu-hh.de\/ztb\/wp-content\/uploads\/sites\/665\/2024\/05\/Union-Jack.png 2556w, https:\/\/www.hsu-hh.de\/ztb\/wp-content\/uploads\/sites\/665\/2024\/05\/Union-Jack-300x173.png 300w, https:\/\/www.hsu-hh.de\/ztb\/wp-content\/uploads\/sites\/665\/2024\/05\/Union-Jack-1024x591.png 1024w, https:\/\/www.hsu-hh.de\/ztb\/wp-content\/uploads\/sites\/665\/2024\/05\/Union-Jack-768x443.png 768w, https:\/\/www.hsu-hh.de\/ztb\/wp-content\/uploads\/sites\/665\/2024\/05\/Union-Jack-1536x886.png 1536w, https:\/\/www.hsu-hh.de\/ztb\/wp-content\/uploads\/sites\/665\/2024\/05\/Union-Jack-2048x1182.png 2048w, https:\/\/www.hsu-hh.de\/ztb\/wp-content\/uploads\/sites\/665\/2024\/05\/Union-Jack-1100x635.png 1100w\" sizes=\"auto, (max-width: 2556px) 100vw, 2556px\" \/><\/p>\n<\/div>\n<\/div>\n\n\n\n<div style=\"height:25px\" aria-hidden=\"true\" class=\"wp-block-spacer\"><\/div>\n\n\n\n<p class=\"has-medium-font-size\"><strong>Panel programme<\/strong><\/p>\n\n\n\n<div style=\"height:25px\" aria-hidden=\"true\" class=\"wp-block-spacer\"><\/div>\n\n\n\n<div class=\"wp-block-columns is-layout-flex wp-container-core-columns-is-layout-9d6595d7 wp-block-columns-is-layout-flex\">\n<div class=\"wp-block-column is-layout-flow wp-block-column-is-layout-flow\" style=\"flex-basis:33.33%\">\n<p>10:30 <strong>\u2013<\/strong> 12:00<\/p>\n<\/div>\n\n\n\n<div class=\"wp-block-column is-layout-flow wp-block-column-is-layout-flow\" style=\"flex-basis:66.66%\">\n<p><strong>Panel reflektierte Praxis \u2013 rP4<\/strong><br>Workshop <br>\u201eErleben Sie das Erlernen einer (wirklichen) Fremdsprache!\u201c<br>Regierungsrat Alexandre Mendes, Bundessprachenamt<br>Room: 401\/402<\/p>\n<\/div>\n<\/div>\n\n\n\n<div class=\"wp-block-columns is-layout-flex wp-container-core-columns-is-layout-9d6595d7 wp-block-columns-is-layout-flex\">\n<div class=\"wp-block-column is-layout-flow wp-block-column-is-layout-flow\" style=\"flex-basis:33.33%\">\n<p>10:30 &#8211; 12:00<\/p>\n<\/div>\n\n\n\n<div class=\"wp-block-column is-layout-flow wp-block-column-is-layout-flow\" style=\"flex-basis:66.66%\">\n<p><strong>Panel Streitkr\u00e4fte \u2013 SK7<\/strong><br>Workshop<br>\u201eDas CD&amp;E Projekt XR-Service Bw\u201c<br>Frank Jaspers, Wehrtechnische Dienststelle f\u00fcr Waffen und Munition (WTD 91)<br>Kapit\u00e4nleutnant Rainer Baier, Marinekommando<br>Room: 405\/406<\/p>\n<\/div>\n<\/div>\n\n\n\n<div class=\"wp-block-columns is-layout-flex wp-container-core-columns-is-layout-9d6595d7 wp-block-columns-is-layout-flex\">\n<div class=\"wp-block-column is-layout-flow wp-block-column-is-layout-flow\" style=\"flex-basis:33.33%\">\n<p>10:45 <strong>\u2013<\/strong> 11:30<\/p>\n<\/div>\n\n\n\n<div class=\"wp-block-column is-layout-flow wp-block-column-is-layout-flow\" style=\"flex-basis:66.66%\">\n<p><strong>Panel Wissenschaft \u2013 W6<\/strong><br>Presentation <br>\u201ePartizipationsm\u00f6glichkeiten in einer post-digitalen Welt durch Game-based Learning\u201c<br>Daniel Autenrieth, Autenrieth &amp; Partner <br>Dr.in Stefanie Nickel, Institut f\u00fcr eine Kultur der Partizipation in einer Kultur der Digitalit\u00e4t e.V.<br>Room: 404<\/p>\n<\/div>\n<\/div>\n\n\n\n<div class=\"wp-block-columns is-layout-flex wp-container-core-columns-is-layout-9d6595d7 wp-block-columns-is-layout-flex\">\n<div class=\"wp-block-column is-layout-flow wp-block-column-is-layout-flow\" style=\"flex-basis:33.33%\">\n<p>10:45 &#8211; 11:30<\/p>\n<\/div>\n\n\n\n<div class=\"wp-block-column is-layout-flow wp-block-column-is-layout-flow\" style=\"flex-basis:66.66%\">\n<p><strong>Panel Streitkr\u00e4fte \u2013 SK8<\/strong><br>Presentation<br>\u201eGamification von Strategischem Denken mit &#8218;Scythe&#8216; \u2013 Agiles Projektmanagement \u2013 lernen mit handels\u00fcblichen Brettspielen\u201c<br>Oberstleutnant i.G. Thorsten Kodalle, F\u00fchrungsakademie der Bundeswehr<br>Prof.in <abbr title=\"Doktor\">Dr.<\/abbr> Maren Metz, Hamburger Fern-Hochschule<br>Room: 403<\/p>\n<\/div>\n<\/div>\n\n\n\n<div class=\"wp-block-columns is-layout-flex wp-container-core-columns-is-layout-9d6595d7 wp-block-columns-is-layout-flex\">\n<div class=\"wp-block-column is-layout-flow wp-block-column-is-layout-flow\" style=\"flex-basis:33.33%\">\n<p>12:00 <strong>\u2013<\/strong> 12:30 <\/p>\n<\/div>\n\n\n\n<div class=\"wp-block-column is-layout-flow wp-block-column-is-layout-flow\" style=\"flex-basis:66.66%\">\n<p><strong>Break<\/strong><\/p>\n<\/div>\n<\/div>\n\n\n\n<div class=\"wp-block-columns is-layout-flex wp-container-core-columns-is-layout-9d6595d7 wp-block-columns-is-layout-flex\">\n<div class=\"wp-block-column is-layout-flow wp-block-column-is-layout-flow\" style=\"flex-basis:33.33%\">\n<p>12:30 <strong>\u2013<\/strong> 14:00 <\/p>\n<\/div>\n\n\n\n<div class=\"wp-block-column is-layout-flow wp-block-column-is-layout-flow\" style=\"flex-basis:66.66%\">\n<p><strong>Panel dtec.bw \u2013 dtec.bw5<\/strong><br>Workshop <br>\u201eImmersives VR-Training f\u00fcr zahnmedizinische Fachangestellte: Neue Lernchancen im virtuellen Sterilisationsraum einer Zahnarztpraxis\u201c<br>Doreen Eichler,<br>Theresa Burdack, Berufliche Schule f\u00fcr medizinische Fachberufe (BS 15) <br>Andreas Wichtrup-Ovie, Hamburger Institut f\u00fcr Berufliche Bildung (HIBB)<br>Oberfeldwebel Lea Marie Schabdach, Sanit\u00e4tsunterst\u00fctzungszentrum M\u00fcnchen<br><abbr title=\"Doktor\">Dr.<\/abbr> Sorin Nistor,<br>Oberf\u00e4hnrich Ali Bayat,<br>Andrei Florea,<br>Andrei Darii,<br><abbr title=\"Professor\">Prof.<\/abbr> <abbr title=\"Doktor\">Dr.<\/abbr> Stefan Pickl, University of the Bundeswehr Munich<br>Room: 401\/402<br><\/p>\n<\/div>\n<\/div>\n\n\n\n<div class=\"wp-block-columns is-layout-flex wp-container-core-columns-is-layout-9d6595d7 wp-block-columns-is-layout-flex\">\n<div class=\"wp-block-column is-layout-flow wp-block-column-is-layout-flow\" style=\"flex-basis:33.33%\">\n<p>12:30 <strong>\u2013<\/strong> 14:00<\/p>\n<\/div>\n\n\n\n<div class=\"wp-block-column is-layout-flow wp-block-column-is-layout-flow\" style=\"flex-basis:66.66%\">\n<p><strong>Panel Streitkr\u00e4fte \u2013 SK9<\/strong><br>Forum<br>\u201e(Grund-)Ausbildung neu denken &#8211; Kriegst\u00fcchtige Streitkr\u00e4fte (re)generieren\u201c<br>Oberleutnant Johannes Lingl, 6. Sanit\u00e4tslehrregiment<br>Oberleutnant Josias Hoyer, Sanit\u00e4tsakademie der Bundeswehr<br>Room: 405\/406<\/p>\n<\/div>\n<\/div>\n\n\n\n<div class=\"wp-block-columns is-layout-flex wp-container-core-columns-is-layout-9d6595d7 wp-block-columns-is-layout-flex\">\n<div class=\"wp-block-column is-layout-flow wp-block-column-is-layout-flow\" style=\"flex-basis:33.33%\">\n<p>12:30 <strong>\u2013<\/strong> 14:00<\/p>\n<\/div>\n\n\n\n<div class=\"wp-block-column is-layout-flow wp-block-column-is-layout-flow\" style=\"flex-basis:66.66%\">\n<p><strong>Panel reflektierte Praxis \u2013<\/strong> <strong>rP5<\/strong><br>Workshop <br>\u201eAgilit\u00e4t spielerisch lernen durch agile Spiele\u201c<br>Wissenschaftliche Direktorin Silke Brand-Schoder, Bildungszentrum der Bundeswehr<br>Regierungsdirektorin Miriam Luckhardt, Bundesministerium der Verteidigung<br>Room: 403<\/p>\n<\/div>\n<\/div>\n\n\n\n<div class=\"wp-block-columns is-layout-flex wp-container-core-columns-is-layout-9d6595d7 wp-block-columns-is-layout-flex\">\n<div class=\"wp-block-column is-layout-flow wp-block-column-is-layout-flow\" style=\"flex-basis:33.33%\">\n<p>12:30 <strong>\u2013<\/strong> 14:00 <\/p>\n<\/div>\n\n\n\n<div class=\"wp-block-column is-layout-flow wp-block-column-is-layout-flow\" style=\"flex-basis:66.66%\">\n<p><strong>Panel reflektierte Praxis \u2013 rP6<\/strong><br>Workshop<br>\u201e&#8217;Digitale Humanit\u00e4t versus Bad-Practice&#8216; \u2013 Wie KI unsere eigenen Vorurteile reproduziert\u201d<br>Amanda Groschke,<br>David Schenk, Heinrich-B\u00f6ll-Stiftung Schleswig-Holstein e.V. <br>Room: 404<\/p>\n<\/div>\n<\/div>\n\n\n\n<div class=\"wp-block-columns is-layout-flex wp-container-core-columns-is-layout-9d6595d7 wp-block-columns-is-layout-flex\">\n<div class=\"wp-block-column is-layout-flow wp-block-column-is-layout-flow\" style=\"flex-basis:33.33%\">\n<p>14:00 <strong>\u2013<\/strong> 14:30<\/p>\n<\/div>\n\n\n\n<div class=\"wp-block-column is-layout-flow wp-block-column-is-layout-flow\" style=\"flex-basis:66.66%\">\n<p><strong>Break<\/strong><\/p>\n<\/div>\n<\/div>\n\n\n\n<div class=\"wp-block-columns is-layout-flex wp-container-core-columns-is-layout-9d6595d7 wp-block-columns-is-layout-flex\">\n<div class=\"wp-block-column is-layout-flow wp-block-column-is-layout-flow\" style=\"flex-basis:33.33%\">\n<p>14:30 <strong>\u2013<\/strong> 15:15<\/p>\n<\/div>\n\n\n\n<div class=\"wp-block-column is-layout-flow wp-block-column-is-layout-flow\" style=\"flex-basis:66.66%\">\n<p><strong>Panel reflektierte Praxis \u2013 rP7<\/strong><br>Presentation<br>\u201e(Digitale) Serious Games in der Praxis: Demokratie erlebbar machen\u201c<br>Prof.in <abbr title=\"Doktor\">Dr.<\/abbr> Nina Basedahl, Europ\u00e4ische Fernhochschule Hamburg<br>Klaus Schneider,<br>Stephan Naumann, planpolitik <abbr title=\"Gesellschaft b\u00fcrgerlichen Rechts\">GbR<\/abbr><br>Room: 401\/402<\/p>\n<\/div>\n<\/div>\n\n\n\n<div class=\"wp-block-columns is-layout-flex wp-container-core-columns-is-layout-9d6595d7 wp-block-columns-is-layout-flex\">\n<div class=\"wp-block-column is-layout-flow wp-block-column-is-layout-flow\" style=\"flex-basis:33.33%\">\n<p>14:30 <strong>\u2013<\/strong> 15:15<\/p>\n<\/div>\n\n\n\n<div class=\"wp-block-column is-layout-flow wp-block-column-is-layout-flow\" style=\"flex-basis:66.66%\">\n<p><strong>Panel Wissenschaft<\/strong> <strong>\u2013 W7<\/strong> &#8211; <strong><code>cancelled!<\/code><\/strong><br>Presentation<br>\u201eVirtual Reality als Mediator f\u00fcr Serious Games zur Perspektiv\u00fcbernahme und Reflexion\u201c<br>Martin Mundt, Fraunhofer-Institut f\u00fcr Kommunikation, Informationsverarbeitung und Ergonomie FKIE<br>Room: 405\/406<\/p>\n<\/div>\n<\/div>\n\n\n\n<div class=\"wp-block-columns is-layout-flex wp-container-core-columns-is-layout-9d6595d7 wp-block-columns-is-layout-flex\">\n<div class=\"wp-block-column is-layout-flow wp-block-column-is-layout-flow\" style=\"flex-basis:33.33%\">\n<p>14:30 &#8211; 15:15<\/p>\n<\/div>\n\n\n\n<div class=\"wp-block-column is-layout-flow wp-block-column-is-layout-flow\" style=\"flex-basis:66.66%\">\n<p><strong>Panel Streitkr\u00e4fte<\/strong> <strong>\u2013 SK10<\/strong><br>Presentation<br>\u201eErfahrungsbericht zum Piloten &#8218;Spielleiterausbildung Neustart&#8216; f\u00fcr BMVg P I 6 sowie zum Piloten &#8218;Praktische Einf\u00fchrung in Wargaming und Serious Games&#8216; der IFSH\u201c<br>Oberstleutnant i.G. Thorsten Kodalle, F\u00fchrungsakademie der Bundeswehr<br>Prof.in <abbr title=\"Doktor\">Dr.<\/abbr> Maren Metz, Hamburger Fern-Hochschule<br>Oberstleutnant i.G. <abbr title=\"Doktor\">Dr.<\/abbr> Martin B\u00f6hm, Planungsamt der Bundeswehr <br>Regierungsdirektor <abbr title=\"Doktor\">Dr.<\/abbr> Christoph Loreck, Bundesministerium der Verteidigung<br>Korvettenkapit\u00e4n Hanna Lootens, F\u00fchrungsakademie der Bundeswehr<br>Oberstleutnant i.G. Marcus Kannengie\u00dfer, Deutsche Delegation Niederlande<br>Room: 403<\/p>\n<\/div>\n<\/div>\n\n\n\n<div class=\"wp-block-columns is-layout-flex wp-container-core-columns-is-layout-9d6595d7 wp-block-columns-is-layout-flex\">\n<div class=\"wp-block-column is-layout-flow wp-block-column-is-layout-flow\" style=\"flex-basis:33.33%\">\n<p>14:30 <strong>\u2013<\/strong> 15:15<\/p>\n<\/div>\n\n\n\n<div class=\"wp-block-column is-layout-flow wp-block-column-is-layout-flow\" style=\"flex-basis:66.66%\">\n<p><strong>Panel Wissenschaft \u2013 W8<\/strong><br>Presentation<br>\u201eDigitales Stress- und Sichtungstraining\u201c<br><abbr title=\"Professor\">Prof.<\/abbr> <abbr title=\"Doktor\">Dr.<\/abbr> Marko Hofmann, <br>Dr.in Cornelia K\u00fcsel, <br>Dr.in Kristina Klier, <br><abbr title=\"Privatdozent\">PD<\/abbr> Dr.in Silja Meyer-Nieberg, <br><abbr title=\"Doktor\">Dr.<\/abbr> Armin Leopold, <br>Monika Eder,<br><abbr title=\"Professor\">Prof.<\/abbr> <abbr title=\"Doktor\">Dr.<\/abbr> Karl-Heinz Renner, University of the Bundeswehr Munich<br>Oberstabsarzt <abbr title=\"Doktor\">Dr.<\/abbr> Yannick Beres, Bundeswehrkrankenhaus Ulm<br>Jacob Braun, Active Fungus Studios <abbr title=\"Gesellschaft mit beschr\u00e4nkter Haftung\">GmbH<\/abbr><br>Thorsten Feldmann, Thera Bytes <abbr title=\"Gesellschaft mit beschr\u00e4nkter Haftung\">GmbH<\/abbr><br>Room: 404<\/p>\n<\/div>\n<\/div>\n\n\n\n<div style=\"height:25px\" aria-hidden=\"true\" class=\"wp-block-spacer\"><\/div>\n\n\n\n<div class=\"wp-block-columns is-layout-flex wp-container-core-columns-is-layout-9d6595d7 wp-block-columns-is-layout-flex\">\n<div class=\"wp-block-column is-layout-flow wp-block-column-is-layout-flow\" style=\"flex-basis:33.33%\">\n<p class=\"has-medium-font-size\"><strong>Arena and Speakers Corner<\/strong><\/p>\n<\/div>\n\n\n\n<div class=\"wp-block-column is-layout-flow wp-block-column-is-layout-flow\" style=\"flex-basis:66.66%\"><\/div>\n<\/div>\n\n\n\n<div style=\"height:25px\" aria-hidden=\"true\" class=\"wp-block-spacer\"><\/div>\n\n\n\n<div class=\"wp-block-columns is-layout-flex wp-container-core-columns-is-layout-9d6595d7 wp-block-columns-is-layout-flex\">\n<div class=\"wp-block-column is-layout-flow wp-block-column-is-layout-flow\" style=\"flex-basis:33.33%\">\n<p>10:45 &#8211; 11:30<\/p>\n<\/div>\n\n\n\n<div class=\"wp-block-column is-layout-flow wp-block-column-is-layout-flow\" style=\"flex-basis:66.66%\">\n<p><strong>Arena \u2013 A2<\/strong><br><strong>\u201e<\/strong>Technologiegest\u00fctzte Ausbildung ein Enabler f\u00fcr <strong>\u2013<\/strong> &#8218;Train while you fight&#8216; <strong>\u201c<\/strong><br>Oberstleutnant Michael Nickolaus, Streitkr\u00e4fteamt<br>Room: Arena<\/p>\n<\/div>\n<\/div>\n\n\n\n<div class=\"wp-block-columns is-layout-flex wp-container-core-columns-is-layout-9d6595d7 wp-block-columns-is-layout-flex\">\n<div class=\"wp-block-column is-layout-flow wp-block-column-is-layout-flow\" style=\"flex-basis:33.33%\">\n<p>10:45 <strong>\u2013<\/strong> 11:30<\/p>\n<\/div>\n\n\n\n<div class=\"wp-block-column is-layout-flow wp-block-column-is-layout-flow\" style=\"flex-basis:66.66%\">\n<p><strong>Speakers Corner<\/strong> <strong>\u2013 SC5<\/strong><br>\u201eEntwicklung einer datenbasierten Mixed Reality-Anwendung im Rahmen des NATO-Logistik Wargame Framework STEADFAST FOXTROT 24\/25\u201c<br><abbr title=\"Doktor\">Dr.<\/abbr> Frank Wefers, <br>Tadele Zeissig, BWI <abbr title=\"Gesellschaft mit beschr\u00e4nkter Haftung\">GmbH<\/abbr><br>Oberstleutnant Robert Naumann, Logistikschule der Bundeswehr<br>Room: Speakers Corner<\/p>\n<\/div>\n<\/div>\n\n\n\n<div class=\"wp-block-columns is-layout-flex wp-container-core-columns-is-layout-9d6595d7 wp-block-columns-is-layout-flex\">\n<div class=\"wp-block-column is-layout-flow wp-block-column-is-layout-flow\" style=\"flex-basis:33.33%\">\n<p>12:30 &#8211; 13:30<\/p>\n<\/div>\n\n\n\n<div class=\"wp-block-column is-layout-flow wp-block-column-is-layout-flow\" style=\"flex-basis:66.66%\">\n<p><strong>Arena \u2013 A1<\/strong><br><strong>\u201e<\/strong>Sondersendungen KOA-Kaffeerunde zum (Aus)Bildungskongress der Bundeswehr 2024<strong>\u201c<\/strong><br>Oberstleutnant Michael Bahr,<br>Stabsfeldwebel Mario Beuke, Streitkr\u00e4fteamt<br>Room: Arena<\/p>\n<\/div>\n<\/div>\n\n\n\n<div class=\"wp-block-columns is-layout-flex wp-container-core-columns-is-layout-9d6595d7 wp-block-columns-is-layout-flex\">\n<div class=\"wp-block-column is-layout-flow wp-block-column-is-layout-flow\" style=\"flex-basis:33.33%\">\n<p><br>12:30 &#8211; 13:00<br>13:15 &#8211; 13:45<\/p>\n<\/div>\n\n\n\n<div class=\"wp-block-column is-layout-flow wp-block-column-is-layout-flow\" style=\"flex-basis:66.66%\">\n<p><strong>Presentations of Exhibitors<\/strong><br>Walhalla Verlag<br>INIT AG f\u00fcr digitale Kommunikation<br>Room: Speakers Corer<\/p>\n<\/div>\n<\/div>\n\n\n\n<div class=\"wp-block-columns is-layout-flex wp-container-core-columns-is-layout-9d6595d7 wp-block-columns-is-layout-flex\">\n<div class=\"wp-block-column is-layout-flow wp-block-column-is-layout-flow\" style=\"flex-basis:33.33%\">\n<p>13:45 &#8211; 14:30<\/p>\n<\/div>\n\n\n\n<div class=\"wp-block-column is-layout-flow wp-block-column-is-layout-flow\" style=\"flex-basis:66.66%\">\n<p><strong>Arena \u2013 A3<\/strong><br><strong>\u201e<\/strong>Das Konfliktplanspiel (KPS) und die Simulation Politik und Internationale Sicherheit (<abbr title=\"Politikwissenschaften\">POL<\/abbr>&amp;IS)<strong>\u201c<\/strong><br>Hauptmann Robin Br\u00e4uer, Jugendoffizier Hamburg<br>Room: Arena<\/p>\n<\/div>\n<\/div>\n\n\n\n<div class=\"wp-block-columns is-layout-flex wp-container-core-columns-is-layout-9d6595d7 wp-block-columns-is-layout-flex\">\n<div class=\"wp-block-column is-layout-flow wp-block-column-is-layout-flow\" style=\"flex-basis:33.33%\">\n<p>14:30 <strong>\u2013<\/strong> 15:15<\/p>\n<\/div>\n\n\n\n<div class=\"wp-block-column is-layout-flow wp-block-column-is-layout-flow\" style=\"flex-basis:66.66%\">\n<p><strong>Speakers Corner<\/strong> <strong>\u2013 SC6<\/strong><br>\u201eRecrutainment: Wie Lernen anhand von Serious Games bereits in der Personalgewinnung gef\u00f6rdert werden kann\u201c<br><abbr title=\"Professor\">Prof.<\/abbr> <abbr title=\"Doktor\">Dr.<\/abbr> Lars Jansen, HFH Hamburger Fern-Hochschule<br>Joachim Diercks, CYQUEST <abbr title=\"Gesellschaft mit beschr\u00e4nkter Haftung\">GmbH<\/abbr><br>Room: Speakers Corner<\/p>\n<\/div>\n<\/div>\n\n\n\n<div class=\"wp-block-columns is-layout-flex wp-container-core-columns-is-layout-9d6595d7 wp-block-columns-is-layout-flex\">\n<div class=\"wp-block-column is-layout-flow wp-block-column-is-layout-flow\" style=\"flex-basis:33.33%\">\n<p>14:45 &#8211; 15:15<\/p>\n<\/div>\n\n\n\n<div class=\"wp-block-column is-layout-flow wp-block-column-is-layout-flow\" style=\"flex-basis:66.66%\">\n<p><strong>Arena \u2013 A5<\/strong><br><strong>\u201e<\/strong>Zwischen Immersion und Uncanny Valley. Die didaktischen Rahmen f\u00fcr den Einsatz von Extended Reality in der Aus- und Weiterbildung der Bundeswehr<strong>\u201c<\/strong><br>Oberstleutnant <abbr title=\"Doktor\">Dr.<\/abbr> Andreas Wolfrum, F\u00fchrungsakademie der Bundeswehr<br>Room: Arena<\/p>\n<\/div>\n<\/div>\n\n\n\n<div class=\"wp-block-columns is-layout-flex wp-container-core-columns-is-layout-9d6595d7 wp-block-columns-is-layout-flex\">\n<div class=\"wp-block-column is-layout-flow wp-block-column-is-layout-flow\" style=\"flex-basis:33.33%\">\n<p>15:15 <strong>\u2013<\/strong> 15:30<\/p>\n<\/div>\n\n\n\n<div class=\"wp-block-column is-layout-flow wp-block-column-is-layout-flow\" style=\"flex-basis:66.66%\">\n<p><strong>Break<\/strong><\/p>\n<\/div>\n<\/div>\n\n\n\n<div style=\"height:25px\" aria-hidden=\"true\" class=\"wp-block-spacer\"><\/div>\n\n\n\n<div class=\"wp-block-columns is-layout-flex wp-container-core-columns-is-layout-9d6595d7 wp-block-columns-is-layout-flex\">\n<div class=\"wp-block-column is-layout-flow wp-block-column-is-layout-flow\" style=\"flex-basis:33.33%\">\n<p class=\"has-medium-font-size\"><strong><strong>Plenary Sessions in HS5*<\/strong><\/strong><\/p>\n<\/div>\n\n\n\n<div class=\"wp-block-column is-layout-flow wp-block-column-is-layout-flow\" style=\"flex-basis:66.66%\"><\/div>\n<\/div>\n\n\n\n<div style=\"height:25px\" aria-hidden=\"true\" class=\"wp-block-spacer\"><\/div>\n\n\n\n<div class=\"wp-block-columns is-layout-flex wp-container-core-columns-is-layout-9d6595d7 wp-block-columns-is-layout-flex\">\n<div class=\"wp-block-column is-layout-flow wp-block-column-is-layout-flow\" style=\"flex-basis:33.33%\">\n<p>15:30 <strong>\u2013<\/strong> 16:15<\/p>\n<\/div>\n\n\n\n<div class=\"wp-block-column is-layout-flow wp-block-column-is-layout-flow\" style=\"flex-basis:66.66%\">\n<p><strong>Discussion \u201eHands on Ausbildung<\/strong>\u201c<br>Closing the the Bundeswehr Education and Training Convention 2024 via <em>Arbeitsdreieck <\/em>(Ogranizers; working triangle)<em> <\/em>and invited guests<br><br><strong>Ministerialrat Alexander Leuxner<\/strong><br>Referatsleiter, Referat Hochschulen der Bundeswehr (P I 5), Bundeministerium der Verteidigung<br><strong>Oberst i.G. Christian Brandes<\/strong><br>Referatsleiter, Referat Milit\u00e4rische Ausbildung und \u00dcbungen (EBU I 7), Bundesministerium der Verteidigung<br><strong>Regierungsdirektor <abbr title=\"Doktor\">Dr.<\/abbr> Christoph Loreck<\/strong><br>Referent, Referat Ausbildung und Qualifizierung, Sprachen, Zertifizierung; Pr\u00fcfungsangelegenheiten (P I 6), Bundesministerium der Verteidigung<br><strong>Prof.in <abbr title=\"Doktor\">Dr.<\/abbr> Ulrike Lucke<\/strong><br>Professorin f\u00fcr Komplexe Multimediale Anwendungsarchitekturen, Universit\u00e4t Potsdam<br><strong>Abteilungsdirektor Ulf Bednarz<\/strong><br>Abteilung IV Bildung\/Qualifizierung\/Zertifizierung, Bildungszentrum der Bundeswehr<br><strong>Oberst i.G. Hubert Kemper<\/strong><br>Abteilungsleiter Abteilung Ausbildung Streitkr\u00e4fte, Streitkr\u00e4fteamt<br><br>Moderator: Oberst i.G. <abbr title=\"Professor\">Prof.<\/abbr> <abbr title=\"Doktor\">Dr.<\/abbr> Manuel Schulz, Leiter Zentrum f\u00fcr technologiegest\u00fctzte Bildung, Helmut-Schmidt-Universit\u00e4t \/ Universit\u00e4t der Bundeswehr Hamburg<\/p>\n<\/div>\n<\/div>\n\n\n\n<div class=\"wp-block-columns is-layout-flex wp-container-core-columns-is-layout-9d6595d7 wp-block-columns-is-layout-flex\">\n<div class=\"wp-block-column is-layout-flow wp-block-column-is-layout-flow\" style=\"flex-basis:33.33%\">\n<p><\/p>\n<\/div>\n\n\n\n<div class=\"wp-block-column is-layout-flow wp-block-column-is-layout-flow\" style=\"flex-basis:66.66%\">\n<p class=\"has-small-font-size\">* Bei allen Plenumsveranstaltungen gibt es eine Simultan\u00fcbersetzung deutsch-englisch und englisch-deutsch<br>* German-English and English-German translation available for the plenary programme <img loading=\"lazy\" decoding=\"async\" width=\"2556\" height=\"1475\" class=\"wp-image-11370\" style=\"width: 25px\" src=\"https:\/\/www.hsu-hh.de\/ztb\/wp-content\/uploads\/sites\/665\/2024\/05\/Union-Jack.png\" alt=\"\" srcset=\"https:\/\/www.hsu-hh.de\/ztb\/wp-content\/uploads\/sites\/665\/2024\/05\/Union-Jack.png 2556w, https:\/\/www.hsu-hh.de\/ztb\/wp-content\/uploads\/sites\/665\/2024\/05\/Union-Jack-300x173.png 300w, https:\/\/www.hsu-hh.de\/ztb\/wp-content\/uploads\/sites\/665\/2024\/05\/Union-Jack-1024x591.png 1024w, https:\/\/www.hsu-hh.de\/ztb\/wp-content\/uploads\/sites\/665\/2024\/05\/Union-Jack-768x443.png 768w, https:\/\/www.hsu-hh.de\/ztb\/wp-content\/uploads\/sites\/665\/2024\/05\/Union-Jack-1536x886.png 1536w, https:\/\/www.hsu-hh.de\/ztb\/wp-content\/uploads\/sites\/665\/2024\/05\/Union-Jack-2048x1182.png 2048w, https:\/\/www.hsu-hh.de\/ztb\/wp-content\/uploads\/sites\/665\/2024\/05\/Union-Jack-1100x635.png 1100w\" sizes=\"auto, (max-width: 2556px) 100vw, 2556px\" \/><\/p>\n<\/div>\n<\/div>\n","protected":false},"excerpt":{"rendered":"<p>Plenary Sessions in HS5* 09:00 \u2013 09:40 Academic Keynote\u201eAlles nur Spielerei? Trainingsumgebungen in Virtual Reality.\u201cProf.in Dr. Ulrike Lucke, University of Potsdam 09:45 &#8211; 10:15 Military KeynoteBrigadegeneral Holger Draber, Kommandeur Logistikschule [&hellip;]<\/p>\n","protected":false},"author":3514,"featured_media":0,"parent":0,"menu_order":0,"comment_status":"closed","ping_status":"closed","template":"","meta":{"footnotes":""},"categories":[7],"tags":[],"class_list":["post-11677","page","type-page","status-publish","hentry","category-research"],"_links":{"self":[{"href":"https:\/\/www.hsu-hh.de\/ztb\/wp-json\/wp\/v2\/pages\/11677","targetHints":{"allow":["GET"]}}],"collection":[{"href":"https:\/\/www.hsu-hh.de\/ztb\/wp-json\/wp\/v2\/pages"}],"about":[{"href":"https:\/\/www.hsu-hh.de\/ztb\/wp-json\/wp\/v2\/types\/page"}],"author":[{"embeddable":true,"href":"https:\/\/www.hsu-hh.de\/ztb\/wp-json\/wp\/v2\/users\/3514"}],"replies":[{"embeddable":true,"href":"https:\/\/www.hsu-hh.de\/ztb\/wp-json\/wp\/v2\/comments?post=11677"}],"version-history":[{"count":7,"href":"https:\/\/www.hsu-hh.de\/ztb\/wp-json\/wp\/v2\/pages\/11677\/revisions"}],"predecessor-version":[{"id":11801,"href":"https:\/\/www.hsu-hh.de\/ztb\/wp-json\/wp\/v2\/pages\/11677\/revisions\/11801"}],"wp:attachment":[{"href":"https:\/\/www.hsu-hh.de\/ztb\/wp-json\/wp\/v2\/media?parent=11677"}],"wp:term":[{"taxonomy":"category","embeddable":true,"href":"https:\/\/www.hsu-hh.de\/ztb\/wp-json\/wp\/v2\/categories?post=11677"},{"taxonomy":"post_tag","embeddable":true,"href":"https:\/\/www.hsu-hh.de\/ztb\/wp-json\/wp\/v2\/tags?post=11677"}],"curies":[{"name":"wp","href":"https:\/\/api.w.org\/{rel}","templated":true}]}}