{"id":10504,"date":"2024-03-27T06:56:00","date_gmt":"2024-03-27T05:56:00","guid":{"rendered":"https:\/\/www.hsu-hh.de\/ztb\/?page_id=10504"},"modified":"2024-09-09T11:14:55","modified_gmt":"2024-09-09T09:14:55","slug":"mitarbeit-beim-ausbildungskongress-2024","status":"publish","type":"page","link":"https:\/\/www.hsu-hh.de\/ztb\/mitarbeit-beim-ausbildungskongress-2024","title":{"rendered":"Studentische Mitarbeit"},"content":{"rendered":"\n<div style=\"height:30px\" aria-hidden=\"true\" class=\"wp-block-spacer\"><\/div>\n\n\n\n<p class=\"has-grey-background-color has-background\"><strong>Der (Aus)Bildungskongress der Bundeswehr 2024 fand vom 03. bis 05. September 2024 an der Helmut-Schmidt-Universit\u00e4t\/Universit\u00e4t der Bundeswehr Hamburg statt.<\/strong> <\/p>\n\n\n\n<p class=\"has-grey-background-color has-background\"><code>Wir freuen uns <strong>weiterhin <\/strong>sehr \u00fcber Ihr Interesse und Ihre Unterst\u00fctzung.<\/code><\/p>\n\n\n\n<p>Liebe Studierende,<\/p>\n\n\n\n<p>vom <strong>3. \u2013 5. September<\/strong> findet an unserer Universit\u00e4t der <strong>(Aus)Bildungskongress der Bundeswehr<\/strong> statt. Der (Aus)Bildungskongress ist die gr\u00f6\u00dfte Fachveranstaltung der Bundeswehr zur Aus-, Fort- und Weiterbildung der Streitkr\u00e4fte. Der diesj\u00e4hrige Kongress steht unter dem Motto <strong>\u201eGame-based Learning und Serious Gaming f\u00fcr eine starke Demokratie \u2013 Chancen und Grenzen\u201c<\/strong> und wird Wissenschaft, Unternehmen und Bundeswehr unter dem Dach der <abbr title=\"Helmut Schmidt Universit\u00e4t\">HSU<\/abbr> \/ UniBw H vereinen.<\/p>\n\n\n\n<p>Das <strong>Zentrum f\u00fcr technologiegest\u00fctzte Bildung (ZtB)<\/strong> ist das f\u00fcr den<strong> <\/strong>(Aus)Bildungskongress der Bundeswehr verantwortliche Institut der <abbr title=\"Helmut Schmidt Universit\u00e4t\">HSU<\/abbr>\/UniBw H f\u00fcr die<strong> <\/strong>Planung, Organisation und Durchf\u00fchrung.<\/p>\n\n\n\n<p><strong>Das schaffen wir aber nicht alleine und brauchen Ihre Unterst\u00fctzung<\/strong>: Wenn Sie in der 35. \u2013 36. KW Lust und Zeit haben, k\u00f6nnen Sie uns im <strong>Veranstaltungsmanagement<\/strong> in vielen <strong>spannenden Aufgabenfeldern<\/strong> unterst\u00fctzen, interessante Menschen aus dem In- und Ausland, aus Bundeswehr, Wissenschaft, Wirtschaft und Gesellschaft kennenlernen und <strong>Erfahrungen<\/strong> in einem gro\u00dfen Team sammeln. Vom Catering \u00fcber Logistik bis hin zur <abbr title=\"Informationstechnologie\">IT<\/abbr> gibt es eine Menge an Aufgaben, die auf Sie warten. Dar\u00fcber hinaus besteht die M\u00f6glichkeit, Ihr <strong>Pflichtpraktikum<\/strong> in unserem Kongressteam zu absolvieren oder l\u00e4ngerfristig als <strong>Studentische Hilfskraft<\/strong> bei uns mitzumachen.<\/p>\n\n\n\n<p>Wichtige Infos zum (Aus)Bildungskongress und zur Mitarbeit finden Sie <a href=\"https:\/\/www.hsu-hh.de\/ztb\/wp-content\/uploads\/sites\/665\/2024\/03\/2024_03_25_Mitarbeit_Studierende.pdf\" target=\"_blank\" rel=\"noreferrer noopener\">hier<\/a><\/p>\n\n\n\n<p>Wenn Sie Interesse an einem Praktikum oder an einer T\u00e4tigkeit als <abbr title=\"Studentische Hilfskraft\">SHK<\/abbr> haben oder in der Woche vor und w\u00e4hrend dem Kongress dabei sein m\u00f6chten, k\u00f6nnen Sie sich direkt an das ZtB (<a href=\"mailto:ausbildungskongress@hsu-hh.de\" rel='nofollow'>ausbildungskongress@hsu-hh.de<\/a>) wenden und dort auch Ihre Fragen zu einer Mitarbeit im Kongressteam kl\u00e4ren.<\/p>\n\n\n\n<p>Wir freuen uns auf Ihre Mitarbeit<\/p>\n\n\n\n<p>Das Kongressteam des ZtB<\/p>\n","protected":false},"excerpt":{"rendered":"<p>Der (Aus)Bildungskongress der Bundeswehr 2024 fand vom 03. bis 05. September 2024 an der Helmut-Schmidt-Universit\u00e4t\/Universit\u00e4t der Bundeswehr Hamburg statt. Wir freuen uns weiterhin sehr \u00fcber Ihr Interesse und Ihre Unterst\u00fctzung. [&hellip;]<\/p>\n","protected":false},"author":343,"featured_media":0,"parent":0,"menu_order":0,"comment_status":"closed","ping_status":"closed","template":"","meta":{"footnotes":""},"categories":[4],"tags":[],"class_list":["post-10504","page","type-page","status-publish","hentry","category-forschung"],"_links":{"self":[{"href":"https:\/\/www.hsu-hh.de\/ztb\/wp-json\/wp\/v2\/pages\/10504","targetHints":{"allow":["GET"]}}],"collection":[{"href":"https:\/\/www.hsu-hh.de\/ztb\/wp-json\/wp\/v2\/pages"}],"about":[{"href":"https:\/\/www.hsu-hh.de\/ztb\/wp-json\/wp\/v2\/types\/page"}],"author":[{"embeddable":true,"href":"https:\/\/www.hsu-hh.de\/ztb\/wp-json\/wp\/v2\/users\/343"}],"replies":[{"embeddable":true,"href":"https:\/\/www.hsu-hh.de\/ztb\/wp-json\/wp\/v2\/comments?post=10504"}],"version-history":[{"count":15,"href":"https:\/\/www.hsu-hh.de\/ztb\/wp-json\/wp\/v2\/pages\/10504\/revisions"}],"predecessor-version":[{"id":11884,"href":"https:\/\/www.hsu-hh.de\/ztb\/wp-json\/wp\/v2\/pages\/10504\/revisions\/11884"}],"wp:attachment":[{"href":"https:\/\/www.hsu-hh.de\/ztb\/wp-json\/wp\/v2\/media?parent=10504"}],"wp:term":[{"taxonomy":"category","embeddable":true,"href":"https:\/\/www.hsu-hh.de\/ztb\/wp-json\/wp\/v2\/categories?post=10504"},{"taxonomy":"post_tag","embeddable":true,"href":"https:\/\/www.hsu-hh.de\/ztb\/wp-json\/wp\/v2\/tags?post=10504"}],"curies":[{"name":"wp","href":"https:\/\/api.w.org\/{rel}","templated":true}]}}