{"id":10442,"date":"2024-03-20T14:26:23","date_gmt":"2024-03-20T13:26:23","guid":{"rendered":"https:\/\/www.hsu-hh.de\/ztb\/?page_id=10442"},"modified":"2024-08-12T15:23:52","modified_gmt":"2024-08-12T13:23:52","slug":"hotel-uebernachtung","status":"publish","type":"page","link":"https:\/\/www.hsu-hh.de\/ztb\/hotel-uebernachtung","title":{"rendered":"Hotel &amp; \u00dcbernachtung"},"content":{"rendered":"\n<p><\/p>\n\n\n\n<h2 class=\"wp-block-heading\"><strong>\u201eWie man sich bettet, so liegt man.\u201c Informationen zur Unterbringung<\/strong><\/h2>\n\n\n\n<p>Wir freuen uns \u00fcber Ihre Teilnahme am (Aus)Bildungskongress der Bundeswehr 2024. Da zeitgleich zum (Aus)Bildungskongress eine gro\u00dfe Messe in Hamburg stattfindet, haben wir f\u00fcr Sie passende Hotelkontingente in verschiedenen Preis- und Leistungssegmenten zusammengestellt.<\/p>\n\n\n\n<p>Die Zimmerbuchungen k\u00f6nnen Sie direkt bei den Hotels unter dem Stichwort \u201e(Aus)Bildungskongress 2024\u201c vornehmen. Bitte beachten Sie, dass wir <strong>keine<\/strong> \u00dcbernachtungen f\u00fcr Sie buchen k\u00f6nnen und, dass die Abrechnung der Hotelkosten direkt zwischen Ihnen und den Hotels vorgenommen wird.<\/p>\n\n\n\n<p>Eine Liste mit den Hotels finden Sie <a href=\"https:\/\/www.hsu-hh.de\/ztb\/wp-content\/uploads\/sites\/665\/2024\/08\/2024-08-12-Hotelliste-fuer-die-Homepage.pdf\" target=\"_blank\" rel=\"noreferrer noopener\">hier<\/a>.<\/p>\n\n\n\n<p><\/p>\n\n\n\n<p>Selbstverst\u00e4ndlich k\u00f6nnen Sie auch \u00fcber die bekannten Buchungsportale Ihre \u00dcbernachtung buchen.<\/p>\n","protected":false},"excerpt":{"rendered":"<p>\u201eWie man sich bettet, so liegt man.\u201c Informationen zur Unterbringung Wir freuen uns \u00fcber Ihre Teilnahme am (Aus)Bildungskongress der Bundeswehr 2024. Da zeitgleich zum (Aus)Bildungskongress eine gro\u00dfe Messe in Hamburg [&hellip;]<\/p>\n","protected":false},"author":343,"featured_media":0,"parent":0,"menu_order":0,"comment_status":"closed","ping_status":"closed","template":"","meta":{"footnotes":""},"categories":[4],"tags":[],"class_list":["post-10442","page","type-page","status-publish","hentry","category-forschung"],"_links":{"self":[{"href":"https:\/\/www.hsu-hh.de\/ztb\/wp-json\/wp\/v2\/pages\/10442","targetHints":{"allow":["GET"]}}],"collection":[{"href":"https:\/\/www.hsu-hh.de\/ztb\/wp-json\/wp\/v2\/pages"}],"about":[{"href":"https:\/\/www.hsu-hh.de\/ztb\/wp-json\/wp\/v2\/types\/page"}],"author":[{"embeddable":true,"href":"https:\/\/www.hsu-hh.de\/ztb\/wp-json\/wp\/v2\/users\/343"}],"replies":[{"embeddable":true,"href":"https:\/\/www.hsu-hh.de\/ztb\/wp-json\/wp\/v2\/comments?post=10442"}],"version-history":[{"count":11,"href":"https:\/\/www.hsu-hh.de\/ztb\/wp-json\/wp\/v2\/pages\/10442\/revisions"}],"predecessor-version":[{"id":11715,"href":"https:\/\/www.hsu-hh.de\/ztb\/wp-json\/wp\/v2\/pages\/10442\/revisions\/11715"}],"wp:attachment":[{"href":"https:\/\/www.hsu-hh.de\/ztb\/wp-json\/wp\/v2\/media?parent=10442"}],"wp:term":[{"taxonomy":"category","embeddable":true,"href":"https:\/\/www.hsu-hh.de\/ztb\/wp-json\/wp\/v2\/categories?post=10442"},{"taxonomy":"post_tag","embeddable":true,"href":"https:\/\/www.hsu-hh.de\/ztb\/wp-json\/wp\/v2\/tags?post=10442"}],"curies":[{"name":"wp","href":"https:\/\/api.w.org\/{rel}","templated":true}]}}