{"id":73,"date":"2017-07-03T15:52:08","date_gmt":"2017-07-03T13:52:08","guid":{"rendered":"https:\/\/www.hsu-hh.de\/wo\/?page_id=73"},"modified":"2025-10-08T13:29:29","modified_gmt":"2025-10-08T11:29:29","slug":"startseite","status":"publish","type":"page","link":"https:\/\/www.hsu-hh.de\/wo\/","title":{"rendered":"Herzlich Willkommen im Welcome Office der Helmut Schmidt Universit\u00e4t\/ Universit\u00e4t der Bundeswehr Hamburg"},"content":{"rendered":"\n<div class=\"wp-block-columns are-vertically-aligned-top is-layout-flex wp-container-core-columns-is-layout-9d6595d7 wp-block-columns-is-layout-flex\">\n<div class=\"wp-block-column is-vertically-aligned-top is-layout-flow wp-block-column-is-layout-flow\" style=\"flex-basis:66.66%\">\n<p>Wir freuen uns sehr, Sie als internationale Wissenschaftlerin und Wissenschaftler bei uns begr\u00fc\u00dfen zu d\u00fcrfen. Ob Sie als <strong>Visiting Fellow<\/strong> f\u00fcr einen zeitlich begrenzten Zeitraum an die Universit\u00e4t kommen oder k\u00fcnftig als <strong>International Employ\u00e9e<\/strong> hier arbeiten werden, wir hei\u00dfen Sie herzlich willkommen.<\/p>\n\n\n\n<p>Wir hoffen, dass Sie diese Zeit nutzen, um wertvolle Einblicke in die Forschungskultur der <abbr title=\"Helmut Schmidt Universit\u00e4t\">HSU<\/abbr>\/ UniBw H zu gewinnen, neue Kontakte zu kn\u00fcpfen und Ihre fachlichen sowie pers\u00f6nlichen F\u00e4higkeiten weiterzuentwickeln.<\/p>\n\n\n\n<p>Das Team des <strong>Welcome Office<\/strong> steht insbesondere Ihnen als <strong>Visiting Fellow<\/strong> jederzeit zur Seite, um die Vorbereitungen auf Ihren Aufenthalt an der <abbr title=\"Helmut Schmidt Universit\u00e4t\">HSU<\/abbr>\/ UniBw H sowie Ihren sp\u00e4teren Aufenthalt so angenehm und produktiv wie m\u00f6glich zu gestalten. Unser Fokus liegt dabei auf einer Verweisberatung im Sinne der \u201eHilfe zur Selbsthilfe\u201c.<\/p>\n\n\n\n<p>Sie kommen als <strong>International Employ\u00e9e<\/strong> oder im Rahmen der <strong>\u201eHanseatischen Gastprofessur\u201c<\/strong> an die <abbr title=\"Helmut Schmidt Universit\u00e4t\">HSU<\/abbr>\/ UniBw H? Dann werden Sie bestens von den Sachbearbeiterinnen und Sachbearbeitern der <strong>Personalabteilung <\/strong>vorbereitet und betreut. Ihre Besch\u00e4ftigung wird auf Grundlage eines Arbeitsvertrages erfolgen, <abbr title=\"das hei\u00dft\">d.h.<\/abbr> Sie erhalten vor Unterzeichnung des Arbeitsvertrages und Aufnahme Ihrer T\u00e4tigkeit eine Einstellungszusage der Personalabteilung respektive die Einladung des Pr\u00e4sidenten auf die \u201eHanseatische Gastprofessur\u201c.<\/p>\n\n\n\n<p>Ihnen allen w\u00fcnschen wir eine bereichernde Zeit bei uns in Hamburg.<\/p>\n\n\n\n<p>Noch einmal, ein herzliches Willkommen \u2013 wir freuen uns auf Sie!<\/p>\n<\/div>\n\n\n\n<div class=\"wp-block-column is-vertically-aligned-top is-layout-flow wp-block-column-is-layout-flow\" style=\"flex-basis:33.33%\">\n<div class=\"wp-block-buttons is-content-justification-right is-layout-flex wp-container-core-buttons-is-layout-765c4724 wp-block-buttons-is-layout-flex\">\n<div class=\"wp-block-button has-custom-width wp-block-button__width-75 is-style-outline is-style-outline--1\"><a class=\"wp-block-button__link has-text-align-left wp-element-button\" href=\"https:\/\/www.hsu-hh.de\/wo\/kontakt\/\" style=\"border-radius:0px\">\ud83e\udc7a Kontakt <\/a><\/div>\n<\/div>\n\n\n\n<div style=\"height:20px\" aria-hidden=\"true\" class=\"wp-block-spacer\"><\/div>\n\n\n\n<div class=\"wp-block-buttons is-content-justification-right is-layout-flex wp-container-core-buttons-is-layout-765c4724 wp-block-buttons-is-layout-flex\">\n<div class=\"wp-block-button has-custom-width wp-block-button__width-75\"><a class=\"wp-block-button__link has-text-align-left wp-element-button\" href=\"https:\/\/www.hsu-hh.de\/wo\/wp-content\/uploads\/sites\/935\/2025\/09\/Registration-Form-WO.pdf\" style=\"border-radius:0px\" target=\"_blank\" rel=\"noreferrer noopener\">\ud83e\udc7a Registrierung im         Welcome Office<\/a><\/div>\n<\/div>\n\n\n\n<div style=\"height:20px\" aria-hidden=\"true\" class=\"wp-block-spacer\"><\/div>\n\n\n\n<div class=\"wp-block-buttons is-content-justification-right is-layout-flex wp-container-core-buttons-is-layout-765c4724 wp-block-buttons-is-layout-flex\">\n<div class=\"wp-block-button has-custom-width wp-block-button__width-75 is-style-outline is-style-outline--2\"><a class=\"wp-block-button__link has-text-align-left wp-element-button\" href=\"https:\/\/www.hsu-hh.de\/wo\/anfahrt\/\" style=\"border-radius:0px\">\ud83e\udc7a Anfahrt &amp; Pl\u00e4ne<\/a><\/div>\n<\/div>\n\n\n\n<div style=\"height:20px\" aria-hidden=\"true\" class=\"wp-block-spacer\"><\/div>\n\n\n\n<div class=\"wp-block-buttons is-content-justification-right is-layout-flex wp-container-core-buttons-is-layout-765c4724 wp-block-buttons-is-layout-flex\">\n<div class=\"wp-block-button has-custom-width wp-block-button__width-75 is-style-outline is-style-outline--3\"><a class=\"wp-block-button__link has-text-align-left wp-element-button\" href=\"https:\/\/www.hsu-hh.de\/wo\/veranstaltungen\/\" style=\"border-radius:0px\">\ud83e\udc7a Veranstaltungen<\/a><\/div>\n<\/div>\n\n\n\n<div style=\"height:20px\" aria-hidden=\"true\" class=\"wp-block-spacer\"><\/div>\n\n\n\n<div class=\"wp-block-buttons is-content-justification-right is-layout-flex wp-container-core-buttons-is-layout-765c4724 wp-block-buttons-is-layout-flex\">\n<div class=\"wp-block-button has-custom-width wp-block-button__width-75 is-style-outline is-style-outline--4\"><a class=\"wp-block-button__link has-text-align-left wp-element-button\" href=\"https:\/\/www.hsu-hh.de\/wo\/wp-content\/uploads\/sites\/935\/2025\/10\/FAQ_dt-1.pdf\" style=\"border-radius:0px\" target=\"_blank\" rel=\"noreferrer noopener\">\ud83e\udc7b <abbr title=\"Freqently Asked Questions\">FAQ<\/abbr><\/a><\/div>\n<\/div>\n\n\n\n<div style=\"height:20px\" aria-hidden=\"true\" class=\"wp-block-spacer\"><\/div>\n\n\n\n<div class=\"wp-block-buttons is-horizontal is-content-justification-right is-layout-flex wp-container-core-buttons-is-layout-ae2fe186 wp-block-buttons-is-layout-flex\">\n<div class=\"wp-block-button has-custom-width wp-block-button__width-75 is-style-outline is-style-outline--5\"><a class=\"wp-block-button__link has-text-align-left wp-element-button\" href=\"https:\/\/www.hsu-hh.de\/wo\/downloads\/\" style=\"border-radius:0px\" target=\"_blank\" rel=\"noreferrer noopener\">\ud83e\udc7b Downloads<\/a><\/div>\n<\/div>\n<\/div>\n<\/div>\n\n\n\n<div style=\"height:50px\" aria-hidden=\"true\" class=\"wp-block-spacer\"><\/div>\n\n\n\n<div class=\"wp-block-columns is-layout-flex wp-container-core-columns-is-layout-9d6595d7 wp-block-columns-is-layout-flex\">\n<div class=\"wp-block-column is-layout-flow wp-block-column-is-layout-flow\">\n<figure class=\"wp-block-image size-full\"><a href=\"https:\/\/www.hsu-hh.de\/wo\/vorbereitung-einreise\/\"><img loading=\"lazy\" decoding=\"async\" width=\"400\" height=\"245\" src=\"https:\/\/www.hsu-hh.de\/wo\/wp-content\/uploads\/sites\/935\/2025\/05\/Website-Kacheln_Welcome-Office_Vorbereitug.jpg\" data-credit=\"B\u00f6lke \/ HSU\" alt=\"\" class=\"wp-image-250\" srcset=\"https:\/\/www.hsu-hh.de\/wo\/wp-content\/uploads\/sites\/935\/2025\/05\/Website-Kacheln_Welcome-Office_Vorbereitug.jpg 400w, https:\/\/www.hsu-hh.de\/wo\/wp-content\/uploads\/sites\/935\/2025\/05\/Website-Kacheln_Welcome-Office_Vorbereitug-300x184.jpg 300w\" sizes=\"auto, (max-width: 400px) 100vw, 400px\" \/><\/a><\/figure>\n<\/div>\n\n\n\n<div class=\"wp-block-column is-layout-flow wp-block-column-is-layout-flow\">\n<figure class=\"wp-block-image size-full\"><a href=\"https:\/\/www.hsu-hh.de\/wo\/ankunft-leben-in-hamburg\/\"><img loading=\"lazy\" decoding=\"async\" width=\"400\" height=\"245\" src=\"https:\/\/www.hsu-hh.de\/wo\/wp-content\/uploads\/sites\/935\/2025\/05\/Website-Kacheln_Welcome-Office_Ankunft.jpg\" data-credit=\"B\u00f6lke\/HSU\" alt=\"\" class=\"wp-image-245\" srcset=\"https:\/\/www.hsu-hh.de\/wo\/wp-content\/uploads\/sites\/935\/2025\/05\/Website-Kacheln_Welcome-Office_Ankunft.jpg 400w, https:\/\/www.hsu-hh.de\/wo\/wp-content\/uploads\/sites\/935\/2025\/05\/Website-Kacheln_Welcome-Office_Ankunft-300x184.jpg 300w\" sizes=\"auto, (max-width: 400px) 100vw, 400px\" \/><\/a><\/figure>\n<\/div>\n\n\n\n<div class=\"wp-block-column is-layout-flow wp-block-column-is-layout-flow\">\n<figure class=\"wp-block-image size-full\"><a href=\"https:\/\/www.hsu-hh.de\/wo\/infos-fuer-gastgebende\/\"><img loading=\"lazy\" decoding=\"async\" width=\"400\" height=\"245\" src=\"https:\/\/www.hsu-hh.de\/wo\/wp-content\/uploads\/sites\/935\/2025\/05\/Website-Kacheln_Welcome-Office_Informationen.jpg\" data-credit=\"B\u00f6lke\/HSU\" alt=\"\" class=\"wp-image-248\" srcset=\"https:\/\/www.hsu-hh.de\/wo\/wp-content\/uploads\/sites\/935\/2025\/05\/Website-Kacheln_Welcome-Office_Informationen.jpg 400w, https:\/\/www.hsu-hh.de\/wo\/wp-content\/uploads\/sites\/935\/2025\/05\/Website-Kacheln_Welcome-Office_Informationen-300x184.jpg 300w\" sizes=\"auto, (max-width: 400px) 100vw, 400px\" \/><\/a><\/figure>\n<\/div>\n<\/div>\n\n\n\n<p><\/p>\n\n\n\n<div class=\"wp-block-columns is-layout-flex wp-container-core-columns-is-layout-9d6595d7 wp-block-columns-is-layout-flex\">\n<div class=\"wp-block-column is-layout-flow wp-block-column-is-layout-flow\"><\/div>\n<\/div>\n","protected":false},"excerpt":{"rendered":"<p>Wir freuen uns sehr, Sie als internationale Wissenschaftlerin und Wissenschaftler bei uns begr\u00fc\u00dfen zu d\u00fcrfen. Ob Sie als Visiting Fellow f\u00fcr einen zeitlich begrenzten Zeitraum an die Universit\u00e4t kommen oder [&hellip;]<\/p>\n","protected":false},"author":26,"featured_media":0,"parent":0,"menu_order":0,"comment_status":"closed","ping_status":"closed","template":"","meta":{"_EventAllDay":false,"_EventTimezone":"","_EventStartDate":"","_EventEndDate":"","_EventStartDateUTC":"","_EventEndDateUTC":"","_EventShowMap":false,"_EventShowMapLink":false,"_EventURL":"","_EventCost":"","_EventCostDescription":"","_EventCurrencySymbol":"","_EventCurrencyCode":"","_EventCurrencyPosition":"","_EventDateTimeSeparator":"","_EventTimeRangeSeparator":"","_EventOrganizerID":[],"_EventVenueID":[],"_OrganizerEmail":"","_OrganizerPhone":"","_OrganizerWebsite":"","_VenueAddress":"","_VenueCity":"","_VenueCountry":"","_VenueProvince":"","_VenueState":"","_VenueZip":"","_VenuePhone":"","_VenueURL":"","_VenueStateProvince":"","_VenueLat":"","_VenueLng":"","_VenueShowMap":false,"_VenueShowMapLink":false,"footnotes":""},"categories":[35],"tags":[],"class_list":["post-73","page","type-page","status-publish","hentry","category-startseite"],"_links":{"self":[{"href":"https:\/\/www.hsu-hh.de\/wo\/wp-json\/wp\/v2\/pages\/73","targetHints":{"allow":["GET"]}}],"collection":[{"href":"https:\/\/www.hsu-hh.de\/wo\/wp-json\/wp\/v2\/pages"}],"about":[{"href":"https:\/\/www.hsu-hh.de\/wo\/wp-json\/wp\/v2\/types\/page"}],"author":[{"embeddable":true,"href":"https:\/\/www.hsu-hh.de\/wo\/wp-json\/wp\/v2\/users\/26"}],"replies":[{"embeddable":true,"href":"https:\/\/www.hsu-hh.de\/wo\/wp-json\/wp\/v2\/comments?post=73"}],"version-history":[{"count":65,"href":"https:\/\/www.hsu-hh.de\/wo\/wp-json\/wp\/v2\/pages\/73\/revisions"}],"predecessor-version":[{"id":976,"href":"https:\/\/www.hsu-hh.de\/wo\/wp-json\/wp\/v2\/pages\/73\/revisions\/976"}],"wp:attachment":[{"href":"https:\/\/www.hsu-hh.de\/wo\/wp-json\/wp\/v2\/media?parent=73"}],"wp:term":[{"taxonomy":"category","embeddable":true,"href":"https:\/\/www.hsu-hh.de\/wo\/wp-json\/wp\/v2\/categories?post=73"},{"taxonomy":"post_tag","embeddable":true,"href":"https:\/\/www.hsu-hh.de\/wo\/wp-json\/wp\/v2\/tags?post=73"}],"curies":[{"name":"wp","href":"https:\/\/api.w.org\/{rel}","templated":true}]}}