{"id":663,"date":"2025-08-21T10:36:28","date_gmt":"2025-08-21T08:36:28","guid":{"rendered":"https:\/\/www.hsu-hh.de\/wo\/?page_id=663"},"modified":"2025-10-16T08:56:14","modified_gmt":"2025-10-16T06:56:14","slug":"veranstaltungen","status":"publish","type":"page","link":"https:\/\/www.hsu-hh.de\/wo\/veranstaltungen\/","title":{"rendered":"Veranstaltungen"},"content":{"rendered":"\n<p><strong>An der <abbr title=\"Helmut Schmidt Universit\u00e4t\">HSU<\/abbr>\/UniBw H finden unterschiedliche Veranstaltungen aus den Bereichen Wissenschaft, Sport, Spa\u00df, Unterhaltung und Vernetzung statt &#8211; Sie sind herzlich eingeladen, daran teilzunehmen. <\/strong><\/p>\n\n\n\n<p><strong>Good to know<\/strong>:<br>Bei gegebenem Interesse meldet das Welcome Office gern f\u00fcr bestimmte Veranstaltungen (<abbr title=\"zum Beispiel\">z.B.<\/abbr> Sport, Quiz-Night, <abbr title=\"et cetera\">etc.<\/abbr>) ein eigenes Team \u201e<strong>Internationals<\/strong>\u201c.&nbsp; Informationen und Anmeldungen erfolgen dann \u00fcber das Welcome Office. N\u00e4here Informationen finden Sie zu gegebener Zeit auf unserer Seite und auch auf dem Monitor vor dem Welcome Office.<\/p>\n\n\n\n<p><\/p>\n\n\n\n<details class=\"wp-block-details is-layout-flow wp-block-details-is-layout-flow\"><summary>Vortr\u00e4ge<\/summary>\n<p>An der <abbr title=\"Helmut Schmidt Universit\u00e4t\">HSU<\/abbr>\/UniBw H finden regelm\u00e4\u00dfig von den Fakult\u00e4ten und weiteren Einrichtungen organisierte Vortr\u00e4ge statt. Informationen hier\u00fcber finden Sie in der <abbr title=\"Helmut Schmidt Universit\u00e4t\">HSU<\/abbr>-App unter <a href=\"https:\/\/mobile.hsu-hh.de\/de\/veranstaltungen\" rel='nofollow'>https:\/\/mobile.hsu-hh.de\/de\/veranstaltungen<\/a>, auf den Monitoren sowie den Aush\u00e4ngen an der <abbr title=\"Helmut Schmidt Universit\u00e4t\">HSU<\/abbr>\/UniBw H.<\/p>\n<\/details>\n\n\n\n<details class=\"wp-block-details is-layout-flow wp-block-details-is-layout-flow\"><summary>Bibliotheksveranstaltungen<\/summary>\n<p>Die Bibliothek der <abbr title=\"Helmut Schmidt Universit\u00e4t\">HSU<\/abbr>\/UniBw H plant und organisiert regelm\u00e4\u00dfig eigene Veranstaltungen, <abbr title=\"unter anderem\">u.a.<\/abbr> Vortr\u00e4ge und Ausstellungen, Matinees, <abbr title=\"et cetera\">etc.<\/abbr>: Detaillierte Informationen finden Sie unter:<br><a href=\"https:\/\/www.ub.hsu-hh.de\/category\/veranstaltung\/\" rel='nofollow'>https:\/\/www.ub.hsu-hh.de\/category\/veranstaltung\/<\/a><\/p>\n<\/details>\n\n\n\n<details class=\"wp-block-details is-layout-flow wp-block-details-is-layout-flow\"><summary>Open Campus\/ Tag der offenen T\u00fcr<\/summary>\n<p>Jedes Jahr im Juni l\u00e4dt die <abbr title=\"Helmut Schmidt Universit\u00e4t\">HSU<\/abbr>\/ UniBw H an einem Samstag zum traditionellen Tag der offenen T\u00fcr. Neben Laborf\u00fchrungen, Veranstaltungen zum Mitmachen, Pr\u00e4sentationen, Vortr\u00e4gen und einem abwechslungsreichen Kinderprogramm ist H\u00f6hepunkt des Tages der Bef\u00f6rderungsapell, bei dem Offizieranw\u00e4rterinnen und -anw\u00e4rter in einem milit\u00e4risch festlichen Zeremoniell zu Leutnanten oder Leutnanten zur See bef\u00f6rdert werden.<\/p>\n<\/details>\n\n\n\n<details class=\"wp-block-details is-layout-flow wp-block-details-is-layout-flow\"><summary>Ball des Pr\u00e4sidenten<\/summary>\n<p>Jedes Jahr im Oktober l\u00e4dt der Pr\u00e4sident zu einem festlichen Flanierball in die R\u00e4ume der Offizierheimgesellschaft ein. <\/p>\n\n\n\n<p>Leider f\u00e4llt der Ball in 2025 aus; er wird im Fr\u00fchjahr 2026 stattfinden &#8211; weitere Informationen werden Sie zu gegebener Zeit \u00fcber den Bulletin-Service erhalten.<\/p>\n<\/details>\n\n\n\n<details class=\"wp-block-details is-layout-flow wp-block-details-is-layout-flow\"><summary>Andacht mit Currywurst<\/summary>\n<p>Die <strong>Evangelische Hochschulgemeinde<\/strong> l\u00e4dt in regelm\u00e4\u00dfigen Abst\u00e4nden um die Mittagszeit zur \u201eAndacht mit Currywurst\u201c in das Bischof-Hermann-Kunst-Haus, J\u00fcthornstra\u00dfe 61, 22043 Hamburg, ein. Die Termine werden \u00fcber den Bulletin-Service bekanntgegeben.<\/p>\n<\/details>\n\n\n\n<details class=\"wp-block-details is-layout-flow wp-block-details-is-layout-flow\"><summary>Katholische Messe und gem\u00fctliches Beisammensein<\/summary>\n<p>Die <strong>Katholische Hochschulgemeinde<\/strong> trifft sich jeden Dienstag um 19.15 Uhr zur Messe, Abendessen und gem\u00fctlichem Ausklang an der Bar im Maximilian-Kolbe-Haus, Oktaviostra\u00dfe 76, 22043 Hamburg. Eine Anmeldung ist nicht erforderlich.<\/p>\n<\/details>\n\n\n\n<details class=\"wp-block-details is-layout-flow wp-block-details-is-layout-flow\"><summary>Quiz Night<\/summary>\n<p>Zwei Mal im Jahr veranstaltet das Sprachenzentrum der <abbr title=\"Helmut Schmidt Universit\u00e4t\">HSU<\/abbr>\/UniBw H die beliebte Quiz-Night f\u00fcr Mitarbeitende und Studierende. Bei der Quiz-Night treten 15 Teams von max. 6 Personen zu unterschiedlichen Kategorien gegeneinander an.<\/p>\n\n\n\n<p>Die n\u00e4chste Quiz-Night findet am 1. Dezember 2025 ab 19.30 Uhr in der OHG statt.<\/p>\n<\/details>\n\n\n\n<details class=\"wp-block-details is-layout-flow wp-block-details-is-layout-flow\"><summary><abbr title=\"Helmut Schmidt Universit\u00e4t\">HSU<\/abbr> Cup<\/summary>\n<p>J\u00e4hrlich im Mai findet dieses gro\u00dfe Sportfest statt, zu welchen alle Angeh\u00f6rigen der Universit\u00e4t &#8211; ob zivil oder milit\u00e4risch &#8211; aufgerufen sind, teilzunehmen. Teams von je 24 Mitgliedern treten in 10 unterschiedlichen Disziplinen gegeneinander an: neben Amphibious Games, Basketball, Dart, Kraftdreikampf, Beachvolleyball, Military Fitness Challenge gilt es die Disziplinen Strongest Soldier Maritime Edition, Spikeball, Tischtennis und Wikingerschach zu bew\u00e4ltigen. Die jeweiligen Termine werden \u00fcber den Bulletin-Service bekanntgegeben.<\/p>\n<\/details>\n\n\n\n<details class=\"wp-block-details is-layout-flow wp-block-details-is-layout-flow\"><summary>Solidarit\u00e4tslauf<\/summary>\n<p>Der Solidarit\u00e4tslauf an der <abbr title=\"Helmut Schmidt Universit\u00e4t\">HSU<\/abbr>\/UniBw H ist eine j\u00e4hrlich im Mai stattfindende von Studierenden organisierte Benefizveranstaltung zugunsten von Organisationen, die sich um die Versorgung versehrter Soldatinnen und Soldaten sowie Einsatzkr\u00e4ften von Polizei und Hilfsorganisationen k\u00fcmmern. Mit seinen unterschiedlichen Lauf-Distanzen und dem begleitenden Unterhaltungsangebot spricht die Veranstaltung sowohl Leistungssportler,&nbsp; Hobbyl\u00e4ufer, Mitarbeitende von Bundeswehr und Rettungskr\u00e4ften sowie Familien mit Kindern an. Der Solidarit\u00e4tslauf, der j\u00e4hrlich mehrere Tausend Teilnehmer verzeichnet, steht somit nicht nur f\u00fcr sportliche Aktivit\u00e4t, sondern vor allem f\u00fcr gelebte Mitmenschlichkeit und Verantwortung gegen\u00fcber jenen, die im Dienst f\u00fcr die Gesellschaft besondere Belastungen auf sich nehmen.<\/p>\n<\/details>\n\n\n\n<details class=\"wp-block-details is-layout-flow wp-block-details-is-layout-flow\"><summary>24-Stunden Schwimmen<\/summary>\n<p>Diese Benefizveranstaltung zugunsten der Soldaten und Veteranen Stiftung findet jedes Jahr im Mai statt. Bei diesem sportlichem wie auf gesellschaftlichem Event treten unterschiedliche Teams gegeneinander an und schwimmen in 24 Stunden etliche Kilometer zusammen. Informationen hierzu erfolgen \u00fcber den Bulletin-Service.<\/p>\n<\/details>\n\n\n\n<details class=\"wp-block-details is-layout-flow wp-block-details-is-layout-flow\"><summary>weitere Sportveranstaltungen<\/summary>\n<p>Regelm\u00e4\u00dfig bietet das Sportzentrum verschiedene sportliche Veranstaltungen und Turniere, wie. <abbr title=\"zum Beispiel\">z.B.<\/abbr> das <strong>Kleinfeld-Fu\u00dfballturnier<\/strong>, an. So ist auch ein <strong>Beachvolleyballturnier <\/strong>in Planung.<\/p>\n\n\n\n<p>Informationen und Einladungen zu den Veranstaltungen vom Sportzentrum werden \u00fcber den &nbsp;Bulletins-Service verbreitet.<\/p>\n<\/details>\n\n\n\n<details class=\"wp-block-details is-layout-flow wp-block-details-is-layout-flow\"><summary>Veranstaltungen des Welcome Office<\/summary>\n<p><\/p>\n\n\n\n<p>Das Welcome Office organisiert auch eigene Veranstaltungen.<\/p>\n\n\n\n<p>So werden alle internationalen WissenschaftlerInnen und Wissenschaftler sowie internationalen Mitarbeitende, die im Laufe eines Jahres ihre T\u00e4tigkeiten an der <abbr title=\"Helmut Schmidt Universit\u00e4t\">HSU<\/abbr>\/ Uni Bw H aufgenommen haben, gemeinsam im Rahmen einer Welcome Reception im Offizierheim willkommen gehei\u00dfen.<\/p>\n\n\n\n<p>Der Termin f\u00fcr die Welcome Reception liegt immer im November\/ Dezember des Jahres &#8211; die entsprechende Einladung wird Sie rechtzeitig erreichen.<\/p>\n\n\n\n<p><\/p>\n<\/details>\n","protected":false},"excerpt":{"rendered":"<p>An der HSU\/UniBw H finden unterschiedliche Veranstaltungen aus den Bereichen Wissenschaft, Sport, Spa\u00df, Unterhaltung und Vernetzung statt &#8211; Sie sind herzlich eingeladen, daran teilzunehmen. Good to know:Bei gegebenem Interesse meldet [&hellip;]<\/p>\n","protected":false},"author":108,"featured_media":0,"parent":0,"menu_order":0,"comment_status":"closed","ping_status":"closed","template":"","meta":{"_EventAllDay":false,"_EventTimezone":"","_EventStartDate":"","_EventEndDate":"","_EventStartDateUTC":"","_EventEndDateUTC":"","_EventShowMap":false,"_EventShowMapLink":false,"_EventURL":"","_EventCost":"","_EventCostDescription":"","_EventCurrencySymbol":"","_EventCurrencyCode":"","_EventCurrencyPosition":"","_EventDateTimeSeparator":"","_EventTimeRangeSeparator":"","_EventOrganizerID":[],"_EventVenueID":[],"_OrganizerEmail":"","_OrganizerPhone":"","_OrganizerWebsite":"","_VenueAddress":"","_VenueCity":"","_VenueCountry":"","_VenueProvince":"","_VenueState":"","_VenueZip":"","_VenuePhone":"","_VenueURL":"","_VenueStateProvince":"","_VenueLat":"","_VenueLng":"","_VenueShowMap":false,"_VenueShowMapLink":false,"footnotes":""},"categories":[4],"tags":[],"class_list":["post-663","page","type-page","status-publish","hentry","category-forschung"],"_links":{"self":[{"href":"https:\/\/www.hsu-hh.de\/wo\/wp-json\/wp\/v2\/pages\/663","targetHints":{"allow":["GET"]}}],"collection":[{"href":"https:\/\/www.hsu-hh.de\/wo\/wp-json\/wp\/v2\/pages"}],"about":[{"href":"https:\/\/www.hsu-hh.de\/wo\/wp-json\/wp\/v2\/types\/page"}],"author":[{"embeddable":true,"href":"https:\/\/www.hsu-hh.de\/wo\/wp-json\/wp\/v2\/users\/108"}],"replies":[{"embeddable":true,"href":"https:\/\/www.hsu-hh.de\/wo\/wp-json\/wp\/v2\/comments?post=663"}],"version-history":[{"count":20,"href":"https:\/\/www.hsu-hh.de\/wo\/wp-json\/wp\/v2\/pages\/663\/revisions"}],"predecessor-version":[{"id":1023,"href":"https:\/\/www.hsu-hh.de\/wo\/wp-json\/wp\/v2\/pages\/663\/revisions\/1023"}],"wp:attachment":[{"href":"https:\/\/www.hsu-hh.de\/wo\/wp-json\/wp\/v2\/media?parent=663"}],"wp:term":[{"taxonomy":"category","embeddable":true,"href":"https:\/\/www.hsu-hh.de\/wo\/wp-json\/wp\/v2\/categories?post=663"},{"taxonomy":"post_tag","embeddable":true,"href":"https:\/\/www.hsu-hh.de\/wo\/wp-json\/wp\/v2\/tags?post=663"}],"curies":[{"name":"wp","href":"https:\/\/api.w.org\/{rel}","templated":true}]}}