{"id":348,"date":"2025-05-27T09:59:59","date_gmt":"2025-05-27T07:59:59","guid":{"rendered":"https:\/\/www.hsu-hh.de\/wo\/?page_id=348"},"modified":"2025-10-07T13:53:39","modified_gmt":"2025-10-07T11:53:39","slug":"das-leben-in-hamburg","status":"publish","type":"page","link":"https:\/\/www.hsu-hh.de\/wo\/das-leben-in-hamburg\/","title":{"rendered":"Das Leben in Hamburg"},"content":{"rendered":"\n<h4 class=\"wp-block-heading\">Bezahlung<\/h4>\n\n\n\n<p>In Hamburg kann man in der Regel problemlos mit EC-Karte oder Smartphone bezahlen, dennoch gibt es einige Situationen <abbr title=\"beziehungsweise\">bzw.<\/abbr> Einrichtungen, in denen Sie Bargeld ben\u00f6tigen (<abbr title=\"zum Beispiel\">z.B.<\/abbr> Imbisse, B\u00e4ckereien, kleine L\u00e4den, Automaten, <abbr title=\"et cetera\">etc.<\/abbr>). <br>Die Zahlung mit einer Kreditkarte ist nicht fl\u00e4chendeckend m\u00f6glich.<\/p>\n\n\n\n<p>Es ist daher empfehlenswert, immer einen kleinen Betrag an Euros mit sich zu f\u00fchren.<\/p>\n\n\n\n<hr class=\"wp-block-separator has-alpha-channel-opacity\" \/>\n\n\n\n<h4 class=\"wp-block-heading\">Mobilit\u00e4t<\/h4>\n\n\n\n<p>In Hamburg haben Sie die unterschiedlichsten M\u00f6glichkeiten der Fortbewegung.<br>Wir empfehlen Ihnen auf jeden Fall die Nutzung der \u00f6ffentlichen Verkehrsmittel des Hamburger Verkehrsverbundes (HVV).<br>Die Netze der U-Bahn, S-Bahn, der Busse und F\u00e4hren des HVV sind gut ausgebaut und bringen Sie schnell durch die Stadt.<\/p>\n\n\n\n<p><a href=\"https:\/\/www.hvv.de\/\" data-type=\"link\" data-id=\"https:\/\/www.hvv.de\/\" target=\"_blank\" rel=\"noreferrer noopener\">Hamburger Verkehrsverbund HVV<\/a><\/p>\n\n\n\n<p>Am einfachsten ist es, die HVV-App herunterzuladen; \u00fcber die App k\u00f6nnen Sie Ihre Routen planen und die entsprechenden Tickets kaufen. <strong>Das Bezahlen eines Tickets in bar ist nicht m\u00f6glich!<\/strong><\/p>\n\n\n\n<p>Dar\u00fcber hinaus gibt es viele Angebote des Carsharings, Ridepoolings oder auch des Mieten von Fahrr\u00e4dern und E-Scootern:<\/p>\n\n\n\n<p>St\u00e4dtischer Fahrradverleih<\/p>\n\n\n\n<ul class=\"wp-block-list\">\n<li><a href=\"https:\/\/stadtrad.hamburg.de\/de\/start\" target=\"_blank\" rel=\"noreferrer noopener\">StadtRad <\/a><\/li>\n<\/ul>\n\n\n\n<div style=\"height:25px\" aria-hidden=\"true\" class=\"wp-block-spacer\"><\/div>\n\n\n\n<details class=\"wp-block-details is-layout-flow wp-block-details-is-layout-flow\"><summary>Carsharing<\/summary>\n<div style=\"height:20px\" aria-hidden=\"true\" class=\"wp-block-spacer\"><\/div>\n\n\n\n<ul class=\"wp-block-list\">\n<li><a href=\"https:\/\/miles-mobility.com\/de\" target=\"_blank\" rel=\"noreferrer noopener\">Miles<\/a><\/li>\n\n\n\n<li><a href=\"https:\/\/www.free2move.com\/de\/de\/car-sharing\/hamburg\/\" target=\"_blank\" rel=\"noreferrer noopener\">Free2move<\/a><\/li>\n\n\n\n<li><a href=\"https:\/\/www.sixt.de\/share\/\" target=\"_blank\" rel=\"noreferrer noopener\">Sixt Share<\/a><\/li>\n<\/ul>\n<\/details>\n\n\n\n<div style=\"height:25px\" aria-hidden=\"true\" class=\"wp-block-spacer\"><\/div>\n\n\n\n<details class=\"wp-block-details is-layout-flow wp-block-details-is-layout-flow\"><summary>Ridepooling<br><br><\/summary>\n<ul class=\"wp-block-list\">\n<li><a href=\"https:\/\/www.moia.io\" target=\"_blank\" rel=\"noreferrer noopener\">Moia<\/a><\/li>\n\n\n\n<li><a href=\"https:\/\/www.uber.com\/global\/de\/r\/cities\/hamburg-hh-de\/\" target=\"_blank\" rel=\"noreferrer noopener\">uber<\/a><\/li>\n<\/ul>\n<\/details>\n\n\n\n<details class=\"wp-block-details is-layout-flow wp-block-details-is-layout-flow\"><summary>E-Scooter<br><br><\/summary>\n<ul class=\"wp-block-list\">\n<li><a href=\"https:\/\/bolt.eu\/de-de\/scooters\/\" target=\"_blank\" rel=\"noreferrer noopener\">Bolt<\/a><\/li>\n\n\n\n<li><a href=\"https:\/\/www.li.me\/de-de\/locations\/hamburg\" target=\"_blank\" rel=\"noreferrer noopener\">Lime<\/a><\/li>\n\n\n\n<li><a href=\"https:\/\/www.tier.app\/de\/\" target=\"_blank\" rel=\"noreferrer noopener\">Dott <\/a>(vormals Tier)<\/li>\n\n\n\n<li><a href=\"https:\/\/www.voi.com\/de\/stadt\/hamburg\" target=\"_blank\" rel=\"noreferrer noopener\">Voi<\/a><\/li>\n<\/ul>\n<\/details>\n\n\n\n<hr class=\"wp-block-separator has-alpha-channel-opacity\" \/>\n\n\n\n<h4 class=\"wp-block-heading\">Gesundheit<\/h4>\n\n\n\n<p>Hamburg verf\u00fcgt \u00fcber eine hohe Arztdichte und bietet eine umfassende \u00e4rztliche Versorgung mit&nbsp; Fach\u00e4rzten, Allgemeinmedizinern, Kliniken und Spezialzentren. Bei der Arztsuche kann Ihnen das Portal der <a href=\"https:\/\/www.kvhh.net\/\" target=\"_blank\" rel=\"noreferrer noopener\">Kassen\u00e4rztlichen Vereinigung<\/a> helfen.<\/p>\n\n\n\n<p>Bei akuten, lebensbedrohlichen Notf\u00e4llen (<abbr title=\"zum Beispiel\">z.B.<\/abbr> Herzinfarkt, Atemnot, Bewusstlosigkeit, pl\u00f6tzliche L\u00e4hmungen, Sprachst\u00f6rungen) w\u00e4hlen Sie unbedingt den Notruf 112.<\/p>\n\n\n\n<p>Wenn Sie \u00e4rztliche Hilfe ben\u00f6tigen und Sie nicht in der Lage sind, einen Arzt aufzusuchen <abbr title=\"beziehungsweise\">bzw.<\/abbr> die Praxen geschlossen haben, rufen Sie den \u00e4rztlichen Bereitschaftsdienst unter der Telefonnummer 116117 an.<\/p>\n\n\n\n<p>Bei einem zahn\u00e4rztlichen Notfall finden Sie tags\u00fcber Hilfe bei der jeweils Notdienst habenden Praxis unter:<a href=\"https:\/\/www.kvhh.ne\" target=\"_blank\" rel=\"noreferrer noopener\"> <\/a><a href=\"https:\/\/www.zahnaerzte-hh.de\/patientenportal\/services\/notdienst\" target=\"_blank\" rel=\"noreferrer noopener\">https:\/\/www.zahnaerzte-hh.de\/patientenportal\/services\/notdiensthttps:\/\/www.zahnaerzte-hh.de\/patientenportal\/services\/notdienst<\/a>. Zus\u00e4tzlich gibt es einen n\u00e4chtlichen Notdienst, t\u00e4glich zwischen 19.00 -01.00 Uhr in der Stresemannstr. 52, 22769 Hamburg. Eine Anmeldung ist nicht erforderlich. &nbsp;<\/p>\n\n\n\n<p><strong>Apotheken \/ Medikamente<\/strong><\/p>\n\n\n\n<p>In Deutschland gibt es unterschiedliche Arten von Medikamenten. Nur frei verk\u00e4ufliche Arzneimittel (<abbr title=\"zum Beispiel\">z.B.<\/abbr> pflanzliche oder Naturheilmittel, Vitamine, Pflaster, <abbr title=\"et cetera\">etc.<\/abbr> ) bekommt man in Deutschland auch in Drogerien. F\u00fcr apothekenpflichtige oder verschreibungspflichtige Medikamente m\u00fcssen Sie eine Apotheke aufsuchen, f\u00fcr verschreibungspflichtige Medikamente ben\u00f6tigen Sie ein Rezept vom Arzt.<\/p>\n\n\n\n<p>Apotheken bieten wechselseitig Notdienste au\u00dferhalb der regul\u00e4ren \u00d6ffnungszeiten an, diese finden Sie unter <a href=\"https:\/\/www.aponet.de\/\" rel='nofollow'>https:\/\/www.aponet.de\/<\/a>&nbsp;&nbsp; &nbsp;und an jeder Apothekent\u00fcr.<\/p>\n\n\n\n<hr class=\"wp-block-separator has-alpha-channel-opacity\" \/>\n\n\n\n<h4 class=\"wp-block-heading\">Sport f\u00fcr Jedermann<\/h4>\n\n\n\n<p><a href=\"https:\/\/sportspass.de\/\" data-type=\"link\" data-id=\"https:\/\/sportspass.de\/\" target=\"_blank\" rel=\"noreferrer noopener\">\u201eSportspass\u201c<\/a> ist ein niedrigschwelliges Angebot, um in Hamburg Sport zu betreiben. Der monatliche Mitgliedsbeitrag ist sehr g\u00fcnstig und Sie haben ein Angebot von \u00fcber 3500 Kursen in \u00fcber 50 Standorten in Hamburg. Die Mitgliedschaft ist quartalsweise k\u00fcndbar.<\/p>\n\n\n\n<hr class=\"wp-block-separator has-alpha-channel-opacity\" \/>\n\n\n\n<h4 class=\"wp-block-heading\">Was ist los in Hamburg?<\/h4>\n\n\n\n<p>Sie m\u00f6chten in Ihrer freien Zeit etwas in Hamburg unternehmen? Hier sind einige Adressen mit tagesaktuellen Hinweisen<\/p>\n\n\n\n<p><br><a href=\"https:\/\/www.hamburg.de\/kultur\/veranstaltungen\" target=\"_blank\" rel=\"noreferrer noopener\">https:\/\/www.hamburg.de\/kultur\/veranstaltungen<\/a><\/p>\n\n\n\n<p><a href=\"https:\/\/www.hamburg-tourism.de\/sehen-erleben\/veranstaltungen\" target=\"_blank\" rel=\"noreferrer noopener\">https:\/\/www.hamburg-tourism.de\/sehen-erleben\/veranstaltungen<\/a><\/p>\n\n\n\n<p><a href=\"https:\/\/www.hamburg-travel.com\/see-explore\/events\" target=\"_blank\" rel=\"noreferrer noopener\">https:\/\/www.hamburg-travel.com\/see-explore\/events<\/a><\/p>\n\n\n\n<p><a href=\"https:\/\/heuteinhamburg.de\" target=\"_blank\" rel=\"noreferrer noopener\">https:\/\/heuteinhamburg.de<\/a><\/p>\n\n\n\n<p><a href=\"https:\/\/www.kulturlotse.de\" target=\"_blank\" rel=\"noreferrer noopener\">https:\/\/www.kulturlotse.de<\/a><\/p>\n\n\n\n<p><a href=\"https:\/\/www.hamburg-lotse.de\/veranstaltungen\/\" target=\"_blank\" rel=\"noreferrer noopener\">https:\/\/www.hamburg-lotse.de\/veranstaltungen\/<\/a><br><br><br><br><br><br><br><br><br><\/p>\n","protected":false},"excerpt":{"rendered":"<p>Bezahlung In Hamburg kann man in der Regel problemlos mit EC-Karte oder Smartphone bezahlen, dennoch gibt es einige Situationen bzw. Einrichtungen, in denen Sie Bargeld ben\u00f6tigen (z.B. Imbisse, B\u00e4ckereien, kleine [&hellip;]<\/p>\n","protected":false},"author":108,"featured_media":0,"parent":0,"menu_order":0,"comment_status":"closed","ping_status":"closed","template":"","meta":{"_EventAllDay":false,"_EventTimezone":"","_EventStartDate":"","_EventEndDate":"","_EventStartDateUTC":"","_EventEndDateUTC":"","_EventShowMap":false,"_EventShowMapLink":false,"_EventURL":"","_EventCost":"","_EventCostDescription":"","_EventCurrencySymbol":"","_EventCurrencyCode":"","_EventCurrencyPosition":"","_EventDateTimeSeparator":"","_EventTimeRangeSeparator":"","_EventOrganizerID":[],"_EventVenueID":[],"_OrganizerEmail":"","_OrganizerPhone":"","_OrganizerWebsite":"","_VenueAddress":"","_VenueCity":"","_VenueCountry":"","_VenueProvince":"","_VenueState":"","_VenueZip":"","_VenuePhone":"","_VenueURL":"","_VenueStateProvince":"","_VenueLat":"","_VenueLng":"","_VenueShowMap":false,"_VenueShowMapLink":false,"footnotes":""},"categories":[4],"tags":[],"class_list":["post-348","page","type-page","status-publish","hentry","category-forschung"],"_links":{"self":[{"href":"https:\/\/www.hsu-hh.de\/wo\/wp-json\/wp\/v2\/pages\/348","targetHints":{"allow":["GET"]}}],"collection":[{"href":"https:\/\/www.hsu-hh.de\/wo\/wp-json\/wp\/v2\/pages"}],"about":[{"href":"https:\/\/www.hsu-hh.de\/wo\/wp-json\/wp\/v2\/types\/page"}],"author":[{"embeddable":true,"href":"https:\/\/www.hsu-hh.de\/wo\/wp-json\/wp\/v2\/users\/108"}],"replies":[{"embeddable":true,"href":"https:\/\/www.hsu-hh.de\/wo\/wp-json\/wp\/v2\/comments?post=348"}],"version-history":[{"count":19,"href":"https:\/\/www.hsu-hh.de\/wo\/wp-json\/wp\/v2\/pages\/348\/revisions"}],"predecessor-version":[{"id":963,"href":"https:\/\/www.hsu-hh.de\/wo\/wp-json\/wp\/v2\/pages\/348\/revisions\/963"}],"wp:attachment":[{"href":"https:\/\/www.hsu-hh.de\/wo\/wp-json\/wp\/v2\/media?parent=348"}],"wp:term":[{"taxonomy":"category","embeddable":true,"href":"https:\/\/www.hsu-hh.de\/wo\/wp-json\/wp\/v2\/categories?post=348"},{"taxonomy":"post_tag","embeddable":true,"href":"https:\/\/www.hsu-hh.de\/wo\/wp-json\/wp\/v2\/tags?post=348"}],"curies":[{"name":"wp","href":"https:\/\/api.w.org\/{rel}","templated":true}]}}