{"id":346,"date":"2025-05-27T09:59:06","date_gmt":"2025-05-27T07:59:06","guid":{"rendered":"https:\/\/www.hsu-hh.de\/wo\/?page_id=346"},"modified":"2025-10-07T12:12:26","modified_gmt":"2025-10-07T10:12:26","slug":"das-leben-auf-dem-campus","status":"publish","type":"page","link":"https:\/\/www.hsu-hh.de\/wo\/das-leben-auf-dem-campus\/","title":{"rendered":"Das Leben auf dem Campus"},"content":{"rendered":"\n<p><strong>Wissenswertes und Aktuelles finden Sie jederzeit in der <a href=\"https:\/\/mobile.hsu-hh.de\" data-type=\"link\" data-id=\"https:\/\/mobile.hsu-hh.de\" target=\"_blank\" rel=\"noreferrer noopener\"><abbr title=\"Helmut Schmidt Universit\u00e4t\">HSU<\/abbr> App<\/a><\/strong><\/p>\n\n\n\n<p>Auf unserem sch\u00f6nen, gr\u00fcnen Campus im Osten von Hamburg erwartet Sie eine moderne Infrastruktur mit diversen Einrichtungen und Angeboten.<\/p>\n\n\n\n<hr class=\"wp-block-separator has-alpha-channel-opacity\" \/>\n\n\n\n<h3 class=\"wp-block-heading\">Essen und Trinken<\/h3>\n\n\n\n<p>Auf dem Campus stehen Ihnen folgende gastronomische Angebote zur Verf\u00fcgung \u2013 ob f\u00fcr den Austausch mit Kollegen oder einer entspannte Essens-Pause.<\/p>\n\n\n\n<p><strong>Mensa<\/strong><\/p>\n\n\n\n<p>Die <abbr title=\"Helmut Schmidt Universit\u00e4t\">HSU<\/abbr>\/ UniBw H verf\u00fcgt \u00fcber eine Mensa; dort haben Sie die M\u00f6glichkeit, drei Mahlzeiten am Tag einzunehmen \u2013 Fr\u00fchst\u00fcck, Mittagessen, Abendessen. Freitagnachmittag bis einschlie\u00dflich Sonntag ist die Mensa geschlossen. &nbsp;<\/p>\n\n\n\n<p>Grunds\u00e4tzlich erfolgt die Bezahlung der Mahlzeiten \u00fcber die Mensacard, welche Sie beantragen k\u00f6nnen. Zahlungen mit Bargeld sind nur in Ausnahmef\u00e4llen m\u00f6glich.<\/p>\n\n\n\n<p>Der jeweilige Speiseplan wird \u00fcber die Monitore am \u201eRoten Platz\u201c oder auch in der <a href=\"https:\/\/mobile.hsu-hh.de\/de\" target=\"_blank\" rel=\"noreferrer noopener\"><abbr title=\"Helmut Schmidt Universit\u00e4t\">HSU<\/abbr> App<\/a> ver\u00f6ffentlicht.<\/p>\n\n\n\n<div style=\"height:20px\" aria-hidden=\"true\" class=\"wp-block-spacer\"><\/div>\n\n\n\n<p><strong>Cafeteria<\/strong><\/p>\n\n\n\n<p>F\u00fcr den kleinen Hunger zwischendurch finden Sie am \u201eRoten Platz\u201c die Cafeteria des Backparadies \u201eHornung\u201c; Sie erhalten dort verschiedene Kaffeesorten, belegte Br\u00f6tchen und s\u00fc\u00dfe Backwaren.<\/p>\n\n\n\n<p>Die B\u00e4ckerei \u201eHornung\u201c ist montags bis donnerstags von 08:00 Uhr bis 16:00 Uhr, am Freitag bis 13:00 Uhr ge\u00f6ffnet.<\/p>\n\n\n\n<div style=\"height:20px\" aria-hidden=\"true\" class=\"wp-block-spacer\"><\/div>\n\n\n\n<p><strong>Getr\u00e4nke- und Verpflegungsautomaten<\/strong><\/p>\n\n\n\n<p>Verpackte Snacks und diverse Getr\u00e4nke finden Sie rund um die Uhr in unseren Verpflegungsautomaten im EG am \u201eRoten Platz\u201c.&nbsp;<\/p>\n\n\n\n<div style=\"height:20px\" aria-hidden=\"true\" class=\"wp-block-spacer\"><\/div>\n\n\n\n<p><strong>Gemeinsame Heimgesellschaft\/ Offzierheimgesellschaft der <abbr title=\"Helmut Schmidt Universit\u00e4t\">HSU<\/abbr>\/ UniBw H e.V. (GHG\/ OHG)<\/strong><\/p>\n\n\n\n<p>5 min Fu\u00dfweg vom Campus entfernt, an der Ecke Rodigallee\/Holstenhofweg, befindet sich die Offizierheimgesellschaft der <abbr title=\"Helmut Schmidt Universit\u00e4t\">HSU<\/abbr>\/UniBw H. Die GHG\/ OHG ist eine Einrichtung (e.V.) der <abbr title=\"Helmut Schmidt Universit\u00e4t\">HSU<\/abbr>\/UniBw H, die einen erg\u00e4nzenden Service bietet: Neben einem Speise- und Getr\u00e4nkeangebot bietet sie mit einen Barbereich und verschiedenen R\u00e4umen\/S\u00e4len die M\u00f6glichkeit f\u00fcr gesch\u00e4ftliche und private Zusammenk\u00fcnfte und Veranstaltungen.&nbsp;<\/p>\n\n\n\n<p>Die GHG\/ OHG steht allen Mitgliedern und G\u00e4sten der <abbr title=\"Helmut Schmidt Universit\u00e4t\">HSU<\/abbr>\/ UniBw H zur Verf\u00fcgung. Die warme K\u00fcche mit einer w\u00f6chentlich wechselnden saisonalen Speisekarte ist von Montag bis Donnerstag von 12:00 Uhr bis 16:30 Uhr f\u00fcr Sie ge\u00f6ffnet. Die aktuelle Speisekarte sowie alle weiteren Informationen finden Sie unter <a href=\"https:\/\/www.hsu-hh.de\/ohg\/\">https:\/\/www.hsu-hh.de\/ohg\/<\/a><\/p>\n\n\n\n<div style=\"height:20px\" aria-hidden=\"true\" class=\"wp-block-spacer\"><\/div>\n\n\n\n<hr class=\"wp-block-separator has-alpha-channel-opacity\" \/>\n\n\n\n<h4 class=\"wp-block-heading\">Bibliothek<\/h4>\n\n\n\n<p>Die<a href=\"https:\/\/www.ub.hsu-hh.de\" target=\"_blank\" rel=\"noreferrer noopener\"> Universit\u00e4tsbibliothek<\/a> ist der zentrale Zugang zu Literatur und Informationen f\u00fcr Hochschulangeh\u00f6rigen und Gastwissenschaftlerinnen und Gastwissenschaftler.<\/p>\n\n\n\n<p>Die vielf\u00e4ltigen analogen und elektronischen Ressourcen, erg\u00e4nzt durch die M\u00f6glichkeiten der Fernleihe, sichern Ihnen eine optimale Literaturversorgung f\u00fcr Ihre Forschung. Moderne Arbeitspl\u00e4tze, pers\u00f6nliche Unterst\u00fctzung und eine offene Atmosph\u00e4re machen unsere Bibliothek zum idealen Anlaufpunkt w\u00e4hrend Ihres Forschungsaufenthaltes.<\/p>\n\n\n\n<p><\/p>\n\n\n\n<hr class=\"wp-block-separator has-alpha-channel-opacity\" \/>\n\n\n\n<h4 class=\"wp-block-heading\">Sprachenzentrum<\/h4>\n\n\n\n<p>Sie m\u00f6chten gerne Deutsch oder eine andere Sprache lernen <abbr title=\"beziehungsweise\">bzw.<\/abbr> vertiefen?<\/p>\n\n\n\n<p>Die <abbr title=\"Helmut Schmidt Universit\u00e4t\">HSU<\/abbr>\/UniBw H verf\u00fcgt \u00fcber ein eigenes Sprachenzentrum mit einem vielf\u00e4ltigen Angebot, welches sich insbesondere eignet, wenn Sie l\u00e4nger (mindestens 3 Monate) in Hamburg\/an der <abbr title=\"Helmut Schmidt Universit\u00e4t\">HSU<\/abbr> verweilen.<\/p>\n\n\n\n<p>Das gesamte Angebot des Sprachenzentrums finden Sie <a href=\"https:\/\/www.hsu-hh.de\/sprachen\/kurse\" target=\"_blank\" rel=\"noreferrer noopener\">hier<\/a><em>.<\/em><\/p>\n\n\n\n<p>Bei Interesse am Kurs \u201eDeutsch als Fremdsprache\u201c wenden Sie sich bitte an Sven Hansen <a href=\"mailto:hansens@hsu.hamburg\" rel='nofollow'>hansens@hsu.hamburg<\/a><\/p>\n\n\n\n<p>F\u00fcr Deutsch-Intensivsprachkurse oder Einzelunterricht bieten sich die Angebote Externer Sprachschulen an. Eine \u00dcbersicht finden Sie im Downloadbereich.<\/p>\n\n\n\n<p>An der <abbr title=\"Helmut Schmidt Universit\u00e4t\">HSU<\/abbr>\/UniBw H gibt es ein Tandem-Programm, <abbr title=\"das hei\u00dft\">d.h.<\/abbr> zwei Personen unterschiedlicher Muttersprachen treffen sich regelm\u00e4\u00dfig, um voneinander die jeweilige Sprache zu lernen. Wenn Sie Interesse an der Vermittlung eines Tandempartners haben, wenden Sie sich bitte an Sol\u00e8ne David <a href=\"mailto:davids@hsu.hamburg\" rel='nofollow'>davids@hsu.hamburg<\/a>&nbsp; <\/p>\n\n\n\n<hr class=\"wp-block-separator has-alpha-channel-opacity\" \/>\n\n\n\n<h4 class=\"wp-block-heading\">Sportzentrum<\/h4>\n\n\n\n<p>Die <abbr title=\"Helmut Schmidt Universit\u00e4t\">HSU<\/abbr>\/UniBw H h\u00e4lt ein sehr gro\u00dfes Sportangebot f\u00fcr Sie bereit. Daneben verf\u00fcgt die <abbr title=\"Helmut Schmidt Universit\u00e4t\">HSU<\/abbr>\/UniBw H \u00fcber eine eigene Schwimmhalle, mehrere Sporthallen, einen Sportplatz und Fitnessr\u00e4ume.<\/p>\n\n\n\n<p>Grunds\u00e4tzlich steht Ihnen die Teilnahme an den Sportangeboten offen; bitte versichern Sie sich zuvor, dass Ihre Kranken- und Unfallversicherung auch einen etwaigen Sportunfall abdeckt. Sie sind NICHT \u00fcber die <abbr title=\"Helmut Schmidt Universit\u00e4t\">HSU<\/abbr>\/ UniBw H versichert!<\/p>\n\n\n\n<p>Weitere Informationen zu den Sportangeboten, \u00d6ffnungszeiten der Anlagen und Fitnessr\u00e4ume und Ansprechpartner finden Sie <a href=\"https:\/\/www.hsu-hh.de\/sportzentrum\/\" data-type=\"link\" data-id=\"https:\/\/www.hsu-hh.de\/sportzentrum\/\" target=\"_blank\" rel=\"noreferrer noopener\">hier<\/a>.<\/p>\n\n\n\n<hr class=\"wp-block-separator has-alpha-channel-opacity\" \/>\n\n\n\n<h4 class=\"wp-block-heading\">Evangelische und katholische Hochschulgemeinde<\/h4>\n\n\n\n<p>An der <abbr title=\"Helmut Schmidt Universit\u00e4t\">HSU<\/abbr>\/ UniBw H sind sowohl eine evangelische als auch eine katholische Hochschulgemeinde vertreten.<\/p>\n\n\n\n<p>Die <strong>Evangelische Hochschulgemeinde<\/strong> l\u00e4dt in regelm\u00e4\u00dfigen Abst\u00e4nden um die Mittagszeit zur &#8222;Andacht mit Currywurst&#8220; in das Bischof-Hermann-Kunst-Haus, J\u00fcthornstra\u00dfe 61, 22043 Hamburg, ein.<br><br>Weitere Veranstaltungen und Infos finden Sie <a href=\"https:\/\/www.bundeswehr.de\/de\/organisation\/militaerseelsorge\/evangelische-militaerseelsorge\/dienststellen\/militaerpfarraemter\/evangelisches-militaerpfarramt-hamburg-i\" data-type=\"link\" data-id=\"https:\/\/www.bundeswehr.de\/de\/organisation\/militaerseelsorge\/evangelische-militaerseelsorge\/dienststellen\/militaerpfarraemter\/evangelisches-militaerpfarramt-hamburg-i\" target=\"_blank\" rel=\"noreferrer noopener\">hier<\/a>.<br><\/p>\n\n\n\n<p>Die <strong>Katholische Hochschulgemeinde<\/strong> <strong>(KHG)<\/strong> trifft sich jeden Dienstag um 19.15 Uhr zur Messe, Abendessen und gem\u00fctlichem Ausklang an der Bar im Maximilian-Kolbe-Haus, Oktaviostra\u00dfe 76, 22043 Hamburg. Eine Anmeldung ist nicht erforderlich.<\/p>\n\n\n\n<p>Jeden Montag in der Zeit von 09.00 bis 12.00 Uhr trifft sich die Krabbelgruppe in den R\u00e4umen der KHG; hier ist eine Anmeldung erforderlich unter <a href=\"mailto:khg@hsu.hamburg\" rel='nofollow'>khg@hsu.hamburg<\/a><\/p>\n\n\n\n<p>Dar\u00fcber hinaus gibt es weitere Veranstaltungen, diese finden Sie <a href=\"https:\/\/www.hsu-hh.de\/kath\/\" data-type=\"link\" data-id=\"https:\/\/www.hsu-hh.de\/kath\/\" target=\"_blank\" rel=\"noreferrer noopener\">hier<\/a>.<\/p>\n\n\n\n<p><\/p>\n\n\n\n<hr class=\"wp-block-separator has-alpha-channel-opacity\" \/>\n\n\n\n<h4 class=\"wp-block-heading\">Das Netzwerk der Hilfe an der <abbr title=\"Helmut Schmidt Universit\u00e4t\">HSU<\/abbr>\/ UniBw H<\/h4>\n\n\n\n<p>Das Netzwerk der Hilfe bildet einen Zusammenschluss von verschiedenen Beratungsangeboten an der <abbr title=\"Helmut Schmidt Universit\u00e4t\">HSU<\/abbr>\/ UniBw H, die sich an Soldatinnen und Soldaten sowie an alle Mitarbeiterinnen und Mitarbeiter der Universit\u00e4t richtet.<\/p>\n\n\n\n<p><a href=\"https:\/\/www.hsu-hh.de\/hilfenetz\/\" target=\"_blank\" rel=\"noreferrer noopener\">Hier<\/a> finden Sie weitere Informationen.<\/p>\n\n\n\n<p><br><\/p>\n\n\n\n<p><\/p>\n","protected":false},"excerpt":{"rendered":"<p>Wissenswertes und Aktuelles finden Sie jederzeit in der HSU App Auf unserem sch\u00f6nen, gr\u00fcnen Campus im Osten von Hamburg erwartet Sie eine moderne Infrastruktur mit diversen Einrichtungen und Angeboten. Essen [&hellip;]<\/p>\n","protected":false},"author":108,"featured_media":0,"parent":0,"menu_order":0,"comment_status":"closed","ping_status":"closed","template":"","meta":{"_EventAllDay":false,"_EventTimezone":"","_EventStartDate":"","_EventEndDate":"","_EventStartDateUTC":"","_EventEndDateUTC":"","_EventShowMap":false,"_EventShowMapLink":false,"_EventURL":"","_EventCost":"","_EventCostDescription":"","_EventCurrencySymbol":"","_EventCurrencyCode":"","_EventCurrencyPosition":"","_EventDateTimeSeparator":"","_EventTimeRangeSeparator":"","_EventOrganizerID":[],"_EventVenueID":[],"_OrganizerEmail":"","_OrganizerPhone":"","_OrganizerWebsite":"","_VenueAddress":"","_VenueCity":"","_VenueCountry":"","_VenueProvince":"","_VenueState":"","_VenueZip":"","_VenuePhone":"","_VenueURL":"","_VenueStateProvince":"","_VenueLat":"","_VenueLng":"","_VenueShowMap":false,"_VenueShowMapLink":false,"footnotes":""},"categories":[4],"tags":[],"class_list":["post-346","page","type-page","status-publish","hentry","category-forschung"],"_links":{"self":[{"href":"https:\/\/www.hsu-hh.de\/wo\/wp-json\/wp\/v2\/pages\/346","targetHints":{"allow":["GET"]}}],"collection":[{"href":"https:\/\/www.hsu-hh.de\/wo\/wp-json\/wp\/v2\/pages"}],"about":[{"href":"https:\/\/www.hsu-hh.de\/wo\/wp-json\/wp\/v2\/types\/page"}],"author":[{"embeddable":true,"href":"https:\/\/www.hsu-hh.de\/wo\/wp-json\/wp\/v2\/users\/108"}],"replies":[{"embeddable":true,"href":"https:\/\/www.hsu-hh.de\/wo\/wp-json\/wp\/v2\/comments?post=346"}],"version-history":[{"count":19,"href":"https:\/\/www.hsu-hh.de\/wo\/wp-json\/wp\/v2\/pages\/346\/revisions"}],"predecessor-version":[{"id":955,"href":"https:\/\/www.hsu-hh.de\/wo\/wp-json\/wp\/v2\/pages\/346\/revisions\/955"}],"wp:attachment":[{"href":"https:\/\/www.hsu-hh.de\/wo\/wp-json\/wp\/v2\/media?parent=346"}],"wp:term":[{"taxonomy":"category","embeddable":true,"href":"https:\/\/www.hsu-hh.de\/wo\/wp-json\/wp\/v2\/categories?post=346"},{"taxonomy":"post_tag","embeddable":true,"href":"https:\/\/www.hsu-hh.de\/wo\/wp-json\/wp\/v2\/tags?post=346"}],"curies":[{"name":"wp","href":"https:\/\/api.w.org\/{rel}","templated":true}]}}