{"id":343,"date":"2025-05-27T09:56:14","date_gmt":"2025-05-27T07:56:14","guid":{"rendered":"https:\/\/www.hsu-hh.de\/wo\/?page_id=343"},"modified":"2025-09-16T15:27:44","modified_gmt":"2025-09-16T13:27:44","slug":"ankunft-in-hamburg","status":"publish","type":"page","link":"https:\/\/www.hsu-hh.de\/wo\/ankunft-in-hamburg\/","title":{"rendered":"Ankunft in Hamburg"},"content":{"rendered":"\n<p>Wenn Sie beabsichtigen, f\u00fcr einen l\u00e4ngeren Zeitraum in Hamburg zu bleiben, sollten Sie sich fr\u00fchzeitig um einige wichtige formale Angelegenheiten k\u00fcmmern.<br>Dazu z\u00e4hlt vor allem die Aufenthaltsgenehmigung und die Anmeldung des Wohnsitzes.<\/p>\n\n\n\n<details class=\"wp-block-details is-layout-flow wp-block-details-is-layout-flow\"><summary>Aufenthaltsgenehmigung<\/summary>\n<p><\/p>\n\n\n\n<p>Das Nationale Visum wird in der Regel f\u00fcr ein Jahr ausgestellt und beinhaltet die Arbeitserlaubnis; sollte sich hier Ihr Aufenthalt nicht \u00fcber diese Dauer hinziehen, ben\u00f6tigen Sie keinen weiteren Aufenthaltstitel.<\/p>\n\n\n\n<p>Wenn Sie als Sie Staatsangeh\u00f6riger aus Australien, Gro\u00dfbritannien, Island, Israel, Japan, Kanada, Republik Korea, Neuseeland oder den Vereinigten Staaten visumsfrei nach Deutschland eingereist sind und Ihr Aufenthalt l\u00e4nger als drei Monate (90 Tage) dauern soll, m\u00fcssen Sie nach Ihrer Einreise eine Aufenthaltserlaubnis beantragen \u2013 dies sollte innerhalb der ersten Wochen nach Ihrer Ankunft erfolgen.<\/p>\n\n\n\n<p>Um einen Termin zur Beantragung Ihres Aufenthaltstitels zu vereinbaren, nutzen Sie bitte den Online Service \u201e<a href=\"https:\/\/serviceportal.hamburg.de\/HamburgGateway\/Service\/Entry\/AFM_Aufgen\" target=\"_blank\" rel=\"noreferrer noopener\">Residence Permit Hamburg<\/a>\u201c der Stadt Hamburg. Bitte achten Sie darauf, dass Ihnen alle wichtigen <a href=\"https:\/\/welcome.hamburg.de\/formulare\/#anker_1#anker_1\" target=\"_blank\" rel=\"noreferrer noopener\">Unterlagen<\/a> daf\u00fcr vorliegen. Diese k\u00f6nnen Sie mit dem Online Service bereits an die Beh\u00f6rden \u00fcbermitteln.<\/p>\n\n\n\n<p>Grunds\u00e4tzlich empfehlen wir in diesem Fall, sich bereits vor Einreise nach Deutschland um ein Visum zu bem\u00fchen, da die Bearbeitung Ihres Antrages auf Aufenthaltserlaubnis bis zu drei Monaten dauern kann und Sie erst nach Vorliegen der Aufenthaltserlaubnis eine Arbeit aufnehmen d\u00fcrfen.<\/p>\n\n\n\n<p>F\u00fcr Ihre Fragen rund um die Organisation Ihrer Aufenthaltserlaubnis sowie die Beratung f\u00fcr Ihren Neuanfang in Hamburg wenden Sie sich bitte an das&nbsp;<a href=\"https:\/\/welcome.hamburg.de\/hwc\/\" target=\"_blank\" rel=\"noreferrer noopener\">Hamburg Welcome Center<\/a>! F\u00fcr eine Terminvereinbarung erreichen Sie sie unter: <a href=\"mailto:info@welcome.hamburg.de\" rel='nofollow'>info@welcome.hamburg.de<\/a> oder telefonisch unter der Tel.: +49 40 428 39-5500<\/p>\n\n\n\n<p><\/p>\n\n\n\n<p><\/p>\n<\/details>\n\n\n\n<details class=\"wp-block-details is-layout-flow wp-block-details-is-layout-flow\"><summary>Anmeldung des neuen Wohnsitzes in Hamburg<\/summary>\n<p><\/p>\n\n\n\n<p>Wenn Sie l\u00e4nger als drei Monate in Hamburg sein werden, sind Sie verpflichtet, sich innerhalb von zwei Wochen nach Ihrer Ankunft mit ihrem Wohnsitz in Hamburg bei einem Kundenzentrum <a href=\"https:\/\/serviceportal.hamburg.de\/HamburgGateway\/FVP\/FV\/Bezirke\/DigiTermin\/Dsgvo\" target=\"_blank\" rel=\"noreferrer noopener\">anzumelden<\/a>. Sollten Sie bei Ihrer Ankunft noch \u00fcber keine Wohnung verf\u00fcgen, muss die Anmeldung innerhalb von zwei Wochen nach Bezug einer Wohnung erfolgen. Die Anmeldung muss pers\u00f6nlich erfolgen und kostet derzeit 14,- Euro.<\/p>\n\n\n\n<p>F\u00fcr die Anmeldung ben\u00f6tigen Sie folgende Unterlagen:<\/p>\n\n\n\n<ul class=\"wp-block-list\">\n<li>Wohnungsgeberbest\u00e4tigung<\/li>\n\n\n\n<li>Reisepass\/ Personalausweis<\/li>\n\n\n\n<li>Anmeldeformular<\/li>\n\n\n\n<li>Nachweis Ihres Aufenthaltstitels\/ Visums<\/li>\n<\/ul>\n\n\n\n<p>Weitere Informationen zu \u00d6ffnungszeiten und Terminvergabe finden Sie <a href=\"https:\/\/www.hamburg.com\/residents\/civil-services-guide\/hamburg-service-vor-ort\/residents-973484\" data-type=\"link\" data-id=\"https:\/\/www.hamburg.com\/residents\/civil-services-guide\/hamburg-service-vor-ort\/residents-973484\" target=\"_blank\" rel=\"noreferrer noopener\">hier<\/a>.<\/p>\n\n\n\n<p><\/p>\n<\/details>\n\n\n\n<div style=\"height:50px\" aria-hidden=\"true\" class=\"wp-block-spacer\"><\/div>\n\n\n\n<p><strong>Weitere Informationen zur Aufenthaltsgenehmigung und zur Anmeldung finden Sie hier<\/strong><\/p>\n\n\n\n<ul class=\"wp-block-list\">\n<li><a href=\"https:\/\/welcome.hamburg.de\/leben-in-hamburg\/erste-schritte-in-hamburg-417070\" target=\"_blank\" rel=\"noreferrer noopener\">https:\/\/welcome.hamburg.de\/leben-in-hamburg\/erste-schritte-in-hamburg-417070<\/a><\/li>\n\n\n\n<li><a href=\"https:\/\/welcome.hamburg.de\/einreise-und-aufenthalt\/aufenthaltserlaubnisse\" target=\"_blank\" rel=\"noreferrer noopener\">https:\/\/welcome.hamburg.de\/einreise-und-aufenthalt\/aufenthaltserlaubnisse<\/a><\/li>\n\n\n\n<li><a href=\"https:\/\/welcome.hamburg.de\/einreise-und-aufenthalt\/formulare-und-checklisten\" rel='nofollow'>https:\/\/welcome.hamburg.de\/einreise-und-aufenthalt\/formulare-und-checklisten<\/a><\/li>\n\n\n\n<li><a href=\"https:\/\/welcome.hamburg.de\/resource\/blob\/965108\/166778ed1bb4fda4a7ea43911c4892e9\/checkliste-forschung-data.pdf\" target=\"_blank\" rel=\"noreferrer noopener\">https:\/\/welcome.hamburg.de\/resource\/blob\/965108\/166778ed1bb4fda4a7ea43911c4892e9\/checkliste-forschung-data.pdf<\/a><\/li>\n\n\n\n<li><a href=\"https:\/\/www.hamburg.de\/\" target=\"_blank\" rel=\"noreferrer noopener\">https:\/\/www.hamburg.de\/<\/a><\/li>\n\n\n\n<li><a href=\"https:\/\/www.hamburg.com\/publicservice\/info\/111142067\/n0\/\" target=\"_blank\" rel=\"noreferrer noopener\">https:\/\/www.hamburg.com\/publicservice\/info\/111142067\/n0\/<\/a><\/li>\n\n\n\n<li><a href=\"https:\/\/fhh1.hamburg.de\/Dibis\/vordr\/6700-13-barrierefrei_10-20.pdf\" target=\"_blank\" rel=\"noreferrer noopener\">https:\/\/fhh1.hamburg.de\/Dibis\/vordr\/6700-13-barrierefrei_10-20.pdf<\/a><\/li>\n\n\n\n<li><a href=\"https:\/\/www.hamburg.com\/residents\/civil-services-guide\/hamburg-service-vor-ort\/residents-973484\" target=\"_blank\" rel=\"noreferrer noopener\">https:\/\/www.hamburg.com\/residents\/civil-services-guide\/hamburg-service-vor-ort\/residents-973484<\/a><\/li>\n<\/ul>\n\n\n\n<p><\/p>\n","protected":false},"excerpt":{"rendered":"<p>Wenn Sie beabsichtigen, f\u00fcr einen l\u00e4ngeren Zeitraum in Hamburg zu bleiben, sollten Sie sich fr\u00fchzeitig um einige wichtige formale Angelegenheiten k\u00fcmmern.Dazu z\u00e4hlt vor allem die Aufenthaltsgenehmigung und die Anmeldung des [&hellip;]<\/p>\n","protected":false},"author":108,"featured_media":0,"parent":0,"menu_order":0,"comment_status":"closed","ping_status":"closed","template":"","meta":{"_EventAllDay":false,"_EventTimezone":"","_EventStartDate":"","_EventEndDate":"","_EventStartDateUTC":"","_EventEndDateUTC":"","_EventShowMap":false,"_EventShowMapLink":false,"_EventURL":"","_EventCost":"","_EventCostDescription":"","_EventCurrencySymbol":"","_EventCurrencyCode":"","_EventCurrencyPosition":"","_EventDateTimeSeparator":"","_EventTimeRangeSeparator":"","_EventOrganizerID":[],"_EventVenueID":[],"_OrganizerEmail":"","_OrganizerPhone":"","_OrganizerWebsite":"","_VenueAddress":"","_VenueCity":"","_VenueCountry":"","_VenueProvince":"","_VenueState":"","_VenueZip":"","_VenuePhone":"","_VenueURL":"","_VenueStateProvince":"","_VenueLat":"","_VenueLng":"","_VenueShowMap":false,"_VenueShowMapLink":false,"footnotes":""},"categories":[4],"tags":[],"class_list":["post-343","page","type-page","status-publish","hentry","category-forschung"],"_links":{"self":[{"href":"https:\/\/www.hsu-hh.de\/wo\/wp-json\/wp\/v2\/pages\/343","targetHints":{"allow":["GET"]}}],"collection":[{"href":"https:\/\/www.hsu-hh.de\/wo\/wp-json\/wp\/v2\/pages"}],"about":[{"href":"https:\/\/www.hsu-hh.de\/wo\/wp-json\/wp\/v2\/types\/page"}],"author":[{"embeddable":true,"href":"https:\/\/www.hsu-hh.de\/wo\/wp-json\/wp\/v2\/users\/108"}],"replies":[{"embeddable":true,"href":"https:\/\/www.hsu-hh.de\/wo\/wp-json\/wp\/v2\/comments?post=343"}],"version-history":[{"count":14,"href":"https:\/\/www.hsu-hh.de\/wo\/wp-json\/wp\/v2\/pages\/343\/revisions"}],"predecessor-version":[{"id":754,"href":"https:\/\/www.hsu-hh.de\/wo\/wp-json\/wp\/v2\/pages\/343\/revisions\/754"}],"wp:attachment":[{"href":"https:\/\/www.hsu-hh.de\/wo\/wp-json\/wp\/v2\/media?parent=343"}],"wp:term":[{"taxonomy":"category","embeddable":true,"href":"https:\/\/www.hsu-hh.de\/wo\/wp-json\/wp\/v2\/categories?post=343"},{"taxonomy":"post_tag","embeddable":true,"href":"https:\/\/www.hsu-hh.de\/wo\/wp-json\/wp\/v2\/tags?post=343"}],"curies":[{"name":"wp","href":"https:\/\/api.w.org\/{rel}","templated":true}]}}