{"id":188,"date":"2025-04-29T12:18:47","date_gmt":"2025-04-29T10:18:47","guid":{"rendered":"https:\/\/www.hsu-hh.de\/wo\/?page_id=188"},"modified":"2025-10-08T13:40:18","modified_gmt":"2025-10-08T11:40:18","slug":"wohnen-in-hamburg","status":"publish","type":"page","link":"https:\/\/www.hsu-hh.de\/wo\/wohnen-in-hamburg\/","title":{"rendered":"Wohnen in Hamburg"},"content":{"rendered":"\n<p>Die Nachfrage nach Wohnraum in Hamburg ist sehr gro\u00df! Die Suche nach einer Unterkunft in Hamburg, insbesondere f\u00fcr einen kurzen Zeitraum, kann daher schwierig und teuer sein. <\/p>\n\n\n\n<p>Wir empfehlen Ihnen daher, sich rechtzeitig um die Wohnungssuche zu k\u00fcmmern.<\/p>\n\n\n\n<h4 class=\"wp-block-heading\">Wohnen auf dem Campus<\/h4>\n\n\n\n<p>Die <abbr title=\"Helmut Schmidt Universit\u00e4t\">HSU<\/abbr>\/ UniBw H kann Ihnen bei Vorliegen bestimmter Voraussetzungen und bei freien Kapazit\u00e4ten ein Zimmer auf dem Campus der Universit\u00e4t oder in einer angemieteten Liegenschaft gegen einen geringen Mietzins zur Verf\u00fcgung stellen. <br>Wenn Sie die Pr\u00fcfung dieser M\u00f6glichkeit in Anspruch nehmen m\u00f6chten, kreuzen Sie dies in unserem Registrierungsformular bitte an. <br>Einen Rechtsanspruch auf die Bereitstellung eines Zimmers haben Sie nicht.<\/p>\n\n\n\n<p>Die Unterbringung von Partnern und Familien ist leider nicht m\u00f6glich, auch nicht f\u00fcr einen kurzen Aufenthalt.<\/p>\n\n\n\n<hr class=\"wp-block-separator has-alpha-channel-opacity\" \/>\n\n\n\n<p>Sie m\u00f6chten sich selbst nach einer Wohnung umsehen? Dann k\u00f6nnen wir auf folgende Portale hinweisen (die Liste ist nicht abschlie\u00dfend)<\/p>\n\n\n\n<h4 class=\"wp-block-heading\">Wohnungsportale in Hamburg<\/h4>\n\n\n\n<ul class=\"wp-block-list\">\n<li><a href=\"https:\/\/www.immobilienscout24.de\/Suche\/de\/hamburg\/hamburg\/wohnen-auf-zeit\" target=\"_blank\" rel=\"noreferrer noopener\">Immobilienscout24<\/a><\/li>\n\n\n\n<li><a href=\"https:\/\/www.wg-gesucht.de\/wohnungen-in-Hamburg\" target=\"_blank\" rel=\"noreferrer noopener\">WG-Gesucht<\/a><\/li>\n\n\n\n<li><a href=\"https:\/\/www.airbnb.de\" target=\"_blank\" rel=\"noreferrer noopener\">airbnb<\/a><\/li>\n<\/ul>\n\n\n\n<p><\/p>\n\n\n\n<p><\/p>\n\n\n\n<p><\/p>\n","protected":false},"excerpt":{"rendered":"<p>Die Nachfrage nach Wohnraum in Hamburg ist sehr gro\u00df! Die Suche nach einer Unterkunft in Hamburg, insbesondere f\u00fcr einen kurzen Zeitraum, kann daher schwierig und teuer sein. Wir empfehlen Ihnen [&hellip;]<\/p>\n","protected":false},"author":108,"featured_media":0,"parent":0,"menu_order":0,"comment_status":"closed","ping_status":"closed","template":"","meta":{"_EventAllDay":false,"_EventTimezone":"","_EventStartDate":"","_EventEndDate":"","_EventStartDateUTC":"","_EventEndDateUTC":"","_EventShowMap":false,"_EventShowMapLink":false,"_EventURL":"","_EventCost":"","_EventCostDescription":"","_EventCurrencySymbol":"","_EventCurrencyCode":"","_EventCurrencyPosition":"","_EventDateTimeSeparator":"","_EventTimeRangeSeparator":"","_EventOrganizerID":[],"_EventVenueID":[],"_OrganizerEmail":"","_OrganizerPhone":"","_OrganizerWebsite":"","_VenueAddress":"","_VenueCity":"","_VenueCountry":"","_VenueProvince":"","_VenueState":"","_VenueZip":"","_VenuePhone":"","_VenueURL":"","_VenueStateProvince":"","_VenueLat":"","_VenueLng":"","_VenueShowMap":false,"_VenueShowMapLink":false,"footnotes":""},"categories":[4],"tags":[],"class_list":["post-188","page","type-page","status-publish","hentry","category-forschung"],"_links":{"self":[{"href":"https:\/\/www.hsu-hh.de\/wo\/wp-json\/wp\/v2\/pages\/188","targetHints":{"allow":["GET"]}}],"collection":[{"href":"https:\/\/www.hsu-hh.de\/wo\/wp-json\/wp\/v2\/pages"}],"about":[{"href":"https:\/\/www.hsu-hh.de\/wo\/wp-json\/wp\/v2\/types\/page"}],"author":[{"embeddable":true,"href":"https:\/\/www.hsu-hh.de\/wo\/wp-json\/wp\/v2\/users\/108"}],"replies":[{"embeddable":true,"href":"https:\/\/www.hsu-hh.de\/wo\/wp-json\/wp\/v2\/comments?post=188"}],"version-history":[{"count":13,"href":"https:\/\/www.hsu-hh.de\/wo\/wp-json\/wp\/v2\/pages\/188\/revisions"}],"predecessor-version":[{"id":983,"href":"https:\/\/www.hsu-hh.de\/wo\/wp-json\/wp\/v2\/pages\/188\/revisions\/983"}],"wp:attachment":[{"href":"https:\/\/www.hsu-hh.de\/wo\/wp-json\/wp\/v2\/media?parent=188"}],"wp:term":[{"taxonomy":"category","embeddable":true,"href":"https:\/\/www.hsu-hh.de\/wo\/wp-json\/wp\/v2\/categories?post=188"},{"taxonomy":"post_tag","embeddable":true,"href":"https:\/\/www.hsu-hh.de\/wo\/wp-json\/wp\/v2\/tags?post=188"}],"curies":[{"name":"wp","href":"https:\/\/api.w.org\/{rel}","templated":true}]}}