{"id":186,"date":"2025-04-29T12:18:19","date_gmt":"2025-04-29T10:18:19","guid":{"rendered":"https:\/\/www.hsu-hh.de\/wo\/?page_id=186"},"modified":"2025-10-06T11:38:47","modified_gmt":"2025-10-06T09:38:47","slug":"versicherungen","status":"publish","type":"page","link":"https:\/\/www.hsu-hh.de\/wo\/versicherungen\/","title":{"rendered":"Versicherungen"},"content":{"rendered":"\n<p>Das deutsche Sozialversicherungssystem besteht aus f\u00fcnf S\u00e4ulen: Krankenversicherung, Pflegeversicherung, Rentenversicherung, Arbeitslosenversicherung und Unfallversicherung<\/p>\n\n\n\n<p>F\u00fcr Sie als Gastwissenschaftlerin oder Gastwissenschaftler, die\/ der Sie ohne eine vertragliche Bindung an die <abbr title=\"Helmut Schmidt Universit\u00e4t\">HSU<\/abbr>\/ UniBw H kommen werden, greift nur die Pflicht zur Krankenversicherung.<\/p>\n\n\n\n<p>Wenn Sie auf der Grundlage eines Arbeitsvertrages an der <abbr title=\"Helmut Schmidt Universit\u00e4t\">HSU<\/abbr>\/UniBw H arbeiten werden, erhalten Sie alle weiteren Informationen \u00fcber Versicherungen, die f\u00fcr Ihr Besch\u00e4ftigungsverh\u00e4ltnis ben\u00f6tigt werden, von der Personalabteilung.<\/p>\n\n\n\n<div style=\"height:25px\" aria-hidden=\"true\" class=\"wp-block-spacer\"><\/div>\n\n\n\n<h4 class=\"wp-block-heading\">Krankenversicherung<\/h4>\n\n\n\n<p>In Deutschland besteht Krankenversicherungspflicht, das bedeutet, dass Sie unabh\u00e4ngig von Ihrer Staatsangeh\u00f6rigkeit oder Aufenthaltserlaubnis &#8211; mit oder ohne Arbeitsvertrag &#8211; verpflichtet sind, w\u00e4hrend Ihres Aufenthalts in Deutschland jederzeit eine g\u00fcltige Krankenversicherung zu haben; dies gilt auch f\u00fcr Ihre mitreisenden Familienangeh\u00f6rigen.<\/p>\n\n\n\n<p>Bereits bei der Beantragung Ihres Visums bei der deutschen Auslandsvertretung m\u00fcssen Sie den Nachweis eines ausreichenden Krankenversicherungsschutzes beibringen.<\/p>\n\n\n\n<details class=\"wp-block-details is-layout-flow wp-block-details-is-layout-flow\"><summary>EU- <abbr title=\"beziehungsweise\">bzw.<\/abbr> EWR-B\u00fcrgerinnen und B\u00fcrger<\/summary>\n<p><\/p>\n\n\n\n<p><strong>EU- <abbr title=\"beziehungsweise\">bzw.<\/abbr> EWR-B\u00fcrgerinnen und B\u00fcrger<\/strong> sind als Inhaberin oder Inhaber der European Health Insurance Card (EHIC) f\u00fcr einen befristeten Aufenthalt in Deutschland ausreichend krankenversichert. Der Krankenversicherungsschutz umfasst jede notwendige medizinische Versorgung, die nicht bis zu Ihrer R\u00fcckkehr in Ihr Heimatland warten kann.<\/p>\n<\/details>\n\n\n\n<details class=\"wp-block-details is-layout-flow wp-block-details-is-layout-flow\"><summary>Angeh\u00f6rige aus Drittstaaten<\/summary>\n<p><\/p>\n\n\n\n<p><strong>Angeh\u00f6rige aus Drittstaaten<\/strong> erkundigen sich bitte zun\u00e4chst, inwieweit Ihre Krankenkasse in Ihrem Heimatland medizinische Leistungen in Deutschland \u00fcbernimmt und ob Sie diese durch eine Zusatzversicherung erg\u00e4nzen m\u00fcssen.<\/p>\n\n\n\n<p>Besteht diese M\u00f6glichkeit nicht und wenn Sie sich l\u00e4nger als sechs Wochen in Deutschland aufhalten, m\u00fcssen Sie sich bei einer deutschen Krankenkasse versichern. Das Krankenversicherungssystem in Deutschland ist sehr komplex (weitere Informationen finden Sie <strong>hier<\/strong> (MS Zulieferung)<\/p>\n\n\n\n<p>Als Gastwissenschaftlerin oder Gastwissenschaftler ohne Arbeitsvertrag und mit einem Einreisevisum nach \u00a7 18d AufenthG haben Sie die M\u00f6glichkeit, sich freiwillig in einer gesetzlichen Krankenversicherung zu versichern.<\/p>\n\n\n\n<p>Sollten Sie als Stipendiatin oder Stipendiat Ihren Gastaufenthalt an der <abbr title=\"Helmut Schmidt Universit\u00e4t\">HSU<\/abbr>\/ UniBw H verbringen, erkundigen Sie sich bitte bei Ihrem Stipendiengeber, ob Ihr Stipendium einen Krankenversicherungsschutz umfasst.<\/p>\n<\/details>\n\n\n\n<p><\/p>\n\n\n\n<p><strong>Bitte beachten Sie<\/strong>, dass eine Reisekrankenversicherung im Falle einer Krankheit oder eines Unfalls in der Regel nicht die tats\u00e4chlichen Kosten der in Deutschland notwendigen medizinischen Behandlung abdeckt.<\/p>\n\n\n\n<p><\/p>\n\n\n\n<div style=\"height:25px\" aria-hidden=\"true\" class=\"wp-block-spacer\"><\/div>\n\n\n\n<h4 class=\"wp-block-heading\">Haftpflicht- und Unfallversicherung<\/h4>\n\n\n\n<p>Wir empfehlen Ihnen, f\u00fcr die Dauer Ihres Aufenthaltes in Deutschland neben der obligatorischen Krankenversicherung immer auch eine Haftpflicht- und Unfallversicherung abzuschlie\u00dfen.<\/p>\n\n\n\n<p>Eine private Haftpflichtversicherung kommt daf\u00fcr auf, wenn Sie Dritten unbeabsichtigt Schaden \u2013 sei es Personenschaden, Sachschaden oder Verm\u00f6gensschaden \u2013 zuf\u00fcgen; andernfalls m\u00fcssen Sie mit Ihrem Privatverm\u00f6gen f\u00fcr den Schaden aufkommen.<\/p>\n\n\n\n<p>Dar\u00fcber hinaus empfehlen wir Ihnen, immer auch eine Unfallversicherung abzuschlie\u00dfen.<\/p>\n\n\n\n<p>Es gibt Versicherungen, die ein Gesamtpaket mit Kranken-, Unfall- und Haftpflichtversicherung anbieten.<\/p>\n\n\n\n<hr class=\"wp-block-separator has-alpha-channel-opacity\" \/>\n\n\n\n<p><strong>Weitere Informationen zu Fragen rund um die notwendigen Versicherungen finden Sie hier<\/strong><\/p>\n\n\n\n<ul class=\"wp-block-list\">\n<li><a href=\"https:\/\/welcome.hamburg.de\/einreise-und-aufenthalt\/hinweise-zur-aufenthaltserlaubnis\/nachweis-ae-krankenversicherung-416918\" target=\"_blank\" rel=\"noreferrer noopener\">Hamburg Welcome Center &#8211; Nachweis der Krankenversicherung<\/a><\/li>\n\n\n\n<li><a href=\"https:\/\/www.euraxess.de\/de\/germany\/informationen-beratung\/sozialversicherung-und-optionale-versicherungen\/krankenversicherung\" target=\"_blank\" rel=\"noreferrer noopener\">EURAXESS &#8211; Allgemeine Informationen zur Krankenversicherung<\/a><\/li>\n\n\n\n<li><a href=\"https:\/\/www.euraxess.de\/de\/germany\/informationen-beratung\/sozialversicherung-und-optionale-versicherungen\" target=\"_blank\" rel=\"noreferrer noopener\">EURAXESS &#8211; Allgemeine Informationen zu optionalen Versicherungen<\/a><\/li>\n\n\n\n<li><a href=\"https:\/\/employment-social-affairs.ec.europa.eu\/policies-and-activities\/moving-working-europe\/eu-social-security-coordination\/european-health-insurance-card_de\" data-type=\"link\" data-id=\"https:\/\/employment-social-affairs.ec.europa.eu\/policies-and-activities\/moving-working-europe\/eu-social-security-coordination\/european-health-insurance-card_de\" target=\"_blank\" rel=\"noreferrer noopener\">Europ\u00e4ische Kommission &#8211; Die Europ\u00e4ische Krankenversicherungskarte EHIC<\/a><\/li>\n\n\n\n<li><a href=\"https:\/\/www.daad.de\/de\/in-deutschland-studieren\/leben-in-deutschland\/krankenversicherung\/\" data-type=\"link\" data-id=\"https:\/\/www.daad.de\/de\/in-deutschland-studieren\/leben-in-deutschland\/krankenversicherung\/\" target=\"_blank\" rel=\"noreferrer noopener\">DAAD &#8211; Gesundheitswesen und Krankenversicherung<\/a><\/li>\n<\/ul>\n\n\n\n<p><\/p>\n","protected":false},"excerpt":{"rendered":"<p>Das deutsche Sozialversicherungssystem besteht aus f\u00fcnf S\u00e4ulen: Krankenversicherung, Pflegeversicherung, Rentenversicherung, Arbeitslosenversicherung und Unfallversicherung F\u00fcr Sie als Gastwissenschaftlerin oder Gastwissenschaftler, die\/ der Sie ohne eine vertragliche Bindung an die HSU\/ UniBw [&hellip;]<\/p>\n","protected":false},"author":108,"featured_media":0,"parent":0,"menu_order":0,"comment_status":"closed","ping_status":"closed","template":"","meta":{"_EventAllDay":false,"_EventTimezone":"","_EventStartDate":"","_EventEndDate":"","_EventStartDateUTC":"","_EventEndDateUTC":"","_EventShowMap":false,"_EventShowMapLink":false,"_EventURL":"","_EventCost":"","_EventCostDescription":"","_EventCurrencySymbol":"","_EventCurrencyCode":"","_EventCurrencyPosition":"","_EventDateTimeSeparator":"","_EventTimeRangeSeparator":"","_EventOrganizerID":[],"_EventVenueID":[],"_OrganizerEmail":"","_OrganizerPhone":"","_OrganizerWebsite":"","_VenueAddress":"","_VenueCity":"","_VenueCountry":"","_VenueProvince":"","_VenueState":"","_VenueZip":"","_VenuePhone":"","_VenueURL":"","_VenueStateProvince":"","_VenueLat":"","_VenueLng":"","_VenueShowMap":false,"_VenueShowMapLink":false,"footnotes":""},"categories":[4],"tags":[],"class_list":["post-186","page","type-page","status-publish","hentry","category-forschung"],"_links":{"self":[{"href":"https:\/\/www.hsu-hh.de\/wo\/wp-json\/wp\/v2\/pages\/186","targetHints":{"allow":["GET"]}}],"collection":[{"href":"https:\/\/www.hsu-hh.de\/wo\/wp-json\/wp\/v2\/pages"}],"about":[{"href":"https:\/\/www.hsu-hh.de\/wo\/wp-json\/wp\/v2\/types\/page"}],"author":[{"embeddable":true,"href":"https:\/\/www.hsu-hh.de\/wo\/wp-json\/wp\/v2\/users\/108"}],"replies":[{"embeddable":true,"href":"https:\/\/www.hsu-hh.de\/wo\/wp-json\/wp\/v2\/comments?post=186"}],"version-history":[{"count":20,"href":"https:\/\/www.hsu-hh.de\/wo\/wp-json\/wp\/v2\/pages\/186\/revisions"}],"predecessor-version":[{"id":908,"href":"https:\/\/www.hsu-hh.de\/wo\/wp-json\/wp\/v2\/pages\/186\/revisions\/908"}],"wp:attachment":[{"href":"https:\/\/www.hsu-hh.de\/wo\/wp-json\/wp\/v2\/media?parent=186"}],"wp:term":[{"taxonomy":"category","embeddable":true,"href":"https:\/\/www.hsu-hh.de\/wo\/wp-json\/wp\/v2\/categories?post=186"},{"taxonomy":"post_tag","embeddable":true,"href":"https:\/\/www.hsu-hh.de\/wo\/wp-json\/wp\/v2\/tags?post=186"}],"curies":[{"name":"wp","href":"https:\/\/api.w.org\/{rel}","templated":true}]}}