{"id":184,"date":"2025-04-29T12:17:58","date_gmt":"2025-04-29T10:17:58","guid":{"rendered":"https:\/\/www.hsu-hh.de\/wo\/?page_id=184"},"modified":"2025-07-16T11:36:19","modified_gmt":"2025-07-16T09:36:19","slug":"visum","status":"publish","type":"page","link":"https:\/\/www.hsu-hh.de\/wo\/visum\/","title":{"rendered":"Visum"},"content":{"rendered":"\n<p><strong>Einreise nach Deutschland \u2013 Visum ja oder nein<\/strong><\/p>\n\n\n\n<p>Bitte informieren Sie sich rechtzeitig, ob Sie f\u00fcr die Einreise nach Deutschland ein&nbsp;Visum&nbsp;beantragen m\u00fcssen. Das Visum m\u00fcssen Sie rechtzeitig bei der deutschen Auslandsvertretung (Botschaft oder Generalkonsulat) in Ihrem Heimatland beantragen.<\/p>\n\n\n\n<p>Auf den Seiten des <a href=\"https:\/\/www.auswaertiges-amt.de\/de\/service\/visa-und-aufenthalt\/visabestimmungen-allgemein\" target=\"_blank\" rel=\"noreferrer noopener\">Ausw\u00e4rtigen Amtes<\/a> finden Sie alle relevanten Informationen, eine Staatenliste zur Visumspflicht <abbr title=\"beziehungsweise\">bzw.<\/abbr> \u2013 freiheit sowie einen Visa Navigator, mit dem Sie schnell und einfach ermitteln k\u00f6nnen,&nbsp; welches Visum f\u00fcr Ihre Einreise und Ihren geplanten Aufenthalt (Zweck und Dauer) ben\u00f6tigt wird.<\/p>\n\n\n\n<p>Hier geben wir Ihnen einen ersten \u00dcberblick:<\/p>\n\n\n\n<div class=\"wp-block-columns is-layout-flex wp-container-core-columns-is-layout-9d6595d7 wp-block-columns-is-layout-flex\">\n<div class=\"wp-block-column is-layout-flow wp-block-column-is-layout-flow\">\n<h4 class=\"wp-block-heading\">Visumsfreie Einreise<\/h4>\n\n\n\n<p>Sie kommen aus einem Mitgliedstaat der Europ\u00e4ischen Union, des Europ\u00e4ischen Wirtschaftsraumes EWR (EU, Norwegen, Island und Liechtenstein) oder aus der Schweiz? Dann ben\u00f6tigen Sie kein Visum und k\u00f6nnen visumsfrei mit einem g\u00fcltigen Reisepass oder Personalausweis nach Deutschland einreisen.<\/p>\n\n\n\n<p>Sie k\u00f6nnen sich bis zu drei Monaten (90 Tage) voraussetzungslos in Deutschland aufhalten. Wenn Sie planen, l\u00e4nger als drei Monate in Deutschland zu bleiben, m\u00fcssen Sie sich innerhalb von 2 Wochen nach Einzug in eine Wohnung bei einem Kundenzentrum der Stadt Hamburg anmelden.<\/p>\n\n\n\n<p>Sind Sie Staatsangeh\u00f6rige*r aus Australien, Gro\u00dfbritannien, Island, Israel, Japan, Kanada, Republik Korea, Neuseeland oder den Vereinigten Staaten? Dann ben\u00f6tigen Sie kein Visum zur Einreise nach Deutschland. F\u00fcr einen Aufenthalt \u00fcber drei Monate (90 Tage) m\u00fcssen Sie nach Ihrer Einreise eine Aufenthaltserlaubnis beantragen. Wir empfehlen in diesem Fall, sich bereits vor Einreise nach Deutschland um ein Visum zu bem\u00fchen, da die Bearbeitung Ihres Antrages auf Aufenthaltserlaubnis bis zu drei Monaten dauern kann und Sie erst nach Vorliegen der Aufenthaltserlaubnis eine Arbeit aufnehmen d\u00fcrfen.<\/p>\n<\/div>\n\n\n\n<div class=\"wp-block-column is-layout-flow wp-block-column-is-layout-flow\">\n<h4 class=\"wp-block-heading\">Visumspflichtige Einreise<\/h4>\n\n\n\n<p>Sie ben\u00f6tigen ein Visum? Dann bedarf es f\u00fcr die Beantragung bei der Deutschen Botschaft oder dem Deutschen Konsulat in Ihrem Heimatland auch immer die Vorlage eines Hosting Agreements, eines Vertrages oder eines Einladungsschreiben Ihrer gastgebenden Professur resp. der gastgebenden Einrichtung.<\/p>\n\n\n\n<p>Dar\u00fcber hinaus m\u00fcssen Sie den Nachweis \u00fcber ausreichend finanzielle Mittel sowie \u00fcber eine ausreichende Krankenversicherung erbringen.<\/p>\n\n\n\n<p>Je nach Aufenthaltsdauer und Aufenthaltszweck ben\u00f6tigen Sie ein Schengen-Visum<strong> <\/strong>(Forschungsaufenthalt bis zu drei Monaten) oder ein Nationales Visum (Forschungsaufenthalt \u00fcber drei Monate).<\/p>\n\n\n\n<details class=\"wp-block-details is-layout-flow wp-block-details-is-layout-flow\"><summary>Schengen-Visum<\/summary>\n<p><\/p>\n\n\n\n<p>Bitte bedenken Sie, dass ein <a href=\"https:\/\/www.auswaertiges-amt.de\/de\/service\/visa-und-aufenthalt\/schengenvisa\" target=\"_blank\" rel=\"noreferrer noopener\">Schengen-Visum<\/a> in keinem Fall verl\u00e4ngert werden kann &#8211; nach drei Monaten ist Ihre Ausreise erforderlich und Sie m\u00fcssen erneut ein Visum beantragen.<\/p>\n\n\n\n<p>Falls Sie beabsichtigen, w\u00e4hrend der G\u00fcltigkeit des Schengen-Visums den Schengen-Raum zu verlassen und erneut einzureisen, beantragen Sie bitte ein Visum, welches Sie zur mehrfachen Einreise berechtigt.<\/p>\n<\/details>\n\n\n\n<details class=\"wp-block-details is-layout-flow wp-block-details-is-layout-flow\"><summary>Nationales Visum<\/summary>\n<p><\/p>\n\n\n\n<p>Das <a href=\"https:\/\/www.auswaertiges-amt.de\/de\/service\/visa-und-aufenthalt\/nationale-visa\" target=\"_blank\" rel=\"noreferrer noopener\">Nationale Visum<\/a> wird in der Regel f\u00fcr ein Jahr ausgestellt und beinhaltet die Arbeitserlaubnis.<\/p>\n\n\n\n<p>Sofern Ihr Nationales Visum nicht die gesamte Dauer Ihres Aufenthalts abdeckt, m\u00fcssen Sie innerhalb der G\u00fcltigkeitsdauer Ihres Nationalen Visums eine Aufenthaltserlaubnis bei der \u00f6rtlichen Ausl\u00e4nderbeh\u00f6rde beantragen. F\u00fcr die Terminvereinbarung k\u00f6nnen Sie deren<a href=\"https:\/\/serviceportal.hamburg.de\/HamburgGateway\/Service\/Entry?id=AFM_Auf_EN&amp;location=020000000000\" target=\"_blank\" rel=\"noreferrer noopener\">&nbsp;Online-Portal&nbsp;<\/a>nutzen.<br><br>Die besonderen Dienstleistungen rund um die Organisation Ihrer Anmeldung und Aufenthaltserlaubnis sowie die Beratung f\u00fcr Ihren Neuanfang in Hamburg bietet Ihnen das&nbsp;<a href=\"https:\/\/welcome.hamburg.de\/hwc\/\" target=\"_blank\" rel=\"noreferrer noopener\">Hamburg Welcome Center<\/a>! F\u00fcr eine Terminvereinbarung erreichen Sie sie unter: <a href=\"mailto:info@welcome.hamburg.de\" rel='nofollow'>info@welcome.hamburg.de<\/a> oder telefonisch unter der Tel.: +49 40 428 39-5555<\/p>\n<\/details>\n<\/div>\n<\/div>\n\n\n\n<div style=\"height:15px\" aria-hidden=\"true\" class=\"wp-block-spacer\"><\/div>\n\n\n\n<p><\/p>\n\n\n\n<hr class=\"wp-block-separator has-alpha-channel-opacity\" \/>\n\n\n\n<h4 class=\"wp-block-heading\">Mit der Familie nach Hamburg<\/h4>\n\n\n\n<p>Sie m\u00f6chten mit Ihrer Familie nach Hamburg kommen?<\/p>\n\n\n\n<p>Familienmitglieder mit Staatsangeh\u00f6rigkeit eines EU-Landes <abbr title=\"beziehungsweise\">bzw.<\/abbr> eines EWR-Landes oder aus Australien, Gro\u00dfbritannien, Island, Israel, Japan, Kanada, Republik Korea, Neuseeland oder den Vereinigten Staaten ben\u00f6tigen kein Visum zur Einreise sowie keinen Aufenthaltstitel.<\/p>\n\n\n\n<p>Wenn Ihre Sie begleitenden Familienmitglieder aus Drittstaaten kommen, ben\u00f6tigen sie ebenfalls ein Visum. Bitte informieren Sie sich entsprechend bei Ihrer zust\u00e4ndigen deutschen Auslandsvertretung auch dar\u00fcber, welche Unterlagen und Dokumente Sie in diesem Fall vorlegen m\u00fcssen. In den meisten F\u00e4llen empfiehlt es sich, ein Familienvisum zu beantragen.<\/p>\n\n\n\n<p><\/p>\n\n\n\n<hr class=\"wp-block-separator has-alpha-channel-opacity\" \/>\n\n\n\n<h4 class=\"wp-block-heading\">Weitere Informationen zu Fragen rund um das Visum finden Sie hier:<\/h4>\n\n\n\n<ul class=\"wp-block-list\">\n<li><a href=\"https:\/\/www.auswaertiges-amt.de\/de\/service\/visa-und-aufenthalt\/visabestimmungen-allgemein\" data-type=\"link\" data-id=\"https:\/\/www.auswaertiges-amt.de\/de\/service\/visa-und-aufenthalt\/visabestimmungen-allgemein\" target=\"_blank\" rel=\"noreferrer noopener\">Ausw\u00e4rtiges Amt &#8211; Allgemeine Informationen<\/a><\/li>\n\n\n\n<li><a href=\"https:\/\/www.auswaertiges-amt.de\/de\/visa-navigator-2315198\" target=\"_blank\" rel=\"noreferrer noopener\">Ausw\u00e4rtiges Amt &#8211; Visa Navigator<\/a><\/li>\n\n\n\n<li><a href=\"https:\/\/www.auswaertiges-amt.de\/de\/service\/visa-und-aufenthalt\/schengenvisa\" data-type=\"link\" data-id=\"https:\/\/www.auswaertiges-amt.de\/de\/service\/visa-und-aufenthalt\/schengenvisa\" target=\"_blank\" rel=\"noreferrer noopener\">Ausw\u00e4rtiges Amt &#8211; Schengen Visum<\/a><\/li>\n\n\n\n<li><a href=\"https:\/\/www.auswaertiges-amt.de\/de\/service\/visa-und-aufenthalt\/nationale-visa\" data-type=\"link\" data-id=\"https:\/\/www.auswaertiges-amt.de\/de\/service\/visa-und-aufenthalt\/nationale-visa\" target=\"_blank\" rel=\"noreferrer noopener\">Ausw\u00e4rtiges Amt &#8211; Nationales Visum<\/a><\/li>\n\n\n\n<li><a href=\"https:\/\/home-affairs.ec.europa.eu\/policies\/schengen\/visa-policy\/applying-schengen-visa_en?prefLang=de\" data-type=\"link\" data-id=\"https:\/\/home-affairs.ec.europa.eu\/policies\/schengen\/visa-policy\/applying-schengen-visa_en?prefLang=de\" target=\"_blank\" rel=\"noreferrer noopener\">Europ\u00e4ische Kommission &#8211; Schengen Visum<\/a><\/li>\n\n\n\n<li><a href=\"https:\/\/welcome.hamburg.de\/einreise-und-aufenthalt\/einreise\" data-type=\"link\" data-id=\"https:\/\/welcome.hamburg.de\/einreise-und-aufenthalt\/einreise\" target=\"_blank\" rel=\"noreferrer noopener\">Hamburg Welcome Center &#8211; Einreise<\/a><\/li>\n\n\n\n<li><a href=\"https:\/\/www.euraxess.de\/de\/germany\/informationen-beratung\/visum-und-einreise\" data-type=\"link\" data-id=\"https:\/\/www.euraxess.de\/de\/germany\/informationen-beratung\/visum-und-einreise\" target=\"_blank\" rel=\"noreferrer noopener\">EURAXESS &#8211; Visum und Einreise<\/a><\/li>\n\n\n\n<li><a href=\"https:\/\/www.make-it-in-germany.com\/de\/visum-aufenthalt\/visumprozess-formulare\/wer-benoetigt-visum\" data-type=\"link\" data-id=\"https:\/\/www.make-it-in-germany.com\/de\/visum-aufenthalt\/visumprozess-formulare\/wer-benoetigt-visum\" target=\"_blank\" rel=\"noreferrer noopener\">Bundesregierung &#8222;Make it in Germany&#8220; &#8211; wer ben\u00f6tigt ein Visum?<\/a><\/li>\n<\/ul>\n\n\n\n<p><\/p>\n","protected":false},"excerpt":{"rendered":"<p>Einreise nach Deutschland \u2013 Visum ja oder nein Bitte informieren Sie sich rechtzeitig, ob Sie f\u00fcr die Einreise nach Deutschland ein&nbsp;Visum&nbsp;beantragen m\u00fcssen. Das Visum m\u00fcssen Sie rechtzeitig bei der deutschen [&hellip;]<\/p>\n","protected":false},"author":108,"featured_media":0,"parent":0,"menu_order":0,"comment_status":"closed","ping_status":"closed","template":"","meta":{"_EventAllDay":false,"_EventTimezone":"","_EventStartDate":"","_EventEndDate":"","_EventStartDateUTC":"","_EventEndDateUTC":"","_EventShowMap":false,"_EventShowMapLink":false,"_EventURL":"","_EventCost":"","_EventCostDescription":"","_EventCurrencySymbol":"","_EventCurrencyCode":"","_EventCurrencyPosition":"","_EventDateTimeSeparator":"","_EventTimeRangeSeparator":"","_EventOrganizerID":[],"_EventVenueID":[],"_OrganizerEmail":"","_OrganizerPhone":"","_OrganizerWebsite":"","_VenueAddress":"","_VenueCity":"","_VenueCountry":"","_VenueProvince":"","_VenueState":"","_VenueZip":"","_VenuePhone":"","_VenueURL":"","_VenueStateProvince":"","_VenueLat":"","_VenueLng":"","_VenueShowMap":false,"_VenueShowMapLink":false,"footnotes":""},"categories":[4],"tags":[],"class_list":["post-184","page","type-page","status-publish","hentry","category-forschung"],"_links":{"self":[{"href":"https:\/\/www.hsu-hh.de\/wo\/wp-json\/wp\/v2\/pages\/184","targetHints":{"allow":["GET"]}}],"collection":[{"href":"https:\/\/www.hsu-hh.de\/wo\/wp-json\/wp\/v2\/pages"}],"about":[{"href":"https:\/\/www.hsu-hh.de\/wo\/wp-json\/wp\/v2\/types\/page"}],"author":[{"embeddable":true,"href":"https:\/\/www.hsu-hh.de\/wo\/wp-json\/wp\/v2\/users\/108"}],"replies":[{"embeddable":true,"href":"https:\/\/www.hsu-hh.de\/wo\/wp-json\/wp\/v2\/comments?post=184"}],"version-history":[{"count":32,"href":"https:\/\/www.hsu-hh.de\/wo\/wp-json\/wp\/v2\/pages\/184\/revisions"}],"predecessor-version":[{"id":579,"href":"https:\/\/www.hsu-hh.de\/wo\/wp-json\/wp\/v2\/pages\/184\/revisions\/579"}],"wp:attachment":[{"href":"https:\/\/www.hsu-hh.de\/wo\/wp-json\/wp\/v2\/media?parent=184"}],"wp:term":[{"taxonomy":"category","embeddable":true,"href":"https:\/\/www.hsu-hh.de\/wo\/wp-json\/wp\/v2\/categories?post=184"},{"taxonomy":"post_tag","embeddable":true,"href":"https:\/\/www.hsu-hh.de\/wo\/wp-json\/wp\/v2\/tags?post=184"}],"curies":[{"name":"wp","href":"https:\/\/api.w.org\/{rel}","templated":true}]}}