{"id":158,"date":"2025-04-28T11:33:18","date_gmt":"2025-04-28T09:33:18","guid":{"rendered":"https:\/\/www.hsu-hh.de\/wo\/?page_id=158"},"modified":"2025-10-08T13:36:48","modified_gmt":"2025-10-08T11:36:48","slug":"infos-fuer-gastgebende","status":"publish","type":"page","link":"https:\/\/www.hsu-hh.de\/wo\/infos-fuer-gastgebende\/","title":{"rendered":"Informationen f\u00fcr Gastgebende"},"content":{"rendered":"\n<p>Sie m\u00f6chten eine internationale Gastwissenschaftlerin oder einen internationalen Gastwissenschaftler an Ihrer Professur aufnehmen? Gerne unterst\u00fctzen wir Sie bei diesem Vorhaben.<\/p>\n\n\n\n<p>Wir bieten Informationen, Beratung und gezielte Hilfestellung zu den Themen, die f\u00fcr die Vorbereitung des Aufenthalts und das Leben in Hamburg f\u00fcr Ihren Gast wichtig sind \u2013 insbesondere k\u00f6nnen wir Ihrem Gast Unterst\u00fctzung bei der Beantragung einer G\u00e4steunterkunft an der <abbr title=\"Helmut Schmidt Universit\u00e4t\">HSU<\/abbr>\/ UniBw H zusagen.<br><\/p>\n\n\n\n<p>Bitten Sie Ihren Gast, sich \u00fcber unser <a href=\"https:\/\/www.hsu-hh.de\/wo\/wp-content\/uploads\/sites\/935\/2025\/09\/Registration-Form-WO.pdf\" target=\"_blank\" rel=\"noreferrer noopener\">Registrierungsformular<\/a><a href=\"https:\/\/www.hsu-hh.de\/wo\/wp-content\/uploads\/sites\/935\/2025\/07\/Registerform-WO.pdf\" target=\"_blank\" rel=\"noreferrer noopener\"> <\/a>an das Welcome Office zu wenden \u2013 nur so k\u00f6nnen wir eine bestm\u00f6gliche Unterst\u00fctzung zusagen.<br>Aus datenschutzrechtlichen Gr\u00fcnden k\u00f6nnen Sie das Formular nicht f\u00fcr Ihren Gast ausf\u00fcllen.<\/p>\n\n\n\n<p><a href=\"https:\/\/www.hsu-hh.de\/wo\/wp-content\/uploads\/sites\/935\/2025\/10\/Checkliste-Gastgeber.pdf\" data-type=\"attachment\" data-id=\"660\" target=\"_blank\" rel=\"noreferrer noopener\">Hier<em> <\/em><\/a>finden Sie eine Checkliste mit all den Dingen\/ Erfordernissen\/ Aufgaben\/ T\u00e4tigkeiten, die auf Seiten Ihrer Professur angegangen werden sollten.<\/p>\n\n\n\n<p>Bitte kommen Sie auf uns zu, wenn Sie hier Unterst\u00fctzung haben m\u00f6chten \u2013 Sie erreichen uns unter <a href=\"mailto:welcome@hsu.hamburg\" rel='nofollow'>welcome@hsu.hamburg<\/a><\/p>\n\n\n\n<p><\/p>\n","protected":false},"excerpt":{"rendered":"<p>Sie m\u00f6chten eine internationale Gastwissenschaftlerin oder einen internationalen Gastwissenschaftler an Ihrer Professur aufnehmen? Gerne unterst\u00fctzen wir Sie bei diesem Vorhaben. Wir bieten Informationen, Beratung und gezielte Hilfestellung zu den Themen, [&hellip;]<\/p>\n","protected":false},"author":108,"featured_media":0,"parent":0,"menu_order":0,"comment_status":"closed","ping_status":"closed","template":"","meta":{"_EventAllDay":false,"_EventTimezone":"","_EventStartDate":"","_EventEndDate":"","_EventStartDateUTC":"","_EventEndDateUTC":"","_EventShowMap":false,"_EventShowMapLink":false,"_EventURL":"","_EventCost":"","_EventCostDescription":"","_EventCurrencySymbol":"","_EventCurrencyCode":"","_EventCurrencyPosition":"","_EventDateTimeSeparator":"","_EventTimeRangeSeparator":"","_EventOrganizerID":[],"_EventVenueID":[],"_OrganizerEmail":"","_OrganizerPhone":"","_OrganizerWebsite":"","_VenueAddress":"","_VenueCity":"","_VenueCountry":"","_VenueProvince":"","_VenueState":"","_VenueZip":"","_VenuePhone":"","_VenueURL":"","_VenueStateProvince":"","_VenueLat":"","_VenueLng":"","_VenueShowMap":false,"_VenueShowMapLink":false,"footnotes":""},"categories":[4],"tags":[],"class_list":["post-158","page","type-page","status-publish","hentry","category-forschung"],"_links":{"self":[{"href":"https:\/\/www.hsu-hh.de\/wo\/wp-json\/wp\/v2\/pages\/158","targetHints":{"allow":["GET"]}}],"collection":[{"href":"https:\/\/www.hsu-hh.de\/wo\/wp-json\/wp\/v2\/pages"}],"about":[{"href":"https:\/\/www.hsu-hh.de\/wo\/wp-json\/wp\/v2\/types\/page"}],"author":[{"embeddable":true,"href":"https:\/\/www.hsu-hh.de\/wo\/wp-json\/wp\/v2\/users\/108"}],"replies":[{"embeddable":true,"href":"https:\/\/www.hsu-hh.de\/wo\/wp-json\/wp\/v2\/comments?post=158"}],"version-history":[{"count":10,"href":"https:\/\/www.hsu-hh.de\/wo\/wp-json\/wp\/v2\/pages\/158\/revisions"}],"predecessor-version":[{"id":982,"href":"https:\/\/www.hsu-hh.de\/wo\/wp-json\/wp\/v2\/pages\/158\/revisions\/982"}],"wp:attachment":[{"href":"https:\/\/www.hsu-hh.de\/wo\/wp-json\/wp\/v2\/media?parent=158"}],"wp:term":[{"taxonomy":"category","embeddable":true,"href":"https:\/\/www.hsu-hh.de\/wo\/wp-json\/wp\/v2\/categories?post=158"},{"taxonomy":"post_tag","embeddable":true,"href":"https:\/\/www.hsu-hh.de\/wo\/wp-json\/wp\/v2\/tags?post=158"}],"curies":[{"name":"wp","href":"https:\/\/api.w.org\/{rel}","templated":true}]}}