{"id":156,"date":"2025-04-28T11:34:09","date_gmt":"2025-04-28T09:34:09","guid":{"rendered":"https:\/\/www.hsu-hh.de\/wo\/?page_id=156"},"modified":"2025-10-10T08:47:02","modified_gmt":"2025-10-10T06:47:02","slug":"ankunft-leben-in-hamburg","status":"publish","type":"page","link":"https:\/\/www.hsu-hh.de\/wo\/ankunft-leben-in-hamburg\/","title":{"rendered":"Ankunft &amp; Leben in Hamburg"},"content":{"rendered":"\n<p>Hamburg \u2013 die weltoffene Metropole im Norden Deutschlands ist ein inspirierendes Umfeld f\u00fcr die Wissenschaft. Mit seinem maritimen Flair und den vielen Gr\u00fcnfl\u00e4chen sowie einem pulsierenden Kultur- und Freizeitangebot bietet Hamburg eine hohe Lebensqualit\u00e4t. &nbsp;<\/p>\n\n\n\n<p>Im Folgenden geben wir Ihnen einige Tipps und Hilfestellungen f\u00fcr Ihren Aufenthalt in Hamburg.<\/p>\n\n\n\n<div style=\"height:25px\" aria-hidden=\"true\" class=\"wp-block-spacer\"><\/div>\n\n\n\n<div class=\"wp-block-columns is-layout-flex wp-container-core-columns-is-layout-9d6595d7 wp-block-columns-is-layout-flex\">\n<div class=\"wp-block-column is-layout-flow wp-block-column-is-layout-flow\">\n<figure class=\"wp-block-image size-full\"><a href=\"https:\/\/www.hsu-hh.de\/wo\/ankunft-in-hamburg\/\"><img loading=\"lazy\" decoding=\"async\" width=\"400\" height=\"62\" src=\"https:\/\/www.hsu-hh.de\/wo\/wp-content\/uploads\/sites\/935\/2025\/05\/GRUeN_Ankunft-in-Hamburg.png\" data-credit=\"\" alt=\"\" class=\"wp-image-336\" srcset=\"https:\/\/www.hsu-hh.de\/wo\/wp-content\/uploads\/sites\/935\/2025\/05\/GRUeN_Ankunft-in-Hamburg.png 400w, https:\/\/www.hsu-hh.de\/wo\/wp-content\/uploads\/sites\/935\/2025\/05\/GRUeN_Ankunft-in-Hamburg-300x47.png 300w\" sizes=\"auto, (max-width: 400px) 100vw, 400px\" \/><\/a><\/figure>\n<\/div>\n\n\n\n<div class=\"wp-block-column is-layout-flow wp-block-column-is-layout-flow\">\n<figure class=\"wp-block-image size-full\"><a href=\"https:\/\/www.hsu-hh.de\/wo\/das-leben-auf-dem-campus\/\"><img loading=\"lazy\" decoding=\"async\" width=\"400\" height=\"62\" src=\"https:\/\/www.hsu-hh.de\/wo\/wp-content\/uploads\/sites\/935\/2025\/05\/GRUeN_Leben-auf-dem-Campus.png\" data-credit=\"\" alt=\"\" class=\"wp-image-337\" srcset=\"https:\/\/www.hsu-hh.de\/wo\/wp-content\/uploads\/sites\/935\/2025\/05\/GRUeN_Leben-auf-dem-Campus.png 400w, https:\/\/www.hsu-hh.de\/wo\/wp-content\/uploads\/sites\/935\/2025\/05\/GRUeN_Leben-auf-dem-Campus-300x47.png 300w\" sizes=\"auto, (max-width: 400px) 100vw, 400px\" \/><\/a><\/figure>\n<\/div>\n\n\n\n<div class=\"wp-block-column is-layout-flow wp-block-column-is-layout-flow\">\n<figure class=\"wp-block-image size-full\"><a href=\"https:\/\/www.hsu-hh.de\/wo\/das-leben-in-hamburg\/\"><img loading=\"lazy\" decoding=\"async\" width=\"400\" height=\"62\" src=\"https:\/\/www.hsu-hh.de\/wo\/wp-content\/uploads\/sites\/935\/2025\/05\/GRUeN_Leben-in-Hamburg.png\" data-credit=\"\" alt=\"\" class=\"wp-image-338\" srcset=\"https:\/\/www.hsu-hh.de\/wo\/wp-content\/uploads\/sites\/935\/2025\/05\/GRUeN_Leben-in-Hamburg.png 400w, https:\/\/www.hsu-hh.de\/wo\/wp-content\/uploads\/sites\/935\/2025\/05\/GRUeN_Leben-in-Hamburg-300x47.png 300w\" sizes=\"auto, (max-width: 400px) 100vw, 400px\" \/><\/a><\/figure>\n<\/div>\n<\/div>\n\n\n\n<p><\/p>\n\n\n\n<div class=\"wp-block-columns is-layout-flex wp-container-core-columns-is-layout-9d6595d7 wp-block-columns-is-layout-flex\">\n<div class=\"wp-block-column is-layout-flow wp-block-column-is-layout-flow\">\n<figure class=\"wp-block-image size-medium\"><img loading=\"lazy\" decoding=\"async\" width=\"300\" height=\"200\" src=\"https:\/\/www.hsu-hh.de\/wo\/wp-content\/uploads\/sites\/935\/2025\/10\/csm_euraxess_with_ec_9370b0983a-300x200.webp\" data-credit=\"Euraxxes\" alt=\"\" class=\"wp-image-985\" srcset=\"https:\/\/www.hsu-hh.de\/wo\/wp-content\/uploads\/sites\/935\/2025\/10\/csm_euraxess_with_ec_9370b0983a-300x200.webp 300w, https:\/\/www.hsu-hh.de\/wo\/wp-content\/uploads\/sites\/935\/2025\/10\/csm_euraxess_with_ec_9370b0983a.webp 740w\" sizes=\"auto, (max-width: 300px) 100vw, 300px\" \/><\/figure>\n<\/div>\n\n\n\n<div class=\"wp-block-column is-layout-flow wp-block-column-is-layout-flow\">\n<div style=\"height:50px\" aria-hidden=\"true\" class=\"wp-block-spacer\"><\/div>\n\n\n\n<p>Gerne m\u00f6chte wir Sie auf die umfangreichen Informationen zu \u201eLeben in Deutschland\u201c von \u201eEURAXESS\u201c hinweisen. \u201eEURAXESS \u2013 Researchers in Motion\u201c ist ein europaweites Netzwerk, welches sich zur Aufgabe gemacht hat, mobile Forscherinnen und Forschern mit Informationen und Hilfestellungen bei der Vorbereitung und dem Aufenthalt in Deutschland zu unterst\u00fctzen.<\/p>\n<\/div>\n<\/div>\n\n\n\n<p><\/p>\n\n\n\n<p><\/p>\n","protected":false},"excerpt":{"rendered":"<p>Hamburg \u2013 die weltoffene Metropole im Norden Deutschlands ist ein inspirierendes Umfeld f\u00fcr die Wissenschaft. Mit seinem maritimen Flair und den vielen Gr\u00fcnfl\u00e4chen sowie einem pulsierenden Kultur- und Freizeitangebot bietet [&hellip;]<\/p>\n","protected":false},"author":108,"featured_media":0,"parent":0,"menu_order":0,"comment_status":"closed","ping_status":"closed","template":"","meta":{"_EventAllDay":false,"_EventTimezone":"","_EventStartDate":"","_EventEndDate":"","_EventStartDateUTC":"","_EventEndDateUTC":"","_EventShowMap":false,"_EventShowMapLink":false,"_EventURL":"","_EventCost":"","_EventCostDescription":"","_EventCurrencySymbol":"","_EventCurrencyCode":"","_EventCurrencyPosition":"","_EventDateTimeSeparator":"","_EventTimeRangeSeparator":"","_EventOrganizerID":[],"_EventVenueID":[],"_OrganizerEmail":"","_OrganizerPhone":"","_OrganizerWebsite":"","_VenueAddress":"","_VenueCity":"","_VenueCountry":"","_VenueProvince":"","_VenueState":"","_VenueZip":"","_VenuePhone":"","_VenueURL":"","_VenueStateProvince":"","_VenueLat":"","_VenueLng":"","_VenueShowMap":false,"_VenueShowMapLink":false,"footnotes":""},"categories":[4],"tags":[],"class_list":["post-156","page","type-page","status-publish","hentry","category-forschung"],"_links":{"self":[{"href":"https:\/\/www.hsu-hh.de\/wo\/wp-json\/wp\/v2\/pages\/156","targetHints":{"allow":["GET"]}}],"collection":[{"href":"https:\/\/www.hsu-hh.de\/wo\/wp-json\/wp\/v2\/pages"}],"about":[{"href":"https:\/\/www.hsu-hh.de\/wo\/wp-json\/wp\/v2\/types\/page"}],"author":[{"embeddable":true,"href":"https:\/\/www.hsu-hh.de\/wo\/wp-json\/wp\/v2\/users\/108"}],"replies":[{"embeddable":true,"href":"https:\/\/www.hsu-hh.de\/wo\/wp-json\/wp\/v2\/comments?post=156"}],"version-history":[{"count":20,"href":"https:\/\/www.hsu-hh.de\/wo\/wp-json\/wp\/v2\/pages\/156\/revisions"}],"predecessor-version":[{"id":1013,"href":"https:\/\/www.hsu-hh.de\/wo\/wp-json\/wp\/v2\/pages\/156\/revisions\/1013"}],"wp:attachment":[{"href":"https:\/\/www.hsu-hh.de\/wo\/wp-json\/wp\/v2\/media?parent=156"}],"wp:term":[{"taxonomy":"category","embeddable":true,"href":"https:\/\/www.hsu-hh.de\/wo\/wp-json\/wp\/v2\/categories?post=156"},{"taxonomy":"post_tag","embeddable":true,"href":"https:\/\/www.hsu-hh.de\/wo\/wp-json\/wp\/v2\/tags?post=156"}],"curies":[{"name":"wp","href":"https:\/\/api.w.org\/{rel}","templated":true}]}}