{"id":154,"date":"2025-04-28T11:12:58","date_gmt":"2025-04-28T09:12:58","guid":{"rendered":"https:\/\/www.hsu-hh.de\/wo\/?page_id=154"},"modified":"2025-10-08T16:14:46","modified_gmt":"2025-10-08T14:14:46","slug":"vorbereitung-einreise","status":"publish","type":"page","link":"https:\/\/www.hsu-hh.de\/wo\/vorbereitung-einreise\/","title":{"rendered":"Vorbereitung &amp; Einreise"},"content":{"rendered":"\n<p><\/p>\n\n\n\n<p>Damit die Vorbereitungen auf Ihren Aufenthalt bei uns so unkompliziert wie m\u00f6glich verlaufen, m\u00f6chten wir Ihnen einige grundlegende Informationen zum Visums- und Aufenthaltsrecht an die Hand geben. <\/p>\n\n\n\n<ul class=\"wp-block-list\">\n<li>Eine erste Checkliste zur Vorbereitung Ihres Aufenthaltes als Gastwissenschaftler an der <abbr title=\"Helmut Schmidt Universit\u00e4t\">HSU<\/abbr>\/ UniBw H finden Sie <a href=\"https:\/\/www.hsu-hh.de\/wo\/wp-content\/uploads\/sites\/935\/2025\/09\/Checkliste-Visiting-Fellows.pdf\" target=\"_blank\" rel=\"noreferrer noopener\">hier<\/a><\/li>\n<\/ul>\n\n\n\n<ul class=\"wp-block-list\">\n<li>Wenn Sie k\u00fcnftig \u00fcber einen Vertrag mit der <abbr title=\"Helmut Schmidt Universit\u00e4t\">HSU<\/abbr>\/ UniBw H verbunden sind, finden Sie Ihre Checkliste <a href=\"https:\/\/www.hsu-hh.de\/wo\/wp-content\/uploads\/sites\/935\/2025\/10\/Checklist-international-employees.pdf\" target=\"_blank\" rel=\"noreferrer noopener\">hier<\/a><\/li>\n<\/ul>\n\n\n\n<p><\/p>\n\n\n\n<p><\/p>\n\n\n\n<p>Im Folgenden finden Sie weiterf\u00fchrende Hinweise, die Ihnen bei der Planung und Organisation Ihres Aufenthalts behilflich sein k\u00f6nnen.<\/p>\n\n\n\n<p>Damit wir Sie bestm\u00f6glich unterst\u00fctzen k\u00f6nnen, bitten wir Sie, sich <strong><a href=\"https:\/\/www.hsu-hh.de\/wo\/wp-content\/uploads\/sites\/935\/2025\/09\/Registration-Form-WO.pdf\" target=\"_blank\" rel=\"noreferrer noopener\">hier <\/a><\/strong>zu registrieren.<\/p>\n\n\n\n<p>Falls Sie Fragen haben oder individuelle Unterst\u00fctzung ben\u00f6tigen, stehen wir Ihnen jederzeit gern zur Verf\u00fcgung; Sie erreichen uns \u00fcber <a href=\"mailto:welcome@hsu.hamburg\" rel='nofollow'>welcome@hsu.hamburg<\/a><\/p>\n\n\n\n<p><\/p>\n\n\n\n<p><\/p>\n\n\n\n<p>Wir freuen uns, Sie auf Ihrem Weg nach Hamburg begleiten zu d\u00fcrfen!<\/p>\n\n\n\n<div style=\"height:50px\" aria-hidden=\"true\" class=\"wp-block-spacer\"><\/div>\n\n\n\n<div class=\"wp-block-columns is-layout-flex wp-container-core-columns-is-layout-9d6595d7 wp-block-columns-is-layout-flex\">\n<div class=\"wp-block-column is-layout-flow wp-block-column-is-layout-flow\">\n<figure class=\"wp-block-image size-full\"><a href=\"https:\/\/www.hsu-hh.de\/wo\/visum\/\"><img loading=\"lazy\" decoding=\"async\" width=\"400\" height=\"62\" src=\"https:\/\/www.hsu-hh.de\/wo\/wp-content\/uploads\/sites\/935\/2025\/05\/GELB_Visum.png\" data-credit=\"\" alt=\"\" class=\"wp-image-273\" srcset=\"https:\/\/www.hsu-hh.de\/wo\/wp-content\/uploads\/sites\/935\/2025\/05\/GELB_Visum.png 400w, https:\/\/www.hsu-hh.de\/wo\/wp-content\/uploads\/sites\/935\/2025\/05\/GELB_Visum-300x47.png 300w\" sizes=\"auto, (max-width: 400px) 100vw, 400px\" \/><\/a><\/figure>\n<\/div>\n\n\n\n<div class=\"wp-block-column is-layout-flow wp-block-column-is-layout-flow\">\n<figure class=\"wp-block-image size-full\"><a href=\"https:\/\/www.hsu-hh.de\/wo\/versicherungen\/\"><img loading=\"lazy\" decoding=\"async\" width=\"400\" height=\"62\" src=\"https:\/\/www.hsu-hh.de\/wo\/wp-content\/uploads\/sites\/935\/2025\/05\/GELB_Versicherungen.png\" data-credit=\"\" alt=\"\" class=\"wp-image-274\" srcset=\"https:\/\/www.hsu-hh.de\/wo\/wp-content\/uploads\/sites\/935\/2025\/05\/GELB_Versicherungen.png 400w, https:\/\/www.hsu-hh.de\/wo\/wp-content\/uploads\/sites\/935\/2025\/05\/GELB_Versicherungen-300x47.png 300w\" sizes=\"auto, (max-width: 400px) 100vw, 400px\" \/><\/a><\/figure>\n<\/div>\n\n\n\n<div class=\"wp-block-column is-layout-flow wp-block-column-is-layout-flow\">\n<figure class=\"wp-block-image size-full\"><a href=\"https:\/\/www.hsu-hh.de\/wo\/wohnen-in-hamburg\/\"><img loading=\"lazy\" decoding=\"async\" width=\"400\" height=\"62\" src=\"https:\/\/www.hsu-hh.de\/wo\/wp-content\/uploads\/sites\/935\/2025\/05\/GELB_Wohnen-in-Hamburg.png\" data-credit=\"\" alt=\"\" class=\"wp-image-275\" srcset=\"https:\/\/www.hsu-hh.de\/wo\/wp-content\/uploads\/sites\/935\/2025\/05\/GELB_Wohnen-in-Hamburg.png 400w, https:\/\/www.hsu-hh.de\/wo\/wp-content\/uploads\/sites\/935\/2025\/05\/GELB_Wohnen-in-Hamburg-300x47.png 300w\" sizes=\"auto, (max-width: 400px) 100vw, 400px\" \/><\/a><\/figure>\n<\/div>\n<\/div>\n\n\n\n<p><\/p>\n\n\n\n<div class=\"wp-block-columns is-layout-flex wp-container-core-columns-is-layout-9d6595d7 wp-block-columns-is-layout-flex\">\n<div class=\"wp-block-column is-layout-flow wp-block-column-is-layout-flow\"><div class=\"wp-block-image\">\n<figure class=\"aligncenter size-medium\"><a href=\"https:\/\/www.euraxess.de\/de\" target=\"_blank\" rel=\" noreferrer noopener\"><img loading=\"lazy\" decoding=\"async\" width=\"300\" height=\"200\" src=\"https:\/\/www.hsu-hh.de\/wo\/wp-content\/uploads\/sites\/935\/2025\/10\/csm_euraxess_with_ec_9370b0983a-300x200.webp\" data-credit=\"Euraxxes\" alt=\"\" class=\"wp-image-985\" srcset=\"https:\/\/www.hsu-hh.de\/wo\/wp-content\/uploads\/sites\/935\/2025\/10\/csm_euraxess_with_ec_9370b0983a-300x200.webp 300w, https:\/\/www.hsu-hh.de\/wo\/wp-content\/uploads\/sites\/935\/2025\/10\/csm_euraxess_with_ec_9370b0983a.webp 740w\" sizes=\"auto, (max-width: 300px) 100vw, 300px\" \/><\/a><\/figure>\n<\/div><\/div>\n\n\n\n<div class=\"wp-block-column is-layout-flow wp-block-column-is-layout-flow\">\n<div style=\"height:50px\" aria-hidden=\"true\" class=\"wp-block-spacer\"><\/div>\n\n\n\n<p>Gerne m\u00f6chte wir Sie auf die umfangreichen Informationen zu \u201eLeben in Deutschland\u201c von \u201eEURAXESS\u201c hinweisen. \u201eEURAXESS \u2013 Researchers in Motion\u201c ist ein europaweites Netzwerk, welches sich zur Aufgabe gemacht hat, mobile Forscherinnen und Forschern mit Informationen und Hilfestellungen bei der Vorbereitung und dem Aufenthalt in Deutschland zu unterst\u00fctzen.<\/p>\n<\/div>\n<\/div>\n\n\n\n<p><\/p>\n\n\n\n<p><\/p>\n","protected":false},"excerpt":{"rendered":"<p>Damit die Vorbereitungen auf Ihren Aufenthalt bei uns so unkompliziert wie m\u00f6glich verlaufen, m\u00f6chten wir Ihnen einige grundlegende Informationen zum Visums- und Aufenthaltsrecht an die Hand geben. Im Folgenden finden [&hellip;]<\/p>\n","protected":false},"author":108,"featured_media":0,"parent":0,"menu_order":0,"comment_status":"closed","ping_status":"closed","template":"","meta":{"_EventAllDay":false,"_EventTimezone":"","_EventStartDate":"","_EventEndDate":"","_EventStartDateUTC":"","_EventEndDateUTC":"","_EventShowMap":false,"_EventShowMapLink":false,"_EventURL":"","_EventCost":"","_EventCostDescription":"","_EventCurrencySymbol":"","_EventCurrencyCode":"","_EventCurrencyPosition":"","_EventDateTimeSeparator":"","_EventTimeRangeSeparator":"","_EventOrganizerID":[],"_EventVenueID":[],"_OrganizerEmail":"","_OrganizerPhone":"","_OrganizerWebsite":"","_VenueAddress":"","_VenueCity":"","_VenueCountry":"","_VenueProvince":"","_VenueState":"","_VenueZip":"","_VenuePhone":"","_VenueURL":"","_VenueStateProvince":"","_VenueLat":"","_VenueLng":"","_VenueShowMap":false,"_VenueShowMapLink":false,"footnotes":""},"categories":[4],"tags":[],"class_list":["post-154","page","type-page","status-publish","hentry","category-forschung"],"_links":{"self":[{"href":"https:\/\/www.hsu-hh.de\/wo\/wp-json\/wp\/v2\/pages\/154","targetHints":{"allow":["GET"]}}],"collection":[{"href":"https:\/\/www.hsu-hh.de\/wo\/wp-json\/wp\/v2\/pages"}],"about":[{"href":"https:\/\/www.hsu-hh.de\/wo\/wp-json\/wp\/v2\/types\/page"}],"author":[{"embeddable":true,"href":"https:\/\/www.hsu-hh.de\/wo\/wp-json\/wp\/v2\/users\/108"}],"replies":[{"embeddable":true,"href":"https:\/\/www.hsu-hh.de\/wo\/wp-json\/wp\/v2\/comments?post=154"}],"version-history":[{"count":30,"href":"https:\/\/www.hsu-hh.de\/wo\/wp-json\/wp\/v2\/pages\/154\/revisions"}],"predecessor-version":[{"id":1002,"href":"https:\/\/www.hsu-hh.de\/wo\/wp-json\/wp\/v2\/pages\/154\/revisions\/1002"}],"wp:attachment":[{"href":"https:\/\/www.hsu-hh.de\/wo\/wp-json\/wp\/v2\/media?parent=154"}],"wp:term":[{"taxonomy":"category","embeddable":true,"href":"https:\/\/www.hsu-hh.de\/wo\/wp-json\/wp\/v2\/categories?post=154"},{"taxonomy":"post_tag","embeddable":true,"href":"https:\/\/www.hsu-hh.de\/wo\/wp-json\/wp\/v2\/tags?post=154"}],"curies":[{"name":"wp","href":"https:\/\/api.w.org\/{rel}","templated":true}]}}