{"id":836,"date":"2017-09-11T16:04:02","date_gmt":"2017-09-11T14:04:02","guid":{"rendered":"https:\/\/www.hsu-hh.de\/wweb\/?page_id=836"},"modified":"2025-08-06T07:12:50","modified_gmt":"2025-08-06T05:12:50","slug":"wirtschaftsingenieurwesen","status":"publish","type":"page","link":"https:\/\/www.hsu-hh.de\/wiso\/wirtschaftsingenieurwesen","title":{"rendered":"Wirtschaftsingenieurwesen (Bachelor of Science\/ Master of Science)"},"content":{"rendered":"<h3>Studiengangsbeschreibung &amp; Struktur<\/h3>\n<h3>Der Bachelor-Studiengang Wirtschaftsingenieurwesen (B.Sc.)<\/h3>\n<h3>Der Master-Studiengang Wirtschaftsingenieurwesen (<abbr title=\"Master of Science\">M.Sc.<\/abbr>)<\/h3>\n<h3>Arbeitsmarkt und Berufsfelder<\/h3>\n<p>Der Studiengang Wirtschaftsingenieurwesen bietet vielf\u00e4ltige Verwendungsm\u00f6glichkeiten im Bereich der Bundeswehr und im Bereich der Wirt-schaft. Die Aufgaben in der Dienstzeit nach dem Studium k\u00f6nnen die Planung logistischer oder Koordination technischer T\u00e4tigkeiten sein, <abbr title=\"zum Beispiel\">z.B.<\/abbr> Projektmanagement oder die F\u00fchrung gr\u00f6\u00dferer Einheiten im Bereich der Logistik und des Nachschubes. F\u00fcr Wirtschaftingenieure erschlie\u00dft sich dar\u00fcber hinaus der in der Bundeswehr weite Bereich der Entwicklung und Weiterbetreuung<\/p>\n<h3>Vorbereitung auf das Studium<\/h3>\n<p>Es bedarf keiner besonderen Vorbereitung, in der Schule erworbene Mathematikkenntnisse sollten jedoch erhalten bleiben und bei Bedarf selbstst\u00e4ndig aufgefrischt werden. Interessentinnen und Interessenten sollten sich bewusst sein, dass ein Intensivstudium an der Helmut-Schmidt-Universit\u00e4t ein gutes Zeitmanagement erfordert und sich die Studierenden innerhalb knapper Zeit ein komplexes Wissen aneignen m\u00fcssen.<\/p>\n<h3>Studienberatung\/Kontakt<\/h3>\n<p>Studiendekan Wirtschaftsingenieurwesen<br \/>\n<abbr title=\"Universit\u00e4tsprofessor\">Univ.-Prof.<\/abbr>\u00a0<abbr title=\"Doktor\">Dr.<\/abbr>\u2013<abbr title=\"Ingenieur\">Ing.<\/abbr>\u00a0Frank Kumlehn\u00a0(MB)<br \/>\nE-Mail:\u00a0<a href=\"mailto:kumlehnf@hsu.hamburg\" rel='nofollow'>kumlehnf@hsu.hamburg<\/a><br \/>\nTelefon: +49 40 6541-4803<\/p>\n<h3>Modulhandb\u00fccher<\/h3>\n<p><a href=\"https:\/\/www.hsu-hh.de\/sbawi\/modulhandbuecher\" target=\"_blank\" rel=\"noopener\">Modulhandb\u00fccher <abbr title=\"Wirtschaftsingenieurwesen\">WI<\/abbr><\/a> (MHB)<\/p>\n<h3>Lehrangebot <abbr title=\"Wirtschaftsingenieurwesen\">WI<\/abbr><\/h3>\n<p><a href=\"https:\/\/campus.hsu-hh.de\/qisserver\/rds?state=user&amp;type=0&amp;category=auth.logout\" target=\"_blank\" rel=\"noopener noreferrer\">Lehrangebot Wirtschaftsingenieurwesen <\/a><\/p>\n<h3>Pr\u00fcfungsordnung<\/h3>\n<p>Allgemeine Pr\u00fcfungsordnung (<a href=\"https:\/\/www.hsu-hh.de\/asv\/index_zmZYl0vwpKlWnMwU.html\" target=\"_blank\" rel=\"noopener noreferrer\">APO<\/a>) und Fachspezifische Pr\u00fcfungsordnung (<a href=\"https:\/\/www.hsu-hh.de\/asv\/studiengaenge\/\">FSPO<\/a>) f\u00fcr den Studiengang Wirtschaftsingenieurwesen.<\/p>\n","protected":false},"excerpt":{"rendered":"<p>Studiengangsbeschreibung &amp; Struktur Der Bachelor-Studiengang Wirtschaftsingenieurwesen (B.Sc.) Der Master-Studiengang Wirtschaftsingenieurwesen (M.Sc.) Arbeitsmarkt und Berufsfelder Der Studiengang Wirtschaftsingenieurwesen bietet vielf\u00e4ltige Verwendungsm\u00f6glichkeiten im Bereich der Bundeswehr und im Bereich der Wirt-schaft. Die [&hellip;]<\/p>\n","protected":false},"author":23,"featured_media":0,"parent":0,"menu_order":0,"comment_status":"closed","ping_status":"closed","template":"","meta":{"footnotes":""},"categories":[35,43],"tags":[],"class_list":["post-836","page","type-page","status-publish","hentry","category-studiengaenge","category-studium"],"_links":{"self":[{"href":"https:\/\/www.hsu-hh.de\/wiso\/wp-json\/wp\/v2\/pages\/836","targetHints":{"allow":["GET"]}}],"collection":[{"href":"https:\/\/www.hsu-hh.de\/wiso\/wp-json\/wp\/v2\/pages"}],"about":[{"href":"https:\/\/www.hsu-hh.de\/wiso\/wp-json\/wp\/v2\/types\/page"}],"author":[{"embeddable":true,"href":"https:\/\/www.hsu-hh.de\/wiso\/wp-json\/wp\/v2\/users\/23"}],"replies":[{"embeddable":true,"href":"https:\/\/www.hsu-hh.de\/wiso\/wp-json\/wp\/v2\/comments?post=836"}],"version-history":[{"count":33,"href":"https:\/\/www.hsu-hh.de\/wiso\/wp-json\/wp\/v2\/pages\/836\/revisions"}],"predecessor-version":[{"id":7057,"href":"https:\/\/www.hsu-hh.de\/wiso\/wp-json\/wp\/v2\/pages\/836\/revisions\/7057"}],"wp:attachment":[{"href":"https:\/\/www.hsu-hh.de\/wiso\/wp-json\/wp\/v2\/media?parent=836"}],"wp:term":[{"taxonomy":"category","embeddable":true,"href":"https:\/\/www.hsu-hh.de\/wiso\/wp-json\/wp\/v2\/categories?post=836"},{"taxonomy":"post_tag","embeddable":true,"href":"https:\/\/www.hsu-hh.de\/wiso\/wp-json\/wp\/v2\/tags?post=836"}],"curies":[{"name":"wp","href":"https:\/\/api.w.org\/{rel}","templated":true}]}}