{"id":749,"date":"2017-09-08T13:22:42","date_gmt":"2017-09-08T11:22:42","guid":{"rendered":"https:\/\/www.hsu-hh.de\/wweb\/?page_id=749"},"modified":"2026-03-04T10:12:02","modified_gmt":"2026-03-04T09:12:02","slug":"studiengaenge-2","status":"publish","type":"page","link":"https:\/\/www.hsu-hh.de\/wiso\/studiengaenge-2","title":{"rendered":"Studieng\u00e4nge"},"content":{"rendered":"<div>\n<div>\n<h2><img loading=\"lazy\" decoding=\"async\" class=\"alignnone wp-image-2433 size-full\" src=\"https:\/\/www.hsu-hh.de\/wiso\/wp-content\/uploads\/sites\/135\/2018\/02\/Studium2.jpg\" alt=\"Studium2\" width=\"2704\" height=\"395\" srcset=\"https:\/\/www.hsu-hh.de\/wiso\/wp-content\/uploads\/sites\/135\/2018\/02\/Studium2.jpg 2704w, https:\/\/www.hsu-hh.de\/wiso\/wp-content\/uploads\/sites\/135\/2018\/02\/Studium2-300x44.jpg 300w, https:\/\/www.hsu-hh.de\/wiso\/wp-content\/uploads\/sites\/135\/2018\/02\/Studium2-768x112.jpg 768w, https:\/\/www.hsu-hh.de\/wiso\/wp-content\/uploads\/sites\/135\/2018\/02\/Studium2-1024x150.jpg 1024w\" sizes=\"auto, (max-width: 2704px) 100vw, 2704px\" \/><\/h2>\n<\/div>\n<\/div>\n\n\n<p class=\"has-text-align-left has-x-large-font-size\"><strong><a href=\"https:\/\/www.hsu-hh.de\/wiso\/allgemeine-informationen\" target=\"_blank\" rel=\"noreferrer noopener\">Allgemeine Informationen <\/a><\/strong><\/p>\n\n\n\n<hr class=\"wp-block-separator has-alpha-channel-opacity\" \/>\n\n\n\n<h2 class=\"wp-block-heading\">Bachelor-Studieng\u00e4nge<\/h2>\n\n\n\n<p><a href=\"https:\/\/www.hsu-hh.de\/wiso\/bwl-bachelor-of-science-master-of-science\" target=\"_blank\" rel=\"noreferrer noopener\">Betriebswirtschaftslehre<\/a> (B.Sc.)<br><a href=\"https:\/\/www.hsu-hh.de\/wiso\/volkswirtschaftslehre-bachelor-of-science-master-of-science-2\" target=\"_blank\" rel=\"noreferrer noopener\">Volkswirtschaftslehre <\/a>(B.Sc.)<br><a href=\"https:\/\/www.hsu-hh.de\/wiso\/wirtschaftsingenieurwesen-bachelor-of-science-master-of-science\" target=\"_blank\" rel=\"noreferrer noopener\">Wirtschaftsingenieurwesen <\/a>(B.Sc.)<br><a href=\"https:\/\/www.hsu-hh.de\/studium\/logistik\/\" target=\"_blank\" rel=\"noreferrer noopener\">Logistik<\/a> (B.Sc.)<br><a href=\"https:\/\/www.hsu-hh.de\/wiso\/politikwissenschaft-bachelor-of-arts-master-of-arts-2\">Politikwissenschaft<\/a> (B.A.)<br><a href=\"https:\/\/www.hsu-hh.de\/wiso\/rechtswissenschaft-fuer-die-oeffentliche-verwaltung-bachelor-of-laws\" target=\"_blank\" rel=\"noreferrer noopener\">Rechtswissenschaft f\u00fcr die \u00f6ffentliche Verwaltung<\/a> (LL.B.)<\/p>\n\n\n\n<h2 class=\"wp-block-heading\">Master-Studieng\u00e4nge<\/h2>\n\n\n\n<p><a href=\"https:\/\/www.hsu-hh.de\/wiso\/bwl-bachelor-of-science-master-of-science\" target=\"_blank\" rel=\"noreferrer noopener\">Betriebswirtschaftslehre<\/a> (<abbr title=\"Master of Science\">M.Sc.<\/abbr>)<br><em>Schwerpunkte:<br><\/em>Accounting and Business Taxation (ABT)<br>Innovationsmanagement und Netzwerkmanagement (MOIN)<br>Internationales Management (IM)<br>Logistik-Management (LM)<br>Risikomanagement (RM)<\/p>\n\n\n\n<p><a href=\"https:\/\/www.hsu-hh.de\/wiso\/volkswirtschaftslehre-bachelor-of-science-master-of-science-2\" target=\"_blank\" rel=\"noreferrer noopener\">Volkswirtschaftslehre<\/a> (<abbr title=\"Master of Science\">M.Sc.<\/abbr>)<\/p>\n\n\n\n<p><a href=\"https:\/\/www.hsu-hh.de\/wiso\/wirtschaftsingenieurwesen-bachelor-of-science-master-of-science\" target=\"_blank\" rel=\"noreferrer noopener\">Wirtschaftsingenieurwesen<\/a> (<abbr title=\"Master of Science\">M.Sc.<\/abbr>)<br><em>Studienrichtungen:<\/em><br>Produktentstehung<br>Logistik<br>Elektrische Energieversorgung und Energiewirtschaft<\/p>\n\n\n\n<p><a href=\"https:\/\/www.hsu-hh.de\/studium\/logistik\/\" target=\"_blank\" rel=\"noreferrer noopener\">Logistik<\/a> (<abbr title=\"Master of Science\">M.Sc.<\/abbr>)<\/p>\n\n\n\n<p>Politikwissenschaft (M.A.)<br><em>Studieng\u00e4nge:<\/em><br><a href=\"https:\/\/www.hsu-hh.de\/studium\/studiengaenge-politikwissenschaft\/#internationale-beziehungen\" data-type=\"link\" data-id=\"https:\/\/www.hsu-hh.de\/studium\/studiengaenge-politikwissenschaft\/#internationale-beziehungen\">MA-Studiengang Internationale Beziehungen<br><\/a><a href=\"https:\/\/www.hsu-hh.de\/studium\/studiengaenge-politikwissenschaft\/#vergleichende-demokratieforschung\" data-type=\"link\" data-id=\"https:\/\/www.hsu-hh.de\/studium\/studiengaenge-politikwissenschaft\/#vergleichende-demokratieforschung\">MA-Studiengang Vergleichende Demokratieforschung<\/a><\/p>\n\n\n\n<p><a href=\"https:\/\/www.hsu-hh.de\/wiso\/vergabe-und-vertragsrecht-ll-m\" target=\"_blank\" rel=\"noreferrer noopener\">Vergabe- und Vertragsrecht<\/a> (LL. M.)<br>(Berufsbegleitender Studiengang)<\/p>\n\n\n\n<p><a href=\"https:\/\/www.hsu-hh.de\/wiso\/diga\" target=\"_blank\" rel=\"noreferrer noopener\">Digital Governance and Administration<\/a> (M.A.)<\/p>\n\n\n\n<p><\/p>\n\n\n\n<p><\/p>\n\n\n\n<p><\/p>\n","protected":false},"excerpt":{"rendered":"<p>Allgemeine Informationen Bachelor-Studieng\u00e4nge Betriebswirtschaftslehre (B.Sc.)Volkswirtschaftslehre (B.Sc.)Wirtschaftsingenieurwesen (B.Sc.)Logistik (B.Sc.)Politikwissenschaft (B.A.)Rechtswissenschaft f\u00fcr die \u00f6ffentliche Verwaltung (LL.B.) Master-Studieng\u00e4nge Betriebswirtschaftslehre (M.Sc.)Schwerpunkte:Accounting and Business Taxation (ABT)Innovationsmanagement und Netzwerkmanagement (MOIN)Internationales Management (IM)Logistik-Management (LM)Risikomanagement (RM) Volkswirtschaftslehre (M.Sc.) [&hellip;]<\/p>\n","protected":false},"author":23,"featured_media":0,"parent":0,"menu_order":0,"comment_status":"closed","ping_status":"closed","template":"","meta":{"footnotes":""},"categories":[41,35,43],"tags":[],"class_list":["post-749","page","type-page","status-publish","hentry","category-fakultaet","category-studiengaenge","category-studium"],"_links":{"self":[{"href":"https:\/\/www.hsu-hh.de\/wiso\/wp-json\/wp\/v2\/pages\/749","targetHints":{"allow":["GET"]}}],"collection":[{"href":"https:\/\/www.hsu-hh.de\/wiso\/wp-json\/wp\/v2\/pages"}],"about":[{"href":"https:\/\/www.hsu-hh.de\/wiso\/wp-json\/wp\/v2\/types\/page"}],"author":[{"embeddable":true,"href":"https:\/\/www.hsu-hh.de\/wiso\/wp-json\/wp\/v2\/users\/23"}],"replies":[{"embeddable":true,"href":"https:\/\/www.hsu-hh.de\/wiso\/wp-json\/wp\/v2\/comments?post=749"}],"version-history":[{"count":124,"href":"https:\/\/www.hsu-hh.de\/wiso\/wp-json\/wp\/v2\/pages\/749\/revisions"}],"predecessor-version":[{"id":7307,"href":"https:\/\/www.hsu-hh.de\/wiso\/wp-json\/wp\/v2\/pages\/749\/revisions\/7307"}],"wp:attachment":[{"href":"https:\/\/www.hsu-hh.de\/wiso\/wp-json\/wp\/v2\/media?parent=749"}],"wp:term":[{"taxonomy":"category","embeddable":true,"href":"https:\/\/www.hsu-hh.de\/wiso\/wp-json\/wp\/v2\/categories?post=749"},{"taxonomy":"post_tag","embeddable":true,"href":"https:\/\/www.hsu-hh.de\/wiso\/wp-json\/wp\/v2\/tags?post=749"}],"curies":[{"name":"wp","href":"https:\/\/api.w.org\/{rel}","templated":true}]}}