{"id":6731,"date":"2024-11-27T18:09:14","date_gmt":"2024-11-27T17:09:14","guid":{"rendered":"https:\/\/www.hsu-hh.de\/wiso\/?page_id=6731"},"modified":"2025-12-04T08:44:12","modified_gmt":"2025-12-04T07:44:12","slug":"rechtswissenschaft-fuer-die-oeffentliche-verwaltung-bachelor-of-laws","status":"publish","type":"page","link":"https:\/\/www.hsu-hh.de\/wiso\/rechtswissenschaft-fuer-die-oeffentliche-verwaltung-bachelor-of-laws","title":{"rendered":"Rechtswissenschaft f\u00fcr die \u00f6ffentliche Verwaltung (Bachelor of Laws)"},"content":{"rendered":"\n<p>Das Studium beginnt im Herbsttrimester (Ende September\/Anfang Oktober) und erstreckt sich insgesamt \u00fcber neun Trimester. Der Studiengang m\u00fcndet in einen ersten berufsqualifizierenden Abschluss, der gleichzeitig die Bef\u00e4higung f\u00fcr den gehobenen nichttechnischen Verwaltungsdienst des Bundes gem. \u00a7 20 der Verordnung \u00fcber die Laufbahnen der Bundesbeamtinnen und Bundesbeamten (Bundeslaufbahnverordnung \u2013BLV) vermittelt.<br>Entsprechend dem der&nbsp;<abbr title=\"Helmut Schmidt Universit\u00e4t\">HSU<\/abbr>\/<abbr title=\"Universit\u00e4t der Bundeswehr Hamburg\">UniBwH<\/abbr>&nbsp;eigenen Konzept handelt es sich um einen Intensivstudiengang mit bis zu 75 ECTS-Punkten pro Jahr, der in Vollzeit durchgef\u00fchrt wird. Der Arbeitsaufwand betr\u00e4gt 186 ECTS-Punkte.<br>Das Bachelorstudium vermittelt fundierte Grundlagen und Methoden des Privatrechts, des \u00f6ffentlichen Rechts und des Strafrechts und bietet zudem verschiedene Wahlm\u00f6glichkeiten im Bereich des \u00f6ffentlichen Rechts (Vergaberecht, Staatshaftungsrecht, Baurecht&nbsp;<abbr title=\"et cetera\">etc.<\/abbr>). Bei den transdisziplin\u00e4ren Anteilen bildet die Verwaltungswissenschaft einen deutlich erkennbaren Schwerpunkt. Grundkenntnisse sowohl in Betriebs \u2013 wie auch Volkswirtschaftslehre m\u00fcssen erworben werden und erlauben Vertiefungen in ihren Untergebieten nach Interesse der Studierenden. Erg\u00e4nzende Module aus der Psychologie und der Fremdsprachenausbildung runden den Studiengang ab. Mit insgesamt vier Pflichtpraktika werden ein enger Bezug zur Verwaltungspraxis hergestellt. Den Abschluss des Studiums bildet die Bachelorarbeit.<\/p>\n\n\n\n<hr class=\"wp-block-separator has-alpha-channel-opacity\" \/>\n\n\n\n<p><strong>Arbeitsmarkt und Berufsfelder: <\/strong> Der Studiengang bietet die M\u00f6glichkeit des Einstiegs in den gehobenen nichttechnischen Verwaltungsdienst in der Bundeswehrverwaltung oder in eine vergleichbare T\u00e4tigkeit als Tarifbesch\u00e4ftigter und richtet sich an alle, die Interesse an einer rechtswissenschaftlichen Ausbildung mit dem Schwerpunkt \u00f6ffentliche Verwaltung haben.<\/p>\n\n\n\n<hr class=\"wp-block-separator has-alpha-channel-opacity\" \/>\n\n\n\n<p><strong>Bewerbung: <\/strong> Das Bewerbungsverfahren f\u00fcr den Studiengang R\u00d6V wird vom Bundesamt f\u00fcr Personalmanagement der Bundeswehr (BAPersBW) durchgef\u00fchrt, die Ausschreibung finden Sie daher direkt&nbsp;&nbsp;auf der Seite \u201ebundesewehrkarriere.de\u201c. Eine direkte Bewerbung an der Helmut-Schmidt-Universit\u00e4t ist leider nicht m\u00f6glich. Sobald die Ausschreibung \u00f6ffentlich ist, finden Sie zu gegebener Zeit&nbsp; Informationen hierzu auch auf der Seite des Hochschulmarketings unter \u201eF\u00f6rderung und Finanzierung.\u201c<\/p>\n\n\n\n<p>Bitte&nbsp;laden&nbsp;Sie Ihre&nbsp;Bewerbungsunterlagen&nbsp;im&nbsp;PDF-Format&nbsp;(vorzugsweise im&nbsp;pers\u00f6nlichen&nbsp;Kandidatenprofil&nbsp;unter<br><a href=\"http:\/\/bewerbung.bundeswehrkarriere.de\/\" target=\"_blank\" rel=\"noreferrer noopener\">http:\/\/bewerbung.bundeswehrkarriere.de<\/a>&nbsp;(Bewerbungsportal&nbsp;Bundeswehr)) hoch.<\/p>\n\n\n\n<p><strong>Die Bewerbung soll folgende Unterlagen enthalten:<\/strong><\/p>\n\n\n\n<ul class=\"wp-block-list\">\n<li>Anschreiben (formatiert, Schriftgr\u00f6\u00dfe 10, nicht fett)<\/li>\n\n\n\n<li>tabellarischen Lebenslauf<\/li>\n\n\n\n<li>Arbeits-und Dienstzeugnis und Praktikumsbescheinigungen<\/li>\n\n\n\n<li>Schulische Abschlusszeugnisse oder letztes Halbjahreszeugnis<\/li>\n\n\n\n<li>Berufs-und Fortbildungsabschl\u00fcsse (IHK, HWK,&nbsp;<abbr title=\"et cetera\">etc.<\/abbr>)<\/li>\n<\/ul>\n\n\n\n<p><strong>Weiter Anlagen:<\/strong><\/p>\n\n\n\n<ul class=\"wp-block-list\">\n<li>Bewerbungsbogen<\/li>\n\n\n\n<li>Zusatzfragebogen<\/li>\n\n\n\n<li>Erkl\u00e4rung zum Auswahlverfahren<\/li>\n<\/ul>\n\n\n\n<hr class=\"wp-block-separator has-alpha-channel-opacity\" \/>\n\n\n\n<p><a href=\"https:\/\/www.hsu-hh.de\/wiso\/wp-content\/uploads\/sites\/135\/2023\/03\/LL.B.-Studiengang_Modulhandbuch_nFR_2022-06-16_Studienbeginn_vor_2022.pdf\" target=\"_blank\" rel=\"noreferrer noopener\">MHB Rechtswissenschaft f\u00fcr die \u00f6ffentliche Verwaltung (LL.B.)<\/a>&nbsp;\u2013 g\u00fcltig f\u00fcr Studierende mit Studienbeginn vor 2022<br><a href=\"https:\/\/www.hsu-hh.de\/wiso\/wp-content\/uploads\/sites\/135\/2024\/06\/LL.B.-Studiengang_Modulhandbuch_Studienbeginn_nach_2021_mitAe_-Englisch_FR_2024-06-20.pdf\" target=\"_blank\" rel=\"noreferrer noopener\">MHB Rechtswissenschaft f\u00fcr die \u00f6ffentliche Verwaltung (LL.B.)<\/a>&nbsp;\u2013 g\u00fcltig f\u00fcr Studierende mit Studienbeginn nach 2021<\/p>\n\n\n\n<p><a href=\"https:\/\/campus.hsu-hh.de\/qisserver\/rds?state=user&amp;type=0\" target=\"_blank\" rel=\"noreferrer noopener\">Lehrangebot Rechtswissenschaft f\u00fcr die \u00f6ffentliche Verwaltung<\/a><\/p>\n\n\n\n<p><strong>Hinweise zum Veranstaltungswechsel<\/strong><\/p>\n\n\n\n<p>Nach der Zuteilung zu den Lehrveranstaltungen ist der Wechsel einer Veranstaltung (nur bei mehrz\u00fcgigen Veranstaltungen) ausschlie\u00dflich unter folgenden Bedingungen m\u00f6glich:<\/p>\n\n\n\n<ul class=\"wp-block-list\">\n<li>Ein Wechsel kann nur innerhalb der ersten zwei Wochen nach Trimesterbeginn stattfinden, da sonst zu viele Sitzungen vers\u00e4umt werden.<\/li>\n\n\n\n<li>Ein Wechsel ist prinzipiell nur m\u00f6glich, wenn daf\u00fcr keine weitere Lehrveranstaltung verschoben werden muss oder beeintr\u00e4chtigt wird.<\/li>\n\n\n\n<li>Der Wechsel einer Veranstaltung muss schriftlich beantragt werden.&nbsp;<strong>Daf\u00fcr ist ausschlie\u00dflich u.s. Formblatt zu verwenden!<\/strong>&nbsp;Der Antrag muss sowohl von der Dozentin\/dem Dozenten unterschrieben werden, deren\/ dessen Veranstaltung man verlassen m\u00f6chte als auch von der Dozentin\/ dem Dozenten, in deren\/ dessen Veranstaltung gewechselt werden m\u00f6chte (gerne auch digital). Antr\u00e4ge per Mail&nbsp;<abbr title=\"et cetera\">etc.<\/abbr>&nbsp;werden nicht anerkannt. Es liegt im Ermessen der Dozent\/innen, ob sie weitere Studierende in ihre Lehrveranstaltungen aufnehmen, wenn die festgelegte Teilnhemerzahl bereits erreicht ist oder sie&nbsp;<abbr title=\"gegebenenfalls\">ggf.<\/abbr>&nbsp;einen Tauschpartner fordern.<\/li>\n\n\n\n<li>Der Antrag ist bei der Fakult\u00e4tsmanagerin, Frau&nbsp;<abbr title=\"Doktor\">Dr.<\/abbr>&nbsp;Vorwerk-Gundermann, einzureichen (per Mail\/ im 2. OG\/ Raum 2123 oder Postfach am Rote Platz). Ohne das ein unterschriebener Antrag vorliegt, werden keine Wechsel vorgenommen.<\/li>\n<\/ul>\n\n\n\n<p>Antrag auf Veranstaltungswechsel:&nbsp;<a href=\"https:\/\/www.hsu-hh.de\/wiso\/wp-content\/uploads\/sites\/135\/2023\/10\/Antrag-auf-Veranstaltungswechsel_Formular_RoeV.docx\" target=\"_blank\" rel=\"noreferrer noopener\">WORD-Datei<\/a><br>Antrag auf Veranstaltungswechsel:&nbsp;<a href=\"https:\/\/www.hsu-hh.de\/wiso\/wp-content\/uploads\/sites\/135\/2023\/10\/Antrag-auf-Veranstaltungswechsel_Formular_RoeV.pdf\" target=\"_blank\" rel=\"noreferrer noopener\">PDF<\/a><\/p>\n\n\n\n<p><a href=\"https:\/\/www.hsu-hh.de\/asv\/studiengaenge\/\" target=\"_blank\" rel=\"noreferrer noopener\">Pr\u00fcfungsordnung<\/a><\/p>\n\n\n\n<hr class=\"wp-block-separator has-alpha-channel-opacity\" \/>\n\n\n\n<p><strong>Praktika (Unterlagen, Kontakt <abbr title=\"et cetera\">etc.<\/abbr>)<\/strong><\/p>\n\n\n\n<p><strong>Praktikumskoordinator:<\/strong>&nbsp;<abbr title=\"Doktor\">Dr.<\/abbr>&nbsp;Lars-Dieter Leisner<br>E-Mail:&nbsp;<a href=\"mailto:praktikum-wiso@hsu-hh.de\" target=\"_blank\" rel=\"noreferrer noopener\">praktikum-wiso@hsu-hh.de<\/a><br><strong>Praktikumsbeauftragte Rechtswissenschaft f\u00fcr die \u00f6ffentliche Verwaltung:<\/strong><br><abbr title=\"Universit\u00e4tsprofessor\">Univ.-Prof.<\/abbr>\u201ain&nbsp;<abbr title=\"Doktor\">Dr.<\/abbr>&nbsp;Sigrid Boysen<br><a href=\"https:\/\/www.hsu-hh.de\/wiso\/wp-content\/uploads\/sites\/135\/2023\/12\/Praktikumsordnung_RoeV_fuer_HSA_Stand_November_2023.pdf\" target=\"_blank\" rel=\"noreferrer noopener\">Praktikumsordnung<\/a><br><a href=\"https:\/\/www.hsu-hh.de\/wiso\/wp-content\/uploads\/sites\/135\/2024\/01\/Hinweise-zur-Anfertigung-des-Praktikumsberichts_Stand_2023-12-07.pdf\" target=\"_blank\" rel=\"noreferrer noopener\">Hinweise zum Anfertigen eines Praktikumsberichtes<\/a><br><strong>Praktikumsbescheinigungen:<\/strong>&nbsp;<a href=\"https:\/\/www.hsu-hh.de\/wiso\/wp-content\/uploads\/sites\/135\/2024\/02\/Praktikumsbescheinigung-_Praktikum-I_II-IV.pdf\" target=\"_blank\" rel=\"noreferrer noopener\">Praktikum I, II &amp; IV<\/a>&nbsp;und&nbsp;<a href=\"https:\/\/www.hsu-hh.de\/wiso\/wp-content\/uploads\/sites\/135\/2024\/02\/Praktikumsbescheinigung_Praktikum-III.pdf\" target=\"_blank\" rel=\"noreferrer noopener\">Praktikum III<\/a><\/p>\n\n\n\n<hr class=\"wp-block-separator has-alpha-channel-opacity\" \/>\n\n\n\n<p><strong>Kontakt<\/strong><\/p>\n\n\n\n<p>Bundesamt f\u00fcr das Personalmanagement der Bundeswehr<br>Assessmentcenter f\u00fcr F\u00fchrungskr\u00e4fte (ACF\u00fcKrBw)<br>Referat 1 \u2013 Ziviles Bewerbungsmanagement<br>Herr Ernst<br>K\u00f6lner Stra\u00dfe 262<br>51149&nbsp; K\u00f6ln<\/p>\n\n\n\n<p>Telefon: +49 (0)2203 105 2712<br>E-Mail:&nbsp;<a href=\"mailto:ac-bewerbung-anwaerter@bundeswehr.org\" rel='nofollow'>ac-bewerbung-anwaerter@bundeswehr.org<\/a><\/p>\n\n\n\n<p>F\u00fcr eine Studienberatung bei der Helmut-Schmidt-Universit\u00e4t wenden Sie sich bitte an:<\/p>\n\n\n\n<p>Helmut-Schmidt-Universit\u00e4t<br>Universit\u00e4t der Bundeswehr Hamburg<br>Hochschulmarketing<br>Holstenhofweg 85<br>22043 Hamburg<\/p>\n\n\n\n<p>Astrid Str\u00fc\u00dfmann<br>Telefon: 040 6541\u20133855<br>E-Mail:&nbsp;<a href=\"mailto:hsm@hsu-hh.de\" target=\"_blank\" rel=\"noreferrer noopener\">hsm@hsu-hh.de<\/a><\/p>\n\n\n\n<p>Susanne Killus<br>Telefon: 040 6541\u20133652<br>E-Mail:&nbsp;<a href=\"mailto:hsm@hsu-hh.de\" target=\"_blank\" rel=\"noreferrer noopener\">hsm@hsu-hh.de<\/a><\/p>\n\n\n\n<hr class=\"wp-block-separator has-alpha-channel-opacity\" \/>\n\n\n\n<p><strong>Studiendekan<\/strong>:<br><strong>Rechtswissenschaft f\u00fcr die \u00f6ffentliche Verwaltung<br><\/strong><abbr title=\"Universit\u00e4tsprofessor\">Univ.-Prof.<\/abbr>\u00a0Armin von Weschpfennig\u00a0<br>E-Mail:\u00a0 <a href=\"mailto:vonweschpfennig@hsu-hh.de\" rel='nofollow'>vonweschpfennig@hsu-hh.de<\/a><br>Telefon: +49 40 6541-3949<\/p>\n","protected":false},"excerpt":{"rendered":"<p>Das Studium beginnt im Herbsttrimester (Ende September\/Anfang Oktober) und erstreckt sich insgesamt \u00fcber neun Trimester. Der Studiengang m\u00fcndet in einen ersten berufsqualifizierenden Abschluss, der gleichzeitig die Bef\u00e4higung f\u00fcr den gehobenen [&hellip;]<\/p>\n","protected":false},"author":37,"featured_media":0,"parent":0,"menu_order":0,"comment_status":"closed","ping_status":"closed","template":"","meta":{"footnotes":""},"categories":[35,43],"tags":[],"class_list":["post-6731","page","type-page","status-publish","hentry","category-studiengaenge","category-studium"],"_links":{"self":[{"href":"https:\/\/www.hsu-hh.de\/wiso\/wp-json\/wp\/v2\/pages\/6731","targetHints":{"allow":["GET"]}}],"collection":[{"href":"https:\/\/www.hsu-hh.de\/wiso\/wp-json\/wp\/v2\/pages"}],"about":[{"href":"https:\/\/www.hsu-hh.de\/wiso\/wp-json\/wp\/v2\/types\/page"}],"author":[{"embeddable":true,"href":"https:\/\/www.hsu-hh.de\/wiso\/wp-json\/wp\/v2\/users\/37"}],"replies":[{"embeddable":true,"href":"https:\/\/www.hsu-hh.de\/wiso\/wp-json\/wp\/v2\/comments?post=6731"}],"version-history":[{"count":4,"href":"https:\/\/www.hsu-hh.de\/wiso\/wp-json\/wp\/v2\/pages\/6731\/revisions"}],"predecessor-version":[{"id":7121,"href":"https:\/\/www.hsu-hh.de\/wiso\/wp-json\/wp\/v2\/pages\/6731\/revisions\/7121"}],"wp:attachment":[{"href":"https:\/\/www.hsu-hh.de\/wiso\/wp-json\/wp\/v2\/media?parent=6731"}],"wp:term":[{"taxonomy":"category","embeddable":true,"href":"https:\/\/www.hsu-hh.de\/wiso\/wp-json\/wp\/v2\/categories?post=6731"},{"taxonomy":"post_tag","embeddable":true,"href":"https:\/\/www.hsu-hh.de\/wiso\/wp-json\/wp\/v2\/tags?post=6731"}],"curies":[{"name":"wp","href":"https:\/\/api.w.org\/{rel}","templated":true}]}}