{"id":6725,"date":"2024-11-27T17:56:28","date_gmt":"2024-11-27T16:56:28","guid":{"rendered":"https:\/\/www.hsu-hh.de\/wiso\/?page_id=6725"},"modified":"2026-03-04T10:11:05","modified_gmt":"2026-03-04T09:11:05","slug":"politikwissenschaft-bachelor-of-arts-master-of-arts-2","status":"publish","type":"page","link":"https:\/\/www.hsu-hh.de\/wiso\/politikwissenschaft-bachelor-of-arts-master-of-arts-2","title":{"rendered":"Politikwissenschaft (Bachelor of Arts\/ Master of Arts)"},"content":{"rendered":"\n<p><strong>Studiengangsbeschreibung<br><\/strong>Die Studierenden sollen im Rahmen des Bachelor-Studiums die F\u00e4higkeit erlangen, den politischen Kern gesellschaftlicher und internationaler Prozesse, Probleme und Kon\ufb02ikte zu erkennen und \u2013 sowohl theoriegeleitet als auch methodisch fundiert \u2013 zu analysieren. Sie sollen zudem die F\u00e4higkeit entwickeln, ein wissenschaftlich angeleitetes und realit\u00e4tsbezogenes, praxisad\u00e4quates eigenes Urteil zu bilden und dies unter Abw\u00e4gung m\u00f6glicher Optionen zu begr\u00fcnden. Das Studium soll die Absolventinnen und Absolventen in die Lage versetzen, die wachsenden Anforderungen der beru\ufb02ichen Praxis eines Of\ufb01ziers der Bundeswehr zu re\ufb02ektieren und mit fundiertem Urteilsverm\u00f6gen zu bew\u00e4ltigen. Gerade die Tendenz zu internationalen Eins\u00e4tzen in politisch, gesellschaftlich und kulturell verschiedenen L\u00e4ndern, aber auch die im europ\u00e4ischen Raum sich verdichtende sicherheitspolitische Zusammenarbeit und Vernetzung verlangt umfassendes Wissen \u00fcber systemspezi\ufb01sche politische Zusammenh\u00e4nge und Kontexte, die im Rahmen des Master-Studiengangs vermittelt werden. Neben diesen Kenntnissen soll im Laufe des Studiums auch die F\u00e4higkeit erworben werden, diese bei der Beratung und Information nichtfachlicher Zielgruppen und Organisationen anzuwenden. Durch Kenntnisse der Herangehensweisen der Rechtswissenschaft, Soziologie und Verwaltungswissenschaft sollen die Studierenden schlie\u00dflich in die Lage versetzt werden, die Denkweise der Handelnden in Verwaltungen, Unternehmen und Non-Pro\ufb01t-Organisationen zu verstehen und dort erfolgreich zu kommunizieren.<\/p>\n\n\n\n<p><strong>Leitlinien<\/strong><\/p>\n\n\n\n<p><strong>Interdisziplin\u00e4re Studienanteile (ISA):<\/strong>&nbsp;Das Studium wird durch obligatorische Interdisziplin\u00e4re Studienanteile (ISA) erg\u00e4nzt. Die Studierenden w\u00e4hlen Module aus drei von insgesamt sechs verschiedenen Inhaltsbereichen aus, die das Fachstudium erg\u00e4nzen. Die Vernetzung der Studieng\u00e4nge mit den ISA zielt auf fach\u00fcbergreifende Kompetenzen, wie sie von den Absolventen in den k\u00fcnftigen milit\u00e4rischen und zivilen T\u00e4tigkeitsfeldern erwartet werden.<\/p>\n\n\n\n<p><strong>Fremdsprachen:<\/strong>&nbsp;Das Studium wird durch eine Fremdsprachenausbildung erg\u00e4nzt. Neben Englisch werden&nbsp;<abbr title=\"unter anderem\">u.a.<\/abbr>&nbsp;Franz\u00f6sisch, Spanisch, Russisch und weitere moderne Fremdsprachen sowie Latein (f\u00fcr Historiker) angeboten. Die&nbsp;<abbr title=\"Helmut Schmidt Universit\u00e4t\">HSU<\/abbr>&nbsp;vergibt bei Nachweis der erfolgreichen Teilnahme an einer dem Studium vorausgegangenen vertieften Fremdsprachenausbildung (in der Regel Englisch), die nach den Anforderungen des Bundessprachenamts (Sprachleistungspro\ufb01l SLP 3332) zerti\ufb01ziert ist, acht Leistungspunkte.<\/p>\n\n\n\n<p><strong>Struktur<\/strong><br>Ein Studium an der Helmut-Schmidt-Universit\u00e4t beginnt Anfang Oktober eines Jahres. Das Studienjahr ist in Trimester (Herbst-, Winter- und Fr\u00fchjahrstrimester) unterteilt. Jedes Trimester umfasst zw\u00f6lf Wochen. Das Fr\u00fchjahrstrimester endet mit einer vorlesungsfreie Zeit in den Monaten von Juli bis September. W\u00e4hrend dieser Zeit \ufb01nden Praktika, Projektarbeiten, Exkursionen oder Seminare statt, die in so genannten Sommermodulen angeboten werden.<\/p>\n\n\n\n<hr class=\"wp-block-separator has-alpha-channel-opacity\" \/>\n\n\n\n<p>Der <strong>Bachelor-Studiengang Politikwissenschaft <\/strong>dauert in der Regel sieben Trimester und besteht aus P\ufb02ichtmodulen und Wahlp\ufb02ichtmodulen. In einem Abschlussmodul wird die Bachelor-Arbeit verfasst. In den Modulen des Basisstudiums werden die Grundlagen f\u00fcr die Aufbaumodule des zweiten Studienabschnitts des BA-Studiums vermittelt. Die Module bauen aufeinander auf und sind zeitlich synchronisiert.<br>Studierende, die noch nicht alle Leistungen er-bracht haben, k\u00f6nnen vorl\u00e4u\ufb01g in den Master-Studiengang aufgenommen werden. Studierende, die bis zum Ende des achten Studientrimester 180 Leistungspunkte mit der Note 3,0 erworben haben, k\u00f6nnen das Master-Studium fortsetzen. Studierende, die diese Bedingungen nicht erf\u00fcllen, k\u00f6nnen die fehlenden Leistungspunkte im neunten Trimester erwerben, um ihr Bachelor-Studium erfolgreich abzuschlie\u00dfen.<br>Der Bachelor-Studiengang vermittelt grundlegende sowie teilweise vertiefte Kenntnisse aus den aktuellen Kernbereichen der politikwissenschaftlichen Disziplin, so insbesondere das Politische System der Bundesrepublik Deutschland im Kontext der Europ\u00e4ischen Union, Analyse und Vergleich politischer Systeme, Internationale Politik inklusive der EU-Au\u00dfenbeziehungen sowie Politische Theorie und Ideengeschichte.<br>Dar\u00fcber hinaus werden grundlegende Kenntnisse aus den Disziplinen Soziologie, Rechtswissenschaft, Volkswirtschaftslehre, Geschichte, Verwaltungslehre und Statistik vermittelt. Die vorlesungsfreie Zeit wird genutzt f\u00fcr Sommermodule. In diesen erhalten die Studierenden eine Einf\u00fchrung in die Informations- und Lekt\u00fcrerecherche und \u00fcben sich in einem ersten Studienprojekt in der Textanalyse. Sp\u00e4tere Sommermodule bieten Zeit f\u00fcr Praktika, Exkursionen, Summer Schools oder Projektarbeiten.<\/p>\n\n\n\n<hr class=\"wp-block-separator has-alpha-channel-opacity\" \/>\n\n\n\n<p>Der <strong>Master-Studiengang<\/strong> dauert f\u00fcnf Trimester (achtes bis zw\u00f6lftes Studientrimester) und schlie\u00dft mit der Master-Arbeit ab. Der Master-Studiengang Politikwissenschaft erweitert und vertieft die im Bachelor-Studiengang vermittelten grundlegenden Kenntnisse und F\u00e4higkeiten.<br>Im Master werden zwei Studieng\u00e4nge angeboten. Der Master-Studiengang \u201eInternationale Beziehungen\u201c und der Masterstudiengang \u201eVergleichende Demokratiforschung\u201c. Beide Varianten bieten ein vertiefendes Studiums dieser politikwissenschaftlichen Teilgebiete an. Hier werden Module wie&nbsp;<abbr title=\"zum Beispiel\">z.B.<\/abbr>&nbsp;Weltordnungspolitik, Regionale Kon\ufb02ikte, Neo-Institutionalismus im Vergleich politischer Systeme, Politische Kultur und politisches System, Mehrebenenpolitik, Internationale Beziehungen und Kon\ufb02ikte u.v.m. angeboten.<\/p>\n\n\n\n<hr class=\"wp-block-separator has-alpha-channel-opacity\" \/>\n\n\n\n<p><strong>Arbeitsmarkt und Berufsfelder:<\/strong> Das Bachelor-Studium Politikwissenschaft bereitet sowohl auf eine T\u00e4tigkeit innerhalb der Bundeswehr als auch auf die sp\u00e4tere beru\ufb02iche T\u00e4tigkeit vor. Es tr\u00e4gt insofern der Tatsache Rechnung, dass die \u00fcberwiegende Mehrheit der studierenden Of\ufb01ziere nach ihrer dreizehnj\u00e4hrigen Verp\ufb02ichtungszeit aus der Bundeswehr ausscheidet. Es bieten sich M\u00f6glichkeiten&nbsp;<abbr title=\"unter anderem\">u.a.<\/abbr>&nbsp;in der \u00f6ffentlichen und privaten Verwaltung, Verb\u00e4nden, im wirtschaftlichen Bereich, nationalen und internationalen Organisationen sowie in \u00d6ffentlichkeitsarbeit, Forschung und Politikberatung.<br>Die Master-Studieng\u00e4nge Politikwissenschaft (Internationale Beziehungen\/Demokratieforschung) bieten durch ihre tiefer gehende Spezialisierung weitere T\u00e4tigkeitsfelder und Aufstiegschancen. Innerhalb der Bundeswehr bietet sich der Master-Studiengang f\u00fcr alle Verwendungen an. Generell bef\u00e4higt er die Absolventinnen und Absolventen zur Wahrnehmung von Aufgaben, die regionale Kenntnisse, interkulturelle Kompetenz sowie die F\u00e4higkeit zur Verkn\u00fcpfung und Analyse komplexer Handlungszusammenh\u00e4nge erfordern.<br>Der Master Politikwissenschaft bef\u00e4higt aufgrund seiner st\u00e4rker wissenschaftlichen Ausrichtung auch zur akademischen Weiterquali\ufb01kation (Promotion), zur \u00dcbernahme anderer Aufgaben im universit\u00e4ren Kontext oder von wissenschaftlich fundierter Beratungst\u00e4tigkeit. Nach aller bisherigen Erfahrung wurden Absolventen des politikwissenschaftlichen Diplomstudiengangs an der Helmut-Schmidt-Universit\u00e4t nach dem Ausscheiden aus der Bundeswehr beru\ufb02ich&nbsp;<abbr title=\"unter anderem\">u.a.<\/abbr>&nbsp;in den Bereichen \u00f6ffentliche und private Verwaltung, Verb\u00e4nde, Wirtschaft, nationale und internationale Organisationen sowie in \u00d6ffentlichkeitsarbeit, Forschung und Politikberatung t\u00e4tig. Dieses Spektrum steht nach der Konzeption des Masterstudiengangs weiterhin offen.<\/p>\n\n\n\n<hr class=\"wp-block-separator has-alpha-channel-opacity\" \/>\n\n\n\n<p><strong>Modulhandb\u00fccher:<\/strong><br>MHB Bachelor:&nbsp;<a href=\"https:\/\/www.hsu-hh.de\/wiso\/wp-content\/uploads\/sites\/135\/2018\/03\/Pol_BA-MHB_Stand_Oktober_2016.pdf\" target=\"_blank\" rel=\"noreferrer noopener\">Politikwissenschaft (B.A.)<\/a>&nbsp;(Studienbeginn vor 2019)<br>MHB Master IB:&nbsp;<a href=\"https:\/\/www.hsu-hh.de\/wiso\/wp-content\/uploads\/sites\/135\/2018\/03\/Pol_IB_MA-MHB_Stand_Oktober_2016.pdf\" target=\"_blank\" rel=\"noreferrer noopener\">Politikwissenschaft (M.A.)<\/a>&nbsp;(Studienbeginn nach 2016)<br>MHB Master DF:&nbsp;<a href=\"https:\/\/www.hsu-hh.de\/wiso\/wp-content\/uploads\/sites\/135\/2018\/03\/Pol_DF_MA-MHB_Stand_Oktober_2016.pdf\" target=\"_blank\" rel=\"noreferrer noopener\">Politikwissenschaft (M.A.)<\/a>&nbsp;(Studienbeginn nach 2016)<br>MHB Bachelor:&nbsp;<a href=\"https:\/\/www.hsu-hh.de\/wiso\/wp-content\/uploads\/sites\/135\/2025\/04\/MHB-BA-Politikwissenschaft_nFR_14-12-2020_mGes-neu.pdf\" data-type=\"link\" data-id=\"https:\/\/www.hsu-hh.de\/wiso\/wp-content\/uploads\/sites\/135\/2025\/04\/MHB-BA-Politikwissenschaft_nFR_14-12-2020_mGes-neu.pdf\" target=\"_blank\" rel=\"noreferrer noopener\">Politikwissenschaft (B.A.)<\/a>&nbsp;(Studienbeginn ab 2019)<br>MHB Master IB:&nbsp;<a href=\"https:\/\/www.hsu-hh.de\/wiso\/wp-content\/uploads\/sites\/135\/2022\/02\/MHB-MA-Internationale-Internationale-Beziehungen_nFR_14-12-2020.pdf\" target=\"_blank\" rel=\"noreferrer noopener\">Politikwissenschaft (M.A.)<\/a>&nbsp;(Studienbeginn nach 2019)<br>MHB Master DF:&nbsp;<a href=\"https:\/\/www.hsu-hh.de\/wiso\/wp-content\/uploads\/sites\/135\/2022\/02\/MHB-MA-Vergleichende-Demokratieforschung_nFR_14-12-2020.pdf\" target=\"_blank\" rel=\"noreferrer noopener\">Politikwissenschaft (M.A.)<\/a>&nbsp;(Studienbeginn nach 2019)<\/p>\n\n\n\n<hr class=\"wp-block-separator has-alpha-channel-opacity\" \/>\n\n\n\n<p><strong><a href=\"https:\/\/campus.hsu-hh.de\/qisserver\/rds?state=user&amp;type=0\" target=\"_blank\" rel=\"noreferrer noopener\">Lehrangebot Politikwissenschaft<\/a><\/strong><\/p>\n\n\n\n<p><strong>Hinweise zum Veranstaltungswechsel<\/strong><\/p>\n\n\n\n<p>Nach der Zuteilung zu den Lehrveranstaltungen ist der Wechsel einer Veranstaltung ausschlie\u00dflich unter folgenden Bedingungen m\u00f6glich:<\/p>\n\n\n\n<ul class=\"wp-block-list\">\n<li>Ein Wechsel kann nur innerhalb der ersten zwei Wochen nach Trimesterbeginn stattfinden, da sonst zu viele Sitzungen vers\u00e4umt werden.<\/li>\n\n\n\n<li>Ein Wechsel ist prinzipiell nur m\u00f6glich, wenn daf\u00fcr keine weitere Lehrveranstaltung verschoben werden muss oder beeintr\u00e4chtigt wird.<\/li>\n\n\n\n<li>Der Wechsel einer Veranstaltung muss schriftlich beantragt werden.&nbsp;<strong>Daf\u00fcr ist ausschlie\u00dflich u.s. Formblatt zu verwenden!<\/strong>&nbsp;Der Antrag muss sowohl von der Dozentin\/dem Dozenten unterschrieben werden, deren\/ dessen Veranstaltung man verlassen m\u00f6chte als auch von der Dozentin\/ dem Dozenten, in deren\/ dessen Veranstaltung gewechselt werden m\u00f6chte (gerne auch digital). Antr\u00e4ge per Mail&nbsp;<abbr title=\"et cetera\">etc.<\/abbr>&nbsp;werden nicht anerkannt. Es liegt im Ermessen der Dozent\/innen, ob sie weitere Studierende in ihre Lehrveranstaltungen aufnehmen, wenn die festgelegte Teilnhemerzahl bereits erreicht ist oder sie&nbsp;<abbr title=\"gegebenenfalls\">ggf.<\/abbr>&nbsp;einen Tauschpartner fordern.<\/li>\n\n\n\n<li>Der Antrag ist bei dem Studiengangskoordinator, Herrn&nbsp;<abbr title=\"Doktor\">Dr.<\/abbr>&nbsp;Leisner oder der Fakult\u00e4tsmanagerin, Frau&nbsp;<abbr title=\"Doktor\">Dr.<\/abbr>&nbsp;Vorwerk-Gundermann, einzureichen (per Mail oder Postfach am Roten Platz). Ohne das ein unterschriebener Antrag vorliegt, werden keine Wechsel vorgenommen.Antrag auf Veranstaltungswechsel:&nbsp;<a href=\"https:\/\/www.hsu-hh.de\/wiso\/wp-content\/uploads\/sites\/135\/2020\/03\/Antrag-auf-Veranstaltungswechsel_Formular.docx\" target=\"_blank\" rel=\"noreferrer noopener\">WORD-Datei<\/a><br>Antrag auf Veranstaltungswechsel:&nbsp;<a href=\"https:\/\/www.hsu-hh.de\/wiso\/wp-content\/uploads\/sites\/135\/2020\/03\/Antrag-auf-Veranstaltungswechsel_Formular.pdf\" target=\"_blank\" rel=\"noreferrer noopener\">PDF<\/a><\/li>\n<\/ul>\n\n\n\n<p>Allgemeine Pr\u00fcfungsordnung (<a href=\"https:\/\/www.hsu-hh.de\/asv\/wp-content\/uploads\/sites\/776\/2019\/11\/APONeuf_mit_2.AendO_.pdf\" target=\"_blank\" rel=\"noreferrer noopener\">APO<\/a>) und Fachspezifische Pr\u00fcfungsordnung (<a href=\"https:\/\/www.hsu-hh.de\/asv\/studiengaenge\/\" target=\"_blank\" rel=\"noreferrer noopener\">FSPO<\/a>) f\u00fcr den Studiengang Politikwissenschaft<\/p>\n\n\n\n<hr class=\"wp-block-separator has-alpha-channel-opacity\" \/>\n\n\n\n<p><strong>Studiendekanin Politikwissenschaft<\/strong><br><abbr title=\"Universit\u00e4tsprofessor\">Univ.-Prof.<\/abbr>\u00a0<abbr title=\"Doktor\">Dr.<\/abbr>\u00a0Matthew D. Stephen<br>E-Mail:\u00a0<a href=\"https:\/\/www.hsu-hh.de\/wiso\/studiendekanatpol@hsu-hh.de\" target=\"_blank\" rel=\"noreferrer noopener\">studiendekanatpol@hsu-hh.de<\/a><br>Telefon: +49 40 6541-3399<\/p>\n","protected":false},"excerpt":{"rendered":"<p>StudiengangsbeschreibungDie Studierenden sollen im Rahmen des Bachelor-Studiums die F\u00e4higkeit erlangen, den politischen Kern gesellschaftlicher und internationaler Prozesse, Probleme und Kon\ufb02ikte zu erkennen und \u2013 sowohl theoriegeleitet als auch methodisch fundiert [&hellip;]<\/p>\n","protected":false},"author":37,"featured_media":0,"parent":0,"menu_order":0,"comment_status":"closed","ping_status":"closed","template":"","meta":{"footnotes":""},"categories":[35,43],"tags":[],"class_list":["post-6725","page","type-page","status-publish","hentry","category-studiengaenge","category-studium"],"_links":{"self":[{"href":"https:\/\/www.hsu-hh.de\/wiso\/wp-json\/wp\/v2\/pages\/6725","targetHints":{"allow":["GET"]}}],"collection":[{"href":"https:\/\/www.hsu-hh.de\/wiso\/wp-json\/wp\/v2\/pages"}],"about":[{"href":"https:\/\/www.hsu-hh.de\/wiso\/wp-json\/wp\/v2\/types\/page"}],"author":[{"embeddable":true,"href":"https:\/\/www.hsu-hh.de\/wiso\/wp-json\/wp\/v2\/users\/37"}],"replies":[{"embeddable":true,"href":"https:\/\/www.hsu-hh.de\/wiso\/wp-json\/wp\/v2\/comments?post=6725"}],"version-history":[{"count":10,"href":"https:\/\/www.hsu-hh.de\/wiso\/wp-json\/wp\/v2\/pages\/6725\/revisions"}],"predecessor-version":[{"id":7276,"href":"https:\/\/www.hsu-hh.de\/wiso\/wp-json\/wp\/v2\/pages\/6725\/revisions\/7276"}],"wp:attachment":[{"href":"https:\/\/www.hsu-hh.de\/wiso\/wp-json\/wp\/v2\/media?parent=6725"}],"wp:term":[{"taxonomy":"category","embeddable":true,"href":"https:\/\/www.hsu-hh.de\/wiso\/wp-json\/wp\/v2\/categories?post=6725"},{"taxonomy":"post_tag","embeddable":true,"href":"https:\/\/www.hsu-hh.de\/wiso\/wp-json\/wp\/v2\/tags?post=6725"}],"curies":[{"name":"wp","href":"https:\/\/api.w.org\/{rel}","templated":true}]}}