{"id":6713,"date":"2024-11-27T17:35:13","date_gmt":"2024-11-27T16:35:13","guid":{"rendered":"https:\/\/www.hsu-hh.de\/wiso\/?page_id=6713"},"modified":"2025-08-06T07:13:57","modified_gmt":"2025-08-06T05:13:57","slug":"wirtschaftsingenieurwesen-bachelor-of-science-master-of-science","status":"publish","type":"page","link":"https:\/\/www.hsu-hh.de\/wiso\/wirtschaftsingenieurwesen-bachelor-of-science-master-of-science","title":{"rendered":"Wirtschaftsingenieurwesen (Bachelor of Science\/ Master of Science)"},"content":{"rendered":"\n<p><strong>Arbeitsmarkt und Berufsfelder: <\/strong>Der Studiengang Wirtschaftsingenieurwesen bietet vielf\u00e4ltige Verwendungsm\u00f6glichkeiten im Bereich der Bundeswehr und im Bereich der Wirt-schaft. Die Aufgaben in der Dienstzeit nach dem Studium k\u00f6nnen die Planung logistischer oder Koordination technischer T\u00e4tigkeiten sein,&nbsp;<abbr title=\"zum Beispiel\">z.B.<\/abbr>&nbsp;Projektmanagement oder die F\u00fchrung gr\u00f6\u00dferer Einheiten im Bereich der Logistik und des Nachschubes. F\u00fcr Wirtschaftingenieure erschlie\u00dft sich dar\u00fcber hinaus der in der Bundeswehr weite Bereich der Entwicklung und Weiterbetreuung<\/p>\n\n\n\n<hr class=\"wp-block-separator has-alpha-channel-opacity\" \/>\n\n\n\n<p><strong>Vorbereitung auf das Studium: <\/strong>Es bedarf keiner besonderen Vorbereitung, in der Schule erworbene Mathematikkenntnisse sollten jedoch erhalten bleiben und bei Bedarf selbstst\u00e4ndig aufgefrischt werden. Interessentinnen und Interessenten sollten sich bewusst sein, dass ein Intensivstudium an der Helmut-Schmidt-Universit\u00e4t ein gutes Zeitmanagement erfordert und sich die Studierenden innerhalb knapper Zeit ein komplexes Wissen aneignen m\u00fcssen.<\/p>\n\n\n\n<hr class=\"wp-block-separator has-alpha-channel-opacity\" \/>\n\n\n\n<p><a href=\"https:\/\/www.hsu-hh.de\/sbawi\/modulhandbuecher\" target=\"_blank\" rel=\"noreferrer noopener\">Modulhandb\u00fccher&nbsp;<abbr title=\"Wirtschaftsingenieurwesen\">WI<\/abbr><\/a>&nbsp;(MHB)<\/p>\n\n\n\n<p><a href=\"https:\/\/campus.hsu-hh.de\/qisserver\/rds?state=user&amp;type=0&amp;category=auth.logout\" target=\"_blank\" rel=\"noreferrer noopener\">Lehrangebot Wirtschaftsingenieurwesen<\/a><\/p>\n\n\n\n<p>Allgemeine Pr\u00fcfungsordnung (<a href=\"https:\/\/www.hsu-hh.de\/asv\/index_zmZYl0vwpKlWnMwU.html\" target=\"_blank\" rel=\"noreferrer noopener\">APO<\/a>) und Fachspezifische Pr\u00fcfungsordnung (<a href=\"https:\/\/www.hsu-hh.de\/asv\/studiengaenge\/\">FSPO<\/a>) f\u00fcr den Studiengang Wirtschaftsingenieurwesen.<\/p>\n\n\n\n<hr class=\"wp-block-separator has-alpha-channel-opacity\" \/>\n\n\n\n<p><strong>Studiendekan Wirtschaftsingenieurwesen<\/strong><br><abbr title=\"Universit\u00e4tsprofessor\">Univ.-Prof.<\/abbr>\u00a0<abbr title=\"Doktor\">Dr.<\/abbr>\u2013<abbr title=\"Ingenieur\">Ing.<\/abbr>\u00a0Frank Kumlehn\u00a0(MB)<br>E-Mail:\u00a0<a href=\"mailto:kumlehnf@hsu-hh.de\" rel='nofollow'>kumlehnf@hsu.hamburg<\/a><br>Telefon: +49 40 6541-4803<\/p>\n","protected":false},"excerpt":{"rendered":"<p>Arbeitsmarkt und Berufsfelder: Der Studiengang Wirtschaftsingenieurwesen bietet vielf\u00e4ltige Verwendungsm\u00f6glichkeiten im Bereich der Bundeswehr und im Bereich der Wirt-schaft. Die Aufgaben in der Dienstzeit nach dem Studium k\u00f6nnen die Planung logistischer [&hellip;]<\/p>\n","protected":false},"author":37,"featured_media":0,"parent":0,"menu_order":0,"comment_status":"closed","ping_status":"closed","template":"","meta":{"footnotes":""},"categories":[35,43],"tags":[],"class_list":["post-6713","page","type-page","status-publish","hentry","category-studiengaenge","category-studium"],"_links":{"self":[{"href":"https:\/\/www.hsu-hh.de\/wiso\/wp-json\/wp\/v2\/pages\/6713","targetHints":{"allow":["GET"]}}],"collection":[{"href":"https:\/\/www.hsu-hh.de\/wiso\/wp-json\/wp\/v2\/pages"}],"about":[{"href":"https:\/\/www.hsu-hh.de\/wiso\/wp-json\/wp\/v2\/types\/page"}],"author":[{"embeddable":true,"href":"https:\/\/www.hsu-hh.de\/wiso\/wp-json\/wp\/v2\/users\/37"}],"replies":[{"embeddable":true,"href":"https:\/\/www.hsu-hh.de\/wiso\/wp-json\/wp\/v2\/comments?post=6713"}],"version-history":[{"count":3,"href":"https:\/\/www.hsu-hh.de\/wiso\/wp-json\/wp\/v2\/pages\/6713\/revisions"}],"predecessor-version":[{"id":7058,"href":"https:\/\/www.hsu-hh.de\/wiso\/wp-json\/wp\/v2\/pages\/6713\/revisions\/7058"}],"wp:attachment":[{"href":"https:\/\/www.hsu-hh.de\/wiso\/wp-json\/wp\/v2\/media?parent=6713"}],"wp:term":[{"taxonomy":"category","embeddable":true,"href":"https:\/\/www.hsu-hh.de\/wiso\/wp-json\/wp\/v2\/categories?post=6713"},{"taxonomy":"post_tag","embeddable":true,"href":"https:\/\/www.hsu-hh.de\/wiso\/wp-json\/wp\/v2\/tags?post=6713"}],"curies":[{"name":"wp","href":"https:\/\/api.w.org\/{rel}","templated":true}]}}