{"id":6697,"date":"2024-11-27T13:19:08","date_gmt":"2024-11-27T12:19:08","guid":{"rendered":"https:\/\/www.hsu-hh.de\/wiso\/?page_id=6697"},"modified":"2024-11-27T13:19:08","modified_gmt":"2024-11-27T12:19:08","slug":"allgemeine-informationen","status":"publish","type":"page","link":"https:\/\/www.hsu-hh.de\/wiso\/allgemeine-informationen","title":{"rendered":"Allgemeine Informationen"},"content":{"rendered":"\n<p><strong>Universit\u00e4t:<\/strong> Universit\u00e4t: Die Helmut-Schmidt-Universit\u00e4t\/Universit\u00e4t der Bundeswehr Hamburg nimmt auf der Grundlage der vom Dienstherrn garantierten Autonomie und der Rechtsaufsicht der Hamburger Beh\u00f6rde f\u00fcr Wissenschaft und Forschung die gleichen Aufgaben in Forschung und Lehre wahr, wie die \u00f6ffentlichen Hochschulen.<br>An den vier Fakult\u00e4ten der <abbr title=\"Helmut Schmidt Universit\u00e4t\">HSU<\/abbr> werden in acht Fachrichtungen insgesamt acht Bachelor- und zw\u00f6lf Master-Studieng\u00e4ngen angeboten. Alle Studieng\u00e4nge wurden im Jahr 2007 durch das Akkreditierungs-, Certi\ufb01zierungs- und Qualit\u00e4tssicherungs-Institut ACQUIN akkreditiert. Die g\u00fcnstigen Studienbedingungen an der <abbr title=\"Helmut Schmidt Universit\u00e4t\">HSU<\/abbr> erlauben, Intensivstudieng\u00e4nge anzubieten, bei denen pro Jahr bis zu 75 Leistungspunkte erworben werden k\u00f6nnen. Der Abschluss des Bachelor-Studiengangs ist bereits nach sieben Trimestern m\u00f6glich.<br>Der Campus der Helmut-Schmidt-Universit\u00e4t liegt im Osten der Freien und Hansestadt Hamburg im Stadtbezirk Wandsbek. Er ist sowohl mit \u00f6ffentlichen Verkehrsmitteln als auch mit dem Auto gut zu erreichen. Zum Stadtzentrum von Hamburg betr\u00e4gt die Fahrzeit ca. 20 Minuten.<br>Alle Lehr- und Forschungseinrichtungen liegen dicht beieinander und sind zu Fu\u00df in nur wenigen Minuten zu erreichen (Haupt-Campus). Etwa 80 der Studierenden sind in Wohnheimen untergebracht, die sich in unmittelbarer N\u00e4he in den Campusbereichen Stoltenstra\u00dfe und Jenfelder Allee be\ufb01nden.<\/p>\n\n\n\n<p><strong>Bewerbung: <\/strong>Bewerbungsunterlagen erhalten Sie bei der Wehrdienstberatung in dem f\u00fcr Ihren Wohnort zust\u00e4ndigen Kreiswehrersatzamt. Namen und Kontaktdaten der Wehrdienstberater \ufb01nden Sie im Telefonbuch unter \u201eBundeswehr\u201c oder im Internet unter http:\/\/www.bundeswehr-karriere. de. Telefonische Hotline: 0180\/29 29 29 00 (6 Cent pro Anruf aus dem Festnetz der Deutschen Telekom).<\/p>\n\n\n\n<p><strong>Voraussetzungen: <\/strong>F\u00fcr die Zulassung zum Studium m\u00fcssen folgende Zulassungsvoraussetzungen erf\u00fcllt sein:<br>1. Die Allgemeine Hochschulreife (Abitur),<br>2. die bestandene Of\ufb01zierpr\u00fcfung,<br>3. die Verp\ufb02ichtung als Soldat\/Soldatin auf Zeit f\u00fcr 13 Jahre in der Laufbahn der Of\ufb01ziere des Truppendienstes.<\/p>\n\n\n\n<p>Bewerberinnen und Bewerber f\u00fcr die Laufbahn der Of\ufb01ziere des Truppendienstes werden zu einem zweit\u00e4gigen Pr\u00fcfverfahren in die Of\ufb01zierbewerberpr\u00fcfzentrale in K\u00f6ln eingeladen. Dabei werden unter anderem auch die Studienw\u00fcnsche besprochen. Die Zulassung zum Master-Studiengang setzt zudem den Nachweis \u00fcber eine bestandene Pr\u00fcfung im zugeh\u00f6rigen Bachelor-Studiengang mit der Abschlussnote befriedigend (3,0) oder besser voraus. N\u00e4heres regelt die Studien- und Pr\u00fcfungsordnung.<br>Zivile Studierende k\u00f6nnen auf der Basis eines Kooperationsvertrages zwischen einem entsendenden Unternehmen und der <abbr title=\"Helmut Schmidt Universit\u00e4t\">HSU<\/abbr> zugelassen werden. Eine derartige Zulassung setzt verf\u00fcgbare Kapazit\u00e4ten sowie eine studiengangbezogene Genehmigung durch das Bundesministerium der Verteidigung voraus. Weitere Informationen f\u00fcr zuviel Studierende finden Sie hier.<\/p>\n\n\n\n<p><strong>Interdisziplin\u00e4re Studienanteile (ISA): <\/strong>Die Interdisziplin\u00e4ren Studienanteile (ISA) sind obligatorischer Bestandteil aller an der Helmut-Schmidt-Universit\u00e4t angebotenen Studieng\u00e4nge.<br>Die ISA dienen der Vermittlung allgemeiner berufsquali\ufb01zierender Kompetenzen. Es handelt sich dabei um interdisziplin\u00e4re, das jeweilige Fachstudium erg\u00e4nzende Kompetenzen, die im Of\ufb01zierberuf und in sp\u00e4teren zivilen Berufsfeldern ben\u00f6tigt werden. Die Vermittlung fachspezi\ufb01scher berufsquali\ufb01zierender Kompetenzen geschieht im Rahmen der Fachstudieng\u00e4nge.<br>Das Lehrangebot der ISA ist wissenschaftlich fundiert. Neben den Fachinhalten werden die f\u00fcr die jeweiligen Fachgebiete charakteristischen wissenschaftlichen Methoden und Denkweisen vermittelt. Aufgabe der ISA ist es, Re\ufb02exions-, Analyse- und Handlungskompetenzen zu vermitteln und zu verantwortungsvollem Entscheiden und Handeln in Politik, Gesellschaft, Kultur, Wirt-schaft und Technik zu bef\u00e4higen.<\/p>\n\n\n\n<p><strong>Die Module der ISA werden aus den folgenden Inhaltsbereichen angeboten:<\/strong><br>Theologische, philosophische, ethische und kulturelle Fragestellungen;<br>Individuelles Handeln in sozialen Kontexten; Erziehung, Bildung, Sozialisation; gesellschaftliche Strukturen und Prozesse;<br>Geschichte und Gegenwart;<br>Natur und Technik, technologische Voraussetzungen und Herausforderungen;<br>Wirtschaftliches Handeln in seinen Bez\u00fcgen zu Politik und Gesellschaft, Strukturen und Prozesse in Unternehmen, Herausforderungen und Folgen der Globalisierung;<br>Rechtliche Zusammenh\u00e4nge in der Gesellschaft sowie politisches Handeln in staatlichen, zwischenstaatlichen, europ\u00e4ischen und internationalen Kontexten.<br>Weitere Informationen erhalten Sie \u00fcber das ISA-Zentrum.<\/p>\n\n\n\n<hr class=\"wp-block-separator has-alpha-channel-opacity\" \/>\n\n\n\n<p><strong>Weiterf\u00fchrende Informationen<\/strong>: <br><strong>Zu Laufbahn- und Verwendungsm\u00f6glichkeiten bei der Bundeswehr:<\/strong> <a href=\"https:\/\/www.bundeswehrkarriere.de\/\" target=\"_blank\" rel=\"noreferrer noopener\">www.bundeswehr-karriere.de<\/a><br><strong>Zu Studium und Beruf:<\/strong> <a href=\"http:\/\/www.studienwahl.de\/de\/chnews.htm\" target=\"_blank\" rel=\"noreferrer noopener\">www.studienwahl.de<br><\/a><strong>Zu den Studienm\u00f6glichkeiten an den deutschen Hochschulen:<\/strong> <a href=\"https:\/\/www.hochschulkompass.de\/home.html\" target=\"_blank\" rel=\"noreferrer noopener\">www.hochschulkompass.de<br><\/a><strong>Zur Helmut-Schmidt-Universit\u00e4t\/Universit\u00e4t der Bundeswehr Hamburg:<\/strong> <a href=\"https:\/\/www.hsu-hh.de\/\" target=\"_blank\" rel=\"noreferrer noopener\">www.hsu-hh.de<\/a><\/p>\n","protected":false},"excerpt":{"rendered":"<p>Universit\u00e4t: Universit\u00e4t: Die Helmut-Schmidt-Universit\u00e4t\/Universit\u00e4t der Bundeswehr Hamburg nimmt auf der Grundlage der vom Dienstherrn garantierten Autonomie und der Rechtsaufsicht der Hamburger Beh\u00f6rde f\u00fcr Wissenschaft und Forschung die gleichen Aufgaben in [&hellip;]<\/p>\n","protected":false},"author":37,"featured_media":0,"parent":0,"menu_order":0,"comment_status":"closed","ping_status":"closed","template":"","meta":{"footnotes":""},"categories":[4],"tags":[],"class_list":["post-6697","page","type-page","status-publish","hentry","category-forschung"],"_links":{"self":[{"href":"https:\/\/www.hsu-hh.de\/wiso\/wp-json\/wp\/v2\/pages\/6697","targetHints":{"allow":["GET"]}}],"collection":[{"href":"https:\/\/www.hsu-hh.de\/wiso\/wp-json\/wp\/v2\/pages"}],"about":[{"href":"https:\/\/www.hsu-hh.de\/wiso\/wp-json\/wp\/v2\/types\/page"}],"author":[{"embeddable":true,"href":"https:\/\/www.hsu-hh.de\/wiso\/wp-json\/wp\/v2\/users\/37"}],"replies":[{"embeddable":true,"href":"https:\/\/www.hsu-hh.de\/wiso\/wp-json\/wp\/v2\/comments?post=6697"}],"version-history":[{"count":1,"href":"https:\/\/www.hsu-hh.de\/wiso\/wp-json\/wp\/v2\/pages\/6697\/revisions"}],"predecessor-version":[{"id":6698,"href":"https:\/\/www.hsu-hh.de\/wiso\/wp-json\/wp\/v2\/pages\/6697\/revisions\/6698"}],"wp:attachment":[{"href":"https:\/\/www.hsu-hh.de\/wiso\/wp-json\/wp\/v2\/media?parent=6697"}],"wp:term":[{"taxonomy":"category","embeddable":true,"href":"https:\/\/www.hsu-hh.de\/wiso\/wp-json\/wp\/v2\/categories?post=6697"},{"taxonomy":"post_tag","embeddable":true,"href":"https:\/\/www.hsu-hh.de\/wiso\/wp-json\/wp\/v2\/tags?post=6697"}],"curies":[{"name":"wp","href":"https:\/\/api.w.org\/{rel}","templated":true}]}}