{"id":6671,"date":"2024-11-27T10:52:15","date_gmt":"2024-11-27T09:52:15","guid":{"rendered":"https:\/\/www.hsu-hh.de\/wiso\/?page_id=6671"},"modified":"2025-10-23T06:36:27","modified_gmt":"2025-10-23T04:36:27","slug":"rechtswissenschaft","status":"publish","type":"page","link":"https:\/\/www.hsu-hh.de\/wiso\/rechtswissenschaft","title":{"rendered":"Rechtswissenschaft"},"content":{"rendered":"\n<h3 class=\"wp-block-heading\">Institut f\u00fcr Privatrecht<\/h3>\n\n\n\n<p><a href=\"https:\/\/www.hsu-hh.de\/arbeitsrecht\">Professur f\u00fcr B\u00fcrgerliches Recht, Handels-, Wirtschafts- und Arbeitsrecht<\/a><br><strong>Univ.&nbsp;<abbr title=\"Professor\">Prof.<\/abbr>&nbsp;<abbr title=\"Doktor\">Dr.<\/abbr>&nbsp;Hans Hanau<\/strong><br>Geb. H 1, R. 2116<br>Tel. 2781<br>E-Mail:&nbsp;<a href=\"mailto:hanau@hsu-hh.de\" rel='nofollow'>hanau@hsu-hh.de<\/a><\/p>\n\n\n\n<p>Junior-Professur f\u00fcr B\u00fcrgerliches Recht und Wirtschaftsrecht<br><strong><abbr title=\"Doktor\">Dr.<\/abbr>&nbsp;Andreas Sesing-Wagenpfeil&nbsp;<\/strong>(Professurvertretung)<br>E-Mail:&nbsp;<a href=\"mailto:sesingwa@hsu-hh.de\" target=\"_blank\" rel=\"noreferrer noopener\">sesingwa@hsu-hh.de<\/a><\/p>\n\n\n\n<p><a href=\"https:\/\/www.hsu-hh.de\/reiner\">Professur f\u00fcr B\u00fcrgerliches Recht, Handels-, Gesellschafts-, Wirtschaftsrecht und Steuerrecht<\/a><br><strong>Univ.&nbsp;<abbr title=\"Professor\">Prof.<\/abbr>&nbsp;<abbr title=\"Doktor\">Dr.<\/abbr>&nbsp;G\u00fcnter Reiner<\/strong><br>Geb. H 1, R. 2113<br>Tel. 2884<br>E-Mail:&nbsp;<a href=\"mailto:guenter.reiner@hsu-hh.de\" rel='nofollow'>guenter.reiner@hsu-hh.de<\/a><\/p>\n\n\n\n<p><a href=\"https:\/\/www.hsu-hh.de\/privatrecht3\/\">Professur f\u00fcr B\u00fcrgerliches Recht und Wirtschaftsrecht (einschlie\u00dflich Vertragsrecht)<\/a><br><strong>Univ.&nbsp;<abbr title=\"Professor\">Prof.<\/abbr>&nbsp;<abbr title=\"Doktor\">Dr.<\/abbr>&nbsp;Florian Wagner-von Papp<\/strong><br>Hauptcampus: Geb. H1, R. 2377\/ Campus Nord: Raum: 1E 035<br>Tel. 3098<br>E-Mail:&nbsp;<a href=\"mailto:wagnervf@hsu-hh.de\" rel='nofollow'>wagnervf@hsu-hh.de<\/a><\/p>\n\n\n\n<h3 class=\"wp-block-heading\">Institut f\u00fcr \u00d6ffentliches Recht<\/h3>\n\n\n\n<p><a href=\"https:\/\/www.hsu-hh.de\/voelkerrecht\">Professur f\u00fcr \u00d6ffentliches Recht, insbesondere V\u00f6lkerrecht und Europarecht<\/a><br><strong>Univ.&nbsp;<abbr title=\"Professor\">Prof.<\/abbr>&nbsp;<abbr title=\"Doktor\">Dr.<\/abbr>&nbsp;Sigrid Boysen<\/strong><br>Geb. H1, R. 2121<br>Tel. 2771<br>E-Mail:&nbsp;<a href=\"mailto:boysen@hsu-hh.de\" rel='nofollow'>boysen@hsu-hh.de<\/a><\/p>\n\n\n\n<p><a href=\"https:\/\/www.hsu-hh.de\/steuerrecht\">Professur f\u00fcr \u00d6ffentliches Recht und Steuerrecht<\/a><br><strong>Univ.&nbsp;<abbr title=\"Professor\">Prof.<\/abbr>&nbsp;<abbr title=\"Doktor\">Dr.<\/abbr>&nbsp;Ulrich Hufeld<\/strong><br>Geb. H 1, R. 2234<br>Tel. 2859<br>E-Mail:&nbsp;<a href=\"mailto:hufeld@hsu-hh.de\" rel='nofollow'>hufeld@hsu-hh.de<\/a><\/p>\n\n\n\n<p><a href=\"https:\/\/www.hsu-hh.de\/vergaberecht\/\" target=\"_blank\" rel=\"noreferrer noopener\">Professur f\u00fcr \u00d6ffentliches Recht und Wirtschaftsrecht (einschlie\u00dflich Vergaberecht)<\/a><br><strong>Univ.&nbsp;<abbr title=\"Professor\">Prof.<\/abbr>&nbsp;<abbr title=\"Doktor\">Dr.<\/abbr>&nbsp;Christian Ernst<\/strong><br>Hauptcampus: Geb. H 1, R. 2377\/ Campus Nord: Raum: 1E 204<br>Tel. 3871<br>E-Mail:&nbsp;<a href=\"mailto:ernstc@hsu-hh.de\" rel='nofollow'>christian.ernst@hsu-hh.de<\/a><\/p>\n\n\n\n<p><a href=\"https:\/\/www.hsu-hh.de\/oeffrecht\/\" target=\"_blank\" rel=\"noreferrer noopener\">Professur f\u00fcr \u00d6ffentliches Recht<\/a><br><strong>Univ.&nbsp;<abbr title=\"Professor\">Prof.<\/abbr>&nbsp;<abbr title=\"Doktor\">Dr.<\/abbr>&nbsp;Armin von Weschpfennig<\/strong><br>Campus Nord: Raum: 2E 140<br>Tel. 3949 (Sekretariat: Andrea Vorwerk)<br>E-Mail:&nbsp;<a href=\"mailto:vonweschpfennig@hsu-hh.de\" target=\"_blank\" rel=\"noreferrer noopener\">vonweschpfennig@hsu-hh.de<\/a><\/p>\n\n\n\n<p><a href=\"https:\/\/www.hsu-hh.de\/strafrecht\/\" target=\"_blank\" rel=\"noreferrer noopener\">Professur f\u00fcr Europ\u00e4isches und Internationales Strafrecht, Strafprozessrecht sowie Wirtschaftsrecht<\/a>&nbsp;(Kooperationsprofessur mit der Leuphana Universit\u00e4t L\u00fcneburg)<br><strong>Univ.&nbsp;<abbr title=\"Professor\">Prof.<\/abbr>&nbsp;<abbr title=\"Doktor\">Dr.<\/abbr>&nbsp;Suzan Denise H\u00fcttemann<\/strong><br>Campus Nord: Raum:<br>Tel. 0 4131 677-2315<br>E-Mail:&nbsp;<a href=\"mailto:huettems@hsu-hh.de\" rel='nofollow'>huettems@hsu-hh.de<\/a><\/p>\n\n\n\n<p><a href=\"https:\/\/www.hsu-hh.de\/rdt\/de\/startseite\/\">Professur f\u00fcr \u00d6ffentliches Recht mit einem Schwerpunkt im \u00f6ffentlichen Wirtschaftsrecht und Recht der Transformation<\/a><br><strong><abbr title=\"Universit\u00e4tsprofessor\">Univ.-Prof.<\/abbr> <abbr title=\"Doktor\">Dr.<\/abbr> iur. Dana-Sophia Valentiner<\/strong><br>Geb. H 1, R. 2118<br>Tel. 2621<br>E-Mail: <a href=\"mailto:dana.valentiner@hsu.hamburg\" rel='nofollow'>dana.valentiner@hsu.hamburg<\/a><\/p>\n","protected":false},"excerpt":{"rendered":"<p>Institut f\u00fcr Privatrecht Professur f\u00fcr B\u00fcrgerliches Recht, Handels-, Wirtschafts- und ArbeitsrechtUniv.&nbsp;Prof.&nbsp;Dr.&nbsp;Hans HanauGeb. H 1, R. 2116Tel. 2781E-Mail:&nbsp;hanau@hsu-hh.de Junior-Professur f\u00fcr B\u00fcrgerliches Recht und WirtschaftsrechtDr.&nbsp;Andreas Sesing-Wagenpfeil&nbsp;(Professurvertretung)E-Mail:&nbsp;sesingwa@hsu-hh.de Professur f\u00fcr B\u00fcrgerliches Recht, Handels-, Gesellschafts-, [&hellip;]<\/p>\n","protected":false},"author":37,"featured_media":0,"parent":0,"menu_order":0,"comment_status":"closed","ping_status":"closed","template":"","meta":{"footnotes":""},"categories":[4],"tags":[],"class_list":["post-6671","page","type-page","status-publish","hentry","category-forschung"],"_links":{"self":[{"href":"https:\/\/www.hsu-hh.de\/wiso\/wp-json\/wp\/v2\/pages\/6671","targetHints":{"allow":["GET"]}}],"collection":[{"href":"https:\/\/www.hsu-hh.de\/wiso\/wp-json\/wp\/v2\/pages"}],"about":[{"href":"https:\/\/www.hsu-hh.de\/wiso\/wp-json\/wp\/v2\/types\/page"}],"author":[{"embeddable":true,"href":"https:\/\/www.hsu-hh.de\/wiso\/wp-json\/wp\/v2\/users\/37"}],"replies":[{"embeddable":true,"href":"https:\/\/www.hsu-hh.de\/wiso\/wp-json\/wp\/v2\/comments?post=6671"}],"version-history":[{"count":4,"href":"https:\/\/www.hsu-hh.de\/wiso\/wp-json\/wp\/v2\/pages\/6671\/revisions"}],"predecessor-version":[{"id":7093,"href":"https:\/\/www.hsu-hh.de\/wiso\/wp-json\/wp\/v2\/pages\/6671\/revisions\/7093"}],"wp:attachment":[{"href":"https:\/\/www.hsu-hh.de\/wiso\/wp-json\/wp\/v2\/media?parent=6671"}],"wp:term":[{"taxonomy":"category","embeddable":true,"href":"https:\/\/www.hsu-hh.de\/wiso\/wp-json\/wp\/v2\/categories?post=6671"},{"taxonomy":"post_tag","embeddable":true,"href":"https:\/\/www.hsu-hh.de\/wiso\/wp-json\/wp\/v2\/tags?post=6671"}],"curies":[{"name":"wp","href":"https:\/\/api.w.org\/{rel}","templated":true}]}}